{"id":575,"date":"2020-12-28T09:18:28","date_gmt":"2020-12-28T06:18:28","guid":{"rendered":"https:\/\/leolex.ch\/o-nas-copy\/"},"modified":"2021-11-26T23:13:36","modified_gmt":"2021-11-26T20:13:36","slug":"czeny","status":"publish","type":"page","link":"https:\/\/leolex.ch\/fr\/czeny\/","title":{"rendered":"\u0426\u0435\u043d\u044b"},"content":{"rendered":"<p>Le montant des honoraires du bureau juridique et comptable LEOLEX pour la prestation de services est d\u00e9termin\u00e9 au cas par cas et d\u00e9pend du caract\u00e8re de l\u2019assistance juridique et comptable \u00e0 accorder.<\/p>\n<p>G\u00e9n\u00e9ralement, notre bureau applique une tarification horaire de 240 \u00e0 450 fr\/h. Nous n\u2019annon\u00e7ons le co\u00fbt final pour chaque cas concern\u00e9 qu\u2019apr\u00e8s avoir pris connaissance de tout le dossier.<\/p>\n<p><strong>Il est \u00e0 noter que nous effectuons absolument gratuitement l\u2019\u00e9valuation primaire du co\u00fbt de nos services.<\/strong><\/p>\n","protected":false},"excerpt":{"rendered":"<p>Le montant des honoraires du bureau juridique et comptable LEOLEX pour la prestation de services est d\u00e9termin\u00e9 au cas par cas et d\u00e9pend du caract\u00e8re de l\u2019assistance juridique et comptable \u00e0 accorder. G\u00e9n\u00e9ralement, notre bureau&nbsp;<a href=\"https:\/\/leolex.ch\/fr\/czeny\/\" class=\"read-more\">Continue Reading<\/a><\/p>\n","protected":false},"author":1,"featured_media":0,"parent":0,"menu_order":0,"comment_status":"closed","ping_status":"closed","template":"templates\/page-fullwidth.php","meta":[],"translation":{"provider":"WPGlobus","version":"2.8.6","language":"fr","enabled_languages":["ru","en","fr","de"],"languages":{"ru":{"title":true,"content":true,"excerpt":false},"en":{"title":true,"content":true,"excerpt":false},"fr":{"title":false,"content":true,"excerpt":false},"de":{"title":false,"content":true,"excerpt":false}}},"yoast_head":"<!-- This site is optimized with the Yoast SEO plugin v17.5 - https:\/\/yoast.com\/wordpress\/plugins\/seo\/ -->\n<title>Le montant des honoraires &ndash; LEOLEX - le bureau juridique et comptable<\/title>\n<meta name=\"description\" content=\"G\u00e9n\u00e9ralement, notre bureau applique une tarification horaire de 240 \u00e0 450 fr\/h. Nous n\u2019annon\u00e7ons le co\u00fbt final pour chaque cas concern\u00e9 qu\u2019apr\u00e8s avoir pris connaissance de tout le dossier.\" \/>\n<meta name=\"robots\" content=\"index, follow, max-snippet:-1, max-image-preview:large, max-video-preview:-1\" \/>\n<link rel=\"canonical\" href=\"https:\/\/leolex.ch\/czeny\/\" \/>\n<meta property=\"og:locale\" content=\"fr_FR\" \/>\n<meta property=\"og:type\" content=\"article\" \/>\n<meta property=\"og:title\" content=\"{:en}The fees of the law &ndash; LEOLEX - le bureau juridique et comptable{:}{:fr}Le montant des honoraires &ndash; LEOLEX - le bureau juridique et comptable{:}{:de}Die H\u00f6he des Honorars &ndash; LEOLEX - le bureau juridique et comptable{:}\" \/>\n<meta property=\"og:description\" content=\"G\u00e9n\u00e9ralement, notre bureau applique une tarification horaire de 240 \u00e0 450 fr\/h. Nous n\u2019annon\u00e7ons le co\u00fbt final pour chaque cas concern\u00e9 qu\u2019apr\u00e8s avoir pris connaissance de tout le dossier.\" \/>\n<meta property=\"og:url\" content=\"https:\/\/leolex.ch\/czeny\/\" \/>\n<meta property=\"og:site_name\" content=\"LEOLEX - le bureau juridique et comptable\" \/>\n<meta property=\"article:modified_time\" content=\"2021-11-26T20:13:36+00:00\" \/>\n<meta name=\"twitter:card\" content=\"summary_large_image\" \/>\n<meta name=\"twitter:label1\" content=\"Est. reading time\" \/>\n\t<meta name=\"twitter:data1\" content=\"1 minute\" \/>\n<script type=\"application\/ld+json\" class=\"yoast-schema-graph\">{\"@context\":\"https:\/\/schema.org\",\"@graph\":[{\"@type\":\"Organization\",\"@id\":\"https:\/\/leolex.ch\/#organization\",\"name\":\"Leolex\",\"url\":\"https:\/\/leolex.ch\/\",\"sameAs\":[],\"logo\":{\"@type\":\"ImageObject\",\"@id\":\"https:\/\/leolex.ch\/#logo\",\"inLanguage\":\"fr-FR\",\"url\":\"https:\/\/leolex.ch\/wp-content\/uploads\/2021\/10\/logo-leolex-bez-fona-.png\",\"contentUrl\":\"https:\/\/leolex.ch\/wp-content\/uploads\/2021\/10\/logo-leolex-bez-fona-.png\",\"width\":736,\"height\":200,\"caption\":\"Leolex\"},\"image\":{\"@id\":\"https:\/\/leolex.ch\/#logo\"}},{\"@type\":\"WebSite\",\"@id\":\"https:\/\/leolex.ch\/#website\",\"url\":\"https:\/\/leolex.ch\/\",\"name\":\"LEOLEX - \\u0448\\u0432\\u0435\\u0439\\u0446\\u0430\\u0440\\u0441\\u043a\\u0430\\u044f \\u044e\\u0440\\u0438\\u0434\\u0438\\u0447\\u0435\\u0441\\u043a\\u0430\\u044f \\u0438 \\u0431\\u0443\\u0445\\u0433\\u0430\\u043b\\u0442\\u0435\\u0440\\u0441\\u043a\\u0430\\u044f \\u0444\\u0438\\u0440\\u043c\\u0430\",\"description\":\"LeoLex est un des leaders en prestations de services juridiques pour les citoyens russophones et les soci\\u00e9t\\u00e9s d\\u2019origine russe sur le territoire de la Conf\\u00e9d\\u00e9ration suisse  et poss\\u00e8de 4 bureaux en Suisse: Anz\\u00e8re, Sion, Gen\\u00e8ve, Zurich\",\"publisher\":{\"@id\":\"https:\/\/leolex.ch\/#organization\"},\"potentialAction\":[{\"@type\":\"SearchAction\",\"target\":{\"@type\":\"EntryPoint\",\"urlTemplate\":\"https:\/\/leolex.ch\/?s={search_term_string}\"},\"query-input\":\"required name=search_term_string\"}],\"inLanguage\":\"fr-FR\"},{\"@type\":\"WebPage\",\"@id\":\"https:\/\/leolex.ch\/czeny\/#webpage\",\"url\":\"https:\/\/leolex.ch\/czeny\/\",\"name\":\"Die H\\u00f6he des Honorars &ndash; LEOLEX - le bureau juridique et comptable\",\"isPartOf\":{\"@id\":\"https:\/\/leolex.ch\/#website\"},\"datePublished\":\"2020-12-28T06:18:28+00:00\",\"dateModified\":\"2021-11-26T20:13:36+00:00\",\"description\":\"In der Regel verwendet unser B\\u00fcro einen Stundenlohnsatz in H\\u00f6he von 240 \\u2013 450 CHF pro Stunde. Den Endpreis nach jedem Einzelfall k\\u00f6nnen wir erst nach der Akteneinsicht bekanntgeben.\",\"breadcrumb\":{\"@id\":\"https:\/\/leolex.ch\/czeny\/#breadcrumb\"},\"inLanguage\":\"fr-FR\",\"potentialAction\":[{\"@type\":\"ReadAction\",\"target\":[\"https:\/\/leolex.ch\/czeny\/\"]}]},{\"@type\":\"BreadcrumbList\",\"@id\":\"https:\/\/leolex.ch\/czeny\/#breadcrumb\",\"itemListElement\":[{\"@type\":\"ListItem\",\"position\":1,\"name\":\"\\u0413\\u043b\\u0430\\u0432\\u043d\\u0430\\u044f \\u0441\\u0442\\u0440\\u0430\\u043d\\u0438\\u0446\\u0430\",\"item\":\"https:\/\/leolex.ch\/\"},{\"@type\":\"ListItem\",\"position\":2,\"name\":\"\\u0426\\u0435\\u043d\\u044b\"}]}]}<\/script>\n<!-- \/ Yoast SEO plugin. -->","yoast_head_json":{"title":"Le montant des honoraires &ndash; LEOLEX - le bureau juridique et comptable","description":"G\u00e9n\u00e9ralement, notre bureau applique une tarification horaire de 240 \u00e0 450 fr\/h. Nous n\u2019annon\u00e7ons le co\u00fbt final pour chaque cas concern\u00e9 qu\u2019apr\u00e8s avoir pris connaissance de tout le dossier.","robots":{"index":"index","follow":"follow","max-snippet":"max-snippet:-1","max-image-preview":"max-image-preview:large","max-video-preview":"max-video-preview:-1"},"canonical":"https:\/\/leolex.ch\/czeny\/","og_locale":"fr_FR","og_type":"article","og_title":"{:en}The fees of the law &ndash; LEOLEX - le bureau juridique et comptable{:}{:fr}Le montant des honoraires &ndash; LEOLEX - le bureau juridique et comptable{:}{:de}Die H\u00f6he des Honorars &ndash; LEOLEX - le bureau juridique et comptable{:}","og_description":"G\u00e9n\u00e9ralement, notre bureau applique une tarification horaire de 240 \u00e0 450 fr\/h. Nous n\u2019annon\u00e7ons le co\u00fbt final pour chaque cas concern\u00e9 qu\u2019apr\u00e8s avoir pris connaissance de tout le dossier.","og_url":"https:\/\/leolex.ch\/czeny\/","og_site_name":"LEOLEX - le bureau juridique et comptable","article_modified_time":"2021-11-26T20:13:36+00:00","twitter_card":"summary_large_image","twitter_misc":{"Est. reading time":"1 minute"},"schema":{"@context":"https:\/\/schema.org","@graph":[{"@type":"Organization","@id":"https:\/\/leolex.ch\/#organization","name":"Leolex","url":"https:\/\/leolex.ch\/","sameAs":[],"logo":{"@type":"ImageObject","@id":"https:\/\/leolex.ch\/#logo","inLanguage":"fr-FR","url":"https:\/\/leolex.ch\/wp-content\/uploads\/2021\/10\/logo-leolex-bez-fona-.png","contentUrl":"https:\/\/leolex.ch\/wp-content\/uploads\/2021\/10\/logo-leolex-bez-fona-.png","width":736,"height":200,"caption":"Leolex"},"image":{"@id":"https:\/\/leolex.ch\/#logo"}},{"@type":"WebSite","@id":"https:\/\/leolex.ch\/#website","url":"https:\/\/leolex.ch\/","name":"LEOLEX - \u0448\u0432\u0435\u0439\u0446\u0430\u0440\u0441\u043a\u0430\u044f \u044e\u0440\u0438\u0434\u0438\u0447\u0435\u0441\u043a\u0430\u044f \u0438 \u0431\u0443\u0445\u0433\u0430\u043b\u0442\u0435\u0440\u0441\u043a\u0430\u044f \u0444\u0438\u0440\u043c\u0430","description":"LeoLex est un des leaders en prestations de services juridiques pour les citoyens russophones et les soci\u00e9t\u00e9s d\u2019origine russe sur le territoire de la Conf\u00e9d\u00e9ration suisse  et poss\u00e8de 4 bureaux en Suisse: Anz\u00e8re, Sion, Gen\u00e8ve, Zurich","publisher":{"@id":"https:\/\/leolex.ch\/#organization"},"potentialAction":[{"@type":"SearchAction","target":{"@type":"EntryPoint","urlTemplate":"https:\/\/leolex.ch\/?s={search_term_string}"},"query-input":"required name=search_term_string"}],"inLanguage":"fr-FR"},{"@type":"WebPage","@id":"https:\/\/leolex.ch\/czeny\/#webpage","url":"https:\/\/leolex.ch\/czeny\/","name":"Die H\u00f6he des Honorars &ndash; LEOLEX - le bureau juridique et comptable","isPartOf":{"@id":"https:\/\/leolex.ch\/#website"},"datePublished":"2020-12-28T06:18:28+00:00","dateModified":"2021-11-26T20:13:36+00:00","description":"In der Regel verwendet unser B\u00fcro einen Stundenlohnsatz in H\u00f6he von 240 \u2013 450 CHF pro Stunde. Den Endpreis nach jedem Einzelfall k\u00f6nnen wir erst nach der Akteneinsicht bekanntgeben.","breadcrumb":{"@id":"https:\/\/leolex.ch\/czeny\/#breadcrumb"},"inLanguage":"fr-FR","potentialAction":[{"@type":"ReadAction","target":["https:\/\/leolex.ch\/czeny\/"]}]},{"@type":"BreadcrumbList","@id":"https:\/\/leolex.ch\/czeny\/#breadcrumb","itemListElement":[{"@type":"ListItem","position":1,"name":"\u0413\u043b\u0430\u0432\u043d\u0430\u044f \u0441\u0442\u0440\u0430\u043d\u0438\u0446\u0430","item":"https:\/\/leolex.ch\/"},{"@type":"ListItem","position":2,"name":"\u0426\u0435\u043d\u044b"}]}]}},"_links":{"self":[{"href":"https:\/\/leolex.ch\/fr\/wp-json\/wp\/v2\/pages\/575"}],"collection":[{"href":"https:\/\/leolex.ch\/fr\/wp-json\/wp\/v2\/pages"}],"about":[{"href":"https:\/\/leolex.ch\/fr\/wp-json\/wp\/v2\/types\/page"}],"author":[{"embeddable":true,"href":"https:\/\/leolex.ch\/fr\/wp-json\/wp\/v2\/users\/1"}],"replies":[{"embeddable":true,"href":"https:\/\/leolex.ch\/fr\/wp-json\/wp\/v2\/comments?post=575"}],"version-history":[{"count":47,"href":"https:\/\/leolex.ch\/fr\/wp-json\/wp\/v2\/pages\/575\/revisions"}],"predecessor-version":[{"id":1613,"href":"https:\/\/leolex.ch\/fr\/wp-json\/wp\/v2\/pages\/575\/revisions\/1613"}],"wp:attachment":[{"href":"https:\/\/leolex.ch\/fr\/wp-json\/wp\/v2\/media?parent=575"}],"curies":[{"name":"wp","href":"https:\/\/api.w.org\/{rel}","templated":true}]}}