{"id":558,"date":"2020-12-28T09:02:57","date_gmt":"2020-12-28T06:02:57","guid":{"rendered":"https:\/\/leolex.ch\/roman-kudinov-copy\/"},"modified":"2022-03-18T07:12:45","modified_gmt":"2022-03-18T04:12:45","slug":"o-nas","status":"publish","type":"page","link":"https:\/\/leolex.ch\/fr\/o-nas\/","title":{"rendered":"\u041e \u043d\u0430\u0441"},"content":{"rendered":"<p><strong>\u00c9TABLI EN 2015 ET POSS\u00c8DE 4 BUREAUX SITU\u00c9S SUR LE TERRITOIRE DU SUISSE<\/strong><\/p>\n<p>Les juristes et les comptables de LEOLEX accordent les services sur le territoire de la Conf\u00e9d\u00e9ration suisse , comme sur le territoire des pays limitrophes (France, Belgique, Lichtenstein, Monaco), ainsi que sur le territoire de la F\u00e9d\u00e9ration de Russie via sa succursale.<br \/>\nLe bureau juridique et comptable LEOLEX est un des leaders de prestation de services juridiques par les citoyens russophones et les soci\u00e9t\u00e9s d\u2019origine russe sur le territoire de la Conf\u00e9d\u00e9ration suisse avec 4 bureaux en Suisse (Anz\u00e8re, Sion, Gen\u00e8ve, Zurich) et les effectifs de 20 salari\u00e9s au total.<\/p>\n<p>Le collectif des juristes et comptables de LEOLEX dirig\u00e9 par un des fondateurs et le partenaire-g\u00e9rant du bureau Monsieur <a style=\"font-weight: 400;\" href=\"\/fr\/roman-kudinov\/\">Kudinov Roman<\/a> est compos\u00e9 des experts dynamiques et de haute qualification ce que permet d\u2019accorder de services juridiques et comptables de la mani\u00e8re diligente, confidentielle et avec le meilleur rendement pour nos clients.<\/p>\n<p>Nous rendons les services en langue russe, fran\u00e7aise, anglaise et allemande.<\/p>\n","protected":false},"excerpt":{"rendered":"<p>\u00c9TABLI EN 2015 ET POSS\u00c8DE 4 BUREAUX SITU\u00c9S SUR LE TERRITOIRE DU SUISSE Les juristes et les comptables de LEOLEX accordent les services sur le territoire de la Conf\u00e9d\u00e9ration suisse , comme sur le territoire&nbsp;<a href=\"https:\/\/leolex.ch\/fr\/o-nas\/\" class=\"read-more\">Continue Reading<\/a><\/p>\n","protected":false},"author":1,"featured_media":0,"parent":0,"menu_order":0,"comment_status":"closed","ping_status":"closed","template":"templates\/page-fullwidth.php","meta":[],"translation":{"provider":"WPGlobus","version":"2.8.6","language":"fr","enabled_languages":["ru","en","fr","de"],"languages":{"ru":{"title":true,"content":true,"excerpt":false},"en":{"title":false,"content":true,"excerpt":false},"fr":{"title":false,"content":true,"excerpt":false},"de":{"title":true,"content":true,"excerpt":false}}},"yoast_head":"<!-- This site is optimized with the Yoast SEO plugin v17.5 - https:\/\/yoast.com\/wordpress\/plugins\/seo\/ -->\n<title>CONTACTS &ndash; LEOLEX - le bureau juridique et comptable<\/title>\n<meta name=\"description\" content=\"Le collectif des juristes et comptables de LEOLEX dirig\u00e9 par un des fondateurs et le partenaire-g\u00e9rant du bureau Monsieur Kudinov Roman\" \/>\n<meta name=\"robots\" content=\"index, follow, max-snippet:-1, max-image-preview:large, max-video-preview:-1\" \/>\n<link rel=\"canonical\" href=\"https:\/\/leolex.ch\/o-nas\/\" \/>\n<meta property=\"og:locale\" content=\"fr_FR\" \/>\n<meta property=\"og:type\" content=\"article\" \/>\n<meta property=\"og:title\" content=\"{:en}CONTACTS &ndash; LEOLEX - le bureau juridique et comptable{:}{:fr}CONTACTS &ndash; LEOLEX - le bureau juridique et comptable{:}{:de}KONTAKTE &ndash; LEOLEX - le bureau juridique et comptable{:}\" \/>\n<meta property=\"og:description\" content=\"Le collectif des juristes et comptables de LEOLEX dirig\u00e9 par un des fondateurs et le partenaire-g\u00e9rant du bureau Monsieur Kudinov Roman\" \/>\n<meta property=\"og:url\" content=\"https:\/\/leolex.ch\/o-nas\/\" \/>\n<meta property=\"og:site_name\" content=\"LEOLEX - le bureau juridique et comptable\" \/>\n<meta property=\"article:modified_time\" content=\"2022-03-18T04:12:45+00:00\" \/>\n<meta name=\"twitter:card\" content=\"summary_large_image\" \/>\n<meta name=\"twitter:label1\" content=\"Est. reading time\" \/>\n\t<meta name=\"twitter:data1\" content=\"1 minute\" \/>\n<script type=\"application\/ld+json\" class=\"yoast-schema-graph\">{\"@context\":\"https:\/\/schema.org\",\"@graph\":[{\"@type\":\"Organization\",\"@id\":\"https:\/\/leolex.ch\/#organization\",\"name\":\"Leolex\",\"url\":\"https:\/\/leolex.ch\/\",\"sameAs\":[],\"logo\":{\"@type\":\"ImageObject\",\"@id\":\"https:\/\/leolex.ch\/#logo\",\"inLanguage\":\"fr-FR\",\"url\":\"https:\/\/leolex.ch\/wp-content\/uploads\/2021\/10\/logo-leolex-bez-fona-.png\",\"contentUrl\":\"https:\/\/leolex.ch\/wp-content\/uploads\/2021\/10\/logo-leolex-bez-fona-.png\",\"width\":736,\"height\":200,\"caption\":\"Leolex\"},\"image\":{\"@id\":\"https:\/\/leolex.ch\/#logo\"}},{\"@type\":\"WebSite\",\"@id\":\"https:\/\/leolex.ch\/#website\",\"url\":\"https:\/\/leolex.ch\/\",\"name\":\"LEOLEX - \\u0448\\u0432\\u0435\\u0439\\u0446\\u0430\\u0440\\u0441\\u043a\\u0430\\u044f \\u044e\\u0440\\u0438\\u0434\\u0438\\u0447\\u0435\\u0441\\u043a\\u0430\\u044f \\u0438 \\u0431\\u0443\\u0445\\u0433\\u0430\\u043b\\u0442\\u0435\\u0440\\u0441\\u043a\\u0430\\u044f \\u0444\\u0438\\u0440\\u043c\\u0430\",\"description\":\"LeoLex est un des leaders en prestations de services juridiques pour les citoyens russophones et les soci\\u00e9t\\u00e9s d\\u2019origine russe sur le territoire de la Conf\\u00e9d\\u00e9ration suisse  et poss\\u00e8de 4 bureaux en Suisse: Anz\\u00e8re, Sion, Gen\\u00e8ve, Zurich\",\"publisher\":{\"@id\":\"https:\/\/leolex.ch\/#organization\"},\"potentialAction\":[{\"@type\":\"SearchAction\",\"target\":{\"@type\":\"EntryPoint\",\"urlTemplate\":\"https:\/\/leolex.ch\/?s={search_term_string}\"},\"query-input\":\"required name=search_term_string\"}],\"inLanguage\":\"fr-FR\"},{\"@type\":\"WebPage\",\"@id\":\"https:\/\/leolex.ch\/o-nas\/#webpage\",\"url\":\"https:\/\/leolex.ch\/o-nas\/\",\"name\":\"\\u041e \\u043d\\u0430\\u0441 &ndash; LEOLEX - le bureau juridique et comptable\",\"isPartOf\":{\"@id\":\"https:\/\/leolex.ch\/#website\"},\"datePublished\":\"2020-12-28T06:02:57+00:00\",\"dateModified\":\"2022-03-18T04:12:45+00:00\",\"description\":\"\\u041a\\u043e\\u043b\\u043b\\u0435\\u043a\\u0442\\u0438\\u0432 \\u044e\\u0440\\u0438\\u0441\\u0442\\u043e\\u0432 \\u0438 \\u0431\\u0443\\u0445\\u0433\\u0430\\u043b\\u0442\\u0435\\u0440\\u043e\\u0432 LEOLEX, \\u0432\\u043e\\u0437\\u0433\\u043b\\u0430\\u0432\\u043b\\u044f\\u0435\\u043c\\u044b\\u0439 \\u043e\\u0434\\u043d\\u0438\\u043c \\u0438\\u0437 \\u0443\\u0447\\u0440\\u0435\\u0434\\u0438\\u0442\\u0435\\u043b\\u0435\\u0439 \\u0438 \\u0443\\u043f\\u0440\\u0430\\u0432\\u043b\\u044f\\u044e\\u0449\\u0438\\u043c \\u043f\\u0430\\u0440\\u0442\\u043d\\u0451\\u0440\\u043e\\u043c \\u0431\\u044e\\u0440\\u043e \\u041a\\u0443\\u0434\\u0438\\u043d\\u043e\\u0432\\u044b\\u043c \\u0420\\u043e\\u043c\\u0430\\u043d\\u043e\\u043c\",\"breadcrumb\":{\"@id\":\"https:\/\/leolex.ch\/o-nas\/#breadcrumb\"},\"inLanguage\":\"fr-FR\",\"potentialAction\":[{\"@type\":\"ReadAction\",\"target\":[\"https:\/\/leolex.ch\/o-nas\/\"]}]},{\"@type\":\"BreadcrumbList\",\"@id\":\"https:\/\/leolex.ch\/o-nas\/#breadcrumb\",\"itemListElement\":[{\"@type\":\"ListItem\",\"position\":1,\"name\":\"\\u0413\\u043b\\u0430\\u0432\\u043d\\u0430\\u044f \\u0441\\u0442\\u0440\\u0430\\u043d\\u0438\\u0446\\u0430\",\"item\":\"https:\/\/leolex.ch\/\"},{\"@type\":\"ListItem\",\"position\":2,\"name\":\"\\u041e \\u043d\\u0430\\u0441\"}]}]}<\/script>\n<!-- \/ Yoast SEO plugin. -->","yoast_head_json":{"title":"CONTACTS &ndash; LEOLEX - le bureau juridique et comptable","description":"Le collectif des juristes et comptables de LEOLEX dirig\u00e9 par un des fondateurs et le partenaire-g\u00e9rant du bureau Monsieur Kudinov Roman","robots":{"index":"index","follow":"follow","max-snippet":"max-snippet:-1","max-image-preview":"max-image-preview:large","max-video-preview":"max-video-preview:-1"},"canonical":"https:\/\/leolex.ch\/o-nas\/","og_locale":"fr_FR","og_type":"article","og_title":"{:en}CONTACTS &ndash; LEOLEX - le bureau juridique et comptable{:}{:fr}CONTACTS &ndash; LEOLEX - le bureau juridique et comptable{:}{:de}KONTAKTE &ndash; LEOLEX - le bureau juridique et comptable{:}","og_description":"Le collectif des juristes et comptables de LEOLEX dirig\u00e9 par un des fondateurs et le partenaire-g\u00e9rant du bureau Monsieur Kudinov Roman","og_url":"https:\/\/leolex.ch\/o-nas\/","og_site_name":"LEOLEX - le bureau juridique et comptable","article_modified_time":"2022-03-18T04:12:45+00:00","twitter_card":"summary_large_image","twitter_misc":{"Est. reading time":"1 minute"},"schema":{"@context":"https:\/\/schema.org","@graph":[{"@type":"Organization","@id":"https:\/\/leolex.ch\/#organization","name":"Leolex","url":"https:\/\/leolex.ch\/","sameAs":[],"logo":{"@type":"ImageObject","@id":"https:\/\/leolex.ch\/#logo","inLanguage":"fr-FR","url":"https:\/\/leolex.ch\/wp-content\/uploads\/2021\/10\/logo-leolex-bez-fona-.png","contentUrl":"https:\/\/leolex.ch\/wp-content\/uploads\/2021\/10\/logo-leolex-bez-fona-.png","width":736,"height":200,"caption":"Leolex"},"image":{"@id":"https:\/\/leolex.ch\/#logo"}},{"@type":"WebSite","@id":"https:\/\/leolex.ch\/#website","url":"https:\/\/leolex.ch\/","name":"LEOLEX - \u0448\u0432\u0435\u0439\u0446\u0430\u0440\u0441\u043a\u0430\u044f \u044e\u0440\u0438\u0434\u0438\u0447\u0435\u0441\u043a\u0430\u044f \u0438 \u0431\u0443\u0445\u0433\u0430\u043b\u0442\u0435\u0440\u0441\u043a\u0430\u044f \u0444\u0438\u0440\u043c\u0430","description":"LeoLex est un des leaders en prestations de services juridiques pour les citoyens russophones et les soci\u00e9t\u00e9s d\u2019origine russe sur le territoire de la Conf\u00e9d\u00e9ration suisse  et poss\u00e8de 4 bureaux en Suisse: Anz\u00e8re, Sion, Gen\u00e8ve, Zurich","publisher":{"@id":"https:\/\/leolex.ch\/#organization"},"potentialAction":[{"@type":"SearchAction","target":{"@type":"EntryPoint","urlTemplate":"https:\/\/leolex.ch\/?s={search_term_string}"},"query-input":"required name=search_term_string"}],"inLanguage":"fr-FR"},{"@type":"WebPage","@id":"https:\/\/leolex.ch\/o-nas\/#webpage","url":"https:\/\/leolex.ch\/o-nas\/","name":"\u041e \u043d\u0430\u0441 &ndash; LEOLEX - le bureau juridique et comptable","isPartOf":{"@id":"https:\/\/leolex.ch\/#website"},"datePublished":"2020-12-28T06:02:57+00:00","dateModified":"2022-03-18T04:12:45+00:00","description":"\u041a\u043e\u043b\u043b\u0435\u043a\u0442\u0438\u0432 \u044e\u0440\u0438\u0441\u0442\u043e\u0432 \u0438 \u0431\u0443\u0445\u0433\u0430\u043b\u0442\u0435\u0440\u043e\u0432 LEOLEX, \u0432\u043e\u0437\u0433\u043b\u0430\u0432\u043b\u044f\u0435\u043c\u044b\u0439 \u043e\u0434\u043d\u0438\u043c \u0438\u0437 \u0443\u0447\u0440\u0435\u0434\u0438\u0442\u0435\u043b\u0435\u0439 \u0438 \u0443\u043f\u0440\u0430\u0432\u043b\u044f\u044e\u0449\u0438\u043c \u043f\u0430\u0440\u0442\u043d\u0451\u0440\u043e\u043c \u0431\u044e\u0440\u043e \u041a\u0443\u0434\u0438\u043d\u043e\u0432\u044b\u043c \u0420\u043e\u043c\u0430\u043d\u043e\u043c","breadcrumb":{"@id":"https:\/\/leolex.ch\/o-nas\/#breadcrumb"},"inLanguage":"fr-FR","potentialAction":[{"@type":"ReadAction","target":["https:\/\/leolex.ch\/o-nas\/"]}]},{"@type":"BreadcrumbList","@id":"https:\/\/leolex.ch\/o-nas\/#breadcrumb","itemListElement":[{"@type":"ListItem","position":1,"name":"\u0413\u043b\u0430\u0432\u043d\u0430\u044f \u0441\u0442\u0440\u0430\u043d\u0438\u0446\u0430","item":"https:\/\/leolex.ch\/"},{"@type":"ListItem","position":2,"name":"\u041e \u043d\u0430\u0441"}]}]}},"_links":{"self":[{"href":"https:\/\/leolex.ch\/fr\/wp-json\/wp\/v2\/pages\/558"}],"collection":[{"href":"https:\/\/leolex.ch\/fr\/wp-json\/wp\/v2\/pages"}],"about":[{"href":"https:\/\/leolex.ch\/fr\/wp-json\/wp\/v2\/types\/page"}],"author":[{"embeddable":true,"href":"https:\/\/leolex.ch\/fr\/wp-json\/wp\/v2\/users\/1"}],"replies":[{"embeddable":true,"href":"https:\/\/leolex.ch\/fr\/wp-json\/wp\/v2\/comments?post=558"}],"version-history":[{"count":120,"href":"https:\/\/leolex.ch\/fr\/wp-json\/wp\/v2\/pages\/558\/revisions"}],"predecessor-version":[{"id":2068,"href":"https:\/\/leolex.ch\/fr\/wp-json\/wp\/v2\/pages\/558\/revisions\/2068"}],"wp:attachment":[{"href":"https:\/\/leolex.ch\/fr\/wp-json\/wp\/v2\/media?parent=558"}],"curies":[{"name":"wp","href":"https:\/\/api.w.org\/{rel}","templated":true}]}}