{"id":441,"date":"2020-12-22T11:50:55","date_gmt":"2020-12-22T08:50:55","guid":{"rendered":"https:\/\/leolex.ch\/cportivnoe-pravo-copy\/"},"modified":"2022-02-01T23:59:57","modified_gmt":"2022-02-01T20:59:57","slug":"roman-kudinov-1","status":"publish","type":"page","link":"https:\/\/leolex.ch\/fr\/roman-kudinov-1\/","title":{"rendered":"\u0420\u043e\u043c\u0430\u043d \u041a\u0443\u0434\u0438\u043d\u043e\u0432"},"content":{"rendered":"<p><img loading=\"lazy\" src=\"https:\/\/leolex.ch\/wp-content\/uploads\/2020\/12\/photo-kudinov-roman-236x300.jpg\" alt=\"\" width=\"236\" height=\"300\" data-wp-editing=\"1\" \/>Monsieur KUDINOV Roman est un partenaire-g\u00e9rant du bureau comptable et juridique international LEOLEX S\u00e0rl. Il a d\u00e9but\u00e9 ses pratiques juridiques en 2015.<\/p>\n<p>\u00c9DUCATION :<\/p>\n<p>2016 Dipl\u00f4me du Baccalaur\u00e9at dans le domaine du droit suisse (Universit\u00e9 de Gen\u00e8ve, Suisse) ;<br \/>2017 : Certificat de sp\u00e9cialisation dans le domaine du droit transnational (Universit\u00e9 de Gen\u00e8ve, Suisse) ;<br \/>2018 : Dipl\u00f4me du Magist\u00e8re du droit suisse (Universit\u00e9 de Gen\u00e8ve, Suisse).<br \/>Multiples certificats des cours r\u00e9ussis dans le domaine de la propri\u00e9t\u00e9 intellectuelle, du droit fiscal, du droit sur la protection de donn\u00e9es, de la l\u00e9gislation de lutte contre blanchissement de l\u2019argent (Universit\u00e9 d\u2019\u00e9tat de Gen\u00e8ve et Fribourg en Suisse, Organisation mondiale de la propri\u00e9t\u00e9 intellectuelle).<\/p>\n<p>ACTIVITES DIVERSES :<\/p>\n<p>\u2014 Membre de la SSJ (Soci\u00e9t\u00e9 suisse des juristes) ;<br \/>\u2014 Membre de l\u2019IFA (International Fiscal Association) ;<br \/>\u2014 Membre de la succursale suisse de l\u2019Association europ\u00e9enne pour le droit bancaire et financier Suisse AEDBF\/Suisse) ;<br \/>\u2014 D\u00e9put\u00e9 de l\u2019A assembl\u00e9e l\u00e9gislative de la commune Ayent (Valais) du Parti du peuple du Suisse<br \/>(UDC\/SVP) ;<br \/>\u2014 Pr\u00e9sident du bureau de repr\u00e9sentation de\u00a0<a href=\"http:\/\/racib.com\/rakib-ukreplyaet-svoi-poziczii-v-shvejczarii\" target=\"_blank\" rel=\"noopener noreferrer\">RAKIB <\/a>en Suisse (ASSOCIATION RUSSE DE LA CRYPTO-\u00c9CONOMIE, DE L\u2019INTELLIGENCE ARTIFICIELLE ET DU BLOCKCHAIN) ;<br \/>\u2014 Directeur technique de la F\u00e9d\u00e9ration suisse de lutte amateur (Swiss Wrestlig Federation).<\/p>\n<p>\t\t\t\t\t\t\t\t\t\t<img width=\"806\" height=\"1024\" src=\"https:\/\/leolex.ch\/wp-content\/uploads\/2020\/12\/photo-kudinov-roman-806x1024.jpg\" alt=\"\" loading=\"lazy\" srcset=\"https:\/\/leolex.ch\/wp-content\/uploads\/2020\/12\/photo-kudinov-roman-806x1024.jpg 806w, https:\/\/leolex.ch\/wp-content\/uploads\/2020\/12\/photo-kudinov-roman-236x300.jpg 236w, https:\/\/leolex.ch\/wp-content\/uploads\/2020\/12\/photo-kudinov-roman-768x976.jpg 768w, https:\/\/leolex.ch\/wp-content\/uploads\/2020\/12\/photo-kudinov-roman.jpg 879w\" sizes=\"(max-width: 806px) 100vw, 806px\" \/>\t\t\t\t\t\t\t\t\t\t\t<\/p>\n<p>Monsieur KUDINOV Roman est un partenaire-g\u00e9rant du bureau comptable et juridique international LEOLEX S\u00e0rl. Il a d\u00e9but\u00e9 ses pratiques juridiques en 2015.<br \/>\u00c9DUCATION :<br \/>2016 Dipl\u00f4me du Baccalaur\u00e9at dans le domaine du droit suisse (Universit\u00e9 de Gen\u00e8ve, Suisse) ;<br \/>2017 : Certificat de sp\u00e9cialisation dans le domaine du droit transnational (Universit\u00e9 de Gen\u00e8ve, Suisse) ;<br \/>2018 : Dipl\u00f4me du Magist\u00e8re du droit suisse (Universit\u00e9 de Gen\u00e8ve, Suisse).<br \/>Multiples certificats des cours r\u00e9ussis dans le domaine de la propri\u00e9t\u00e9 intellectuelle, du droit fiscal, du droit sur la protection de donn\u00e9es, de la l\u00e9gislation de lutte contre blanchissement de l\u2019argent (Universit\u00e9 d\u2019\u00e9tat de Gen\u00e8ve et Fribourg en Suisse, Organisation mondiale de la propri\u00e9t\u00e9 intellectuelle).<br \/>ACTIVITES DIVERSES :<br \/>\u2014 Membre de la SSJ (Soci\u00e9t\u00e9 suisse des juristes) ;<br \/>\u2014 Membre de l\u2019IFA (International Fiscal Association) ;<br \/>\u2014 Membre de la succursale suisse de l\u2019Association europ\u00e9enne pour le droit bancaire et financier Suisse AEDBF\/Suisse) ;<br \/>\u2014 D\u00e9put\u00e9 de l\u2019A assembl\u00e9e l\u00e9gislative de la commune Ayent (Valais) du Parti du peuple du Suisse<br \/>(UDC\/SVP) ;<br \/>\u2014 Pr\u00e9sident du bureau de repr\u00e9sentation de\u00a0<a href=\"http:\/\/racib.com\/rakib-ukreplyaet-svoi-poziczii-v-shvejczarii\" target=\"_blank\" rel=\"noopener noreferrer\">RAKIB <\/a>en Suisse (ASSOCIATION RUSSE DE LA CRYPTO-\u00c9CONOMIE, DE L\u2019INTELLIGENCE ARTIFICIELLE ET DU BLOCKCHAIN) ;<br \/>\u2014 Directeur technique de la F\u00e9d\u00e9ration suisse de lutte amateur (Swiss Wrestlig Federation).<\/p>\n","protected":false},"excerpt":{"rendered":"<p>Monsieur KUDINOV Roman est un partenaire-g\u00e9rant du bureau comptable et juridique international LEOLEX S\u00e0rl. Il a d\u00e9but\u00e9 ses pratiques juridiques en 2015. \u00c9DUCATION : 2016 Dipl\u00f4me du Baccalaur\u00e9at dans le domaine du droit suisse (Universit\u00e9&nbsp;<a href=\"https:\/\/leolex.ch\/fr\/roman-kudinov-1\/\" class=\"read-more\">Continue Reading<\/a><\/p>\n","protected":false},"author":1,"featured_media":0,"parent":0,"menu_order":0,"comment_status":"closed","ping_status":"closed","template":"templates\/page-fullwidth.php","meta":[],"translation":{"provider":"WPGlobus","version":"2.8.6","language":"fr","enabled_languages":["ru","en","fr","de"],"languages":{"ru":{"title":true,"content":true,"excerpt":false},"en":{"title":false,"content":true,"excerpt":false},"fr":{"title":false,"content":true,"excerpt":false},"de":{"title":true,"content":true,"excerpt":false}}},"yoast_head":"<!-- This site is optimized with the Yoast SEO plugin v17.5 - https:\/\/yoast.com\/wordpress\/plugins\/seo\/ -->\n<title>&ndash; LEOLEX - le bureau juridique et comptable<\/title>\n<meta name=\"robots\" content=\"index, follow, max-snippet:-1, max-image-preview:large, max-video-preview:-1\" \/>\n<link rel=\"canonical\" href=\"https:\/\/leolex.ch\/roman-kudinov-1\/\" \/>\n<meta property=\"og:locale\" content=\"fr_FR\" \/>\n<meta property=\"og:type\" content=\"article\" \/>\n<meta property=\"og:title\" content=\"&ndash; LEOLEX - le bureau juridique et comptable\" \/>\n<meta property=\"og:url\" content=\"https:\/\/leolex.ch\/roman-kudinov-1\/\" \/>\n<meta property=\"og:site_name\" content=\"LEOLEX - le bureau juridique et comptable\" \/>\n<meta property=\"article:modified_time\" content=\"2022-02-01T20:59:57+00:00\" \/>\n<meta property=\"og:image\" content=\"https:\/\/leolex.ch\/wp-content\/uploads\/2020\/12\/photo-kudinov-roman-236x300.jpg\" \/>\n<meta name=\"twitter:card\" content=\"summary_large_image\" \/>\n<meta name=\"twitter:label1\" content=\"Est. reading time\" \/>\n\t<meta name=\"twitter:data1\" content=\"2 minutes\" \/>\n<script type=\"application\/ld+json\" class=\"yoast-schema-graph\">{\"@context\":\"https:\/\/schema.org\",\"@graph\":[{\"@type\":\"Organization\",\"@id\":\"https:\/\/leolex.ch\/#organization\",\"name\":\"Leolex\",\"url\":\"https:\/\/leolex.ch\/\",\"sameAs\":[],\"logo\":{\"@type\":\"ImageObject\",\"@id\":\"https:\/\/leolex.ch\/#logo\",\"inLanguage\":\"fr-FR\",\"url\":\"https:\/\/leolex.ch\/wp-content\/uploads\/2021\/10\/logo-leolex-bez-fona-.png\",\"contentUrl\":\"https:\/\/leolex.ch\/wp-content\/uploads\/2021\/10\/logo-leolex-bez-fona-.png\",\"width\":736,\"height\":200,\"caption\":\"Leolex\"},\"image\":{\"@id\":\"https:\/\/leolex.ch\/#logo\"}},{\"@type\":\"WebSite\",\"@id\":\"https:\/\/leolex.ch\/#website\",\"url\":\"https:\/\/leolex.ch\/\",\"name\":\"LEOLEX - \\u0448\\u0432\\u0435\\u0439\\u0446\\u0430\\u0440\\u0441\\u043a\\u0430\\u044f \\u044e\\u0440\\u0438\\u0434\\u0438\\u0447\\u0435\\u0441\\u043a\\u0430\\u044f \\u0438 \\u0431\\u0443\\u0445\\u0433\\u0430\\u043b\\u0442\\u0435\\u0440\\u0441\\u043a\\u0430\\u044f \\u0444\\u0438\\u0440\\u043c\\u0430\",\"description\":\"LeoLex est un des leaders en prestations de services juridiques pour les citoyens russophones et les soci\\u00e9t\\u00e9s d\\u2019origine russe sur le territoire de la Conf\\u00e9d\\u00e9ration suisse  et poss\\u00e8de 4 bureaux en Suisse: Anz\\u00e8re, Sion, Gen\\u00e8ve, Zurich\",\"publisher\":{\"@id\":\"https:\/\/leolex.ch\/#organization\"},\"potentialAction\":[{\"@type\":\"SearchAction\",\"target\":{\"@type\":\"EntryPoint\",\"urlTemplate\":\"https:\/\/leolex.ch\/?s={search_term_string}\"},\"query-input\":\"required name=search_term_string\"}],\"inLanguage\":\"fr-FR\"},{\"@type\":\"ImageObject\",\"@id\":\"https:\/\/leolex.ch\/roman-kudinov-1\/#primaryimage\",\"inLanguage\":\"fr-FR\",\"url\":\"https:\/\/leolex.ch\/wp-content\/uploads\/2020\/12\/photo-kudinov-roman.jpg\",\"contentUrl\":\"https:\/\/leolex.ch\/wp-content\/uploads\/2020\/12\/photo-kudinov-roman.jpg\",\"width\":879,\"height\":1117},{\"@type\":\"WebPage\",\"@id\":\"https:\/\/leolex.ch\/roman-kudinov-1\/#webpage\",\"url\":\"https:\/\/leolex.ch\/roman-kudinov-1\/\",\"name\":\"&ndash; LEOLEX - le bureau juridique et comptable\",\"isPartOf\":{\"@id\":\"https:\/\/leolex.ch\/#website\"},\"primaryImageOfPage\":{\"@id\":\"https:\/\/leolex.ch\/roman-kudinov-1\/#primaryimage\"},\"datePublished\":\"2020-12-22T08:50:55+00:00\",\"dateModified\":\"2022-02-01T20:59:57+00:00\",\"breadcrumb\":{\"@id\":\"https:\/\/leolex.ch\/roman-kudinov-1\/#breadcrumb\"},\"inLanguage\":\"fr-FR\",\"potentialAction\":[{\"@type\":\"ReadAction\",\"target\":[\"https:\/\/leolex.ch\/roman-kudinov-1\/\"]}]},{\"@type\":\"BreadcrumbList\",\"@id\":\"https:\/\/leolex.ch\/roman-kudinov-1\/#breadcrumb\",\"itemListElement\":[{\"@type\":\"ListItem\",\"position\":1,\"name\":\"\\u0413\\u043b\\u0430\\u0432\\u043d\\u0430\\u044f \\u0441\\u0442\\u0440\\u0430\\u043d\\u0438\\u0446\\u0430\",\"item\":\"https:\/\/leolex.ch\/\"},{\"@type\":\"ListItem\",\"position\":2,\"name\":\"\\u0420\\u043e\\u043c\\u0430\\u043d \\u041a\\u0443\\u0434\\u0438\\u043d\\u043e\\u0432\"}]}]}<\/script>\n<!-- \/ Yoast SEO plugin. -->","yoast_head_json":{"title":"&ndash; LEOLEX - le bureau juridique et comptable","robots":{"index":"index","follow":"follow","max-snippet":"max-snippet:-1","max-image-preview":"max-image-preview:large","max-video-preview":"max-video-preview:-1"},"canonical":"https:\/\/leolex.ch\/roman-kudinov-1\/","og_locale":"fr_FR","og_type":"article","og_title":"&ndash; LEOLEX - le bureau juridique et comptable","og_url":"https:\/\/leolex.ch\/roman-kudinov-1\/","og_site_name":"LEOLEX - le bureau juridique et comptable","article_modified_time":"2022-02-01T20:59:57+00:00","og_image":[{"url":"https:\/\/leolex.ch\/wp-content\/uploads\/2020\/12\/photo-kudinov-roman-236x300.jpg"}],"twitter_card":"summary_large_image","twitter_misc":{"Est. reading time":"2 minutes"},"schema":{"@context":"https:\/\/schema.org","@graph":[{"@type":"Organization","@id":"https:\/\/leolex.ch\/#organization","name":"Leolex","url":"https:\/\/leolex.ch\/","sameAs":[],"logo":{"@type":"ImageObject","@id":"https:\/\/leolex.ch\/#logo","inLanguage":"fr-FR","url":"https:\/\/leolex.ch\/wp-content\/uploads\/2021\/10\/logo-leolex-bez-fona-.png","contentUrl":"https:\/\/leolex.ch\/wp-content\/uploads\/2021\/10\/logo-leolex-bez-fona-.png","width":736,"height":200,"caption":"Leolex"},"image":{"@id":"https:\/\/leolex.ch\/#logo"}},{"@type":"WebSite","@id":"https:\/\/leolex.ch\/#website","url":"https:\/\/leolex.ch\/","name":"LEOLEX - \u0448\u0432\u0435\u0439\u0446\u0430\u0440\u0441\u043a\u0430\u044f \u044e\u0440\u0438\u0434\u0438\u0447\u0435\u0441\u043a\u0430\u044f \u0438 \u0431\u0443\u0445\u0433\u0430\u043b\u0442\u0435\u0440\u0441\u043a\u0430\u044f \u0444\u0438\u0440\u043c\u0430","description":"LeoLex est un des leaders en prestations de services juridiques pour les citoyens russophones et les soci\u00e9t\u00e9s d\u2019origine russe sur le territoire de la Conf\u00e9d\u00e9ration suisse  et poss\u00e8de 4 bureaux en Suisse: Anz\u00e8re, Sion, Gen\u00e8ve, Zurich","publisher":{"@id":"https:\/\/leolex.ch\/#organization"},"potentialAction":[{"@type":"SearchAction","target":{"@type":"EntryPoint","urlTemplate":"https:\/\/leolex.ch\/?s={search_term_string}"},"query-input":"required name=search_term_string"}],"inLanguage":"fr-FR"},{"@type":"ImageObject","@id":"https:\/\/leolex.ch\/roman-kudinov-1\/#primaryimage","inLanguage":"fr-FR","url":"https:\/\/leolex.ch\/wp-content\/uploads\/2020\/12\/photo-kudinov-roman.jpg","contentUrl":"https:\/\/leolex.ch\/wp-content\/uploads\/2020\/12\/photo-kudinov-roman.jpg","width":879,"height":1117},{"@type":"WebPage","@id":"https:\/\/leolex.ch\/roman-kudinov-1\/#webpage","url":"https:\/\/leolex.ch\/roman-kudinov-1\/","name":"&ndash; LEOLEX - le bureau juridique et comptable","isPartOf":{"@id":"https:\/\/leolex.ch\/#website"},"primaryImageOfPage":{"@id":"https:\/\/leolex.ch\/roman-kudinov-1\/#primaryimage"},"datePublished":"2020-12-22T08:50:55+00:00","dateModified":"2022-02-01T20:59:57+00:00","breadcrumb":{"@id":"https:\/\/leolex.ch\/roman-kudinov-1\/#breadcrumb"},"inLanguage":"fr-FR","potentialAction":[{"@type":"ReadAction","target":["https:\/\/leolex.ch\/roman-kudinov-1\/"]}]},{"@type":"BreadcrumbList","@id":"https:\/\/leolex.ch\/roman-kudinov-1\/#breadcrumb","itemListElement":[{"@type":"ListItem","position":1,"name":"\u0413\u043b\u0430\u0432\u043d\u0430\u044f \u0441\u0442\u0440\u0430\u043d\u0438\u0446\u0430","item":"https:\/\/leolex.ch\/"},{"@type":"ListItem","position":2,"name":"\u0420\u043e\u043c\u0430\u043d \u041a\u0443\u0434\u0438\u043d\u043e\u0432"}]}]}},"_links":{"self":[{"href":"https:\/\/leolex.ch\/fr\/wp-json\/wp\/v2\/pages\/441"}],"collection":[{"href":"https:\/\/leolex.ch\/fr\/wp-json\/wp\/v2\/pages"}],"about":[{"href":"https:\/\/leolex.ch\/fr\/wp-json\/wp\/v2\/types\/page"}],"author":[{"embeddable":true,"href":"https:\/\/leolex.ch\/fr\/wp-json\/wp\/v2\/users\/1"}],"replies":[{"embeddable":true,"href":"https:\/\/leolex.ch\/fr\/wp-json\/wp\/v2\/comments?post=441"}],"version-history":[{"count":53,"href":"https:\/\/leolex.ch\/fr\/wp-json\/wp\/v2\/pages\/441\/revisions"}],"predecessor-version":[{"id":1743,"href":"https:\/\/leolex.ch\/fr\/wp-json\/wp\/v2\/pages\/441\/revisions\/1743"}],"wp:attachment":[{"href":"https:\/\/leolex.ch\/fr\/wp-json\/wp\/v2\/media?parent=441"}],"curies":[{"name":"wp","href":"https:\/\/api.w.org\/{rel}","templated":true}]}}