{"id":338,"date":"2020-12-20T17:46:12","date_gmt":"2020-12-20T14:46:12","guid":{"rendered":"https:\/\/leolex.ch\/migraczionnoe-pravo-copy\/"},"modified":"2021-11-26T23:35:32","modified_gmt":"2021-11-26T20:35:32","slug":"trudovoe-pravo","status":"publish","type":"page","link":"https:\/\/leolex.ch\/fr\/trudovoe-pravo\/","title":{"rendered":"\u0422\u0420\u0423\u0414\u041e\u0412\u041e\u0415 \u041f\u0420\u0410\u0412\u041e"},"content":{"rendered":"<p><img width=\"70\" height=\"70\" src=\"https:\/\/leolex.ch\/wp-content\/uploads\/2020\/12\/job_2_1.png\" alt=\"\" loading=\"lazy\"><\/p>\n<h2>DROIT DU TRAVAIL<\/h2>\n<p>Le droit du travail est indispensable pour pouvoir r\u00e9gulariser les relations dans le domaine de travail de la mani\u00e8re intelligente. Les sp\u00e9cialistes du bureau juridique et comptable suisse \u201c LEOLEX \u201c vous accorderont une consultation sur toute question relative \u00e0 la l\u00e9gislation sur le travail en Suisse, \u00e0 savoir sur : l\u2019embauche, la s\u00e9curit\u00e9 de travail, la r\u00e9mun\u00e9ration de vos services, le r\u00e8glement du travail, l\u2019octroi de primes, la d\u00e9rogation \u00e0 la discipline de travail et le licenciement. Nos juristes sont les sp\u00e9cialistes dans le domaine de r\u00e8glement des conflits de travail et vous accorderont le support juridique opportun.<\/p>\n<p><strong>Les services du bureau juridique et comptable suisse \u201c LEOLEX \u201ddans le domaine de droit du travail:<\/strong><\/p>\n<p>\u2014 consultation sur toute question relative \u00e0 la l\u00e9gislation sur le travail en Suisse ;<br \/>\n\u2014 \u00e9tablissement des contrats de travail et leur v\u00e9rification ;<br \/>\n\u2014 assistance en contestation du licenciement ;<br \/>\n\u2014 remboursement des \u00e9pargnes de pensions en cas de d\u00e9part du Suisse ;<br \/>\n\u2014 mutation des salari\u00e9s en cas de fusion et acquisition ;<br \/>\n\u2014 accompagnement juridique en cas de changement de conditions de travail.<\/p>\n","protected":false},"excerpt":{"rendered":"<p>DROIT DU TRAVAIL Le droit du travail est indispensable pour pouvoir r\u00e9gulariser les relations dans le domaine de travail de la mani\u00e8re intelligente. Les sp\u00e9cialistes du bureau juridique et comptable suisse \u201c LEOLEX \u201c vous&nbsp;<a href=\"https:\/\/leolex.ch\/fr\/trudovoe-pravo\/\" class=\"read-more\">Continue Reading<\/a><\/p>\n","protected":false},"author":1,"featured_media":0,"parent":0,"menu_order":0,"comment_status":"closed","ping_status":"closed","template":"templates\/page-fullwidth.php","meta":[],"translation":{"provider":"WPGlobus","version":"2.8.6","language":"fr","enabled_languages":["ru","en","fr","de"],"languages":{"ru":{"title":true,"content":true,"excerpt":false},"en":{"title":false,"content":true,"excerpt":false},"fr":{"title":true,"content":true,"excerpt":false},"de":{"title":false,"content":true,"excerpt":false}}},"yoast_head":"<!-- This site is optimized with the Yoast SEO plugin v17.5 - https:\/\/yoast.com\/wordpress\/plugins\/seo\/ -->\n<title>DROIT DU TRAVAIL &ndash; LEOLEX - le bureau juridique et comptable<\/title>\n<meta name=\"description\" content=\"Le droit du travail est indispensable pour pouvoir r\u00e9gulariser les relations dans le domaine de travail de la mani\u00e8re intelligente.\" \/>\n<meta name=\"robots\" content=\"index, follow, max-snippet:-1, max-image-preview:large, max-video-preview:-1\" \/>\n<link rel=\"canonical\" href=\"https:\/\/leolex.ch\/trudovoe-pravo\/\" \/>\n<meta property=\"og:locale\" content=\"fr_FR\" \/>\n<meta property=\"og:type\" content=\"article\" \/>\n<meta property=\"og:title\" content=\"{:ru}\u0422\u0440\u0443\u0434\u043e\u0432\u043e\u0435 \u043f\u0440\u0430\u0432\u043e &ndash; LEOLEX - le bureau juridique et comptable{:}{:en}LABOUR LAW &ndash; LEOLEX - le bureau juridique et comptable{:}{:fr}DROIT DU TRAVAIL &ndash; LEOLEX - le bureau juridique et comptable{:}{:de}ARBEITSRECHT &ndash; LEOLEX - le bureau juridique et comptable{:}\" \/>\n<meta property=\"og:description\" content=\"Le droit du travail est indispensable pour pouvoir r\u00e9gulariser les relations dans le domaine de travail de la mani\u00e8re intelligente.\" \/>\n<meta property=\"og:url\" content=\"https:\/\/leolex.ch\/trudovoe-pravo\/\" \/>\n<meta property=\"og:site_name\" content=\"LEOLEX - le bureau juridique et comptable\" \/>\n<meta property=\"article:modified_time\" content=\"2021-11-26T20:35:32+00:00\" \/>\n<meta property=\"og:image\" content=\"https:\/\/leolex.ch\/wp-content\/uploads\/2020\/12\/job_2_1.png\" \/>\n<meta name=\"twitter:card\" content=\"summary_large_image\" \/>\n<meta name=\"twitter:label1\" content=\"Est. reading time\" \/>\n\t<meta name=\"twitter:data1\" content=\"1 minute\" \/>\n<script type=\"application\/ld+json\" class=\"yoast-schema-graph\">{\"@context\":\"https:\/\/schema.org\",\"@graph\":[{\"@type\":\"Organization\",\"@id\":\"https:\/\/leolex.ch\/#organization\",\"name\":\"Leolex\",\"url\":\"https:\/\/leolex.ch\/\",\"sameAs\":[],\"logo\":{\"@type\":\"ImageObject\",\"@id\":\"https:\/\/leolex.ch\/#logo\",\"inLanguage\":\"fr-FR\",\"url\":\"https:\/\/leolex.ch\/wp-content\/uploads\/2021\/10\/logo-leolex-bez-fona-.png\",\"contentUrl\":\"https:\/\/leolex.ch\/wp-content\/uploads\/2021\/10\/logo-leolex-bez-fona-.png\",\"width\":736,\"height\":200,\"caption\":\"Leolex\"},\"image\":{\"@id\":\"https:\/\/leolex.ch\/#logo\"}},{\"@type\":\"WebSite\",\"@id\":\"https:\/\/leolex.ch\/#website\",\"url\":\"https:\/\/leolex.ch\/\",\"name\":\"LEOLEX - \\u0448\\u0432\\u0435\\u0439\\u0446\\u0430\\u0440\\u0441\\u043a\\u0430\\u044f \\u044e\\u0440\\u0438\\u0434\\u0438\\u0447\\u0435\\u0441\\u043a\\u0430\\u044f \\u0438 \\u0431\\u0443\\u0445\\u0433\\u0430\\u043b\\u0442\\u0435\\u0440\\u0441\\u043a\\u0430\\u044f \\u0444\\u0438\\u0440\\u043c\\u0430\",\"description\":\"LeoLex est un des leaders en prestations de services juridiques pour les citoyens russophones et les soci\\u00e9t\\u00e9s d\\u2019origine russe sur le territoire de la Conf\\u00e9d\\u00e9ration suisse  et poss\\u00e8de 4 bureaux en Suisse: Anz\\u00e8re, Sion, Gen\\u00e8ve, Zurich\",\"publisher\":{\"@id\":\"https:\/\/leolex.ch\/#organization\"},\"potentialAction\":[{\"@type\":\"SearchAction\",\"target\":{\"@type\":\"EntryPoint\",\"urlTemplate\":\"https:\/\/leolex.ch\/?s={search_term_string}\"},\"query-input\":\"required name=search_term_string\"}],\"inLanguage\":\"fr-FR\"},{\"@type\":\"ImageObject\",\"@id\":\"https:\/\/leolex.ch\/trudovoe-pravo\/#primaryimage\",\"inLanguage\":\"fr-FR\",\"url\":\"https:\/\/leolex.ch\/wp-content\/uploads\/2020\/12\/job_2_1.png\",\"contentUrl\":\"https:\/\/leolex.ch\/wp-content\/uploads\/2020\/12\/job_2_1.png\",\"width\":70,\"height\":70},{\"@type\":\"WebPage\",\"@id\":\"https:\/\/leolex.ch\/trudovoe-pravo\/#webpage\",\"url\":\"https:\/\/leolex.ch\/trudovoe-pravo\/\",\"name\":\"\\u0422\\u0440\\u0443\\u0434\\u043e\\u0432\\u043e\\u0435 \\u043f\\u0440\\u0430\\u0432\\u043e &ndash; LEOLEX - le bureau juridique et comptable\",\"isPartOf\":{\"@id\":\"https:\/\/leolex.ch\/#website\"},\"primaryImageOfPage\":{\"@id\":\"https:\/\/leolex.ch\/trudovoe-pravo\/#primaryimage\"},\"datePublished\":\"2020-12-20T14:46:12+00:00\",\"dateModified\":\"2021-11-26T20:35:32+00:00\",\"description\":\"\\u0421\\u043f\\u0435\\u0446\\u0438\\u0430\\u043b\\u0438\\u0441\\u0442\\u044b \\u0428\\u0432\\u0435\\u0439\\u0446\\u0430\\u0440\\u0441\\u043a\\u043e\\u0433\\u043e \\u044e\\u0440\\u0438\\u0434\\u0438\\u0447\\u0435\\u0441\\u043a\\u043e\\u0433\\u043e \\u0438 \\u0431\\u0443\\u0445\\u0433\\u0430\\u043b\\u0442\\u0435\\u0440\\u0441\\u043a\\u043e\\u0433\\u043e \\u0431\\u044e\\u0440\\u043e LEOLEX \\u043f\\u0440\\u043e\\u043a\\u043e\\u043d\\u0441\\u0443\\u043b\\u044c\\u0442\\u0438\\u0440\\u0443\\u044e\\u0442 \\u0432\\u0430\\u0441 \\u043f\\u043e \\u043b\\u044e\\u0431\\u044b\\u043c \\u0432\\u043e\\u043f\\u0440\\u043e\\u0441\\u0430\\u043c \\u0442\\u0440\\u0443\\u0434\\u043e\\u0432\\u043e\\u0433\\u043e \\u0437\\u0430\\u043a\\u043e\\u043d\\u043e\\u0434\\u0430\\u0442\\u0435\\u043b\\u044c\\u0441\\u0442\\u0432\\u0430 \\u0428\\u0432\\u0435\\u0439\\u0446\\u0430\\u0440\\u0438\\u0438\",\"breadcrumb\":{\"@id\":\"https:\/\/leolex.ch\/trudovoe-pravo\/#breadcrumb\"},\"inLanguage\":\"fr-FR\",\"potentialAction\":[{\"@type\":\"ReadAction\",\"target\":[\"https:\/\/leolex.ch\/trudovoe-pravo\/\"]}]},{\"@type\":\"BreadcrumbList\",\"@id\":\"https:\/\/leolex.ch\/trudovoe-pravo\/#breadcrumb\",\"itemListElement\":[{\"@type\":\"ListItem\",\"position\":1,\"name\":\"\\u0413\\u043b\\u0430\\u0432\\u043d\\u0430\\u044f \\u0441\\u0442\\u0440\\u0430\\u043d\\u0438\\u0446\\u0430\",\"item\":\"https:\/\/leolex.ch\/\"},{\"@type\":\"ListItem\",\"position\":2,\"name\":\"\\u0422\\u0420\\u0423\\u0414\\u041e\\u0412\\u041e\\u0415 \\u041f\\u0420\\u0410\\u0412\\u041e\"}]}]}<\/script>\n<!-- \/ Yoast SEO plugin. -->","yoast_head_json":{"title":"DROIT DU TRAVAIL &ndash; LEOLEX - le bureau juridique et comptable","description":"Le droit du travail est indispensable pour pouvoir r\u00e9gulariser les relations dans le domaine de travail de la mani\u00e8re intelligente.","robots":{"index":"index","follow":"follow","max-snippet":"max-snippet:-1","max-image-preview":"max-image-preview:large","max-video-preview":"max-video-preview:-1"},"canonical":"https:\/\/leolex.ch\/trudovoe-pravo\/","og_locale":"fr_FR","og_type":"article","og_title":"{:ru}\u0422\u0440\u0443\u0434\u043e\u0432\u043e\u0435 \u043f\u0440\u0430\u0432\u043e &ndash; LEOLEX - le bureau juridique et comptable{:}{:en}LABOUR LAW &ndash; LEOLEX - le bureau juridique et comptable{:}{:fr}DROIT DU TRAVAIL &ndash; LEOLEX - le bureau juridique et comptable{:}{:de}ARBEITSRECHT &ndash; LEOLEX - le bureau juridique et comptable{:}","og_description":"Le droit du travail est indispensable pour pouvoir r\u00e9gulariser les relations dans le domaine de travail de la mani\u00e8re intelligente.","og_url":"https:\/\/leolex.ch\/trudovoe-pravo\/","og_site_name":"LEOLEX - le bureau juridique et comptable","article_modified_time":"2021-11-26T20:35:32+00:00","og_image":[{"url":"https:\/\/leolex.ch\/wp-content\/uploads\/2020\/12\/job_2_1.png"}],"twitter_card":"summary_large_image","twitter_misc":{"Est. reading time":"1 minute"},"schema":{"@context":"https:\/\/schema.org","@graph":[{"@type":"Organization","@id":"https:\/\/leolex.ch\/#organization","name":"Leolex","url":"https:\/\/leolex.ch\/","sameAs":[],"logo":{"@type":"ImageObject","@id":"https:\/\/leolex.ch\/#logo","inLanguage":"fr-FR","url":"https:\/\/leolex.ch\/wp-content\/uploads\/2021\/10\/logo-leolex-bez-fona-.png","contentUrl":"https:\/\/leolex.ch\/wp-content\/uploads\/2021\/10\/logo-leolex-bez-fona-.png","width":736,"height":200,"caption":"Leolex"},"image":{"@id":"https:\/\/leolex.ch\/#logo"}},{"@type":"WebSite","@id":"https:\/\/leolex.ch\/#website","url":"https:\/\/leolex.ch\/","name":"LEOLEX - \u0448\u0432\u0435\u0439\u0446\u0430\u0440\u0441\u043a\u0430\u044f \u044e\u0440\u0438\u0434\u0438\u0447\u0435\u0441\u043a\u0430\u044f \u0438 \u0431\u0443\u0445\u0433\u0430\u043b\u0442\u0435\u0440\u0441\u043a\u0430\u044f \u0444\u0438\u0440\u043c\u0430","description":"LeoLex est un des leaders en prestations de services juridiques pour les citoyens russophones et les soci\u00e9t\u00e9s d\u2019origine russe sur le territoire de la Conf\u00e9d\u00e9ration suisse  et poss\u00e8de 4 bureaux en Suisse: Anz\u00e8re, Sion, Gen\u00e8ve, Zurich","publisher":{"@id":"https:\/\/leolex.ch\/#organization"},"potentialAction":[{"@type":"SearchAction","target":{"@type":"EntryPoint","urlTemplate":"https:\/\/leolex.ch\/?s={search_term_string}"},"query-input":"required name=search_term_string"}],"inLanguage":"fr-FR"},{"@type":"ImageObject","@id":"https:\/\/leolex.ch\/trudovoe-pravo\/#primaryimage","inLanguage":"fr-FR","url":"https:\/\/leolex.ch\/wp-content\/uploads\/2020\/12\/job_2_1.png","contentUrl":"https:\/\/leolex.ch\/wp-content\/uploads\/2020\/12\/job_2_1.png","width":70,"height":70},{"@type":"WebPage","@id":"https:\/\/leolex.ch\/trudovoe-pravo\/#webpage","url":"https:\/\/leolex.ch\/trudovoe-pravo\/","name":"\u0422\u0440\u0443\u0434\u043e\u0432\u043e\u0435 \u043f\u0440\u0430\u0432\u043e &ndash; LEOLEX - le bureau juridique et comptable","isPartOf":{"@id":"https:\/\/leolex.ch\/#website"},"primaryImageOfPage":{"@id":"https:\/\/leolex.ch\/trudovoe-pravo\/#primaryimage"},"datePublished":"2020-12-20T14:46:12+00:00","dateModified":"2021-11-26T20:35:32+00:00","description":"\u0421\u043f\u0435\u0446\u0438\u0430\u043b\u0438\u0441\u0442\u044b \u0428\u0432\u0435\u0439\u0446\u0430\u0440\u0441\u043a\u043e\u0433\u043e \u044e\u0440\u0438\u0434\u0438\u0447\u0435\u0441\u043a\u043e\u0433\u043e \u0438 \u0431\u0443\u0445\u0433\u0430\u043b\u0442\u0435\u0440\u0441\u043a\u043e\u0433\u043e \u0431\u044e\u0440\u043e LEOLEX \u043f\u0440\u043e\u043a\u043e\u043d\u0441\u0443\u043b\u044c\u0442\u0438\u0440\u0443\u044e\u0442 \u0432\u0430\u0441 \u043f\u043e \u043b\u044e\u0431\u044b\u043c \u0432\u043e\u043f\u0440\u043e\u0441\u0430\u043c \u0442\u0440\u0443\u0434\u043e\u0432\u043e\u0433\u043e \u0437\u0430\u043a\u043e\u043d\u043e\u0434\u0430\u0442\u0435\u043b\u044c\u0441\u0442\u0432\u0430 \u0428\u0432\u0435\u0439\u0446\u0430\u0440\u0438\u0438","breadcrumb":{"@id":"https:\/\/leolex.ch\/trudovoe-pravo\/#breadcrumb"},"inLanguage":"fr-FR","potentialAction":[{"@type":"ReadAction","target":["https:\/\/leolex.ch\/trudovoe-pravo\/"]}]},{"@type":"BreadcrumbList","@id":"https:\/\/leolex.ch\/trudovoe-pravo\/#breadcrumb","itemListElement":[{"@type":"ListItem","position":1,"name":"\u0413\u043b\u0430\u0432\u043d\u0430\u044f \u0441\u0442\u0440\u0430\u043d\u0438\u0446\u0430","item":"https:\/\/leolex.ch\/"},{"@type":"ListItem","position":2,"name":"\u0422\u0420\u0423\u0414\u041e\u0412\u041e\u0415 \u041f\u0420\u0410\u0412\u041e"}]}]}},"_links":{"self":[{"href":"https:\/\/leolex.ch\/fr\/wp-json\/wp\/v2\/pages\/338"}],"collection":[{"href":"https:\/\/leolex.ch\/fr\/wp-json\/wp\/v2\/pages"}],"about":[{"href":"https:\/\/leolex.ch\/fr\/wp-json\/wp\/v2\/types\/page"}],"author":[{"embeddable":true,"href":"https:\/\/leolex.ch\/fr\/wp-json\/wp\/v2\/users\/1"}],"replies":[{"embeddable":true,"href":"https:\/\/leolex.ch\/fr\/wp-json\/wp\/v2\/comments?post=338"}],"version-history":[{"count":44,"href":"https:\/\/leolex.ch\/fr\/wp-json\/wp\/v2\/pages\/338\/revisions"}],"predecessor-version":[{"id":1659,"href":"https:\/\/leolex.ch\/fr\/wp-json\/wp\/v2\/pages\/338\/revisions\/1659"}],"wp:attachment":[{"href":"https:\/\/leolex.ch\/fr\/wp-json\/wp\/v2\/media?parent=338"}],"curies":[{"name":"wp","href":"https:\/\/api.w.org\/{rel}","templated":true}]}}