{"id":327,"date":"2020-12-20T17:36:48","date_gmt":"2020-12-20T14:36:48","guid":{"rendered":"https:\/\/leolex.ch\/dogovornoe-pravo-copy\/"},"modified":"2021-11-26T23:29:20","modified_gmt":"2021-11-26T20:29:20","slug":"cportivnoe-pravo","status":"publish","type":"page","link":"https:\/\/leolex.ch\/fr\/cportivnoe-pravo\/","title":{"rendered":"C\u041f\u041e\u0420\u0422\u0418\u0412\u041d\u041e\u0415 \u041f\u0420\u0410\u0412\u041e"},"content":{"rendered":"<p><img width=\"70\" height=\"70\" src=\"https:\/\/leolex.ch\/wp-content\/uploads\/2020\/12\/sport.png\" alt=\"\" loading=\"lazy\"><\/p>\n<h2>DROIT DU SPORT<\/h2>\n<p>Le bureau juridique et comptable suisse \u201c LEOLEX \u201dse confine dans l\u2019assistance juridique dans le domaine du sport. Nos juristes sont dot\u00e9s d\u2019une longue exp\u00e9rience dans le domaine d\u2019assistance juridique aux athl\u00e8tes, entra\u00eeneurs, agents et autres repr\u00e9sentants de sport. Le professionnalisme de nos employ\u00e9s vous aidera \u00e0 mener \u00e0 bien toute votre mission.<\/p>\n<p><strong>Les services du bureau juridique et comptable suisse \u201c LEOLEX \u201d dans le domaine du droit du sport:<\/strong><\/p>\n<p>\u2014 accompagnement juridique des activit\u00e9s des organisations sportives et des athl\u00e8tes ;<br \/>\n\u2014 r\u00e9daction des contrats de sponsoring et d\u2019autres titres juridiques dans le domaine de sport ;<br \/>\n\u2014 repr\u00e9sentation des int\u00e9r\u00eats des athl\u00e8tes et des f\u00e9d\u00e9rations de sport devant la Cour d\u2019Arbitrage de Sport (Court of Arbitration for Sport) \u00e0 Lausanne (Suisse) ;<br \/>\n\u2014 consultation sur le r\u00e8glement anti-dopage ;<br \/>\n\u2014 support int\u00e9gral des organisations et \u00e9v\u00e8nements sportifs ;<br \/>\n\u2014 consultation sur le sponsoring.<\/p>\n","protected":false},"excerpt":{"rendered":"<p>DROIT DU SPORT Le bureau juridique et comptable suisse \u201c LEOLEX \u201dse confine dans l\u2019assistance juridique dans le domaine du sport. Nos juristes sont dot\u00e9s d\u2019une longue exp\u00e9rience dans le domaine d\u2019assistance juridique aux athl\u00e8tes,&nbsp;<a href=\"https:\/\/leolex.ch\/fr\/cportivnoe-pravo\/\" class=\"read-more\">Continue Reading<\/a><\/p>\n","protected":false},"author":1,"featured_media":0,"parent":0,"menu_order":0,"comment_status":"closed","ping_status":"closed","template":"templates\/page-fullwidth.php","meta":[],"translation":{"provider":"WPGlobus","version":"2.8.6","language":"fr","enabled_languages":["ru","en","fr","de"],"languages":{"ru":{"title":true,"content":true,"excerpt":false},"en":{"title":true,"content":true,"excerpt":false},"fr":{"title":false,"content":true,"excerpt":false},"de":{"title":false,"content":true,"excerpt":false}}},"yoast_head":"<!-- This site is optimized with the Yoast SEO plugin v17.5 - https:\/\/yoast.com\/wordpress\/plugins\/seo\/ -->\n<title>DROIT DU SPORT &ndash; LEOLEX - le bureau juridique et comptable<\/title>\n<meta name=\"description\" content=\"Le bureau juridique et comptable suisse LEOLEX se confine dans l\u2019assistance juridique dans le domaine du sport.\" \/>\n<meta name=\"robots\" content=\"index, follow, max-snippet:-1, max-image-preview:large, max-video-preview:-1\" \/>\n<link rel=\"canonical\" href=\"https:\/\/leolex.ch\/cportivnoe-pravo\/\" \/>\n<meta property=\"og:locale\" content=\"fr_FR\" \/>\n<meta property=\"og:type\" content=\"article\" \/>\n<meta property=\"og:title\" content=\"{:ru}C\u041f\u041e\u0420\u0422\u0418\u0412\u041d\u041e\u0415 \u041f\u0420\u0410\u0412\u041e &ndash; LEOLEX - le bureau juridique et comptable{:}{:en}SPORTS LAW &ndash; LEOLEX - le bureau juridique et comptable{:}{:fr}DROIT DU SPORT &ndash; LEOLEX - le bureau juridique et comptable{:}{:de}SPORTRECHT &ndash; LEOLEX - le bureau juridique et comptable{:}\" \/>\n<meta property=\"og:description\" content=\"Le bureau juridique et comptable suisse LEOLEX se confine dans l\u2019assistance juridique dans le domaine du sport.\" \/>\n<meta property=\"og:url\" content=\"https:\/\/leolex.ch\/cportivnoe-pravo\/\" \/>\n<meta property=\"og:site_name\" content=\"LEOLEX - le bureau juridique et comptable\" \/>\n<meta property=\"article:modified_time\" content=\"2021-11-26T20:29:20+00:00\" \/>\n<meta property=\"og:image\" content=\"https:\/\/leolex.ch\/wp-content\/uploads\/2020\/12\/sport.png\" \/>\n<meta name=\"twitter:card\" content=\"summary_large_image\" \/>\n<meta name=\"twitter:label1\" content=\"Est. reading time\" \/>\n\t<meta name=\"twitter:data1\" content=\"1 minute\" \/>\n<script type=\"application\/ld+json\" class=\"yoast-schema-graph\">{\"@context\":\"https:\/\/schema.org\",\"@graph\":[{\"@type\":\"Organization\",\"@id\":\"https:\/\/leolex.ch\/#organization\",\"name\":\"Leolex\",\"url\":\"https:\/\/leolex.ch\/\",\"sameAs\":[],\"logo\":{\"@type\":\"ImageObject\",\"@id\":\"https:\/\/leolex.ch\/#logo\",\"inLanguage\":\"fr-FR\",\"url\":\"https:\/\/leolex.ch\/wp-content\/uploads\/2021\/10\/logo-leolex-bez-fona-.png\",\"contentUrl\":\"https:\/\/leolex.ch\/wp-content\/uploads\/2021\/10\/logo-leolex-bez-fona-.png\",\"width\":736,\"height\":200,\"caption\":\"Leolex\"},\"image\":{\"@id\":\"https:\/\/leolex.ch\/#logo\"}},{\"@type\":\"WebSite\",\"@id\":\"https:\/\/leolex.ch\/#website\",\"url\":\"https:\/\/leolex.ch\/\",\"name\":\"LEOLEX - \\u0448\\u0432\\u0435\\u0439\\u0446\\u0430\\u0440\\u0441\\u043a\\u0430\\u044f \\u044e\\u0440\\u0438\\u0434\\u0438\\u0447\\u0435\\u0441\\u043a\\u0430\\u044f \\u0438 \\u0431\\u0443\\u0445\\u0433\\u0430\\u043b\\u0442\\u0435\\u0440\\u0441\\u043a\\u0430\\u044f \\u0444\\u0438\\u0440\\u043c\\u0430\",\"description\":\"LeoLex est un des leaders en prestations de services juridiques pour les citoyens russophones et les soci\\u00e9t\\u00e9s d\\u2019origine russe sur le territoire de la Conf\\u00e9d\\u00e9ration suisse  et poss\\u00e8de 4 bureaux en Suisse: Anz\\u00e8re, Sion, Gen\\u00e8ve, Zurich\",\"publisher\":{\"@id\":\"https:\/\/leolex.ch\/#organization\"},\"potentialAction\":[{\"@type\":\"SearchAction\",\"target\":{\"@type\":\"EntryPoint\",\"urlTemplate\":\"https:\/\/leolex.ch\/?s={search_term_string}\"},\"query-input\":\"required name=search_term_string\"}],\"inLanguage\":\"fr-FR\"},{\"@type\":\"ImageObject\",\"@id\":\"https:\/\/leolex.ch\/cportivnoe-pravo\/#primaryimage\",\"inLanguage\":\"fr-FR\",\"url\":\"https:\/\/leolex.ch\/wp-content\/uploads\/2020\/12\/sport.png\",\"contentUrl\":\"https:\/\/leolex.ch\/wp-content\/uploads\/2020\/12\/sport.png\",\"width\":70,\"height\":70},{\"@type\":\"WebPage\",\"@id\":\"https:\/\/leolex.ch\/cportivnoe-pravo\/#webpage\",\"url\":\"https:\/\/leolex.ch\/cportivnoe-pravo\/\",\"name\":\"C\\u041f\\u041e\\u0420\\u0422\\u0418\\u0412\\u041d\\u041e\\u0415 \\u041f\\u0420\\u0410\\u0412\\u041e &ndash; LEOLEX - le bureau juridique et comptable\",\"isPartOf\":{\"@id\":\"https:\/\/leolex.ch\/#website\"},\"primaryImageOfPage\":{\"@id\":\"https:\/\/leolex.ch\/cportivnoe-pravo\/#primaryimage\"},\"datePublished\":\"2020-12-20T14:36:48+00:00\",\"dateModified\":\"2021-11-26T20:29:20+00:00\",\"description\":\"\\u0428\\u0432\\u0435\\u0439\\u0446\\u0430\\u0440\\u0441\\u043a\\u043e\\u0435 \\u044e\\u0440\\u0438\\u0434\\u0438\\u0447\\u0435\\u0441\\u043a\\u043e\\u0435 \\u0438 \\u0431\\u0443\\u0445\\u0433\\u0430\\u043b\\u0442\\u0435\\u0440\\u0441\\u043a\\u043e\\u0435 \\u0431\\u044e\\u0440\\u043e \\u201cLEOLEX\\u201d \\u0441\\u043f\\u0435\\u0446\\u0438\\u0430\\u043b\\u0438\\u0437\\u0438\\u0440\\u0443\\u0435\\u0442\\u0441\\u044f \\u043d\\u0430 \\u043e\\u043a\\u0430\\u0437\\u0430\\u043d\\u0438\\u0438 \\u043f\\u0440\\u0430\\u0432\\u043e\\u0432\\u043e\\u0439 \\u043f\\u043e\\u043c\\u043e\\u0449\\u0438 \\u0432 \\u0441\\u0444\\u0435\\u0440\\u0435 \\u0441\\u043f\\u043e\\u0440\\u0442\\u0430.\",\"breadcrumb\":{\"@id\":\"https:\/\/leolex.ch\/cportivnoe-pravo\/#breadcrumb\"},\"inLanguage\":\"fr-FR\",\"potentialAction\":[{\"@type\":\"ReadAction\",\"target\":[\"https:\/\/leolex.ch\/cportivnoe-pravo\/\"]}]},{\"@type\":\"BreadcrumbList\",\"@id\":\"https:\/\/leolex.ch\/cportivnoe-pravo\/#breadcrumb\",\"itemListElement\":[{\"@type\":\"ListItem\",\"position\":1,\"name\":\"\\u0413\\u043b\\u0430\\u0432\\u043d\\u0430\\u044f \\u0441\\u0442\\u0440\\u0430\\u043d\\u0438\\u0446\\u0430\",\"item\":\"https:\/\/leolex.ch\/\"},{\"@type\":\"ListItem\",\"position\":2,\"name\":\"C\\u041f\\u041e\\u0420\\u0422\\u0418\\u0412\\u041d\\u041e\\u0415 \\u041f\\u0420\\u0410\\u0412\\u041e\"}]}]}<\/script>\n<!-- \/ Yoast SEO plugin. -->","yoast_head_json":{"title":"DROIT DU SPORT &ndash; LEOLEX - le bureau juridique et comptable","description":"Le bureau juridique et comptable suisse LEOLEX se confine dans l\u2019assistance juridique dans le domaine du sport.","robots":{"index":"index","follow":"follow","max-snippet":"max-snippet:-1","max-image-preview":"max-image-preview:large","max-video-preview":"max-video-preview:-1"},"canonical":"https:\/\/leolex.ch\/cportivnoe-pravo\/","og_locale":"fr_FR","og_type":"article","og_title":"{:ru}C\u041f\u041e\u0420\u0422\u0418\u0412\u041d\u041e\u0415 \u041f\u0420\u0410\u0412\u041e &ndash; LEOLEX - le bureau juridique et comptable{:}{:en}SPORTS LAW &ndash; LEOLEX - le bureau juridique et comptable{:}{:fr}DROIT DU SPORT &ndash; LEOLEX - le bureau juridique et comptable{:}{:de}SPORTRECHT &ndash; LEOLEX - le bureau juridique et comptable{:}","og_description":"Le bureau juridique et comptable suisse LEOLEX se confine dans l\u2019assistance juridique dans le domaine du sport.","og_url":"https:\/\/leolex.ch\/cportivnoe-pravo\/","og_site_name":"LEOLEX - le bureau juridique et comptable","article_modified_time":"2021-11-26T20:29:20+00:00","og_image":[{"url":"https:\/\/leolex.ch\/wp-content\/uploads\/2020\/12\/sport.png"}],"twitter_card":"summary_large_image","twitter_misc":{"Est. reading time":"1 minute"},"schema":{"@context":"https:\/\/schema.org","@graph":[{"@type":"Organization","@id":"https:\/\/leolex.ch\/#organization","name":"Leolex","url":"https:\/\/leolex.ch\/","sameAs":[],"logo":{"@type":"ImageObject","@id":"https:\/\/leolex.ch\/#logo","inLanguage":"fr-FR","url":"https:\/\/leolex.ch\/wp-content\/uploads\/2021\/10\/logo-leolex-bez-fona-.png","contentUrl":"https:\/\/leolex.ch\/wp-content\/uploads\/2021\/10\/logo-leolex-bez-fona-.png","width":736,"height":200,"caption":"Leolex"},"image":{"@id":"https:\/\/leolex.ch\/#logo"}},{"@type":"WebSite","@id":"https:\/\/leolex.ch\/#website","url":"https:\/\/leolex.ch\/","name":"LEOLEX - \u0448\u0432\u0435\u0439\u0446\u0430\u0440\u0441\u043a\u0430\u044f \u044e\u0440\u0438\u0434\u0438\u0447\u0435\u0441\u043a\u0430\u044f \u0438 \u0431\u0443\u0445\u0433\u0430\u043b\u0442\u0435\u0440\u0441\u043a\u0430\u044f \u0444\u0438\u0440\u043c\u0430","description":"LeoLex est un des leaders en prestations de services juridiques pour les citoyens russophones et les soci\u00e9t\u00e9s d\u2019origine russe sur le territoire de la Conf\u00e9d\u00e9ration suisse  et poss\u00e8de 4 bureaux en Suisse: Anz\u00e8re, Sion, Gen\u00e8ve, Zurich","publisher":{"@id":"https:\/\/leolex.ch\/#organization"},"potentialAction":[{"@type":"SearchAction","target":{"@type":"EntryPoint","urlTemplate":"https:\/\/leolex.ch\/?s={search_term_string}"},"query-input":"required name=search_term_string"}],"inLanguage":"fr-FR"},{"@type":"ImageObject","@id":"https:\/\/leolex.ch\/cportivnoe-pravo\/#primaryimage","inLanguage":"fr-FR","url":"https:\/\/leolex.ch\/wp-content\/uploads\/2020\/12\/sport.png","contentUrl":"https:\/\/leolex.ch\/wp-content\/uploads\/2020\/12\/sport.png","width":70,"height":70},{"@type":"WebPage","@id":"https:\/\/leolex.ch\/cportivnoe-pravo\/#webpage","url":"https:\/\/leolex.ch\/cportivnoe-pravo\/","name":"C\u041f\u041e\u0420\u0422\u0418\u0412\u041d\u041e\u0415 \u041f\u0420\u0410\u0412\u041e &ndash; LEOLEX - le bureau juridique et comptable","isPartOf":{"@id":"https:\/\/leolex.ch\/#website"},"primaryImageOfPage":{"@id":"https:\/\/leolex.ch\/cportivnoe-pravo\/#primaryimage"},"datePublished":"2020-12-20T14:36:48+00:00","dateModified":"2021-11-26T20:29:20+00:00","description":"\u0428\u0432\u0435\u0439\u0446\u0430\u0440\u0441\u043a\u043e\u0435 \u044e\u0440\u0438\u0434\u0438\u0447\u0435\u0441\u043a\u043e\u0435 \u0438 \u0431\u0443\u0445\u0433\u0430\u043b\u0442\u0435\u0440\u0441\u043a\u043e\u0435 \u0431\u044e\u0440\u043e \u201cLEOLEX\u201d \u0441\u043f\u0435\u0446\u0438\u0430\u043b\u0438\u0437\u0438\u0440\u0443\u0435\u0442\u0441\u044f \u043d\u0430 \u043e\u043a\u0430\u0437\u0430\u043d\u0438\u0438 \u043f\u0440\u0430\u0432\u043e\u0432\u043e\u0439 \u043f\u043e\u043c\u043e\u0449\u0438 \u0432 \u0441\u0444\u0435\u0440\u0435 \u0441\u043f\u043e\u0440\u0442\u0430.","breadcrumb":{"@id":"https:\/\/leolex.ch\/cportivnoe-pravo\/#breadcrumb"},"inLanguage":"fr-FR","potentialAction":[{"@type":"ReadAction","target":["https:\/\/leolex.ch\/cportivnoe-pravo\/"]}]},{"@type":"BreadcrumbList","@id":"https:\/\/leolex.ch\/cportivnoe-pravo\/#breadcrumb","itemListElement":[{"@type":"ListItem","position":1,"name":"\u0413\u043b\u0430\u0432\u043d\u0430\u044f \u0441\u0442\u0440\u0430\u043d\u0438\u0446\u0430","item":"https:\/\/leolex.ch\/"},{"@type":"ListItem","position":2,"name":"C\u041f\u041e\u0420\u0422\u0418\u0412\u041d\u041e\u0415 \u041f\u0420\u0410\u0412\u041e"}]}]}},"_links":{"self":[{"href":"https:\/\/leolex.ch\/fr\/wp-json\/wp\/v2\/pages\/327"}],"collection":[{"href":"https:\/\/leolex.ch\/fr\/wp-json\/wp\/v2\/pages"}],"about":[{"href":"https:\/\/leolex.ch\/fr\/wp-json\/wp\/v2\/types\/page"}],"author":[{"embeddable":true,"href":"https:\/\/leolex.ch\/fr\/wp-json\/wp\/v2\/users\/1"}],"replies":[{"embeddable":true,"href":"https:\/\/leolex.ch\/fr\/wp-json\/wp\/v2\/comments?post=327"}],"version-history":[{"count":47,"href":"https:\/\/leolex.ch\/fr\/wp-json\/wp\/v2\/pages\/327\/revisions"}],"predecessor-version":[{"id":1635,"href":"https:\/\/leolex.ch\/fr\/wp-json\/wp\/v2\/pages\/327\/revisions\/1635"}],"wp:attachment":[{"href":"https:\/\/leolex.ch\/fr\/wp-json\/wp\/v2\/media?parent=327"}],"curies":[{"name":"wp","href":"https:\/\/api.w.org\/{rel}","templated":true}]}}