{"id":314,"date":"2020-12-20T15:02:51","date_gmt":"2020-12-20T12:02:51","guid":{"rendered":"https:\/\/leolex.ch\/intellektualnaya-sobstvennost-copy\/"},"modified":"2021-11-26T23:25:51","modified_gmt":"2021-11-26T20:25:51","slug":"pravovoe-soprovozhdenie-kriptovalyutnogo-biznesa","status":"publish","type":"page","link":"https:\/\/leolex.ch\/fr\/pravovoe-soprovozhdenie-kriptovalyutnogo-biznesa\/","title":{"rendered":"\u041f\u0420\u0410\u0412\u041e\u0412\u041e\u0415 \u0421\u041e\u041f\u0420\u041e\u0412\u041e\u0416\u0414\u0415\u041d\u0418\u0415 \u041a\u0420\u0418\u041f\u0422\u041e\u0412\u0410\u041b\u042e\u0422\u041d\u041e\u0413\u041e \u0411\u0418\u0417\u041d\u0415\u0421\u0410"},"content":{"rendered":"<p><img width=\"70\" height=\"70\" src=\"https:\/\/leolex.ch\/wp-content\/uploads\/2020\/12\/8.png\" alt=\"\" loading=\"lazy\"><\/p>\n<h2>ACCOMPAGNEMENT JURIDIQUE DU BUSINESS DE CRYPTO-MONNAIE<\/h2>\n<p>Le Suisse est un centre mondial du business de crypto-monnaie. Le partenaire-g\u00e9rant de notre bureau Monsieur KUDINOV Roman est le Pr\u00e9sident du bureau de repr\u00e9sentation de <a href=\"http:\/\/racib.com\/rakib-ukreplyaet-svoi-poziczii-v-shvejczarii\" target=\"_blank\" rel=\"noopener noreferrer\">RAKIB<\/a> (ASSOCIATION RUSSE DE LA CRYPTO-\u00c9CONOMIE, DE L\u2019INTELLIGENCE ARTIFICIELLE ET DU BLOCKCHAIN) en Suisse, vu ceci, le bureau juridique et comptable suisse \u201c LEOLEX \u201d accorde le support juridique, d\u00e8s son premier jour de cr\u00e9ation, aux soci\u00e9t\u00e9s de crypto-monnaie tout en \u00e9tant un des leaders de prestation de services concern\u00e9s pour les soci\u00e9t\u00e9s provenant des pays de la CEI.<br \/>\n<b><br \/>\n<\/b><strong>Les services du bureau juridique et comptable suisse \u201c LEOLEX \u201d dans le domaine d\u2019accompagnement du business de crypto-monnaie:<\/strong><\/p>\n<p>\u2014 consultation sur l\u2019ouverture des crypto-bourses et de lancement de ICO (initiale coing offering) en Suisse ;<br \/>\n\u2014 \u00e9tablissement des documents visant \u00e0 obtenir la licence de courtier financier et la licence d\u2019activit\u00e9 de trading dans le domaine des titres ;<br \/>\n\u2014 r\u00e9daction whitpepper pour ICO (initiale coing offering) ;<br \/>\n\u2014 recherche de partenaires et investisseurs ;<br \/>\n\u2014 ouverture des comptes bancaires aupr\u00e8s des banques suisses et banques de l\u2019UE ;<br \/>\n\u2014 activit\u00e9s externalis\u00e9es de conformit\u00e9 de la loi sur la lutte contre blanchissement d\u2019argent (AML) ;<br \/>\n\u2014 signature des accords avec FINMA sur le r\u00e8glement des activit\u00e9s lors de l\u2019\u00e9mission de tokens.<\/p>\n","protected":false},"excerpt":{"rendered":"<p>ACCOMPAGNEMENT JURIDIQUE DU BUSINESS DE CRYPTO-MONNAIE Le Suisse est un centre mondial du business de crypto-monnaie. Le partenaire-g\u00e9rant de notre bureau Monsieur KUDINOV Roman est le Pr\u00e9sident du bureau de repr\u00e9sentation de RAKIB (ASSOCIATION RUSSE&nbsp;<a href=\"https:\/\/leolex.ch\/fr\/pravovoe-soprovozhdenie-kriptovalyutnogo-biznesa\/\" class=\"read-more\">Continue Reading<\/a><\/p>\n","protected":false},"author":1,"featured_media":0,"parent":0,"menu_order":0,"comment_status":"closed","ping_status":"closed","template":"templates\/page-fullwidth.php","meta":[],"translation":{"provider":"WPGlobus","version":"2.8.6","language":"fr","enabled_languages":["ru","en","fr","de"],"languages":{"ru":{"title":true,"content":true,"excerpt":false},"en":{"title":true,"content":true,"excerpt":false},"fr":{"title":false,"content":true,"excerpt":false},"de":{"title":false,"content":true,"excerpt":false}}},"yoast_head":"<!-- This site is optimized with the Yoast SEO plugin v17.5 - https:\/\/yoast.com\/wordpress\/plugins\/seo\/ -->\n<title>ACCOMPAGNEMENT JURIDIQUE DU BUSINESS DE CRYPTO-MONNAIE &ndash; LEOLEX - le bureau juridique et comptable<\/title>\n<meta name=\"description\" content=\"Le Suisse est un centre mondial du business de crypto-monnaie. Le partenaire-g\u00e9rant de notre bureau Monsieur KUDINOV Roman est le Pr\u00e9sident du bureau de repr\u00e9sentation de RAKIB\" \/>\n<meta name=\"robots\" content=\"index, follow, max-snippet:-1, max-image-preview:large, max-video-preview:-1\" \/>\n<link rel=\"canonical\" href=\"https:\/\/leolex.ch\/pravovoe-soprovozhdenie-kriptovalyutnogo-biznesa\/\" \/>\n<meta property=\"og:locale\" content=\"fr_FR\" \/>\n<meta property=\"og:type\" content=\"article\" \/>\n<meta property=\"og:title\" content=\"{:ru}\u041f\u0420\u0410\u0412\u041e\u0412\u041e\u0415 \u0421\u041e\u041f\u0420\u041e\u0412\u041e\u0416\u0414\u0415\u041d\u0418\u0415 \u041a\u0420\u0418\u041f\u0422\u041e\u0412\u0410\u041b\u042e\u0422\u041d\u041e\u0413\u041e \u0411\u0418\u0417\u041d\u0415\u0421\u0410 &ndash; LEOLEX - le bureau juridique et comptable{:}{:en}LEGAL SUPPORT OF CRYPTO CURRENCY BUSINESS &ndash; LEOLEX - le bureau juridique et comptable{:}{:fr}ACCOMPAGNEMENT JURIDIQUE DU BUSINESS DE CRYPTO-MONNAIE &ndash; LEOLEX - le bureau juridique et comptable{:}{:de}RECHTSBEGLEITUNG DES KRYPTOW\u00c4HRUNGSGESCH\u00c4FTES &ndash; LEOLEX - le bureau juridique et comptable{:}\" \/>\n<meta property=\"og:description\" content=\"Le Suisse est un centre mondial du business de crypto-monnaie. Le partenaire-g\u00e9rant de notre bureau Monsieur KUDINOV Roman est le Pr\u00e9sident du bureau de repr\u00e9sentation de RAKIB\" \/>\n<meta property=\"og:url\" content=\"https:\/\/leolex.ch\/pravovoe-soprovozhdenie-kriptovalyutnogo-biznesa\/\" \/>\n<meta property=\"og:site_name\" content=\"LEOLEX - le bureau juridique et comptable\" \/>\n<meta property=\"article:modified_time\" content=\"2021-11-26T20:25:51+00:00\" \/>\n<meta property=\"og:image\" content=\"https:\/\/leolex.ch\/wp-content\/uploads\/2020\/12\/8.png\" \/>\n<meta name=\"twitter:card\" content=\"summary_large_image\" \/>\n<meta name=\"twitter:label1\" content=\"Est. reading time\" \/>\n\t<meta name=\"twitter:data1\" content=\"1 minute\" \/>\n<script type=\"application\/ld+json\" class=\"yoast-schema-graph\">{\"@context\":\"https:\/\/schema.org\",\"@graph\":[{\"@type\":\"Organization\",\"@id\":\"https:\/\/leolex.ch\/#organization\",\"name\":\"Leolex\",\"url\":\"https:\/\/leolex.ch\/\",\"sameAs\":[],\"logo\":{\"@type\":\"ImageObject\",\"@id\":\"https:\/\/leolex.ch\/#logo\",\"inLanguage\":\"fr-FR\",\"url\":\"https:\/\/leolex.ch\/wp-content\/uploads\/2021\/10\/logo-leolex-bez-fona-.png\",\"contentUrl\":\"https:\/\/leolex.ch\/wp-content\/uploads\/2021\/10\/logo-leolex-bez-fona-.png\",\"width\":736,\"height\":200,\"caption\":\"Leolex\"},\"image\":{\"@id\":\"https:\/\/leolex.ch\/#logo\"}},{\"@type\":\"WebSite\",\"@id\":\"https:\/\/leolex.ch\/#website\",\"url\":\"https:\/\/leolex.ch\/\",\"name\":\"LEOLEX - \\u0448\\u0432\\u0435\\u0439\\u0446\\u0430\\u0440\\u0441\\u043a\\u0430\\u044f \\u044e\\u0440\\u0438\\u0434\\u0438\\u0447\\u0435\\u0441\\u043a\\u0430\\u044f \\u0438 \\u0431\\u0443\\u0445\\u0433\\u0430\\u043b\\u0442\\u0435\\u0440\\u0441\\u043a\\u0430\\u044f \\u0444\\u0438\\u0440\\u043c\\u0430\",\"description\":\"LeoLex est un des leaders en prestations de services juridiques pour les citoyens russophones et les soci\\u00e9t\\u00e9s d\\u2019origine russe sur le territoire de la Conf\\u00e9d\\u00e9ration suisse  et poss\\u00e8de 4 bureaux en Suisse: Anz\\u00e8re, Sion, Gen\\u00e8ve, Zurich\",\"publisher\":{\"@id\":\"https:\/\/leolex.ch\/#organization\"},\"potentialAction\":[{\"@type\":\"SearchAction\",\"target\":{\"@type\":\"EntryPoint\",\"urlTemplate\":\"https:\/\/leolex.ch\/?s={search_term_string}\"},\"query-input\":\"required name=search_term_string\"}],\"inLanguage\":\"fr-FR\"},{\"@type\":\"ImageObject\",\"@id\":\"https:\/\/leolex.ch\/pravovoe-soprovozhdenie-kriptovalyutnogo-biznesa\/#primaryimage\",\"inLanguage\":\"fr-FR\",\"url\":\"https:\/\/leolex.ch\/wp-content\/uploads\/2020\/12\/8.png\",\"contentUrl\":\"https:\/\/leolex.ch\/wp-content\/uploads\/2020\/12\/8.png\",\"width\":70,\"height\":70},{\"@type\":\"WebPage\",\"@id\":\"https:\/\/leolex.ch\/pravovoe-soprovozhdenie-kriptovalyutnogo-biznesa\/#webpage\",\"url\":\"https:\/\/leolex.ch\/pravovoe-soprovozhdenie-kriptovalyutnogo-biznesa\/\",\"name\":\"\\u041f\\u0420\\u0410\\u0412\\u041e\\u0412\\u041e\\u0415 \\u0421\\u041e\\u041f\\u0420\\u041e\\u0412\\u041e\\u0416\\u0414\\u0415\\u041d\\u0418\\u0415 \\u041a\\u0420\\u0418\\u041f\\u0422\\u041e\\u0412\\u0410\\u041b\\u042e\\u0422\\u041d\\u041e\\u0413\\u041e \\u0411\\u0418\\u0417\\u041d\\u0415\\u0421\\u0410 &ndash; LEOLEX - le bureau juridique et comptable\",\"isPartOf\":{\"@id\":\"https:\/\/leolex.ch\/#website\"},\"primaryImageOfPage\":{\"@id\":\"https:\/\/leolex.ch\/pravovoe-soprovozhdenie-kriptovalyutnogo-biznesa\/#primaryimage\"},\"datePublished\":\"2020-12-20T12:02:51+00:00\",\"dateModified\":\"2021-11-26T20:25:51+00:00\",\"description\":\"\\u041a\\u043e\\u043d\\u0441\\u0443\\u043b\\u044c\\u0442\\u0430\\u0446\\u0438\\u0438 \\u043f\\u043e \\u0432\\u043e\\u043f\\u0440\\u043e\\u0441\\u0430\\u043c \\u043e\\u0442\\u043a\\u0440\\u044b\\u0442\\u0438\\u044f \\u043a\\u0440\\u0438\\u043f\\u0442\\u043e\\u0431\\u0438\\u0440\\u0436 \\u0438 \\u0437\\u0430\\u043f\\u0443\\u0441\\u043a\\u0430 ICO (initiale coing offering) \\u0432 \\u0428\\u0432\\u0435\\u0439\\u0446\\u0430\\u0440\\u0438\\u0438. \\u0420\\u0435\\u0434\\u0430\\u043a\\u0446\\u0438\\u044f whitpepper \\u0434\\u043b\\u044f ICO (initiale coing offering)\",\"breadcrumb\":{\"@id\":\"https:\/\/leolex.ch\/pravovoe-soprovozhdenie-kriptovalyutnogo-biznesa\/#breadcrumb\"},\"inLanguage\":\"fr-FR\",\"potentialAction\":[{\"@type\":\"ReadAction\",\"target\":[\"https:\/\/leolex.ch\/pravovoe-soprovozhdenie-kriptovalyutnogo-biznesa\/\"]}]},{\"@type\":\"BreadcrumbList\",\"@id\":\"https:\/\/leolex.ch\/pravovoe-soprovozhdenie-kriptovalyutnogo-biznesa\/#breadcrumb\",\"itemListElement\":[{\"@type\":\"ListItem\",\"position\":1,\"name\":\"\\u0413\\u043b\\u0430\\u0432\\u043d\\u0430\\u044f \\u0441\\u0442\\u0440\\u0430\\u043d\\u0438\\u0446\\u0430\",\"item\":\"https:\/\/leolex.ch\/\"},{\"@type\":\"ListItem\",\"position\":2,\"name\":\"\\u041f\\u0420\\u0410\\u0412\\u041e\\u0412\\u041e\\u0415 \\u0421\\u041e\\u041f\\u0420\\u041e\\u0412\\u041e\\u0416\\u0414\\u0415\\u041d\\u0418\\u0415 \\u041a\\u0420\\u0418\\u041f\\u0422\\u041e\\u0412\\u0410\\u041b\\u042e\\u0422\\u041d\\u041e\\u0413\\u041e \\u0411\\u0418\\u0417\\u041d\\u0415\\u0421\\u0410\"}]}]}<\/script>\n<!-- \/ Yoast SEO plugin. -->","yoast_head_json":{"title":"ACCOMPAGNEMENT JURIDIQUE DU BUSINESS DE CRYPTO-MONNAIE &ndash; LEOLEX - le bureau juridique et comptable","description":"Le Suisse est un centre mondial du business de crypto-monnaie. Le partenaire-g\u00e9rant de notre bureau Monsieur KUDINOV Roman est le Pr\u00e9sident du bureau de repr\u00e9sentation de RAKIB","robots":{"index":"index","follow":"follow","max-snippet":"max-snippet:-1","max-image-preview":"max-image-preview:large","max-video-preview":"max-video-preview:-1"},"canonical":"https:\/\/leolex.ch\/pravovoe-soprovozhdenie-kriptovalyutnogo-biznesa\/","og_locale":"fr_FR","og_type":"article","og_title":"{:ru}\u041f\u0420\u0410\u0412\u041e\u0412\u041e\u0415 \u0421\u041e\u041f\u0420\u041e\u0412\u041e\u0416\u0414\u0415\u041d\u0418\u0415 \u041a\u0420\u0418\u041f\u0422\u041e\u0412\u0410\u041b\u042e\u0422\u041d\u041e\u0413\u041e \u0411\u0418\u0417\u041d\u0415\u0421\u0410 &ndash; LEOLEX - le bureau juridique et comptable{:}{:en}LEGAL SUPPORT OF CRYPTO CURRENCY BUSINESS &ndash; LEOLEX - le bureau juridique et comptable{:}{:fr}ACCOMPAGNEMENT JURIDIQUE DU BUSINESS DE CRYPTO-MONNAIE &ndash; LEOLEX - le bureau juridique et comptable{:}{:de}RECHTSBEGLEITUNG DES KRYPTOW\u00c4HRUNGSGESCH\u00c4FTES &ndash; LEOLEX - le bureau juridique et comptable{:}","og_description":"Le Suisse est un centre mondial du business de crypto-monnaie. Le partenaire-g\u00e9rant de notre bureau Monsieur KUDINOV Roman est le Pr\u00e9sident du bureau de repr\u00e9sentation de RAKIB","og_url":"https:\/\/leolex.ch\/pravovoe-soprovozhdenie-kriptovalyutnogo-biznesa\/","og_site_name":"LEOLEX - le bureau juridique et comptable","article_modified_time":"2021-11-26T20:25:51+00:00","og_image":[{"url":"https:\/\/leolex.ch\/wp-content\/uploads\/2020\/12\/8.png"}],"twitter_card":"summary_large_image","twitter_misc":{"Est. reading time":"1 minute"},"schema":{"@context":"https:\/\/schema.org","@graph":[{"@type":"Organization","@id":"https:\/\/leolex.ch\/#organization","name":"Leolex","url":"https:\/\/leolex.ch\/","sameAs":[],"logo":{"@type":"ImageObject","@id":"https:\/\/leolex.ch\/#logo","inLanguage":"fr-FR","url":"https:\/\/leolex.ch\/wp-content\/uploads\/2021\/10\/logo-leolex-bez-fona-.png","contentUrl":"https:\/\/leolex.ch\/wp-content\/uploads\/2021\/10\/logo-leolex-bez-fona-.png","width":736,"height":200,"caption":"Leolex"},"image":{"@id":"https:\/\/leolex.ch\/#logo"}},{"@type":"WebSite","@id":"https:\/\/leolex.ch\/#website","url":"https:\/\/leolex.ch\/","name":"LEOLEX - \u0448\u0432\u0435\u0439\u0446\u0430\u0440\u0441\u043a\u0430\u044f \u044e\u0440\u0438\u0434\u0438\u0447\u0435\u0441\u043a\u0430\u044f \u0438 \u0431\u0443\u0445\u0433\u0430\u043b\u0442\u0435\u0440\u0441\u043a\u0430\u044f \u0444\u0438\u0440\u043c\u0430","description":"LeoLex est un des leaders en prestations de services juridiques pour les citoyens russophones et les soci\u00e9t\u00e9s d\u2019origine russe sur le territoire de la Conf\u00e9d\u00e9ration suisse  et poss\u00e8de 4 bureaux en Suisse: Anz\u00e8re, Sion, Gen\u00e8ve, Zurich","publisher":{"@id":"https:\/\/leolex.ch\/#organization"},"potentialAction":[{"@type":"SearchAction","target":{"@type":"EntryPoint","urlTemplate":"https:\/\/leolex.ch\/?s={search_term_string}"},"query-input":"required name=search_term_string"}],"inLanguage":"fr-FR"},{"@type":"ImageObject","@id":"https:\/\/leolex.ch\/pravovoe-soprovozhdenie-kriptovalyutnogo-biznesa\/#primaryimage","inLanguage":"fr-FR","url":"https:\/\/leolex.ch\/wp-content\/uploads\/2020\/12\/8.png","contentUrl":"https:\/\/leolex.ch\/wp-content\/uploads\/2020\/12\/8.png","width":70,"height":70},{"@type":"WebPage","@id":"https:\/\/leolex.ch\/pravovoe-soprovozhdenie-kriptovalyutnogo-biznesa\/#webpage","url":"https:\/\/leolex.ch\/pravovoe-soprovozhdenie-kriptovalyutnogo-biznesa\/","name":"\u041f\u0420\u0410\u0412\u041e\u0412\u041e\u0415 \u0421\u041e\u041f\u0420\u041e\u0412\u041e\u0416\u0414\u0415\u041d\u0418\u0415 \u041a\u0420\u0418\u041f\u0422\u041e\u0412\u0410\u041b\u042e\u0422\u041d\u041e\u0413\u041e \u0411\u0418\u0417\u041d\u0415\u0421\u0410 &ndash; LEOLEX - le bureau juridique et comptable","isPartOf":{"@id":"https:\/\/leolex.ch\/#website"},"primaryImageOfPage":{"@id":"https:\/\/leolex.ch\/pravovoe-soprovozhdenie-kriptovalyutnogo-biznesa\/#primaryimage"},"datePublished":"2020-12-20T12:02:51+00:00","dateModified":"2021-11-26T20:25:51+00:00","description":"\u041a\u043e\u043d\u0441\u0443\u043b\u044c\u0442\u0430\u0446\u0438\u0438 \u043f\u043e \u0432\u043e\u043f\u0440\u043e\u0441\u0430\u043c \u043e\u0442\u043a\u0440\u044b\u0442\u0438\u044f \u043a\u0440\u0438\u043f\u0442\u043e\u0431\u0438\u0440\u0436 \u0438 \u0437\u0430\u043f\u0443\u0441\u043a\u0430 ICO (initiale coing offering) \u0432 \u0428\u0432\u0435\u0439\u0446\u0430\u0440\u0438\u0438. \u0420\u0435\u0434\u0430\u043a\u0446\u0438\u044f whitpepper \u0434\u043b\u044f ICO (initiale coing offering)","breadcrumb":{"@id":"https:\/\/leolex.ch\/pravovoe-soprovozhdenie-kriptovalyutnogo-biznesa\/#breadcrumb"},"inLanguage":"fr-FR","potentialAction":[{"@type":"ReadAction","target":["https:\/\/leolex.ch\/pravovoe-soprovozhdenie-kriptovalyutnogo-biznesa\/"]}]},{"@type":"BreadcrumbList","@id":"https:\/\/leolex.ch\/pravovoe-soprovozhdenie-kriptovalyutnogo-biznesa\/#breadcrumb","itemListElement":[{"@type":"ListItem","position":1,"name":"\u0413\u043b\u0430\u0432\u043d\u0430\u044f \u0441\u0442\u0440\u0430\u043d\u0438\u0446\u0430","item":"https:\/\/leolex.ch\/"},{"@type":"ListItem","position":2,"name":"\u041f\u0420\u0410\u0412\u041e\u0412\u041e\u0415 \u0421\u041e\u041f\u0420\u041e\u0412\u041e\u0416\u0414\u0415\u041d\u0418\u0415 \u041a\u0420\u0418\u041f\u0422\u041e\u0412\u0410\u041b\u042e\u0422\u041d\u041e\u0413\u041e \u0411\u0418\u0417\u041d\u0415\u0421\u0410"}]}]}},"_links":{"self":[{"href":"https:\/\/leolex.ch\/fr\/wp-json\/wp\/v2\/pages\/314"}],"collection":[{"href":"https:\/\/leolex.ch\/fr\/wp-json\/wp\/v2\/pages"}],"about":[{"href":"https:\/\/leolex.ch\/fr\/wp-json\/wp\/v2\/types\/page"}],"author":[{"embeddable":true,"href":"https:\/\/leolex.ch\/fr\/wp-json\/wp\/v2\/users\/1"}],"replies":[{"embeddable":true,"href":"https:\/\/leolex.ch\/fr\/wp-json\/wp\/v2\/comments?post=314"}],"version-history":[{"count":56,"href":"https:\/\/leolex.ch\/fr\/wp-json\/wp\/v2\/pages\/314\/revisions"}],"predecessor-version":[{"id":1632,"href":"https:\/\/leolex.ch\/fr\/wp-json\/wp\/v2\/pages\/314\/revisions\/1632"}],"wp:attachment":[{"href":"https:\/\/leolex.ch\/fr\/wp-json\/wp\/v2\/media?parent=314"}],"curies":[{"name":"wp","href":"https:\/\/api.w.org\/{rel}","templated":true}]}}