{"id":301,"date":"2020-12-20T14:56:36","date_gmt":"2020-12-20T11:56:36","guid":{"rendered":"https:\/\/leolex.ch\/migraczionnoe-pravo-copy\/"},"modified":"2021-11-26T23:25:31","modified_gmt":"2021-11-26T20:25:31","slug":"intellektualnaya-sobstvennost","status":"publish","type":"page","link":"https:\/\/leolex.ch\/fr\/intellektualnaya-sobstvennost\/","title":{"rendered":"\u0418\u041d\u0422\u0415\u041b\u041b\u0415\u041a\u0422\u0423\u0410\u041b\u042c\u041d\u0410\u042f \u0421\u041e\u0411\u0421\u0422\u0412\u0415\u041d\u041d\u041e\u0421\u0422\u042c"},"content":{"rendered":"<p><img width=\"70\" height=\"70\" src=\"https:\/\/leolex.ch\/wp-content\/uploads\/2020\/12\/6.png\" alt=\"\" loading=\"lazy\"><\/p>\n<h2>PROPRI\u00c9T\u00c9 INTELLECTUELLE<\/h2>\n<p>La propri\u00e9t\u00e9 intellectuelle est un objet incorporel cr\u00e9e par l\u2019esprit humain. Sont attribuables \u00e0 la propri\u00e9t\u00e9 intellectuelle : brevets d\u2019invention, avanc\u00e9es scientifiques et techniques, divers know-hows, marques d\u00e9pos\u00e9es, \u00e9chantillons industriels, \u0153uvres musicaux, artistiques et litt\u00e9raires, logiciels, noms de domen, avanc\u00e9es de s\u00e9lectionnisme, conceptions informatiques, design, titres, phonogrammes, bases de donn\u00e9es. Les questions li\u00e9es \u00e0 la propri\u00e9t\u00e9 intellectuelle sont souvent sous-estim\u00e9es. Et pourtant, les questions pareilles portent une importance cl\u00e9e dans les activit\u00e9s commerciales de nombreuses entreprises. Les sp\u00e9cialistes du bureau juridique et comptable suisse \u201c LEOLEX \u201d sont pr\u00eats \u00e0 prot\u00e9ger votre propri\u00e9t\u00e9 intellectuelle, ainsi qu\u2019accorder l\u2019assistance juridique dans le domaine de concurrence d\u00e9loyale.<\/p>\n<p><strong>Les services du bureau juridique et comptable suisse \u201c LEOLEX \u201d dans le domaine de la propri\u00e9t\u00e9 intellectuelle:<\/strong><\/p>\n<p>\u2014 consultation sur les questions d\u2019octroi de licences et franchise, de transfert des droits sur les objets de la propri\u00e9t\u00e9 intellectuelle, accompagnement des march\u00e9s, pr\u00e9paration des contrats appropri\u00e9s;<br \/>\n\u2014 services d\u2019enregistrement des marques d\u00e9pos\u00e9s, brevets et autres objets de la propri\u00e9t\u00e9 intellectuelle en Suisse et dans le monde entier;<br \/>\n\u2014 d\u00e9fense en justice et administrative des droits d\u2019auteurs et des titulaires de droits.<\/p>\n","protected":false},"excerpt":{"rendered":"<p>PROPRI\u00c9T\u00c9 INTELLECTUELLE La propri\u00e9t\u00e9 intellectuelle est un objet incorporel cr\u00e9e par l\u2019esprit humain. Sont attribuables \u00e0 la propri\u00e9t\u00e9 intellectuelle : brevets d\u2019invention, avanc\u00e9es scientifiques et techniques, divers know-hows, marques d\u00e9pos\u00e9es, \u00e9chantillons industriels, \u0153uvres musicaux, artistiques&nbsp;<a href=\"https:\/\/leolex.ch\/fr\/intellektualnaya-sobstvennost\/\" class=\"read-more\">Continue Reading<\/a><\/p>\n","protected":false},"author":1,"featured_media":0,"parent":0,"menu_order":0,"comment_status":"closed","ping_status":"closed","template":"templates\/page-fullwidth.php","meta":[],"translation":{"provider":"WPGlobus","version":"2.8.6","language":"fr","enabled_languages":["ru","en","fr","de"],"languages":{"ru":{"title":true,"content":true,"excerpt":false},"en":{"title":true,"content":true,"excerpt":false},"fr":{"title":false,"content":true,"excerpt":false},"de":{"title":false,"content":true,"excerpt":false}}},"yoast_head":"<!-- This site is optimized with the Yoast SEO plugin v17.5 - https:\/\/yoast.com\/wordpress\/plugins\/seo\/ -->\n<title>PROPRI\u00c9T\u00c9 INTELLECTUELLE &ndash; LEOLEX - le bureau juridique et comptable<\/title>\n<meta name=\"description\" content=\"\u0421onsultation sur les questions d\u2019octroi de licences et franchise, de transfert des droits sur les objets de la propri\u00e9t\u00e9 intellectuelle, accompagnement des march\u00e9s, pr\u00e9paration des contrats appropri\u00e9s\" \/>\n<meta name=\"robots\" content=\"index, follow, max-snippet:-1, max-image-preview:large, max-video-preview:-1\" \/>\n<link rel=\"canonical\" href=\"https:\/\/leolex.ch\/intellektualnaya-sobstvennost\/\" \/>\n<meta property=\"og:locale\" content=\"fr_FR\" \/>\n<meta property=\"og:type\" content=\"article\" \/>\n<meta property=\"og:title\" content=\"{:ru}\u0418\u043d\u0442\u0435\u043b\u043b\u0435\u043a\u0442\u0443\u0430\u043b\u044c\u043d\u0430\u044f \u0441\u043e\u0431\u0441\u0442\u0432\u0435\u043d\u043d\u043e\u0441\u0442\u044c &ndash; LEOLEX - le bureau juridique et comptable{:}{:en}Intellectual propert &ndash; LEOLEX - le bureau juridique et comptable{:}{:fr}PROPRI\u00c9T\u00c9 INTELLECTUELLE &ndash; LEOLEX - le bureau juridique et comptable{:}{:de}Geistiges Eigentum &ndash; LEOLEX - le bureau juridique et comptable{:}\" \/>\n<meta property=\"og:description\" content=\"\u0421onsultation sur les questions d\u2019octroi de licences et franchise, de transfert des droits sur les objets de la propri\u00e9t\u00e9 intellectuelle, accompagnement des march\u00e9s, pr\u00e9paration des contrats appropri\u00e9s\" \/>\n<meta property=\"og:url\" content=\"https:\/\/leolex.ch\/intellektualnaya-sobstvennost\/\" \/>\n<meta property=\"og:site_name\" content=\"LEOLEX - le bureau juridique et comptable\" \/>\n<meta property=\"article:modified_time\" content=\"2021-11-26T20:25:31+00:00\" \/>\n<meta property=\"og:image\" content=\"https:\/\/leolex.ch\/wp-content\/uploads\/2020\/12\/6.png\" \/>\n<meta name=\"twitter:card\" content=\"summary_large_image\" \/>\n<meta name=\"twitter:label1\" content=\"Est. reading time\" \/>\n\t<meta name=\"twitter:data1\" content=\"1 minute\" \/>\n<script type=\"application\/ld+json\" class=\"yoast-schema-graph\">{\"@context\":\"https:\/\/schema.org\",\"@graph\":[{\"@type\":\"Organization\",\"@id\":\"https:\/\/leolex.ch\/#organization\",\"name\":\"Leolex\",\"url\":\"https:\/\/leolex.ch\/\",\"sameAs\":[],\"logo\":{\"@type\":\"ImageObject\",\"@id\":\"https:\/\/leolex.ch\/#logo\",\"inLanguage\":\"fr-FR\",\"url\":\"https:\/\/leolex.ch\/wp-content\/uploads\/2021\/10\/logo-leolex-bez-fona-.png\",\"contentUrl\":\"https:\/\/leolex.ch\/wp-content\/uploads\/2021\/10\/logo-leolex-bez-fona-.png\",\"width\":736,\"height\":200,\"caption\":\"Leolex\"},\"image\":{\"@id\":\"https:\/\/leolex.ch\/#logo\"}},{\"@type\":\"WebSite\",\"@id\":\"https:\/\/leolex.ch\/#website\",\"url\":\"https:\/\/leolex.ch\/\",\"name\":\"LEOLEX - \\u0448\\u0432\\u0435\\u0439\\u0446\\u0430\\u0440\\u0441\\u043a\\u0430\\u044f \\u044e\\u0440\\u0438\\u0434\\u0438\\u0447\\u0435\\u0441\\u043a\\u0430\\u044f \\u0438 \\u0431\\u0443\\u0445\\u0433\\u0430\\u043b\\u0442\\u0435\\u0440\\u0441\\u043a\\u0430\\u044f \\u0444\\u0438\\u0440\\u043c\\u0430\",\"description\":\"LeoLex est un des leaders en prestations de services juridiques pour les citoyens russophones et les soci\\u00e9t\\u00e9s d\\u2019origine russe sur le territoire de la Conf\\u00e9d\\u00e9ration suisse  et poss\\u00e8de 4 bureaux en Suisse: Anz\\u00e8re, Sion, Gen\\u00e8ve, Zurich\",\"publisher\":{\"@id\":\"https:\/\/leolex.ch\/#organization\"},\"potentialAction\":[{\"@type\":\"SearchAction\",\"target\":{\"@type\":\"EntryPoint\",\"urlTemplate\":\"https:\/\/leolex.ch\/?s={search_term_string}\"},\"query-input\":\"required name=search_term_string\"}],\"inLanguage\":\"fr-FR\"},{\"@type\":\"ImageObject\",\"@id\":\"https:\/\/leolex.ch\/intellektualnaya-sobstvennost\/#primaryimage\",\"inLanguage\":\"fr-FR\",\"url\":\"https:\/\/leolex.ch\/wp-content\/uploads\/2020\/12\/6.png\",\"contentUrl\":\"https:\/\/leolex.ch\/wp-content\/uploads\/2020\/12\/6.png\",\"width\":70,\"height\":70},{\"@type\":\"WebPage\",\"@id\":\"https:\/\/leolex.ch\/intellektualnaya-sobstvennost\/#webpage\",\"url\":\"https:\/\/leolex.ch\/intellektualnaya-sobstvennost\/\",\"name\":\"\\u0418\\u043d\\u0442\\u0435\\u043b\\u043b\\u0435\\u043a\\u0442\\u0443\\u0430\\u043b\\u044c\\u043d\\u0430\\u044f \\u0441\\u043e\\u0431\\u0441\\u0442\\u0432\\u0435\\u043d\\u043d\\u043e\\u0441\\u0442\\u044c &ndash; LEOLEX - le bureau juridique et comptable\",\"isPartOf\":{\"@id\":\"https:\/\/leolex.ch\/#website\"},\"primaryImageOfPage\":{\"@id\":\"https:\/\/leolex.ch\/intellektualnaya-sobstvennost\/#primaryimage\"},\"datePublished\":\"2020-12-20T11:56:36+00:00\",\"dateModified\":\"2021-11-26T20:25:31+00:00\",\"description\":\"\\u041a\\u043e\\u043d\\u0441\\u0443\\u043b\\u044c\\u0442\\u0438\\u0440\\u043e\\u0432\\u0430\\u043d\\u0438\\u0435 \\u043f\\u043e \\u0432\\u043e\\u043f\\u0440\\u043e\\u0441\\u0430\\u043c \\u043b\\u0438\\u0446\\u0435\\u043d\\u0437\\u0438\\u0440\\u043e\\u0432\\u0430\\u043d\\u0438\\u044f \\u0438 \\u0444\\u0440\\u0430\\u043d\\u0447\\u0430\\u0439\\u0437\\u0438\\u043d\\u0433\\u0430, \\u043f\\u0435\\u0440\\u0435\\u0434\\u0430\\u0447\\u0438 \\u043f\\u0440\\u0430\\u0432 \\u043d\\u0430 \\u043e\\u0431\\u044a\\u0435\\u043a\\u0442\\u044b \\u0438\\u043d\\u0442\\u0435\\u043b\\u043b\\u0435\\u043a\\u0442\\u0443\\u0430\\u043b\\u044c\\u043d\\u043e\\u0439 \\u0441\\u043e\\u0431\\u0441\\u0442\\u0432\\u0435\\u043d\\u043d\\u043e\\u0441\\u0442\\u0438, \\u0441\\u043e\\u043f\\u0440\\u043e\\u0432\\u043e\\u0436\\u0434\\u0435\\u043d\\u0438\\u0435 \\u0441\\u0434\\u0435\\u043b\\u043e\\u043a, \\u043f\\u043e\\u0434\\u0433\\u043e\\u0442\\u043e\\u0432\\u043a\\u0430 \\u0441\\u043e\\u043e\\u0442\\u0432\\u0435\\u0442\\u0441\\u0442\\u0432\\u0443\\u044e\\u0449\\u0438\\u0445 \\u0434\\u043e\\u0433\\u043e\\u0432\\u043e\\u0440\\u043e\\u0432\",\"breadcrumb\":{\"@id\":\"https:\/\/leolex.ch\/intellektualnaya-sobstvennost\/#breadcrumb\"},\"inLanguage\":\"fr-FR\",\"potentialAction\":[{\"@type\":\"ReadAction\",\"target\":[\"https:\/\/leolex.ch\/intellektualnaya-sobstvennost\/\"]}]},{\"@type\":\"BreadcrumbList\",\"@id\":\"https:\/\/leolex.ch\/intellektualnaya-sobstvennost\/#breadcrumb\",\"itemListElement\":[{\"@type\":\"ListItem\",\"position\":1,\"name\":\"\\u0413\\u043b\\u0430\\u0432\\u043d\\u0430\\u044f \\u0441\\u0442\\u0440\\u0430\\u043d\\u0438\\u0446\\u0430\",\"item\":\"https:\/\/leolex.ch\/\"},{\"@type\":\"ListItem\",\"position\":2,\"name\":\"\\u0418\\u041d\\u0422\\u0415\\u041b\\u041b\\u0415\\u041a\\u0422\\u0423\\u0410\\u041b\\u042c\\u041d\\u0410\\u042f \\u0421\\u041e\\u0411\\u0421\\u0422\\u0412\\u0415\\u041d\\u041d\\u041e\\u0421\\u0422\\u042c\"}]}]}<\/script>\n<!-- \/ Yoast SEO plugin. -->","yoast_head_json":{"title":"PROPRI\u00c9T\u00c9 INTELLECTUELLE &ndash; LEOLEX - le bureau juridique et comptable","description":"\u0421onsultation sur les questions d\u2019octroi de licences et franchise, de transfert des droits sur les objets de la propri\u00e9t\u00e9 intellectuelle, accompagnement des march\u00e9s, pr\u00e9paration des contrats appropri\u00e9s","robots":{"index":"index","follow":"follow","max-snippet":"max-snippet:-1","max-image-preview":"max-image-preview:large","max-video-preview":"max-video-preview:-1"},"canonical":"https:\/\/leolex.ch\/intellektualnaya-sobstvennost\/","og_locale":"fr_FR","og_type":"article","og_title":"{:ru}\u0418\u043d\u0442\u0435\u043b\u043b\u0435\u043a\u0442\u0443\u0430\u043b\u044c\u043d\u0430\u044f \u0441\u043e\u0431\u0441\u0442\u0432\u0435\u043d\u043d\u043e\u0441\u0442\u044c &ndash; LEOLEX - le bureau juridique et comptable{:}{:en}Intellectual propert &ndash; LEOLEX - le bureau juridique et comptable{:}{:fr}PROPRI\u00c9T\u00c9 INTELLECTUELLE &ndash; LEOLEX - le bureau juridique et comptable{:}{:de}Geistiges Eigentum &ndash; LEOLEX - le bureau juridique et comptable{:}","og_description":"\u0421onsultation sur les questions d\u2019octroi de licences et franchise, de transfert des droits sur les objets de la propri\u00e9t\u00e9 intellectuelle, accompagnement des march\u00e9s, pr\u00e9paration des contrats appropri\u00e9s","og_url":"https:\/\/leolex.ch\/intellektualnaya-sobstvennost\/","og_site_name":"LEOLEX - le bureau juridique et comptable","article_modified_time":"2021-11-26T20:25:31+00:00","og_image":[{"url":"https:\/\/leolex.ch\/wp-content\/uploads\/2020\/12\/6.png"}],"twitter_card":"summary_large_image","twitter_misc":{"Est. reading time":"1 minute"},"schema":{"@context":"https:\/\/schema.org","@graph":[{"@type":"Organization","@id":"https:\/\/leolex.ch\/#organization","name":"Leolex","url":"https:\/\/leolex.ch\/","sameAs":[],"logo":{"@type":"ImageObject","@id":"https:\/\/leolex.ch\/#logo","inLanguage":"fr-FR","url":"https:\/\/leolex.ch\/wp-content\/uploads\/2021\/10\/logo-leolex-bez-fona-.png","contentUrl":"https:\/\/leolex.ch\/wp-content\/uploads\/2021\/10\/logo-leolex-bez-fona-.png","width":736,"height":200,"caption":"Leolex"},"image":{"@id":"https:\/\/leolex.ch\/#logo"}},{"@type":"WebSite","@id":"https:\/\/leolex.ch\/#website","url":"https:\/\/leolex.ch\/","name":"LEOLEX - \u0448\u0432\u0435\u0439\u0446\u0430\u0440\u0441\u043a\u0430\u044f \u044e\u0440\u0438\u0434\u0438\u0447\u0435\u0441\u043a\u0430\u044f \u0438 \u0431\u0443\u0445\u0433\u0430\u043b\u0442\u0435\u0440\u0441\u043a\u0430\u044f \u0444\u0438\u0440\u043c\u0430","description":"LeoLex est un des leaders en prestations de services juridiques pour les citoyens russophones et les soci\u00e9t\u00e9s d\u2019origine russe sur le territoire de la Conf\u00e9d\u00e9ration suisse  et poss\u00e8de 4 bureaux en Suisse: Anz\u00e8re, Sion, Gen\u00e8ve, Zurich","publisher":{"@id":"https:\/\/leolex.ch\/#organization"},"potentialAction":[{"@type":"SearchAction","target":{"@type":"EntryPoint","urlTemplate":"https:\/\/leolex.ch\/?s={search_term_string}"},"query-input":"required name=search_term_string"}],"inLanguage":"fr-FR"},{"@type":"ImageObject","@id":"https:\/\/leolex.ch\/intellektualnaya-sobstvennost\/#primaryimage","inLanguage":"fr-FR","url":"https:\/\/leolex.ch\/wp-content\/uploads\/2020\/12\/6.png","contentUrl":"https:\/\/leolex.ch\/wp-content\/uploads\/2020\/12\/6.png","width":70,"height":70},{"@type":"WebPage","@id":"https:\/\/leolex.ch\/intellektualnaya-sobstvennost\/#webpage","url":"https:\/\/leolex.ch\/intellektualnaya-sobstvennost\/","name":"\u0418\u043d\u0442\u0435\u043b\u043b\u0435\u043a\u0442\u0443\u0430\u043b\u044c\u043d\u0430\u044f \u0441\u043e\u0431\u0441\u0442\u0432\u0435\u043d\u043d\u043e\u0441\u0442\u044c &ndash; LEOLEX - le bureau juridique et comptable","isPartOf":{"@id":"https:\/\/leolex.ch\/#website"},"primaryImageOfPage":{"@id":"https:\/\/leolex.ch\/intellektualnaya-sobstvennost\/#primaryimage"},"datePublished":"2020-12-20T11:56:36+00:00","dateModified":"2021-11-26T20:25:31+00:00","description":"\u041a\u043e\u043d\u0441\u0443\u043b\u044c\u0442\u0438\u0440\u043e\u0432\u0430\u043d\u0438\u0435 \u043f\u043e \u0432\u043e\u043f\u0440\u043e\u0441\u0430\u043c \u043b\u0438\u0446\u0435\u043d\u0437\u0438\u0440\u043e\u0432\u0430\u043d\u0438\u044f \u0438 \u0444\u0440\u0430\u043d\u0447\u0430\u0439\u0437\u0438\u043d\u0433\u0430, \u043f\u0435\u0440\u0435\u0434\u0430\u0447\u0438 \u043f\u0440\u0430\u0432 \u043d\u0430 \u043e\u0431\u044a\u0435\u043a\u0442\u044b \u0438\u043d\u0442\u0435\u043b\u043b\u0435\u043a\u0442\u0443\u0430\u043b\u044c\u043d\u043e\u0439 \u0441\u043e\u0431\u0441\u0442\u0432\u0435\u043d\u043d\u043e\u0441\u0442\u0438, \u0441\u043e\u043f\u0440\u043e\u0432\u043e\u0436\u0434\u0435\u043d\u0438\u0435 \u0441\u0434\u0435\u043b\u043e\u043a, \u043f\u043e\u0434\u0433\u043e\u0442\u043e\u0432\u043a\u0430 \u0441\u043e\u043e\u0442\u0432\u0435\u0442\u0441\u0442\u0432\u0443\u044e\u0449\u0438\u0445 \u0434\u043e\u0433\u043e\u0432\u043e\u0440\u043e\u0432","breadcrumb":{"@id":"https:\/\/leolex.ch\/intellektualnaya-sobstvennost\/#breadcrumb"},"inLanguage":"fr-FR","potentialAction":[{"@type":"ReadAction","target":["https:\/\/leolex.ch\/intellektualnaya-sobstvennost\/"]}]},{"@type":"BreadcrumbList","@id":"https:\/\/leolex.ch\/intellektualnaya-sobstvennost\/#breadcrumb","itemListElement":[{"@type":"ListItem","position":1,"name":"\u0413\u043b\u0430\u0432\u043d\u0430\u044f \u0441\u0442\u0440\u0430\u043d\u0438\u0446\u0430","item":"https:\/\/leolex.ch\/"},{"@type":"ListItem","position":2,"name":"\u0418\u041d\u0422\u0415\u041b\u041b\u0415\u041a\u0422\u0423\u0410\u041b\u042c\u041d\u0410\u042f \u0421\u041e\u0411\u0421\u0422\u0412\u0415\u041d\u041d\u041e\u0421\u0422\u042c"}]}]}},"_links":{"self":[{"href":"https:\/\/leolex.ch\/fr\/wp-json\/wp\/v2\/pages\/301"}],"collection":[{"href":"https:\/\/leolex.ch\/fr\/wp-json\/wp\/v2\/pages"}],"about":[{"href":"https:\/\/leolex.ch\/fr\/wp-json\/wp\/v2\/types\/page"}],"author":[{"embeddable":true,"href":"https:\/\/leolex.ch\/fr\/wp-json\/wp\/v2\/users\/1"}],"replies":[{"embeddable":true,"href":"https:\/\/leolex.ch\/fr\/wp-json\/wp\/v2\/comments?post=301"}],"version-history":[{"count":47,"href":"https:\/\/leolex.ch\/fr\/wp-json\/wp\/v2\/pages\/301\/revisions"}],"predecessor-version":[{"id":1629,"href":"https:\/\/leolex.ch\/fr\/wp-json\/wp\/v2\/pages\/301\/revisions\/1629"}],"wp:attachment":[{"href":"https:\/\/leolex.ch\/fr\/wp-json\/wp\/v2\/media?parent=301"}],"curies":[{"name":"wp","href":"https:\/\/api.w.org\/{rel}","templated":true}]}}