{"id":280,"date":"2020-12-18T18:50:18","date_gmt":"2020-12-18T15:50:18","guid":{"rendered":"https:\/\/leolex.ch\/semejnoe-pravo-copy\/"},"modified":"2021-11-26T23:33:25","modified_gmt":"2021-11-26T20:33:25","slug":"bankrotnoe-pravo-i-vzyskanie-zadolzhennostej","status":"publish","type":"page","link":"https:\/\/leolex.ch\/fr\/bankrotnoe-pravo-i-vzyskanie-zadolzhennostej\/","title":{"rendered":"\u0411\u0410\u041d\u041a\u0420\u041e\u0422\u041d\u041e\u0415 \u041f\u0420\u0410\u0412\u041e \u0418 \u0412\u0417\u042b\u0421\u041a\u0410\u041d\u0418\u0415 \u0417\u0410\u0414\u041e\u041b\u0416\u0415\u041d\u041d\u041e\u0421\u0422\u0415\u0419"},"content":{"rendered":"<p><img width=\"70\" height=\"70\" src=\"https:\/\/leolex.ch\/wp-content\/uploads\/2020\/12\/5.png\" alt=\"\" loading=\"lazy\"><\/p>\n<h2>DROIT DE LA FAILLITE ET DU RECOUVREMENT DES DETTES<\/h2>\n<p>La recherche des actifs et le recouvrement des dettes est une des branches cl\u00e9es des activit\u00e9s du bureau juridique et comptable suisse \u201c LEOLEX \u201d. Apr\u00e8s avoir r\u00e9ussi en quelques dizaines d\u2019affaires gagn\u00e9es portant sur le recouvrement des dettes et particip\u00e9 \u00e0 la proc\u00e9dure de faillite de 2 succursales bancaires situ\u00e9es sur le territoire du Suisse, nous poss\u00e9dons une exp\u00e9rience unique dans ledit domaine.<\/p>\n<p><strong>Les services du bureau juridique et comptable suisse \u201c LEOLEX \u201d dans le domaine du droit de la faillite et du recouvrement des dettes:<\/strong><\/p>\n<p>\u2014 recherche des actifs sur le territoire du Suisse et des autres pays de l\u2019EU ;<br \/>\n\u2014 reconnaissance et ex\u00e9cution des d\u00e9cisions de tribunaux \u00e9trangers sur la faillite et le recouvrement des dettes en Suisse ;<br \/>\n\u2014 saisie des biens situ\u00e9s sur le territoire de la Conf\u00e9d\u00e9ration suisse ;<br \/>\n\u2014 Initiation de la proc\u00e9dure de poursuite des d\u00e9biteurs.<\/p>\n","protected":false},"excerpt":{"rendered":"<p>DROIT DE LA FAILLITE ET DU RECOUVREMENT DES DETTES La recherche des actifs et le recouvrement des dettes est une des branches cl\u00e9es des activit\u00e9s du bureau juridique et comptable suisse \u201c LEOLEX \u201d. Apr\u00e8s&nbsp;<a href=\"https:\/\/leolex.ch\/fr\/bankrotnoe-pravo-i-vzyskanie-zadolzhennostej\/\" class=\"read-more\">Continue Reading<\/a><\/p>\n","protected":false},"author":1,"featured_media":0,"parent":0,"menu_order":0,"comment_status":"closed","ping_status":"closed","template":"templates\/page-fullwidth.php","meta":[],"translation":{"provider":"WPGlobus","version":"2.8.6","language":"fr","enabled_languages":["ru","en","fr","de"],"languages":{"ru":{"title":true,"content":true,"excerpt":false},"en":{"title":true,"content":true,"excerpt":false},"fr":{"title":false,"content":true,"excerpt":false},"de":{"title":false,"content":true,"excerpt":false}}},"yoast_head":"<!-- This site is optimized with the Yoast SEO plugin v17.5 - https:\/\/yoast.com\/wordpress\/plugins\/seo\/ -->\n<title>DROIT DE LA FAILLITE ET DU RECOUVREMENT DES DETTES &ndash; LEOLEX - le bureau juridique et comptable<\/title>\n<meta name=\"description\" content=\"La recherche des actifs et le recouvrement des dettes est une des branches cl\u00e9es des activit\u00e9s du bureau juridique et comptable suisse LEOLEX\" \/>\n<meta name=\"robots\" content=\"index, follow, max-snippet:-1, max-image-preview:large, max-video-preview:-1\" \/>\n<link rel=\"canonical\" href=\"https:\/\/leolex.ch\/bankrotnoe-pravo-i-vzyskanie-zadolzhennostej\/\" \/>\n<meta property=\"og:locale\" content=\"fr_FR\" \/>\n<meta property=\"og:type\" content=\"article\" \/>\n<meta property=\"og:title\" content=\"{:ru}\u0411\u0410\u041d\u041a\u0420\u041e\u0422\u041d\u041e\u0415 \u041f\u0420\u0410\u0412\u041e \u0418 \u0412\u0417\u042b\u0421\u041a\u0410\u041d\u0418\u0415 \u0417\u0410\u0414\u041e\u041b\u0416\u0415\u041d\u041d\u041e\u0421\u0422\u0415\u0419 &ndash; LEOLEX - le bureau juridique et comptable{:}{:en}BANKRUPTCY LAW AND DEBT COLLECTION &ndash; LEOLEX - le bureau juridique et comptable{:}{:fr}DROIT DE LA FAILLITE ET DU RECOUVREMENT DES DETTES &ndash; LEOLEX - le bureau juridique et comptable{:}{:de}INSOLVENZRECHT UND FORDERUNGSEINTREIBUNG &ndash; LEOLEX - le bureau juridique et comptable{:}\" \/>\n<meta property=\"og:description\" content=\"La recherche des actifs et le recouvrement des dettes est une des branches cl\u00e9es des activit\u00e9s du bureau juridique et comptable suisse LEOLEX\" \/>\n<meta property=\"og:url\" content=\"https:\/\/leolex.ch\/bankrotnoe-pravo-i-vzyskanie-zadolzhennostej\/\" \/>\n<meta property=\"og:site_name\" content=\"LEOLEX - le bureau juridique et comptable\" \/>\n<meta property=\"article:modified_time\" content=\"2021-11-26T20:33:25+00:00\" \/>\n<meta property=\"og:image\" content=\"https:\/\/leolex.ch\/wp-content\/uploads\/2020\/12\/5.png\" \/>\n<meta name=\"twitter:card\" content=\"summary_large_image\" \/>\n<meta name=\"twitter:label1\" content=\"Est. reading time\" \/>\n\t<meta name=\"twitter:data1\" content=\"1 minute\" \/>\n<script type=\"application\/ld+json\" class=\"yoast-schema-graph\">{\"@context\":\"https:\/\/schema.org\",\"@graph\":[{\"@type\":\"Organization\",\"@id\":\"https:\/\/leolex.ch\/#organization\",\"name\":\"Leolex\",\"url\":\"https:\/\/leolex.ch\/\",\"sameAs\":[],\"logo\":{\"@type\":\"ImageObject\",\"@id\":\"https:\/\/leolex.ch\/#logo\",\"inLanguage\":\"fr-FR\",\"url\":\"https:\/\/leolex.ch\/wp-content\/uploads\/2021\/10\/logo-leolex-bez-fona-.png\",\"contentUrl\":\"https:\/\/leolex.ch\/wp-content\/uploads\/2021\/10\/logo-leolex-bez-fona-.png\",\"width\":736,\"height\":200,\"caption\":\"Leolex\"},\"image\":{\"@id\":\"https:\/\/leolex.ch\/#logo\"}},{\"@type\":\"WebSite\",\"@id\":\"https:\/\/leolex.ch\/#website\",\"url\":\"https:\/\/leolex.ch\/\",\"name\":\"LEOLEX - \\u0448\\u0432\\u0435\\u0439\\u0446\\u0430\\u0440\\u0441\\u043a\\u0430\\u044f \\u044e\\u0440\\u0438\\u0434\\u0438\\u0447\\u0435\\u0441\\u043a\\u0430\\u044f \\u0438 \\u0431\\u0443\\u0445\\u0433\\u0430\\u043b\\u0442\\u0435\\u0440\\u0441\\u043a\\u0430\\u044f \\u0444\\u0438\\u0440\\u043c\\u0430\",\"description\":\"LeoLex est un des leaders en prestations de services juridiques pour les citoyens russophones et les soci\\u00e9t\\u00e9s d\\u2019origine russe sur le territoire de la Conf\\u00e9d\\u00e9ration suisse  et poss\\u00e8de 4 bureaux en Suisse: Anz\\u00e8re, Sion, Gen\\u00e8ve, Zurich\",\"publisher\":{\"@id\":\"https:\/\/leolex.ch\/#organization\"},\"potentialAction\":[{\"@type\":\"SearchAction\",\"target\":{\"@type\":\"EntryPoint\",\"urlTemplate\":\"https:\/\/leolex.ch\/?s={search_term_string}\"},\"query-input\":\"required name=search_term_string\"}],\"inLanguage\":\"fr-FR\"},{\"@type\":\"ImageObject\",\"@id\":\"https:\/\/leolex.ch\/bankrotnoe-pravo-i-vzyskanie-zadolzhennostej\/#primaryimage\",\"inLanguage\":\"fr-FR\",\"url\":\"https:\/\/leolex.ch\/wp-content\/uploads\/2020\/12\/5.png\",\"contentUrl\":\"https:\/\/leolex.ch\/wp-content\/uploads\/2020\/12\/5.png\",\"width\":70,\"height\":70},{\"@type\":\"WebPage\",\"@id\":\"https:\/\/leolex.ch\/bankrotnoe-pravo-i-vzyskanie-zadolzhennostej\/#webpage\",\"url\":\"https:\/\/leolex.ch\/bankrotnoe-pravo-i-vzyskanie-zadolzhennostej\/\",\"name\":\"\\u0411\\u0410\\u041d\\u041a\\u0420\\u041e\\u0422\\u041d\\u041e\\u0415 \\u041f\\u0420\\u0410\\u0412\\u041e \\u0418 \\u0412\\u0417\\u042b\\u0421\\u041a\\u0410\\u041d\\u0418\\u0415 \\u0417\\u0410\\u0414\\u041e\\u041b\\u0416\\u0415\\u041d\\u041d\\u041e\\u0421\\u0422\\u0415\\u0419 &ndash; LEOLEX - le bureau juridique et comptable\",\"isPartOf\":{\"@id\":\"https:\/\/leolex.ch\/#website\"},\"primaryImageOfPage\":{\"@id\":\"https:\/\/leolex.ch\/bankrotnoe-pravo-i-vzyskanie-zadolzhennostej\/#primaryimage\"},\"datePublished\":\"2020-12-18T15:50:18+00:00\",\"dateModified\":\"2021-11-26T20:33:25+00:00\",\"description\":\"\\u041f\\u043e\\u0438\\u0441\\u043a \\u0430\\u043a\\u0442\\u0438\\u0432\\u043e\\u0432 \\u0438 \\u0432\\u0437\\u044b\\u0441\\u043a\\u0430\\u043d\\u0438\\u0435 \\u0437\\u0430\\u0434\\u043e\\u043b\\u0436\\u0435\\u043d\\u043d\\u043e\\u0441\\u0442\\u0435\\u0439 \\u044f\\u0432\\u043b\\u044f\\u0435\\u0442\\u0441\\u044f \\u043e\\u0434\\u043d\\u0438\\u043c \\u0438\\u0437 \\u043a\\u043b\\u044e\\u0447\\u0435\\u0432\\u044b\\u0445 \\u043d\\u0430\\u043f\\u0440\\u0430\\u0432\\u043b\\u0435\\u043d\\u0438\\u0439 \\u0440\\u0430\\u0431\\u043e\\u0442\\u044b \\u044e\\u0440\\u0438\\u0434\\u0438\\u0447\\u0435\\u0441\\u043a\\u043e\\u0433\\u043e \\u0438 \\u0431\\u0443\\u0445\\u0433\\u0430\\u043b\\u0442\\u0435\\u0440\\u0441\\u043a\\u043e\\u0433\\u043e \\u0431\\u044e\\u0440\\u043e \\u00abLEOLEX\\u00bb\",\"breadcrumb\":{\"@id\":\"https:\/\/leolex.ch\/bankrotnoe-pravo-i-vzyskanie-zadolzhennostej\/#breadcrumb\"},\"inLanguage\":\"fr-FR\",\"potentialAction\":[{\"@type\":\"ReadAction\",\"target\":[\"https:\/\/leolex.ch\/bankrotnoe-pravo-i-vzyskanie-zadolzhennostej\/\"]}]},{\"@type\":\"BreadcrumbList\",\"@id\":\"https:\/\/leolex.ch\/bankrotnoe-pravo-i-vzyskanie-zadolzhennostej\/#breadcrumb\",\"itemListElement\":[{\"@type\":\"ListItem\",\"position\":1,\"name\":\"\\u0413\\u043b\\u0430\\u0432\\u043d\\u0430\\u044f \\u0441\\u0442\\u0440\\u0430\\u043d\\u0438\\u0446\\u0430\",\"item\":\"https:\/\/leolex.ch\/\"},{\"@type\":\"ListItem\",\"position\":2,\"name\":\"\\u0411\\u0410\\u041d\\u041a\\u0420\\u041e\\u0422\\u041d\\u041e\\u0415 \\u041f\\u0420\\u0410\\u0412\\u041e \\u0418 \\u0412\\u0417\\u042b\\u0421\\u041a\\u0410\\u041d\\u0418\\u0415 \\u0417\\u0410\\u0414\\u041e\\u041b\\u0416\\u0415\\u041d\\u041d\\u041e\\u0421\\u0422\\u0415\\u0419\"}]}]}<\/script>\n<!-- \/ Yoast SEO plugin. -->","yoast_head_json":{"title":"DROIT DE LA FAILLITE ET DU RECOUVREMENT DES DETTES &ndash; LEOLEX - le bureau juridique et comptable","description":"La recherche des actifs et le recouvrement des dettes est une des branches cl\u00e9es des activit\u00e9s du bureau juridique et comptable suisse LEOLEX","robots":{"index":"index","follow":"follow","max-snippet":"max-snippet:-1","max-image-preview":"max-image-preview:large","max-video-preview":"max-video-preview:-1"},"canonical":"https:\/\/leolex.ch\/bankrotnoe-pravo-i-vzyskanie-zadolzhennostej\/","og_locale":"fr_FR","og_type":"article","og_title":"{:ru}\u0411\u0410\u041d\u041a\u0420\u041e\u0422\u041d\u041e\u0415 \u041f\u0420\u0410\u0412\u041e \u0418 \u0412\u0417\u042b\u0421\u041a\u0410\u041d\u0418\u0415 \u0417\u0410\u0414\u041e\u041b\u0416\u0415\u041d\u041d\u041e\u0421\u0422\u0415\u0419 &ndash; LEOLEX - le bureau juridique et comptable{:}{:en}BANKRUPTCY LAW AND DEBT COLLECTION &ndash; LEOLEX - le bureau juridique et comptable{:}{:fr}DROIT DE LA FAILLITE ET DU RECOUVREMENT DES DETTES &ndash; LEOLEX - le bureau juridique et comptable{:}{:de}INSOLVENZRECHT UND FORDERUNGSEINTREIBUNG &ndash; LEOLEX - le bureau juridique et comptable{:}","og_description":"La recherche des actifs et le recouvrement des dettes est une des branches cl\u00e9es des activit\u00e9s du bureau juridique et comptable suisse LEOLEX","og_url":"https:\/\/leolex.ch\/bankrotnoe-pravo-i-vzyskanie-zadolzhennostej\/","og_site_name":"LEOLEX - le bureau juridique et comptable","article_modified_time":"2021-11-26T20:33:25+00:00","og_image":[{"url":"https:\/\/leolex.ch\/wp-content\/uploads\/2020\/12\/5.png"}],"twitter_card":"summary_large_image","twitter_misc":{"Est. reading time":"1 minute"},"schema":{"@context":"https:\/\/schema.org","@graph":[{"@type":"Organization","@id":"https:\/\/leolex.ch\/#organization","name":"Leolex","url":"https:\/\/leolex.ch\/","sameAs":[],"logo":{"@type":"ImageObject","@id":"https:\/\/leolex.ch\/#logo","inLanguage":"fr-FR","url":"https:\/\/leolex.ch\/wp-content\/uploads\/2021\/10\/logo-leolex-bez-fona-.png","contentUrl":"https:\/\/leolex.ch\/wp-content\/uploads\/2021\/10\/logo-leolex-bez-fona-.png","width":736,"height":200,"caption":"Leolex"},"image":{"@id":"https:\/\/leolex.ch\/#logo"}},{"@type":"WebSite","@id":"https:\/\/leolex.ch\/#website","url":"https:\/\/leolex.ch\/","name":"LEOLEX - \u0448\u0432\u0435\u0439\u0446\u0430\u0440\u0441\u043a\u0430\u044f \u044e\u0440\u0438\u0434\u0438\u0447\u0435\u0441\u043a\u0430\u044f \u0438 \u0431\u0443\u0445\u0433\u0430\u043b\u0442\u0435\u0440\u0441\u043a\u0430\u044f \u0444\u0438\u0440\u043c\u0430","description":"LeoLex est un des leaders en prestations de services juridiques pour les citoyens russophones et les soci\u00e9t\u00e9s d\u2019origine russe sur le territoire de la Conf\u00e9d\u00e9ration suisse  et poss\u00e8de 4 bureaux en Suisse: Anz\u00e8re, Sion, Gen\u00e8ve, Zurich","publisher":{"@id":"https:\/\/leolex.ch\/#organization"},"potentialAction":[{"@type":"SearchAction","target":{"@type":"EntryPoint","urlTemplate":"https:\/\/leolex.ch\/?s={search_term_string}"},"query-input":"required name=search_term_string"}],"inLanguage":"fr-FR"},{"@type":"ImageObject","@id":"https:\/\/leolex.ch\/bankrotnoe-pravo-i-vzyskanie-zadolzhennostej\/#primaryimage","inLanguage":"fr-FR","url":"https:\/\/leolex.ch\/wp-content\/uploads\/2020\/12\/5.png","contentUrl":"https:\/\/leolex.ch\/wp-content\/uploads\/2020\/12\/5.png","width":70,"height":70},{"@type":"WebPage","@id":"https:\/\/leolex.ch\/bankrotnoe-pravo-i-vzyskanie-zadolzhennostej\/#webpage","url":"https:\/\/leolex.ch\/bankrotnoe-pravo-i-vzyskanie-zadolzhennostej\/","name":"\u0411\u0410\u041d\u041a\u0420\u041e\u0422\u041d\u041e\u0415 \u041f\u0420\u0410\u0412\u041e \u0418 \u0412\u0417\u042b\u0421\u041a\u0410\u041d\u0418\u0415 \u0417\u0410\u0414\u041e\u041b\u0416\u0415\u041d\u041d\u041e\u0421\u0422\u0415\u0419 &ndash; LEOLEX - le bureau juridique et comptable","isPartOf":{"@id":"https:\/\/leolex.ch\/#website"},"primaryImageOfPage":{"@id":"https:\/\/leolex.ch\/bankrotnoe-pravo-i-vzyskanie-zadolzhennostej\/#primaryimage"},"datePublished":"2020-12-18T15:50:18+00:00","dateModified":"2021-11-26T20:33:25+00:00","description":"\u041f\u043e\u0438\u0441\u043a \u0430\u043a\u0442\u0438\u0432\u043e\u0432 \u0438 \u0432\u0437\u044b\u0441\u043a\u0430\u043d\u0438\u0435 \u0437\u0430\u0434\u043e\u043b\u0436\u0435\u043d\u043d\u043e\u0441\u0442\u0435\u0439 \u044f\u0432\u043b\u044f\u0435\u0442\u0441\u044f \u043e\u0434\u043d\u0438\u043c \u0438\u0437 \u043a\u043b\u044e\u0447\u0435\u0432\u044b\u0445 \u043d\u0430\u043f\u0440\u0430\u0432\u043b\u0435\u043d\u0438\u0439 \u0440\u0430\u0431\u043e\u0442\u044b \u044e\u0440\u0438\u0434\u0438\u0447\u0435\u0441\u043a\u043e\u0433\u043e \u0438 \u0431\u0443\u0445\u0433\u0430\u043b\u0442\u0435\u0440\u0441\u043a\u043e\u0433\u043e \u0431\u044e\u0440\u043e \u00abLEOLEX\u00bb","breadcrumb":{"@id":"https:\/\/leolex.ch\/bankrotnoe-pravo-i-vzyskanie-zadolzhennostej\/#breadcrumb"},"inLanguage":"fr-FR","potentialAction":[{"@type":"ReadAction","target":["https:\/\/leolex.ch\/bankrotnoe-pravo-i-vzyskanie-zadolzhennostej\/"]}]},{"@type":"BreadcrumbList","@id":"https:\/\/leolex.ch\/bankrotnoe-pravo-i-vzyskanie-zadolzhennostej\/#breadcrumb","itemListElement":[{"@type":"ListItem","position":1,"name":"\u0413\u043b\u0430\u0432\u043d\u0430\u044f \u0441\u0442\u0440\u0430\u043d\u0438\u0446\u0430","item":"https:\/\/leolex.ch\/"},{"@type":"ListItem","position":2,"name":"\u0411\u0410\u041d\u041a\u0420\u041e\u0422\u041d\u041e\u0415 \u041f\u0420\u0410\u0412\u041e \u0418 \u0412\u0417\u042b\u0421\u041a\u0410\u041d\u0418\u0415 \u0417\u0410\u0414\u041e\u041b\u0416\u0415\u041d\u041d\u041e\u0421\u0422\u0415\u0419"}]}]}},"_links":{"self":[{"href":"https:\/\/leolex.ch\/fr\/wp-json\/wp\/v2\/pages\/280"}],"collection":[{"href":"https:\/\/leolex.ch\/fr\/wp-json\/wp\/v2\/pages"}],"about":[{"href":"https:\/\/leolex.ch\/fr\/wp-json\/wp\/v2\/types\/page"}],"author":[{"embeddable":true,"href":"https:\/\/leolex.ch\/fr\/wp-json\/wp\/v2\/users\/1"}],"replies":[{"embeddable":true,"href":"https:\/\/leolex.ch\/fr\/wp-json\/wp\/v2\/comments?post=280"}],"version-history":[{"count":53,"href":"https:\/\/leolex.ch\/fr\/wp-json\/wp\/v2\/pages\/280\/revisions"}],"predecessor-version":[{"id":1650,"href":"https:\/\/leolex.ch\/fr\/wp-json\/wp\/v2\/pages\/280\/revisions\/1650"}],"wp:attachment":[{"href":"https:\/\/leolex.ch\/fr\/wp-json\/wp\/v2\/media?parent=280"}],"curies":[{"name":"wp","href":"https:\/\/api.w.org\/{rel}","templated":true}]}}