{"id":274,"date":"2020-12-18T18:44:29","date_gmt":"2020-12-18T15:44:29","guid":{"rendered":"https:\/\/leolex.ch\/kommercheskoe-i-korporativnoe-pravo-copy\/"},"modified":"2022-10-19T18:07:57","modified_gmt":"2022-10-19T15:07:57","slug":"semejnoe-pravo","status":"publish","type":"page","link":"https:\/\/leolex.ch\/fr\/semejnoe-pravo\/","title":{"rendered":"\u0421\u0415\u041c\u0415\u0419\u041d\u041e\u0415 \u041f\u0420\u0410\u0412\u041e"},"content":{"rendered":"<p><img width=\"70\" height=\"70\" src=\"https:\/\/leolex.ch\/wp-content\/uploads\/2020\/12\/fam.png\" alt=\"\" loading=\"lazy\"><\/p>\n<h2>DROIT FAMILIAL<\/h2>\n<p>Le droit familial r\u00e9git les relations familiales, \u00e0 savoir : les relations personnelles et p\u00e9cuniaires qui naissent entre les \u00e9poux, les parents et leurs enfants, les proches, les enfants adopt\u00e9s ou les enfants dont l\u2019\u00e9ducation est prise en charge et leurs parents adoptifs. Le droit familial est une source de litiges innombrables. La proc\u00e9dure de divorce en Suisse repr\u00e9sente un exemple vivant : moins d\u2019accord entre les \u00e9poux cherchant \u00e0 dissoudre leur mariage, plus long et compliqu\u00e9 sera leur proc\u00e8s de divorce. Les experts du bureau juridique et comptable suisse \u201c LEOLEX \u201d, titulaires d\u2019une longue exp\u00e9rience dans le domaine du droit familial, vous accorderont une assistance juridique opportune et qualifi\u00e9e pour prot\u00e9ger vos int\u00e9r\u00eats au maximum que possible, gagner du temps, les co\u00fbts et les nerfs.<\/p>\n<p><strong>Les services du bureau juridique et comptable suisse \u201c LEOLEX \u201d dans le domaine du droit familial:<\/strong><\/p>\n<p>\u2014 consultation sur les questions relatives au droit familial ;<br \/>\n\u2014 assistance en perception des pensions ;<br \/>\n\u2014 assistance en adoption, \u00e9tablissement de la tutelle et reconnaissance de la paternit\u00e9 ;<br \/>\n\u2014 consultation sur les cons\u00e9quences du divorce ;<br \/>\n\u2014 r\u00e9daction des conventions de divorce ;<br \/>\n\u2014 r\u00e9daction des conventions de s\u00e9paration.<\/p>\n","protected":false},"excerpt":{"rendered":"<p>DROIT FAMILIAL Le droit familial r\u00e9git les relations familiales, \u00e0 savoir : les relations personnelles et p\u00e9cuniaires qui naissent entre les \u00e9poux, les parents et leurs enfants, les proches, les enfants adopt\u00e9s ou les enfants&nbsp;<a href=\"https:\/\/leolex.ch\/fr\/semejnoe-pravo\/\" class=\"read-more\">Continue Reading<\/a><\/p>\n","protected":false},"author":1,"featured_media":0,"parent":0,"menu_order":0,"comment_status":"closed","ping_status":"closed","template":"templates\/page-fullwidth.php","meta":[],"translation":{"provider":"WPGlobus","version":"2.8.6","language":"fr","enabled_languages":["ru","en","fr","de"],"languages":{"ru":{"title":true,"content":true,"excerpt":false},"en":{"title":true,"content":true,"excerpt":false},"fr":{"title":false,"content":true,"excerpt":false},"de":{"title":false,"content":true,"excerpt":false}}},"yoast_head":"<!-- This site is optimized with the Yoast SEO plugin v17.5 - https:\/\/yoast.com\/wordpress\/plugins\/seo\/ -->\n<title>DROIT FAMILIAL &ndash; LEOLEX - le bureau juridique et comptable<\/title>\n<meta name=\"description\" content=\"Le droit familial r\u00e9git les relations familiales, \u00e0 savoir : les relations personnelles et p\u00e9cuniaires qui naissent entre les \u00e9poux, les parents et leurs enfants, les proches, les enfants adopt\u00e9s ou les enfants dont l\u2019\u00e9ducation est prise en charge et leurs parents adoptifs.\" \/>\n<meta name=\"robots\" content=\"index, follow, max-snippet:-1, max-image-preview:large, max-video-preview:-1\" \/>\n<link rel=\"canonical\" href=\"https:\/\/leolex.ch\/semejnoe-pravo\/\" \/>\n<meta property=\"og:locale\" content=\"fr_FR\" \/>\n<meta property=\"og:type\" content=\"article\" \/>\n<meta property=\"og:title\" content=\"{:ru}\u0421\u0435\u043c\u0435\u0439\u043d\u043e\u0435 \u043f\u0440\u0430\u0432\u043e &ndash; LEOLEX - le bureau juridique et comptable{:}{:en}FAMILY LAW &ndash; LEOLEX - le bureau juridique et comptable{:}{:fr}DROIT FAMILIAL &ndash; LEOLEX - le bureau juridique et comptable{:}{:de}Familienrecht &ndash; LEOLEX - le bureau juridique et comptable{:}\" \/>\n<meta property=\"og:description\" content=\"Le droit familial r\u00e9git les relations familiales, \u00e0 savoir : les relations personnelles et p\u00e9cuniaires qui naissent entre les \u00e9poux, les parents et leurs enfants, les proches, les enfants adopt\u00e9s ou les enfants dont l\u2019\u00e9ducation est prise en charge et leurs parents adoptifs.\" \/>\n<meta property=\"og:url\" content=\"https:\/\/leolex.ch\/semejnoe-pravo\/\" \/>\n<meta property=\"og:site_name\" content=\"LEOLEX - le bureau juridique et comptable\" \/>\n<meta property=\"article:modified_time\" content=\"2022-10-19T15:07:57+00:00\" \/>\n<meta property=\"og:image\" content=\"https:\/\/leolex.ch\/wp-content\/uploads\/2020\/12\/fam.png\" \/>\n<meta name=\"twitter:card\" content=\"summary_large_image\" \/>\n<meta name=\"twitter:label1\" content=\"Est. reading time\" \/>\n\t<meta name=\"twitter:data1\" content=\"1 minute\" \/>\n<script type=\"application\/ld+json\" class=\"yoast-schema-graph\">{\"@context\":\"https:\/\/schema.org\",\"@graph\":[{\"@type\":\"Organization\",\"@id\":\"https:\/\/leolex.ch\/#organization\",\"name\":\"Leolex\",\"url\":\"https:\/\/leolex.ch\/\",\"sameAs\":[],\"logo\":{\"@type\":\"ImageObject\",\"@id\":\"https:\/\/leolex.ch\/#logo\",\"inLanguage\":\"fr-FR\",\"url\":\"https:\/\/leolex.ch\/wp-content\/uploads\/2021\/10\/logo-leolex-bez-fona-.png\",\"contentUrl\":\"https:\/\/leolex.ch\/wp-content\/uploads\/2021\/10\/logo-leolex-bez-fona-.png\",\"width\":736,\"height\":200,\"caption\":\"Leolex\"},\"image\":{\"@id\":\"https:\/\/leolex.ch\/#logo\"}},{\"@type\":\"WebSite\",\"@id\":\"https:\/\/leolex.ch\/#website\",\"url\":\"https:\/\/leolex.ch\/\",\"name\":\"LEOLEX - \\u0448\\u0432\\u0435\\u0439\\u0446\\u0430\\u0440\\u0441\\u043a\\u0430\\u044f \\u044e\\u0440\\u0438\\u0434\\u0438\\u0447\\u0435\\u0441\\u043a\\u0430\\u044f \\u0438 \\u0431\\u0443\\u0445\\u0433\\u0430\\u043b\\u0442\\u0435\\u0440\\u0441\\u043a\\u0430\\u044f \\u0444\\u0438\\u0440\\u043c\\u0430\",\"description\":\"LeoLex est un des leaders en prestations de services juridiques pour les citoyens russophones et les soci\\u00e9t\\u00e9s d\\u2019origine russe sur le territoire de la Conf\\u00e9d\\u00e9ration suisse  et poss\\u00e8de 4 bureaux en Suisse: Anz\\u00e8re, Sion, Gen\\u00e8ve, Zurich\",\"publisher\":{\"@id\":\"https:\/\/leolex.ch\/#organization\"},\"potentialAction\":[{\"@type\":\"SearchAction\",\"target\":{\"@type\":\"EntryPoint\",\"urlTemplate\":\"https:\/\/leolex.ch\/?s={search_term_string}\"},\"query-input\":\"required name=search_term_string\"}],\"inLanguage\":\"fr-FR\"},{\"@type\":\"ImageObject\",\"@id\":\"https:\/\/leolex.ch\/semejnoe-pravo\/#primaryimage\",\"inLanguage\":\"fr-FR\",\"url\":\"https:\/\/leolex.ch\/wp-content\/uploads\/2020\/12\/fam.png\",\"contentUrl\":\"https:\/\/leolex.ch\/wp-content\/uploads\/2020\/12\/fam.png\",\"width\":70,\"height\":70},{\"@type\":\"WebPage\",\"@id\":\"https:\/\/leolex.ch\/semejnoe-pravo\/#webpage\",\"url\":\"https:\/\/leolex.ch\/semejnoe-pravo\/\",\"name\":\"\\u0421\\u0435\\u043c\\u0435\\u0439\\u043d\\u043e\\u0435 \\u043f\\u0440\\u0430\\u0432\\u043e &ndash; LEOLEX - le bureau juridique et comptable\",\"isPartOf\":{\"@id\":\"https:\/\/leolex.ch\/#website\"},\"primaryImageOfPage\":{\"@id\":\"https:\/\/leolex.ch\/semejnoe-pravo\/#primaryimage\"},\"datePublished\":\"2020-12-18T15:44:29+00:00\",\"dateModified\":\"2022-10-19T15:07:57+00:00\",\"description\":\"\\u041a\\u043e\\u043d\\u0441\\u0443\\u043b\\u044c\\u0442\\u0430\\u0446\\u0438\\u0438 \\u043f\\u043e \\u0432\\u043e\\u043f\\u0440\\u043e\\u0441\\u0430\\u043c, \\u0441\\u0432\\u044f\\u0437\\u0430\\u043d\\u043d\\u044b\\u043c \\u0441 \\u0441\\u0435\\u043c\\u0435\\u0439\\u043d\\u044b\\u043c \\u043f\\u0440\\u0430\\u0432\\u043e\\u043c. \\u041f\\u043e\\u043c\\u043e\\u0449\\u044c \\u0432\\u043e \\u0432\\u0437\\u044b\\u0441\\u043a\\u0430\\u043d\\u0438\\u0438 \\u0430\\u043b\\u0438\\u043c\\u0435\\u043d\\u0442\\u043e\\u0432, \\u0432 \\u0443\\u0441\\u044b\\u043d\\u043e\\u0432\\u043b\\u0435\\u043d\\u0438\\u0438, \\u043e\\u0444\\u043e\\u0440\\u043c\\u043b\\u0435\\u043d\\u0438\\u0438 \\u043e\\u043f\\u0435\\u043a\\u0438 \\u0438 \\u043f\\u0440\\u0438\\u0437\\u043d\\u0430\\u043d\\u0438\\u0438 \\u043e\\u0442\\u0446\\u043e\\u0432\\u0441\\u0442\\u0432\\u0430. \\u041a\\u043e\\u043d\\u0441\\u0443\\u043b\\u044c\\u0442\\u0430\\u0446\\u0438\\u0438 \\u043e \\u043f\\u043e\\u0441\\u043b\\u0435\\u0434\\u0441\\u0442\\u0432\\u0438\\u044f\\u0445 \\u0440\\u0430\\u0437\\u0432\\u043e\\u0434\\u0430\",\"breadcrumb\":{\"@id\":\"https:\/\/leolex.ch\/semejnoe-pravo\/#breadcrumb\"},\"inLanguage\":\"fr-FR\",\"potentialAction\":[{\"@type\":\"ReadAction\",\"target\":[\"https:\/\/leolex.ch\/semejnoe-pravo\/\"]}]},{\"@type\":\"BreadcrumbList\",\"@id\":\"https:\/\/leolex.ch\/semejnoe-pravo\/#breadcrumb\",\"itemListElement\":[{\"@type\":\"ListItem\",\"position\":1,\"name\":\"\\u0413\\u043b\\u0430\\u0432\\u043d\\u0430\\u044f \\u0441\\u0442\\u0440\\u0430\\u043d\\u0438\\u0446\\u0430\",\"item\":\"https:\/\/leolex.ch\/\"},{\"@type\":\"ListItem\",\"position\":2,\"name\":\"\\u0421\\u0415\\u041c\\u0415\\u0419\\u041d\\u041e\\u0415 \\u041f\\u0420\\u0410\\u0412\\u041e\"}]}]}<\/script>\n<!-- \/ Yoast SEO plugin. -->","yoast_head_json":{"title":"DROIT FAMILIAL &ndash; LEOLEX - le bureau juridique et comptable","description":"Le droit familial r\u00e9git les relations familiales, \u00e0 savoir : les relations personnelles et p\u00e9cuniaires qui naissent entre les \u00e9poux, les parents et leurs enfants, les proches, les enfants adopt\u00e9s ou les enfants dont l\u2019\u00e9ducation est prise en charge et leurs parents adoptifs.","robots":{"index":"index","follow":"follow","max-snippet":"max-snippet:-1","max-image-preview":"max-image-preview:large","max-video-preview":"max-video-preview:-1"},"canonical":"https:\/\/leolex.ch\/semejnoe-pravo\/","og_locale":"fr_FR","og_type":"article","og_title":"{:ru}\u0421\u0435\u043c\u0435\u0439\u043d\u043e\u0435 \u043f\u0440\u0430\u0432\u043e &ndash; LEOLEX - le bureau juridique et comptable{:}{:en}FAMILY LAW &ndash; LEOLEX - le bureau juridique et comptable{:}{:fr}DROIT FAMILIAL &ndash; LEOLEX - le bureau juridique et comptable{:}{:de}Familienrecht &ndash; LEOLEX - le bureau juridique et comptable{:}","og_description":"Le droit familial r\u00e9git les relations familiales, \u00e0 savoir : les relations personnelles et p\u00e9cuniaires qui naissent entre les \u00e9poux, les parents et leurs enfants, les proches, les enfants adopt\u00e9s ou les enfants dont l\u2019\u00e9ducation est prise en charge et leurs parents adoptifs.","og_url":"https:\/\/leolex.ch\/semejnoe-pravo\/","og_site_name":"LEOLEX - le bureau juridique et comptable","article_modified_time":"2022-10-19T15:07:57+00:00","og_image":[{"url":"https:\/\/leolex.ch\/wp-content\/uploads\/2020\/12\/fam.png"}],"twitter_card":"summary_large_image","twitter_misc":{"Est. reading time":"1 minute"},"schema":{"@context":"https:\/\/schema.org","@graph":[{"@type":"Organization","@id":"https:\/\/leolex.ch\/#organization","name":"Leolex","url":"https:\/\/leolex.ch\/","sameAs":[],"logo":{"@type":"ImageObject","@id":"https:\/\/leolex.ch\/#logo","inLanguage":"fr-FR","url":"https:\/\/leolex.ch\/wp-content\/uploads\/2021\/10\/logo-leolex-bez-fona-.png","contentUrl":"https:\/\/leolex.ch\/wp-content\/uploads\/2021\/10\/logo-leolex-bez-fona-.png","width":736,"height":200,"caption":"Leolex"},"image":{"@id":"https:\/\/leolex.ch\/#logo"}},{"@type":"WebSite","@id":"https:\/\/leolex.ch\/#website","url":"https:\/\/leolex.ch\/","name":"LEOLEX - \u0448\u0432\u0435\u0439\u0446\u0430\u0440\u0441\u043a\u0430\u044f \u044e\u0440\u0438\u0434\u0438\u0447\u0435\u0441\u043a\u0430\u044f \u0438 \u0431\u0443\u0445\u0433\u0430\u043b\u0442\u0435\u0440\u0441\u043a\u0430\u044f \u0444\u0438\u0440\u043c\u0430","description":"LeoLex est un des leaders en prestations de services juridiques pour les citoyens russophones et les soci\u00e9t\u00e9s d\u2019origine russe sur le territoire de la Conf\u00e9d\u00e9ration suisse  et poss\u00e8de 4 bureaux en Suisse: Anz\u00e8re, Sion, Gen\u00e8ve, Zurich","publisher":{"@id":"https:\/\/leolex.ch\/#organization"},"potentialAction":[{"@type":"SearchAction","target":{"@type":"EntryPoint","urlTemplate":"https:\/\/leolex.ch\/?s={search_term_string}"},"query-input":"required name=search_term_string"}],"inLanguage":"fr-FR"},{"@type":"ImageObject","@id":"https:\/\/leolex.ch\/semejnoe-pravo\/#primaryimage","inLanguage":"fr-FR","url":"https:\/\/leolex.ch\/wp-content\/uploads\/2020\/12\/fam.png","contentUrl":"https:\/\/leolex.ch\/wp-content\/uploads\/2020\/12\/fam.png","width":70,"height":70},{"@type":"WebPage","@id":"https:\/\/leolex.ch\/semejnoe-pravo\/#webpage","url":"https:\/\/leolex.ch\/semejnoe-pravo\/","name":"\u0421\u0435\u043c\u0435\u0439\u043d\u043e\u0435 \u043f\u0440\u0430\u0432\u043e &ndash; LEOLEX - le bureau juridique et comptable","isPartOf":{"@id":"https:\/\/leolex.ch\/#website"},"primaryImageOfPage":{"@id":"https:\/\/leolex.ch\/semejnoe-pravo\/#primaryimage"},"datePublished":"2020-12-18T15:44:29+00:00","dateModified":"2022-10-19T15:07:57+00:00","description":"\u041a\u043e\u043d\u0441\u0443\u043b\u044c\u0442\u0430\u0446\u0438\u0438 \u043f\u043e \u0432\u043e\u043f\u0440\u043e\u0441\u0430\u043c, \u0441\u0432\u044f\u0437\u0430\u043d\u043d\u044b\u043c \u0441 \u0441\u0435\u043c\u0435\u0439\u043d\u044b\u043c \u043f\u0440\u0430\u0432\u043e\u043c. \u041f\u043e\u043c\u043e\u0449\u044c \u0432\u043e \u0432\u0437\u044b\u0441\u043a\u0430\u043d\u0438\u0438 \u0430\u043b\u0438\u043c\u0435\u043d\u0442\u043e\u0432, \u0432 \u0443\u0441\u044b\u043d\u043e\u0432\u043b\u0435\u043d\u0438\u0438, \u043e\u0444\u043e\u0440\u043c\u043b\u0435\u043d\u0438\u0438 \u043e\u043f\u0435\u043a\u0438 \u0438 \u043f\u0440\u0438\u0437\u043d\u0430\u043d\u0438\u0438 \u043e\u0442\u0446\u043e\u0432\u0441\u0442\u0432\u0430. \u041a\u043e\u043d\u0441\u0443\u043b\u044c\u0442\u0430\u0446\u0438\u0438 \u043e \u043f\u043e\u0441\u043b\u0435\u0434\u0441\u0442\u0432\u0438\u044f\u0445 \u0440\u0430\u0437\u0432\u043e\u0434\u0430","breadcrumb":{"@id":"https:\/\/leolex.ch\/semejnoe-pravo\/#breadcrumb"},"inLanguage":"fr-FR","potentialAction":[{"@type":"ReadAction","target":["https:\/\/leolex.ch\/semejnoe-pravo\/"]}]},{"@type":"BreadcrumbList","@id":"https:\/\/leolex.ch\/semejnoe-pravo\/#breadcrumb","itemListElement":[{"@type":"ListItem","position":1,"name":"\u0413\u043b\u0430\u0432\u043d\u0430\u044f \u0441\u0442\u0440\u0430\u043d\u0438\u0446\u0430","item":"https:\/\/leolex.ch\/"},{"@type":"ListItem","position":2,"name":"\u0421\u0415\u041c\u0415\u0419\u041d\u041e\u0415 \u041f\u0420\u0410\u0412\u041e"}]}]}},"_links":{"self":[{"href":"https:\/\/leolex.ch\/fr\/wp-json\/wp\/v2\/pages\/274"}],"collection":[{"href":"https:\/\/leolex.ch\/fr\/wp-json\/wp\/v2\/pages"}],"about":[{"href":"https:\/\/leolex.ch\/fr\/wp-json\/wp\/v2\/types\/page"}],"author":[{"embeddable":true,"href":"https:\/\/leolex.ch\/fr\/wp-json\/wp\/v2\/users\/1"}],"replies":[{"embeddable":true,"href":"https:\/\/leolex.ch\/fr\/wp-json\/wp\/v2\/comments?post=274"}],"version-history":[{"count":42,"href":"https:\/\/leolex.ch\/fr\/wp-json\/wp\/v2\/pages\/274\/revisions"}],"predecessor-version":[{"id":1647,"href":"https:\/\/leolex.ch\/fr\/wp-json\/wp\/v2\/pages\/274\/revisions\/1647"}],"wp:attachment":[{"href":"https:\/\/leolex.ch\/fr\/wp-json\/wp\/v2\/media?parent=274"}],"curies":[{"name":"wp","href":"https:\/\/api.w.org\/{rel}","templated":true}]}}