{"id":251,"date":"2020-12-16T11:07:07","date_gmt":"2020-12-16T08:07:07","guid":{"rendered":"https:\/\/leolex.ch\/dogovornoe-pravo-copy\/"},"modified":"2021-11-26T23:32:29","modified_gmt":"2021-11-26T20:32:29","slug":"kommercheskoe-i-korporativnoe-pravo","status":"publish","type":"page","link":"https:\/\/leolex.ch\/fr\/kommercheskoe-i-korporativnoe-pravo\/","title":{"rendered":"\u041a\u041e\u041c\u041c\u0415\u0420\u0427\u0415\u0421\u041a\u041e\u0415 \u0418 \u041a\u041e\u0420\u041f\u041e\u0420\u0410\u0422\u0418\u0412\u041d\u041e\u0415 \u041f\u0420\u0410\u0412\u041e"},"content":{"rendered":"<p><img width=\"70\" height=\"70\" src=\"https:\/\/leolex.ch\/wp-content\/uploads\/2020\/12\/2_2.png\" alt=\"\" loading=\"lazy\"><\/p>\n<h2>DROIT COMMERCIAL ET CORPORATIF<\/h2>\n<p>Les questions li\u00e9es au droit commercial et corporatif sont parmi celles les plus importantes des caps d\u2019activit\u00e9 du bureau juridique et comptable suisse \u201c LEOLEX \u201d. Nos juristes font face quotidiennement aux questions li\u00e9es \u00e0 la cr\u00e9ation du business, \u00e0 commencer par \u00e9tablissement d\u2019un dossier de titres constitutifs et \u00e0 finir par enregistrement des soci\u00e9t\u00e9s en Suisse \u201c clefs en main \u201d, ainsi qu\u2019\u00e0 un accompagnement ult\u00e9rieur juridique des entreprises ainsi cr\u00e9es.<\/p>\n<p><strong>Les services du bureau juridique suisse \u201c I-Law \u201d dans le domaine du droit commercial et corporatif:<\/strong><\/p>\n<p>\u2014 accompagnement des enregistrements et achats des soci\u00e9t\u00e9s en Suisse ;<br \/>\n\u2014 r\u00e9daction des contrats commerciaux agissant en vertu de la l\u00e9gislation suisse ;<br \/>\n\u2014 expertise de la conformit\u00e9 des documents \u00e0 la l\u00e9gislation suisse en vigueur, ainsi qu\u2019aux int\u00e9r\u00eats du Client ;<br \/>\n\u2014 consultation et pr\u00e9paration des avis juridiques sur les questions vari\u00e9es du droit commercial, civil, administratif, corporatif ;<br \/>\n\u2014 accompagnement juridique des activit\u00e9s courantes du Client des soci\u00e9t\u00e9s suisses ;<br \/>\n\u2014 constitution des fiducies et des fonds ;<br \/>\n\u2014 \u00e9laboration du syst\u00e8me des relations contractuelles au sein des groupes financiers et des projets des contrats dans le cadre dudit syst\u00e8me ;<br \/>\n\u2014 consultation dans le domaine du droit fiscal ;<br \/>\n\u2014 \u00e9change de correspondance avec les organes administratifs et partenaires ;<br \/>\n\u2014 repr\u00e9sentation des int\u00e9r\u00eats des mandants dans les n\u00e9gociations avec les partenaires d\u2019affaire aupr\u00e8s des autorit\u00e9s publiques, ainsi que devant les tribunaux de toute instance ;<br \/>\n\u2014 analyse de la l\u00e9gitimit\u00e9 et du bien-fond\u00e9 des actions et actes des autorit\u00e9s publiques ;<br \/>\n\u2014 prestation de services de l\u2019administrateur nominal en conformit\u00e9 avec la l\u00e9gislation suisse ;<br \/>\n\u2014 due diligence juridique et fiscale ;<br \/>\n\u2014 consultation sur les questions de la l\u00e9gislation suisse et europ\u00e9enne relative \u00e0 la protection de donn\u00e9es \u00e0 caract\u00e8re personnel ;<br \/>\n\u2014 ouverture des comptes au profit des soci\u00e9t\u00e9s \u00e9trang\u00e8res en Suisse.<\/p>\n","protected":false},"excerpt":{"rendered":"<p>DROIT COMMERCIAL ET CORPORATIF Les questions li\u00e9es au droit commercial et corporatif sont parmi celles les plus importantes des caps d\u2019activit\u00e9 du bureau juridique et comptable suisse \u201c LEOLEX \u201d. Nos juristes font face quotidiennement&nbsp;<a href=\"https:\/\/leolex.ch\/fr\/kommercheskoe-i-korporativnoe-pravo\/\" class=\"read-more\">Continue Reading<\/a><\/p>\n","protected":false},"author":1,"featured_media":0,"parent":0,"menu_order":0,"comment_status":"closed","ping_status":"closed","template":"templates\/page-fullwidth.php","meta":[],"translation":{"provider":"WPGlobus","version":"2.8.6","language":"fr","enabled_languages":["ru","en","fr","de"],"languages":{"ru":{"title":true,"content":true,"excerpt":false},"en":{"title":true,"content":true,"excerpt":false},"fr":{"title":false,"content":true,"excerpt":false},"de":{"title":false,"content":true,"excerpt":false}}},"yoast_head":"<!-- This site is optimized with the Yoast SEO plugin v17.5 - https:\/\/yoast.com\/wordpress\/plugins\/seo\/ -->\n<title>DROIT COMMERCIAL ET CORPORATIF &ndash; LEOLEX - le bureau juridique et comptable<\/title>\n<meta name=\"description\" content=\"Les questions li\u00e9es au droit commercial et corporatif sont parmi celles les plus importantes des caps d\u2019activit\u00e9 du bureau juridique et comptable suisse LEOLEX\" \/>\n<meta name=\"robots\" content=\"index, follow, max-snippet:-1, max-image-preview:large, max-video-preview:-1\" \/>\n<link rel=\"canonical\" href=\"https:\/\/leolex.ch\/kommercheskoe-i-korporativnoe-pravo\/\" \/>\n<meta property=\"og:locale\" content=\"fr_FR\" \/>\n<meta property=\"og:type\" content=\"article\" \/>\n<meta property=\"og:title\" content=\"{:ru}\u041a\u041e\u041c\u041c\u0415\u0420\u0427\u0415\u0421\u041a\u041e\u0415 \u0418 \u041a\u041e\u0420\u041f\u041e\u0420\u0410\u0422\u0418\u0412\u041d\u041e\u0415 \u041f\u0420\u0410\u0412\u041e &ndash; LEOLEX - le bureau juridique et comptable{:}{:en}COMMERCIAL AND CORPORATE LAW&ndash; LEOLEX - le bureau juridique et comptable{:}{:fr}DROIT COMMERCIAL ET CORPORATIF &ndash; LEOLEX - le bureau juridique et comptable{:}{:de}HANDELS- UND GESELLSCHAFTSRECHT &ndash; LEOLEX - le bureau juridique et comptable{:}\" \/>\n<meta property=\"og:description\" content=\"Les questions li\u00e9es au droit commercial et corporatif sont parmi celles les plus importantes des caps d\u2019activit\u00e9 du bureau juridique et comptable suisse LEOLEX\" \/>\n<meta property=\"og:url\" content=\"https:\/\/leolex.ch\/kommercheskoe-i-korporativnoe-pravo\/\" \/>\n<meta property=\"og:site_name\" content=\"LEOLEX - le bureau juridique et comptable\" \/>\n<meta property=\"article:modified_time\" content=\"2021-11-26T20:32:29+00:00\" \/>\n<meta property=\"og:image\" content=\"https:\/\/leolex.ch\/wp-content\/uploads\/2020\/12\/2_2.png\" \/>\n<meta name=\"twitter:card\" content=\"summary_large_image\" \/>\n<meta name=\"twitter:label1\" content=\"Est. reading time\" \/>\n\t<meta name=\"twitter:data1\" content=\"2 minutes\" \/>\n<script type=\"application\/ld+json\" class=\"yoast-schema-graph\">{\"@context\":\"https:\/\/schema.org\",\"@graph\":[{\"@type\":\"Organization\",\"@id\":\"https:\/\/leolex.ch\/#organization\",\"name\":\"Leolex\",\"url\":\"https:\/\/leolex.ch\/\",\"sameAs\":[],\"logo\":{\"@type\":\"ImageObject\",\"@id\":\"https:\/\/leolex.ch\/#logo\",\"inLanguage\":\"fr-FR\",\"url\":\"https:\/\/leolex.ch\/wp-content\/uploads\/2021\/10\/logo-leolex-bez-fona-.png\",\"contentUrl\":\"https:\/\/leolex.ch\/wp-content\/uploads\/2021\/10\/logo-leolex-bez-fona-.png\",\"width\":736,\"height\":200,\"caption\":\"Leolex\"},\"image\":{\"@id\":\"https:\/\/leolex.ch\/#logo\"}},{\"@type\":\"WebSite\",\"@id\":\"https:\/\/leolex.ch\/#website\",\"url\":\"https:\/\/leolex.ch\/\",\"name\":\"LEOLEX - \\u0448\\u0432\\u0435\\u0439\\u0446\\u0430\\u0440\\u0441\\u043a\\u0430\\u044f \\u044e\\u0440\\u0438\\u0434\\u0438\\u0447\\u0435\\u0441\\u043a\\u0430\\u044f \\u0438 \\u0431\\u0443\\u0445\\u0433\\u0430\\u043b\\u0442\\u0435\\u0440\\u0441\\u043a\\u0430\\u044f \\u0444\\u0438\\u0440\\u043c\\u0430\",\"description\":\"LeoLex est un des leaders en prestations de services juridiques pour les citoyens russophones et les soci\\u00e9t\\u00e9s d\\u2019origine russe sur le territoire de la Conf\\u00e9d\\u00e9ration suisse  et poss\\u00e8de 4 bureaux en Suisse: Anz\\u00e8re, Sion, Gen\\u00e8ve, Zurich\",\"publisher\":{\"@id\":\"https:\/\/leolex.ch\/#organization\"},\"potentialAction\":[{\"@type\":\"SearchAction\",\"target\":{\"@type\":\"EntryPoint\",\"urlTemplate\":\"https:\/\/leolex.ch\/?s={search_term_string}\"},\"query-input\":\"required name=search_term_string\"}],\"inLanguage\":\"fr-FR\"},{\"@type\":\"ImageObject\",\"@id\":\"https:\/\/leolex.ch\/kommercheskoe-i-korporativnoe-pravo\/#primaryimage\",\"inLanguage\":\"fr-FR\",\"url\":\"https:\/\/leolex.ch\/wp-content\/uploads\/2020\/12\/2_2.png\",\"contentUrl\":\"https:\/\/leolex.ch\/wp-content\/uploads\/2020\/12\/2_2.png\",\"width\":70,\"height\":70},{\"@type\":\"WebPage\",\"@id\":\"https:\/\/leolex.ch\/kommercheskoe-i-korporativnoe-pravo\/#webpage\",\"url\":\"https:\/\/leolex.ch\/kommercheskoe-i-korporativnoe-pravo\/\",\"name\":\"\\u041a\\u041e\\u041c\\u041c\\u0415\\u0420\\u0427\\u0415\\u0421\\u041a\\u041e\\u0415 \\u0418 \\u041a\\u041e\\u0420\\u041f\\u041e\\u0420\\u0410\\u0422\\u0418\\u0412\\u041d\\u041e\\u0415 \\u041f\\u0420\\u0410\\u0412\\u041e &ndash; LEOLEX - le bureau juridique et comptable\",\"isPartOf\":{\"@id\":\"https:\/\/leolex.ch\/#website\"},\"primaryImageOfPage\":{\"@id\":\"https:\/\/leolex.ch\/kommercheskoe-i-korporativnoe-pravo\/#primaryimage\"},\"datePublished\":\"2020-12-16T08:07:07+00:00\",\"dateModified\":\"2021-11-26T20:32:29+00:00\",\"description\":\"\\u0421\\u043e\\u043f\\u0440\\u043e\\u0432\\u043e\\u0436\\u0434\\u0435\\u043d\\u0438\\u0435 \\u0440\\u0435\\u0433\\u0438\\u0441\\u0442\\u0440\\u0430\\u0446\\u0438\\u0439 \\u0438 \\u043f\\u043e\\u043a\\u0443\\u043f\\u043e\\u043a \\u043a\\u043e\\u043c\\u043f\\u0430\\u043d\\u0438\\u0439 \\u0432 \\u0428\\u0432\\u0435\\u0439\\u0446\\u0430\\u0440\\u0438\\u0438. C\\u043e\\u0441\\u0442\\u0430\\u0432\\u043b\\u0435\\u043d\\u0438\\u0435 \\u043a\\u043e\\u043c\\u043c\\u0435\\u0440\\u0447\\u0435\\u0441\\u043a\\u0438\\u0445 \\u0434\\u043e\\u0433\\u043e\\u0432\\u043e\\u0440\\u043e\\u0432, \\u0434\\u0435\\u0439\\u0441\\u0442\\u0432\\u0443\\u044e\\u0449\\u0438\\u0445 \\u043d\\u0430 \\u043e\\u0441\\u043d\\u043e\\u0432\\u0430\\u043d\\u0438\\u0438 \\u0428\\u0432\\u0435\\u0439\\u0446\\u0430\\u0440\\u0441\\u043a\\u043e\\u0433\\u043e \\u0437\\u0430\\u043a\\u043e\\u043d\\u043e\\u0434\\u0430\\u0442\\u0435\\u043b\\u044c\\u0441\\u0442\\u0432\\u0430\",\"breadcrumb\":{\"@id\":\"https:\/\/leolex.ch\/kommercheskoe-i-korporativnoe-pravo\/#breadcrumb\"},\"inLanguage\":\"fr-FR\",\"potentialAction\":[{\"@type\":\"ReadAction\",\"target\":[\"https:\/\/leolex.ch\/kommercheskoe-i-korporativnoe-pravo\/\"]}]},{\"@type\":\"BreadcrumbList\",\"@id\":\"https:\/\/leolex.ch\/kommercheskoe-i-korporativnoe-pravo\/#breadcrumb\",\"itemListElement\":[{\"@type\":\"ListItem\",\"position\":1,\"name\":\"\\u0413\\u043b\\u0430\\u0432\\u043d\\u0430\\u044f \\u0441\\u0442\\u0440\\u0430\\u043d\\u0438\\u0446\\u0430\",\"item\":\"https:\/\/leolex.ch\/\"},{\"@type\":\"ListItem\",\"position\":2,\"name\":\"\\u041a\\u041e\\u041c\\u041c\\u0415\\u0420\\u0427\\u0415\\u0421\\u041a\\u041e\\u0415 \\u0418 \\u041a\\u041e\\u0420\\u041f\\u041e\\u0420\\u0410\\u0422\\u0418\\u0412\\u041d\\u041e\\u0415 \\u041f\\u0420\\u0410\\u0412\\u041e\"}]}]}<\/script>\n<!-- \/ Yoast SEO plugin. -->","yoast_head_json":{"title":"DROIT COMMERCIAL ET CORPORATIF &ndash; LEOLEX - le bureau juridique et comptable","description":"Les questions li\u00e9es au droit commercial et corporatif sont parmi celles les plus importantes des caps d\u2019activit\u00e9 du bureau juridique et comptable suisse LEOLEX","robots":{"index":"index","follow":"follow","max-snippet":"max-snippet:-1","max-image-preview":"max-image-preview:large","max-video-preview":"max-video-preview:-1"},"canonical":"https:\/\/leolex.ch\/kommercheskoe-i-korporativnoe-pravo\/","og_locale":"fr_FR","og_type":"article","og_title":"{:ru}\u041a\u041e\u041c\u041c\u0415\u0420\u0427\u0415\u0421\u041a\u041e\u0415 \u0418 \u041a\u041e\u0420\u041f\u041e\u0420\u0410\u0422\u0418\u0412\u041d\u041e\u0415 \u041f\u0420\u0410\u0412\u041e &ndash; LEOLEX - le bureau juridique et comptable{:}{:en}COMMERCIAL AND CORPORATE LAW&ndash; LEOLEX - le bureau juridique et comptable{:}{:fr}DROIT COMMERCIAL ET CORPORATIF &ndash; LEOLEX - le bureau juridique et comptable{:}{:de}HANDELS- UND GESELLSCHAFTSRECHT &ndash; LEOLEX - le bureau juridique et comptable{:}","og_description":"Les questions li\u00e9es au droit commercial et corporatif sont parmi celles les plus importantes des caps d\u2019activit\u00e9 du bureau juridique et comptable suisse LEOLEX","og_url":"https:\/\/leolex.ch\/kommercheskoe-i-korporativnoe-pravo\/","og_site_name":"LEOLEX - le bureau juridique et comptable","article_modified_time":"2021-11-26T20:32:29+00:00","og_image":[{"url":"https:\/\/leolex.ch\/wp-content\/uploads\/2020\/12\/2_2.png"}],"twitter_card":"summary_large_image","twitter_misc":{"Est. reading time":"2 minutes"},"schema":{"@context":"https:\/\/schema.org","@graph":[{"@type":"Organization","@id":"https:\/\/leolex.ch\/#organization","name":"Leolex","url":"https:\/\/leolex.ch\/","sameAs":[],"logo":{"@type":"ImageObject","@id":"https:\/\/leolex.ch\/#logo","inLanguage":"fr-FR","url":"https:\/\/leolex.ch\/wp-content\/uploads\/2021\/10\/logo-leolex-bez-fona-.png","contentUrl":"https:\/\/leolex.ch\/wp-content\/uploads\/2021\/10\/logo-leolex-bez-fona-.png","width":736,"height":200,"caption":"Leolex"},"image":{"@id":"https:\/\/leolex.ch\/#logo"}},{"@type":"WebSite","@id":"https:\/\/leolex.ch\/#website","url":"https:\/\/leolex.ch\/","name":"LEOLEX - \u0448\u0432\u0435\u0439\u0446\u0430\u0440\u0441\u043a\u0430\u044f \u044e\u0440\u0438\u0434\u0438\u0447\u0435\u0441\u043a\u0430\u044f \u0438 \u0431\u0443\u0445\u0433\u0430\u043b\u0442\u0435\u0440\u0441\u043a\u0430\u044f \u0444\u0438\u0440\u043c\u0430","description":"LeoLex est un des leaders en prestations de services juridiques pour les citoyens russophones et les soci\u00e9t\u00e9s d\u2019origine russe sur le territoire de la Conf\u00e9d\u00e9ration suisse  et poss\u00e8de 4 bureaux en Suisse: Anz\u00e8re, Sion, Gen\u00e8ve, Zurich","publisher":{"@id":"https:\/\/leolex.ch\/#organization"},"potentialAction":[{"@type":"SearchAction","target":{"@type":"EntryPoint","urlTemplate":"https:\/\/leolex.ch\/?s={search_term_string}"},"query-input":"required name=search_term_string"}],"inLanguage":"fr-FR"},{"@type":"ImageObject","@id":"https:\/\/leolex.ch\/kommercheskoe-i-korporativnoe-pravo\/#primaryimage","inLanguage":"fr-FR","url":"https:\/\/leolex.ch\/wp-content\/uploads\/2020\/12\/2_2.png","contentUrl":"https:\/\/leolex.ch\/wp-content\/uploads\/2020\/12\/2_2.png","width":70,"height":70},{"@type":"WebPage","@id":"https:\/\/leolex.ch\/kommercheskoe-i-korporativnoe-pravo\/#webpage","url":"https:\/\/leolex.ch\/kommercheskoe-i-korporativnoe-pravo\/","name":"\u041a\u041e\u041c\u041c\u0415\u0420\u0427\u0415\u0421\u041a\u041e\u0415 \u0418 \u041a\u041e\u0420\u041f\u041e\u0420\u0410\u0422\u0418\u0412\u041d\u041e\u0415 \u041f\u0420\u0410\u0412\u041e &ndash; LEOLEX - le bureau juridique et comptable","isPartOf":{"@id":"https:\/\/leolex.ch\/#website"},"primaryImageOfPage":{"@id":"https:\/\/leolex.ch\/kommercheskoe-i-korporativnoe-pravo\/#primaryimage"},"datePublished":"2020-12-16T08:07:07+00:00","dateModified":"2021-11-26T20:32:29+00:00","description":"\u0421\u043e\u043f\u0440\u043e\u0432\u043e\u0436\u0434\u0435\u043d\u0438\u0435 \u0440\u0435\u0433\u0438\u0441\u0442\u0440\u0430\u0446\u0438\u0439 \u0438 \u043f\u043e\u043a\u0443\u043f\u043e\u043a \u043a\u043e\u043c\u043f\u0430\u043d\u0438\u0439 \u0432 \u0428\u0432\u0435\u0439\u0446\u0430\u0440\u0438\u0438. C\u043e\u0441\u0442\u0430\u0432\u043b\u0435\u043d\u0438\u0435 \u043a\u043e\u043c\u043c\u0435\u0440\u0447\u0435\u0441\u043a\u0438\u0445 \u0434\u043e\u0433\u043e\u0432\u043e\u0440\u043e\u0432, \u0434\u0435\u0439\u0441\u0442\u0432\u0443\u044e\u0449\u0438\u0445 \u043d\u0430 \u043e\u0441\u043d\u043e\u0432\u0430\u043d\u0438\u0438 \u0428\u0432\u0435\u0439\u0446\u0430\u0440\u0441\u043a\u043e\u0433\u043e \u0437\u0430\u043a\u043e\u043d\u043e\u0434\u0430\u0442\u0435\u043b\u044c\u0441\u0442\u0432\u0430","breadcrumb":{"@id":"https:\/\/leolex.ch\/kommercheskoe-i-korporativnoe-pravo\/#breadcrumb"},"inLanguage":"fr-FR","potentialAction":[{"@type":"ReadAction","target":["https:\/\/leolex.ch\/kommercheskoe-i-korporativnoe-pravo\/"]}]},{"@type":"BreadcrumbList","@id":"https:\/\/leolex.ch\/kommercheskoe-i-korporativnoe-pravo\/#breadcrumb","itemListElement":[{"@type":"ListItem","position":1,"name":"\u0413\u043b\u0430\u0432\u043d\u0430\u044f \u0441\u0442\u0440\u0430\u043d\u0438\u0446\u0430","item":"https:\/\/leolex.ch\/"},{"@type":"ListItem","position":2,"name":"\u041a\u041e\u041c\u041c\u0415\u0420\u0427\u0415\u0421\u041a\u041e\u0415 \u0418 \u041a\u041e\u0420\u041f\u041e\u0420\u0410\u0422\u0418\u0412\u041d\u041e\u0415 \u041f\u0420\u0410\u0412\u041e"}]}]}},"_links":{"self":[{"href":"https:\/\/leolex.ch\/fr\/wp-json\/wp\/v2\/pages\/251"}],"collection":[{"href":"https:\/\/leolex.ch\/fr\/wp-json\/wp\/v2\/pages"}],"about":[{"href":"https:\/\/leolex.ch\/fr\/wp-json\/wp\/v2\/types\/page"}],"author":[{"embeddable":true,"href":"https:\/\/leolex.ch\/fr\/wp-json\/wp\/v2\/users\/1"}],"replies":[{"embeddable":true,"href":"https:\/\/leolex.ch\/fr\/wp-json\/wp\/v2\/comments?post=251"}],"version-history":[{"count":47,"href":"https:\/\/leolex.ch\/fr\/wp-json\/wp\/v2\/pages\/251\/revisions"}],"predecessor-version":[{"id":1641,"href":"https:\/\/leolex.ch\/fr\/wp-json\/wp\/v2\/pages\/251\/revisions\/1641"}],"wp:attachment":[{"href":"https:\/\/leolex.ch\/fr\/wp-json\/wp\/v2\/media?parent=251"}],"curies":[{"name":"wp","href":"https:\/\/api.w.org\/{rel}","templated":true}]}}