{"id":2087,"date":"2022-03-18T10:59:32","date_gmt":"2022-03-18T07:59:32","guid":{"rendered":"https:\/\/leolex.ch\/roman-kudinov-1-copy\/"},"modified":"2022-03-18T12:02:59","modified_gmt":"2022-03-18T09:02:59","slug":"fedotov-ilya","status":"publish","type":"page","link":"https:\/\/leolex.ch\/fr\/fedotov-ilya\/","title":{"rendered":"\u0424\u0435\u0434\u043e\u0442\u043e\u0432 \u0418\u043b\u044c\u044f"},"content":{"rendered":"\t\t<div data-elementor-type=\"wp-page\" data-elementor-id=\"2087\" class=\"elementor elementor-2087\" data-elementor-settings=\"[]\">\n\t\t\t\t\t\t<div class=\"elementor-inner\">\n\t\t\t\t\t\t\t<div class=\"elementor-section-wrap\">\n\t\t\t\t\t\t\t<section class=\"elementor-section elementor-top-section elementor-element elementor-element-230d275 elementor-section-boxed elementor-section-height-default elementor-section-height-default\" data-id=\"230d275\" data-element_type=\"section\">\n\t\t\t\t\t\t<div class=\"elementor-container elementor-column-gap-default\">\n\t\t\t\t\t\t\t<div class=\"elementor-row\">\n\t\t\t\t\t<div class=\"elementor-column elementor-col-100 elementor-top-column elementor-element elementor-element-3ab90ec\" data-id=\"3ab90ec\" data-element_type=\"column\">\n\t\t\t<div class=\"elementor-column-wrap elementor-element-populated\">\n\t\t\t\t\t\t\t<div class=\"elementor-widget-wrap\">\n\t\t\t\t\t\t<div class=\"elementor-element elementor-element-2e227db elementor-widget elementor-widget-heading\" data-id=\"2e227db\" data-element_type=\"widget\" data-widget_type=\"heading.default\">\n\t\t\t\t<div class=\"elementor-widget-container\">\n\t\t\t<h2 class=\"elementor-heading-title elementor-size-default\">\u0424\u0435\u0434\u043e\u0442\u043e\u0432 \u0418\u043b\u044c\u044f<\/h2>\t\t<\/div>\n\t\t\t\t<\/div>\n\t\t\t\t<div class=\"elementor-element elementor-element-76b7427 elementor-widget elementor-widget-text-editor\" data-id=\"76b7427\" data-element_type=\"widget\" data-widget_type=\"text-editor.default\">\n\t\t\t\t<div class=\"elementor-widget-container\">\n\t\t\t\t\t\t\t\t<div class=\"elementor-text-editor elementor-clearfix\">\n\t\t\t\t<img loading=\"lazy\" class=\"wp-image-2091 size-medium alignleft\"\n     src=\"https:\/\/leolex.ch\/wp-content\/uploads\/2022\/03\/foto-dlya-sajta-237x300.jpg\" alt=\"\" width=\"236\" height=\"300\" srcset=\"https:\/\/leolex.ch\/wp-content\/uploads\/2022\/03\/foto-dlya-sajta-237x300.jpg 237w, https:\/\/leolex.ch\/wp-content\/uploads\/2022\/03\/foto-dlya-sajta-809x1024.jpg 809w, https:\/\/leolex.ch\/wp-content\/uploads\/2022\/03\/foto-dlya-sajta-768x972.jpg 768w, https:\/\/leolex.ch\/wp-content\/uploads\/2022\/03\/foto-dlya-sajta-1213x1536.jpg 1213w, https:\/\/leolex.ch\/wp-content\/uploads\/2022\/03\/foto-dlya-sajta.jpg 1237w\" sizes=\"(max-width: 236px) 100vw, 236px\" \/>\n<p>\u0424\u0435\u0434\u043e\u0442\u043e\u0432 \u0418\u043b\u044c\u044f \u044f\u0432\u043b\u044f\u0435\u0442\u0441\u044f \u0434\u0438\u0440\u0435\u043a\u0442\u043e\u0440\u043e\u043c \u041c\u043e\u0441\u043a\u043e\u0432\u0441\u043a\u043e\u0433\u043e \u0444\u0438\u043b\u0438\u0430\u043b\u0430 \u043c\u0435\u0436\u0434\u0443\u043d\u0430\u0440\u043e\u0434\u043d\u043e\u0433\u043e \u0431\u0443\u0445\u0433\u0430\u043b\u0442\u0435\u0440\u0441\u043a\u043e\u0433\u043e \u0438 \u044e\u0440\u0438\u0434\u0438\u0447\u0435\u0441\u043a\u043e\u0433\u043e \u0431\u044e\u0440\u043e LEOLEX S\u00e0rl. \u041d\u0430\u0447\u0430\u043b \u044e\u0440\u0438\u0434\u0438\u0447\u0435\u0441\u043a\u0443\u044e \u043f\u0440\u0430\u043a\u0442\u0438\u043a\u0443 \u0432 2017 \u0433\u043e\u0434\u0443.<\/p>\n\n<p><strong>\u041e\u0431\u0440\u0430\u0437\u043e\u0432\u0430\u043d\u0438\u0435:<\/strong><\/p>\n\n<p>2002: \u0414\u0438\u043f\u043b\u043e\u043c \u043e \u0432\u044b\u0441\u0448\u0435\u043c \u044e\u0440\u0438\u0434\u0438\u0447\u0435\u0441\u043a\u043e\u043c \u043e\u0431\u0440\u0430\u0437\u043e\u0432\u0430\u043d\u0438\u0438 (\u041c\u043e\u0441\u043a\u043e\u0432\u0441\u043a\u0438\u0439 \u0433\u043e\u0441\u0443\u0434\u0430\u0440\u0441\u0442\u0432\u0435\u043d\u043d\u044b\u0439 \u0443\u043d\u0438\u0432\u0435\u0440\u0441\u0438\u0442\u0435\u0442 \u044d\u043a\u043e\u043d\u043e\u043c\u0438\u043a\u0438, \u0441\u0442\u0430\u0442\u0438\u0441\u0442\u0438\u043a\u0438 \u0438 \u0438\u043d\u0444\u043e\u0440\u043c\u0430\u0442\u0438\u043a\u0438 (\u044e\u0440\u0438\u0434\u0438\u0447\u0435\u0441\u043a\u0438\u0439 \u0444\u0430\u043a\u0443\u043b\u044c\u0442\u0435\u0442) \u0433.\u041c\u043e\u0441\u043a\u0432\u0430, \u0420\u043e\u0441\u0441\u0438\u044f, \u043f\u0440\u0438\u0441\u043e\u0435\u0434\u0438\u043d\u0435\u043d \u043a \u0420\u043e\u0441\u0441\u0438\u0439\u0441\u043a\u0438\u0439 \u044d\u043a\u043e\u043d\u043e\u043c\u0438\u0447\u0435\u0441\u043a\u0438\u0439 \u0423\u041d\u0418\u0412\u0415\u0420\u0421\u0418\u0422\u0415\u0422 \u0438\u043c\u0435\u043d\u0438 \u0413.\u0412. \u041f\u043b\u0435\u0445\u0430\u043d\u043e\u0432\u0430);<\/p>\n\n<p>\u041c\u043d\u043e\u0433\u043e\u0447\u0438\u0441\u043b\u0435\u043d\u043d\u044b\u0435 \u0441\u0435\u0440\u0442\u0438\u0444\u0438\u043a\u0430\u0442\u044b \u043e\u0431 \u0443\u0441\u043f\u0435\u0448\u043d\u043e\u043c \u043f\u0440\u043e\u0445\u043e\u0436\u0434\u0435\u043d\u0438\u0438 \u043a\u0443\u0440\u0441\u043e\u0432 \u0432 \u0441\u0444\u0435\u0440\u0435 \u0431\u0430\u043d\u043a\u043e\u0432\u0441\u043a\u043e\u0433\u043e \u0438 \u043a\u043e\u0440\u043f\u043e\u0440\u0430\u0442\u0438\u0432\u043d\u043e\u0433\u043e \u043f\u0440\u0430\u0432\u0430 (\u0413\u043e\u0441\u0443\u0434\u0430\u0440\u0441\u0442\u0432\u0435\u043d\u043d\u044b\u0435 \u043e\u0431\u0440\u0430\u0437\u043e\u0432\u0430\u0442\u0435\u043b\u044c\u043d\u044b\u0435 \u0443\u0447\u0440\u0435\u0436\u0434\u0435\u043d\u0438\u044f \u0433.\u041c\u043e\u0441\u043a\u0432\u044b, \u0420\u043e\u0441\u0441\u0438\u044f).<\/p>\n\n<p><strong>\u0420\u0430\u0437\u043b\u0438\u0447\u043d\u0430\u044f \u0434\u0435\u044f\u0442\u0435\u043b\u044c\u043d\u043e\u0441\u0442\u044c:<\/strong><\/p>\n<p>\n<ul style=\"font-size: 22px;\">\n\t<li>\u2014 \u0421 2002 \u0433\u043e\u0434\u0430, \u043d\u0430 \u043f\u0440\u043e\u0442\u044f\u0436\u0435\u043d\u0438\u0438 \u0442\u0440\u0435\u0445 \u043b\u0435\u0442 \u0440\u0430\u0431\u043e\u0442\u0430\u043b \u0432 \u0424\u0435\u0434\u0435\u0440\u0430\u043b\u044c\u043d\u043e\u0439 \u043a\u043e\u043c\u0438\u0441\u0441\u0438\u0438 \u043f\u043e \u0440\u044b\u043d\u043a\u0443 \u0446\u0435\u043d\u043d\u044b\u0445 \u0431\u0443\u043c\u0430\u0433 (\u0437\u0430\u0442\u0435\u043c \u043f\u0435\u0440\u0435\u0438\u043c\u0435\u043d\u043e\u0432\u0430\u043d\u0430\n\t\t\u0432 \u0424\u0435\u0434\u0435\u0440\u0430\u043b\u044c\u043d\u0443\u044e \u0441\u043b\u0443\u0436\u0431\u0443 \u043f\u043e \u0444\u0438\u043d\u0430\u043d\u0441\u043e\u0432\u044b\u043c \u0440\u044b\u043d\u043a\u0430\u043c) \u0432 \u0443\u043f\u0440\u0430\u0432\u043b\u0435\u043d\u0438\u0438 \u043a\u043e\u043d\u0442\u0440\u043e\u043b\u044f \u0437\u0430 \u043f\u0440\u043e\u0432\u0435\u0434\u0435\u043d\u0438\u0435\u043c \u043e\u043f\u0435\u0440\u0430\u0446\u0438\u0439 \u0441 \u0446\u0435\u043d\u043d\u044b\u043c\u0438 \u0431\u0443\u043c\u0430\u0433\u0430\u043c\u0438;\n\t<\/li>\n\t<li>\u2014 \u0421 2005 \u0433\u043e\u0434\u0430, \u0440\u0430\u0431\u043e\u0442\u0430\u043b \u0432 \u044e\u0440\u0438\u0434\u0438\u0447\u0435\u0441\u043a\u0438\u0445 \u0443\u043f\u0440\u0430\u0432\u043b\u0435\u043d\u0438\u044f\u0445 \u043d\u0435\u0441\u043a\u043e\u043b\u044c\u043a\u0438\u0445 \u0431\u0430\u043d\u043a\u043e\u0432 \u0433.\u041c\u043e\u0441\u043a\u0432\u044b \u0434\u043e\u0441\u043b\u0443\u0436\u0438\u0432\u0448\u0438\u0441\u044c \u0434\u043e \u0440\u0443\u043a\u043e\u0432\u043e\u0434\u0438\u0442\u0435\u043b\u044f\n\t\t\u043f\u0440\u0430\u0432\u043e\u0432\u043e\u0433\u043e \u0443\u043f\u0440\u0430\u0432\u043b\u0435\u043d\u0438\u044f;\n\t<\/li>\n\t<li>\u2014 \u0421 2017 \u0433\u043e\u0434\u0430 \u043e\u0441\u0443\u0449\u0435\u0441\u0442\u0432\u043b\u044f\u043b \u044e\u0440\u0438\u0434\u0438\u0447\u0435\u0441\u043a\u0443\u044e \u043f\u0440\u0430\u043a\u0442\u0438\u043a\u0443 \u0432 \u0447\u0430\u0441\u0442\u043d\u043e\u043c \u043f\u043e\u0440\u044f\u0434\u043a\u0435;<\/li>\n\t<li>\u2014 \u0421 2021 \u0433\u043e\u0434\u0430 \u043f\u0440\u0438\u0441\u043e\u0435\u0434\u0438\u043d\u0438\u043b\u0441\u044f \u043a \u043a\u043e\u043c\u0430\u043d\u0434\u0435 \u043c\u0435\u0436\u0434\u0443\u043d\u0430\u0440\u043e\u0434\u043d\u043e\u0433\u043e \u0431\u0443\u0445\u0433\u0430\u043b\u0442\u0435\u0440\u0441\u043a\u043e\u0433\u043e \u0438 \u044e\u0440\u0438\u0434\u0438\u0447\u0435\u0441\u043a\u043e\u0433\u043e \u0431\u044e\u0440\u043e LEOLEX S\u00e0rl.<\/li>\n<\/ul>\n<\/p>\t\t\t\t\t<\/div>\n\t\t\t\t\t\t<\/div>\n\t\t\t\t<\/div>\n\t\t\t\t\t\t<\/div>\n\t\t\t\t\t<\/div>\n\t\t<\/div>\n\t\t\t\t\t\t\t\t<\/div>\n\t\t\t\t\t<\/div>\n\t\t<\/section>\n\t\t\t\t\t\t<\/div>\n\t\t\t\t\t\t<\/div>\n\t\t\t\t\t<\/div>\n\t\t","protected":false},"excerpt":{"rendered":"<p>Monsieur KUDINOV Roman est un partenaire-g\u00e9rant du bureau comptable et juridique international LEOLEX S\u00e0rl. Il a d\u00e9but\u00e9 ses pratiques juridiques en 2015. \u00c9DUCATION : 2016 Dipl\u00f4me du Baccalaur\u00e9at dans le domaine du droit suisse (Universit\u00e9&nbsp;<a href=\"https:\/\/leolex.ch\/fr\/fedotov-ilya\/\" class=\"read-more\">Continue Reading<\/a><\/p>\n","protected":false},"author":2,"featured_media":0,"parent":0,"menu_order":0,"comment_status":"closed","ping_status":"closed","template":"elementor_header_footer","meta":[],"translation":{"provider":"WPGlobus","version":"2.8.6","language":"fr","enabled_languages":["ru","en","fr","de"],"languages":{"ru":{"title":true,"content":true,"excerpt":false},"en":{"title":false,"content":true,"excerpt":false},"fr":{"title":false,"content":true,"excerpt":false},"de":{"title":true,"content":true,"excerpt":false}}},"yoast_head":"<!-- This site is optimized with the Yoast SEO plugin v17.5 - https:\/\/yoast.com\/wordpress\/plugins\/seo\/ -->\n<title>&ndash; LEOLEX - le bureau juridique et comptable<\/title>\n<meta name=\"robots\" content=\"index, follow, max-snippet:-1, max-image-preview:large, max-video-preview:-1\" \/>\n<link rel=\"canonical\" href=\"https:\/\/leolex.ch\/fedotov-ilya\/\" \/>\n<meta property=\"og:locale\" content=\"fr_FR\" \/>\n<meta property=\"og:type\" content=\"article\" \/>\n<meta property=\"og:title\" content=\"&ndash; LEOLEX - le bureau juridique et comptable\" \/>\n<meta property=\"og:url\" content=\"https:\/\/leolex.ch\/fedotov-ilya\/\" \/>\n<meta property=\"og:site_name\" content=\"LEOLEX - le bureau juridique et comptable\" \/>\n<meta property=\"article:modified_time\" content=\"2022-03-18T09:02:59+00:00\" \/>\n<meta property=\"og:image\" content=\"https:\/\/leolex.ch\/wp-content\/uploads\/2020\/12\/photo-kudinov-roman-236x300.jpg\" \/>\n<meta name=\"twitter:card\" content=\"summary_large_image\" \/>\n<meta name=\"twitter:label1\" content=\"Est. reading time\" \/>\n\t<meta name=\"twitter:data1\" content=\"1 minute\" \/>\n<script type=\"application\/ld+json\" class=\"yoast-schema-graph\">{\"@context\":\"https:\/\/schema.org\",\"@graph\":[{\"@type\":\"Organization\",\"@id\":\"https:\/\/leolex.ch\/#organization\",\"name\":\"Leolex\",\"url\":\"https:\/\/leolex.ch\/\",\"sameAs\":[],\"logo\":{\"@type\":\"ImageObject\",\"@id\":\"https:\/\/leolex.ch\/#logo\",\"inLanguage\":\"fr-FR\",\"url\":\"https:\/\/leolex.ch\/wp-content\/uploads\/2021\/10\/logo-leolex-bez-fona-.png\",\"contentUrl\":\"https:\/\/leolex.ch\/wp-content\/uploads\/2021\/10\/logo-leolex-bez-fona-.png\",\"width\":736,\"height\":200,\"caption\":\"Leolex\"},\"image\":{\"@id\":\"https:\/\/leolex.ch\/#logo\"}},{\"@type\":\"WebSite\",\"@id\":\"https:\/\/leolex.ch\/#website\",\"url\":\"https:\/\/leolex.ch\/\",\"name\":\"LEOLEX - \\u0448\\u0432\\u0435\\u0439\\u0446\\u0430\\u0440\\u0441\\u043a\\u0430\\u044f \\u044e\\u0440\\u0438\\u0434\\u0438\\u0447\\u0435\\u0441\\u043a\\u0430\\u044f \\u0438 \\u0431\\u0443\\u0445\\u0433\\u0430\\u043b\\u0442\\u0435\\u0440\\u0441\\u043a\\u0430\\u044f \\u0444\\u0438\\u0440\\u043c\\u0430\",\"description\":\"LeoLex est un des leaders en prestations de services juridiques pour les citoyens russophones et les soci\\u00e9t\\u00e9s d\\u2019origine russe sur le territoire de la Conf\\u00e9d\\u00e9ration suisse  et poss\\u00e8de 4 bureaux en Suisse: Anz\\u00e8re, Sion, Gen\\u00e8ve, Zurich\",\"publisher\":{\"@id\":\"https:\/\/leolex.ch\/#organization\"},\"potentialAction\":[{\"@type\":\"SearchAction\",\"target\":{\"@type\":\"EntryPoint\",\"urlTemplate\":\"https:\/\/leolex.ch\/?s={search_term_string}\"},\"query-input\":\"required name=search_term_string\"}],\"inLanguage\":\"fr-FR\"},{\"@type\":\"ImageObject\",\"@id\":\"https:\/\/leolex.ch\/fedotov-ilya\/#primaryimage\",\"inLanguage\":\"fr-FR\",\"url\":\"https:\/\/leolex.ch\/wp-content\/uploads\/2020\/12\/photo-kudinov-roman.jpg\",\"contentUrl\":\"https:\/\/leolex.ch\/wp-content\/uploads\/2020\/12\/photo-kudinov-roman.jpg\",\"width\":879,\"height\":1117},{\"@type\":\"WebPage\",\"@id\":\"https:\/\/leolex.ch\/fedotov-ilya\/#webpage\",\"url\":\"https:\/\/leolex.ch\/fedotov-ilya\/\",\"name\":\"&ndash; LEOLEX - le bureau juridique et comptable\",\"isPartOf\":{\"@id\":\"https:\/\/leolex.ch\/#website\"},\"primaryImageOfPage\":{\"@id\":\"https:\/\/leolex.ch\/fedotov-ilya\/#primaryimage\"},\"datePublished\":\"2022-03-18T07:59:32+00:00\",\"dateModified\":\"2022-03-18T09:02:59+00:00\",\"breadcrumb\":{\"@id\":\"https:\/\/leolex.ch\/fedotov-ilya\/#breadcrumb\"},\"inLanguage\":\"fr-FR\",\"potentialAction\":[{\"@type\":\"ReadAction\",\"target\":[\"https:\/\/leolex.ch\/fedotov-ilya\/\"]}]},{\"@type\":\"BreadcrumbList\",\"@id\":\"https:\/\/leolex.ch\/fedotov-ilya\/#breadcrumb\",\"itemListElement\":[{\"@type\":\"ListItem\",\"position\":1,\"name\":\"\\u0413\\u043b\\u0430\\u0432\\u043d\\u0430\\u044f \\u0441\\u0442\\u0440\\u0430\\u043d\\u0438\\u0446\\u0430\",\"item\":\"https:\/\/leolex.ch\/\"},{\"@type\":\"ListItem\",\"position\":2,\"name\":\"\\u0424\\u0435\\u0434\\u043e\\u0442\\u043e\\u0432 \\u0418\\u043b\\u044c\\u044f\"}]}]}<\/script>\n<!-- \/ Yoast SEO plugin. -->","yoast_head_json":{"title":"&ndash; LEOLEX - le bureau juridique et comptable","robots":{"index":"index","follow":"follow","max-snippet":"max-snippet:-1","max-image-preview":"max-image-preview:large","max-video-preview":"max-video-preview:-1"},"canonical":"https:\/\/leolex.ch\/fedotov-ilya\/","og_locale":"fr_FR","og_type":"article","og_title":"&ndash; LEOLEX - le bureau juridique et comptable","og_url":"https:\/\/leolex.ch\/fedotov-ilya\/","og_site_name":"LEOLEX - le bureau juridique et comptable","article_modified_time":"2022-03-18T09:02:59+00:00","og_image":[{"url":"https:\/\/leolex.ch\/wp-content\/uploads\/2020\/12\/photo-kudinov-roman-236x300.jpg"}],"twitter_card":"summary_large_image","twitter_misc":{"Est. reading time":"1 minute"},"schema":{"@context":"https:\/\/schema.org","@graph":[{"@type":"Organization","@id":"https:\/\/leolex.ch\/#organization","name":"Leolex","url":"https:\/\/leolex.ch\/","sameAs":[],"logo":{"@type":"ImageObject","@id":"https:\/\/leolex.ch\/#logo","inLanguage":"fr-FR","url":"https:\/\/leolex.ch\/wp-content\/uploads\/2021\/10\/logo-leolex-bez-fona-.png","contentUrl":"https:\/\/leolex.ch\/wp-content\/uploads\/2021\/10\/logo-leolex-bez-fona-.png","width":736,"height":200,"caption":"Leolex"},"image":{"@id":"https:\/\/leolex.ch\/#logo"}},{"@type":"WebSite","@id":"https:\/\/leolex.ch\/#website","url":"https:\/\/leolex.ch\/","name":"LEOLEX - \u0448\u0432\u0435\u0439\u0446\u0430\u0440\u0441\u043a\u0430\u044f \u044e\u0440\u0438\u0434\u0438\u0447\u0435\u0441\u043a\u0430\u044f \u0438 \u0431\u0443\u0445\u0433\u0430\u043b\u0442\u0435\u0440\u0441\u043a\u0430\u044f \u0444\u0438\u0440\u043c\u0430","description":"LeoLex est un des leaders en prestations de services juridiques pour les citoyens russophones et les soci\u00e9t\u00e9s d\u2019origine russe sur le territoire de la Conf\u00e9d\u00e9ration suisse  et poss\u00e8de 4 bureaux en Suisse: Anz\u00e8re, Sion, Gen\u00e8ve, Zurich","publisher":{"@id":"https:\/\/leolex.ch\/#organization"},"potentialAction":[{"@type":"SearchAction","target":{"@type":"EntryPoint","urlTemplate":"https:\/\/leolex.ch\/?s={search_term_string}"},"query-input":"required name=search_term_string"}],"inLanguage":"fr-FR"},{"@type":"ImageObject","@id":"https:\/\/leolex.ch\/fedotov-ilya\/#primaryimage","inLanguage":"fr-FR","url":"https:\/\/leolex.ch\/wp-content\/uploads\/2020\/12\/photo-kudinov-roman.jpg","contentUrl":"https:\/\/leolex.ch\/wp-content\/uploads\/2020\/12\/photo-kudinov-roman.jpg","width":879,"height":1117},{"@type":"WebPage","@id":"https:\/\/leolex.ch\/fedotov-ilya\/#webpage","url":"https:\/\/leolex.ch\/fedotov-ilya\/","name":"&ndash; LEOLEX - le bureau juridique et comptable","isPartOf":{"@id":"https:\/\/leolex.ch\/#website"},"primaryImageOfPage":{"@id":"https:\/\/leolex.ch\/fedotov-ilya\/#primaryimage"},"datePublished":"2022-03-18T07:59:32+00:00","dateModified":"2022-03-18T09:02:59+00:00","breadcrumb":{"@id":"https:\/\/leolex.ch\/fedotov-ilya\/#breadcrumb"},"inLanguage":"fr-FR","potentialAction":[{"@type":"ReadAction","target":["https:\/\/leolex.ch\/fedotov-ilya\/"]}]},{"@type":"BreadcrumbList","@id":"https:\/\/leolex.ch\/fedotov-ilya\/#breadcrumb","itemListElement":[{"@type":"ListItem","position":1,"name":"\u0413\u043b\u0430\u0432\u043d\u0430\u044f \u0441\u0442\u0440\u0430\u043d\u0438\u0446\u0430","item":"https:\/\/leolex.ch\/"},{"@type":"ListItem","position":2,"name":"\u0424\u0435\u0434\u043e\u0442\u043e\u0432 \u0418\u043b\u044c\u044f"}]}]}},"_links":{"self":[{"href":"https:\/\/leolex.ch\/fr\/wp-json\/wp\/v2\/pages\/2087"}],"collection":[{"href":"https:\/\/leolex.ch\/fr\/wp-json\/wp\/v2\/pages"}],"about":[{"href":"https:\/\/leolex.ch\/fr\/wp-json\/wp\/v2\/types\/page"}],"author":[{"embeddable":true,"href":"https:\/\/leolex.ch\/fr\/wp-json\/wp\/v2\/users\/2"}],"replies":[{"embeddable":true,"href":"https:\/\/leolex.ch\/fr\/wp-json\/wp\/v2\/comments?post=2087"}],"version-history":[{"count":50,"href":"https:\/\/leolex.ch\/fr\/wp-json\/wp\/v2\/pages\/2087\/revisions"}],"predecessor-version":[{"id":2162,"href":"https:\/\/leolex.ch\/fr\/wp-json\/wp\/v2\/pages\/2087\/revisions\/2162"}],"wp:attachment":[{"href":"https:\/\/leolex.ch\/fr\/wp-json\/wp\/v2\/media?parent=2087"}],"curies":[{"name":"wp","href":"https:\/\/api.w.org\/{rel}","templated":true}]}}