{"id":2,"date":"2020-12-02T20:34:54","date_gmt":"2020-12-02T17:34:54","guid":{"rendered":"https:\/\/leolex.ch\/?page_id=2"},"modified":"2022-10-19T18:08:43","modified_gmt":"2022-10-19T15:08:43","slug":"sample-page","status":"publish","type":"page","link":"https:\/\/leolex.ch\/fr\/","title":{"rendered":"\u0413\u043b\u0430\u0432\u043d\u0430\u044f"},"content":{"rendered":"<p>%<br \/>\n\t\t\t\t0<br \/>\n\t\t\t\taffaires gagn\u00e9es tout au long de l\u2019histoire du Bureau<br \/>\n\t\t\t\tans<br \/>\n\t\t\t\t0<br \/>\n\t\t\t\tsur le march\u00e9  de services juridiques<br \/>\n\t\t\t\tans<br \/>\n\t\t\t\t0<br \/>\n\t\t\t\tsur le march\u00e9 de services comptables<br \/>\n\t\t\t\t100<br \/>\n\t\t\t\tclients ayant b\u00e9n\u00e9fici\u00e9  de nos services<br \/>\n\t\t\t\t\t\t\t\t\t\t\t<a href=\"\/fr\/dogovornoe-pravo\"><br \/>\n\t\t\t\t\t\t\t<img width=\"70\" height=\"70\" src=\"https:\/\/leolex.ch\/wp-content\/uploads\/2020\/12\/1_1.png\" alt=\"\" loading=\"lazy\" \/>\t\t\t\t\t\t\t\t<\/a><\/p>\n<h2><a href=\"\/fr\/dogovornoe-pravo\">DROIT CONTRACTUEL<\/a><\/h2>\n<p>Le droit contractuel est indispensable dans toute activit\u00e9 \u00e9tant une branche juridique qui nous accompagne, en particulier, en embauche, signature de march\u00e9s commerciaux, location de logement, coop\u00e9ration avec les banques, r\u00e8glement de situations d\u2019h\u00e9ritage. Le droit contractuel devient de plus en plus complexe en raison d\u2019\u00e9mergence de formes de coop\u00e9ration d\u2019affaire particuli\u00e8res dont le fond \u00e0 transcrire sur le papier donne beaucoup de soucis pour un juriste. Souvent, les parties peuvent interpr\u00e9ter diff\u00e9remment les m\u00eames clauses contractuelles, donc il est important pour que la totalit\u00e9 des points de contrat soit aper\u00e7ue de la m\u00eame mani\u00e8re par les parties. Ceci permettra d\u2019\u00e9viter, par la suite, de longs d\u00e9bats et de pertes de confiance \u00e0 votre partenaire d\u2019affaire. Pour pouvoir clairement concevoir tous les points de contrat, vous et votre juriste doivent parler la m\u00eame langue. Les sp\u00e9cialistes du bureau juridique et comptable suisse  \u201cLEOLEX\u201d vous aideront \u00e0 r\u00e9diger, de la mani\u00e8re professionnelle, des contrats diff\u00e9rents pour les personnes morales et physiques en langue russe, anglaise, allemande, fran\u00e7aise.<\/p>\n<p>\t\t\t<a href=\"\/fr\/dogovornoe-pravo\" role=\"button\"><br \/>\n\t\t\t\t\t\tEn savoir plus<br \/>\n\t\t\t\t\t<\/a><br \/>\n\t\t\t\t\t\t\t\t\t\t\t<a href=\"\/fr\/kommercheskoe-i-korporativnoe-pravo\"><br \/>\n\t\t\t\t\t\t\t<img width=\"70\" height=\"70\" src=\"https:\/\/leolex.ch\/wp-content\/uploads\/2020\/12\/2_2.png\" alt=\"\" loading=\"lazy\" \/>\t\t\t\t\t\t\t\t<\/a><\/p>\n<h2><a href=\"\/fr\/kommercheskoe-i-korporativnoe-pravo\">DROIT COMMERCIAL ET CORPORATIF<\/a><\/h2>\n<p>Les questions li\u00e9es au droit commercial et corporatif sont parmi celles les plus importantes des caps d\u2019activit\u00e9 du bureau juridique et comptable suisse \u201c LEOLEX \u201d. Nos juristes font face quotidiennement aux questions li\u00e9es \u00e0 la cr\u00e9ation du business, \u00e0 commencer par \u00e9tablissement d\u2019un dossier de titres constitutifs et \u00e0 finir par enregistrement des soci\u00e9t\u00e9s en Suisse \u201c clefs en main \u201d, ainsi qu\u2019\u00e0 un accompagnement ult\u00e9rieur juridique des entreprises ainsi cr\u00e9es.<\/p>\n<p>\t\t\t<a href=\"\/fr\/kommercheskoe-i-korporativnoe-pravo\" role=\"button\"><br \/>\n\t\t\t\t\t\tEn savoir plus<br \/>\n\t\t\t\t\t<\/a><br \/>\n\t\t\t\t\t\t\t\t\t\t\t<a href=\"\/fr\/migraczionnoe-pravo\/\"><br \/>\n\t\t\t\t\t\t\t<img width=\"70\" height=\"70\" src=\"https:\/\/leolex.ch\/wp-content\/uploads\/2020\/12\/6_2.png\" alt=\"\" loading=\"lazy\" \/>\t\t\t\t\t\t\t\t<\/a><\/p>\n<h2><a href=\"\/fr\/migraczionnoe-pravo\/\">DROIT DE LA MIGRATION<\/a><\/h2>\n<p>Le droit de la migration est une branche de droit r\u00e9gissant les conflits de migration li\u00e9s au changement du lieu de s\u00e9jour ou du lieu de r\u00e9sidence d\u2019un individu, qui comprennent l\u2019immigration, l\u2019\u00e9migration, la migration interne et le s\u00e9jour temporaire d\u2019un individu en-dehors de son pays (le tourisme, les voyages d\u2019affaire ou autres d\u00e9placements). Ces derni\u00e8res ann\u00e9es, de plus en plus de gens choisissent le Suisse comme sa r\u00e9sidence permanente, ceci est, notamment, li\u00e9 au haut niveau de vie et \u00e0 la stabilit\u00e9 du pays. Les juristes du bureau juridique et comptable suisse \u201c LEOLEX \u201d poss\u00e8dent la qualification requise et accordent quotidiennement de services \u00e0 leurs clients dans le domaine du droit de la migration.<\/p>\n<p>\t\t\t<a href=\"\/fr\/migraczionnoe-pravo\/\" role=\"button\"><br \/>\n\t\t\t\t\t\tEn savoir plus<br \/>\n\t\t\t\t\t<\/a><br \/>\n\t\t\t\t\t\t\t\t\t\t\t<a href=\"\/fr\/semejnoe-pravo\/\"><br \/>\n\t\t\t\t\t\t\t<img width=\"70\" height=\"70\" src=\"https:\/\/leolex.ch\/wp-content\/uploads\/2020\/12\/fam.png\" alt=\"\" loading=\"lazy\" \/>\t\t\t\t\t\t\t\t<\/a><\/p>\n<h2><a href=\"\/fr\/semejnoe-pravo\/\">DROIT FAMILIAL<\/a><\/h2>\n<p>Le droit familial r\u00e9git les relations familiales, \u00e0 savoir : les relations personnelles et p\u00e9cuniaires qui naissent entre les \u00e9poux, les parents et leurs enfants, les proches, les enfants adopt\u00e9s ou les enfants dont l\u2019\u00e9ducation est prise en charge et leurs parents adoptifs. Le droit familial est une source de litiges innombrables. La proc\u00e9dure de divorce en Suisse repr\u00e9sente un exemple vivant : moins d\u2019accord entre les \u00e9poux cherchant \u00e0 dissoudre leur mariage, plus long et compliqu\u00e9 sera leur proc\u00e8s de divorce. Les experts du bureau juridique et comptable suisse \u201c LEOLEX \u201d,  titulaires d\u2019une longue exp\u00e9rience dans le domaine du droit familial, vous accorderont une assistance juridique opportune et qualifi\u00e9e pour prot\u00e9ger vos int\u00e9r\u00eats au maximum que possible, gagner du temps, les co\u00fbts et les nerfs.<\/p>\n<p>\t\t\t<a href=\"\/fr\/semejnoe-pravo\/\" role=\"button\"><br \/>\n\t\t\t\t\t\tEn savoir plus<br \/>\n\t\t\t\t\t<\/a><br \/>\n\t\t\t\t\t\t\t\t\t\t\t<a href=\"\/fr\/bankrotnoe-pravo-i-vzyskanie-zadolzhennostej\"><br \/>\n\t\t\t\t\t\t\t<img width=\"70\" height=\"70\" src=\"https:\/\/leolex.ch\/wp-content\/uploads\/2020\/12\/5.png\" alt=\"\" loading=\"lazy\" \/>\t\t\t\t\t\t\t\t<\/a><\/p>\n<h2><a href=\"\/fr\/bankrotnoe-pravo-i-vzyskanie-zadolzhennostej\">DROIT DE LA FAILLITE ET DU RECOUVREMENT DES DETTES <\/a><\/h2>\n<p>La recherche des actifs et le recouvrement des dettes est une des branches cl\u00e9es des activit\u00e9s du bureau juridique et comptable suisse \u201c LEOLEX \u201d. Apr\u00e8s avoir r\u00e9ussi en quelques dizaines d\u2019affaires gagn\u00e9es portant sur le recouvrement des dettes et particip\u00e9 \u00e0 la proc\u00e9dure de faillite de 2 succursales bancaires situ\u00e9es sur le territoire du Suisse, nous poss\u00e9dons une exp\u00e9rience unique dans ledit domaine.<\/p>\n<p>\t\t\t<a href=\"\/fr\/bankrotnoe-pravo-i-vzyskanie-zadolzhennostej\" role=\"button\"><br \/>\n\t\t\t\t\t\tEn savoir plus<br \/>\n\t\t\t\t\t<\/a><br \/>\n\t\t\t\t\t\t\t\t\t\t\t<a href=\"\/fr\/intellektualnaya-sobstvennost\/\"><br \/>\n\t\t\t\t\t\t\t<img width=\"70\" height=\"70\" src=\"https:\/\/leolex.ch\/wp-content\/uploads\/2020\/12\/6.png\" alt=\"\" loading=\"lazy\" \/>\t\t\t\t\t\t\t\t<\/a><\/p>\n<h2><a href=\"\/fr\/intellektualnaya-sobstvennost\/\">PROPRI\u00c9T\u00c9 INTELLECTUELLE<\/a><\/h2>\n<p>La propri\u00e9t\u00e9 intellectuelle est un objet incorporel cr\u00e9e par l\u2019esprit humain. Sont attribuables \u00e0 la propri\u00e9t\u00e9 intellectuelle : brevets d\u2019invention, avanc\u00e9es scientifiques et techniques, divers know-hows, marques d\u00e9pos\u00e9es, \u00e9chantillons industriels, \u0153uvres musicaux, artistiques et litt\u00e9raires, logiciels, noms de domen, avanc\u00e9es de s\u00e9lectionnisme, conceptions informatiques, design, titres, phonogrammes, bases de donn\u00e9es. Les questions li\u00e9es \u00e0 la propri\u00e9t\u00e9 intellectuelle sont souvent sous-estim\u00e9es. Et pourtant, les questions pareilles portent une importance cl\u00e9e dans les activit\u00e9s commerciales de nombreuses entreprises. Les sp\u00e9cialistes du bureau juridique et comptable suisse \u201c LEOLEX \u201d sont pr\u00eats \u00e0 prot\u00e9ger votre propri\u00e9t\u00e9 intellectuelle, ainsi qu\u2019accorder l\u2019assistance juridique dans le domaine de concurrence d\u00e9loyale.<\/p>\n<p>\t\t\t<a href=\"\/fr\/intellektualnaya-sobstvennost\/\" role=\"button\"><br \/>\n\t\t\t\t\t\tEn savoir plus<br \/>\n\t\t\t\t\t<\/a><br \/>\n\t\t\t\t\t\t\t\t\t\t\t<a href=\"\/fr\/sliyaniya-i-pogloshheniya-ma\/\"><br \/>\n\t\t\t\t\t\t\t<img width=\"70\" height=\"70\" src=\"https:\/\/leolex.ch\/wp-content\/uploads\/2020\/12\/mia.png\" alt=\"\" loading=\"lazy\" \/>\t\t\t\t\t\t\t\t<\/a><\/p>\n<h2><a href=\"\/fr\/sliyaniya-i-pogloshheniya-ma\/\">FUSIONS ET ACQUISITIONS (M&#038;A)<\/a><\/h2>\n<p>Les fusions et acquisitions est un m\u00e9canisme juridique de regroupement de plusieurs soci\u00e9t\u00e9s en une structure unie ce qui r\u00e9sulte en r\u00e9organisation du business, tout en constituant un outil parfait pour le faire \u00e9voluer. Apr\u00e8s avoir r\u00e9alis\u00e9 plus d\u2019une dizaine de fusions importantes dans le domaine de fusions et acquisitions, le bureau juridique et comptable suisse \u201cLEOLEX\u201d poss\u00e8de une vaste exp\u00e9rience dans le domaine d\u2019accompagnement des march\u00e9s de fusions et d\u2019acquisitions et offre un support int\u00e9gr\u00e9 juridique qui assurera l\u2019obtention des objectifs fix\u00e9s.<\/p>\n<p>\t\t\t<a href=\"\/fr\/sliyaniya-i-pogloshheniya-ma\/\" role=\"button\"><br \/>\n\t\t\t\t\t\tEn savoir plus<br \/>\n\t\t\t\t\t<\/a><br \/>\n\t\t\t\t\t\t\t\t\t\t\t<a href=\"\/fr\/pravovoe-soprovozhdenie-kriptovalyutnogo-biznesa\/\"><br \/>\n\t\t\t\t\t\t\t<img width=\"70\" height=\"70\" src=\"https:\/\/leolex.ch\/wp-content\/uploads\/2020\/12\/8.png\" alt=\"\" loading=\"lazy\" \/>\t\t\t\t\t\t\t\t<\/a><\/p>\n<h2><a href=\"\/fr\/pravovoe-soprovozhdenie-kriptovalyutnogo-biznesa\/\">ACCOMPAGNEMENT JURIDIQUE DU BUSINESS DE CRYPTO-MONNAIE<\/a><\/h2>\n<p>Le Suisse est un centre mondial du business de crypto-monnaie. Le partenaire-g\u00e9rant de notre bureau Monsieur KUDINOV Roman est le Pr\u00e9sident du bureau de repr\u00e9sentation de  <a href=\"http:\/\/racib.com\/rakib-ukreplyaet-svoi-poziczii-v-shvejczarii\" target=\"_blank\" rel=\"noopener\">RAKIB<\/a> (ASSOCIATION RUSSE DE LA CRYPTO-\u00c9CONOMIE, DE L\u2019INTELLIGENCE ARTIFICIELLE ET DU BLOCKCHAIN) en Suisse, vu ceci, le bureau juridique et comptable suisse \u201c LEOLEX \u201d accorde le support juridique, d\u00e8s son premier jour de cr\u00e9ation, aux soci\u00e9t\u00e9s de crypto-monnaie tout en \u00e9tant un des leaders de prestation de services concern\u00e9s pour les soci\u00e9t\u00e9s provenant des pays de la CEI.<\/p>\n<p>\t\t\t<a href=\"\/fr\/pravovoe-soprovozhdenie-kriptovalyutnogo-biznesa\/\" role=\"button\"><br \/>\n\t\t\t\t\t\tEn savoir plus<br \/>\n\t\t\t\t\t<\/a><br \/>\n\t\t\t\t\t\t\t\t\t\t\t<a href=\"\/fr\/nalogovoe-pravo\/\"><br \/>\n\t\t\t\t\t\t\t<img width=\"70\" height=\"70\" src=\"https:\/\/leolex.ch\/wp-content\/uploads\/2020\/12\/9_1.png\" alt=\"\" loading=\"lazy\" \/>\t\t\t\t\t\t\t\t<\/a><\/p>\n<h2><a href=\"\/fr\/nalogovoe-pravo\/\">DROIT FISCAL<\/a><\/h2>\n<p>Le droit fiscal est une des activit\u00e9s majeures du bureau juridique et comptable suisse \u201cLEOLEX\u201d. Nous accordons des consultations pour nos clients au sujet de la planification fiscale, de l\u2019imposition et de la g\u00e9rance de risques fiscaux, ainsi que prot\u00e9geons leurs int\u00e9r\u00eats dans le cadre des conflits fiscaux. Nous rendons notre prestation aux clients vari\u00e9s, \u00e0 savoir aux personnes physiques comme morales, pour optimiser vos charges fiscales.<\/p>\n<p>\t\t\t<a href=\"\/fr\/nalogovoe-pravo\/\" role=\"button\"><br \/>\n\t\t\t\t\t\tEn savoir plus<br \/>\n\t\t\t\t\t<\/a><br \/>\n\t\t\t\t\t\t\t\t\t\t\t<a href=\"\/fr\/cportivnoe-pravo\/\"><br \/>\n\t\t\t\t\t\t\t<img width=\"70\" height=\"70\" src=\"https:\/\/leolex.ch\/wp-content\/uploads\/2020\/12\/sport.png\" alt=\"\" loading=\"lazy\" \/>\t\t\t\t\t\t\t\t<\/a><\/p>\n<h2><a href=\"\/fr\/cportivnoe-pravo\/\">DROIT DU SPORT<\/a><\/h2>\n<p>Le bureau juridique et comptable suisse \u201cLEOLEX\u201d se confine dans l\u2019assistance juridique dans le domaine du sport. Nos juristes sont dot\u00e9s d\u2019une longue exp\u00e9rience dans le domaine d\u2019assistance juridique aux athl\u00e8tes, entra\u00eeneurs, agents et autres repr\u00e9sentants de sport. Le professionnalisme de nos employ\u00e9s vous aidera \u00e0 mener \u00e0 bien toute votre mission.<\/p>\n<p>\t\t\t<a href=\"\/fr\/cportivnoe-pravo\/\" role=\"button\"><br \/>\n\t\t\t\t\t\tEn savoir plus<br \/>\n\t\t\t\t\t<\/a><br \/>\n\t\t\t\t\t\t\t\t\t\t\t<a href=\"\/fr\/trudovoe-pravo\/\"><br \/>\n\t\t\t\t\t\t\t<img width=\"70\" height=\"70\" src=\"https:\/\/leolex.ch\/wp-content\/uploads\/2020\/12\/job_2_1.png\" alt=\"\" loading=\"lazy\" \/>\t\t\t\t\t\t\t\t<\/a><\/p>\n<h2><a href=\"\/fr\/trudovoe-pravo\/\">DROIT DU TRAVAIL<\/a><\/h2>\n<p>Le droit du travail est indispensable pour pouvoir r\u00e9gulariser les relations dans le domaine de travail de la mani\u00e8re intelligente. Les sp\u00e9cialistes du bureau juridique et comptable suisse \u201c LEOLEX \u201c vous accorderont une consultation sur toute question relative \u00e0 la l\u00e9gislation sur le travail en Suisse, \u00e0 savoir sur : l\u2019embauche, la s\u00e9curit\u00e9 de travail, la r\u00e9mun\u00e9ration de vos services, le r\u00e8glement du travail, l\u2019octroi de primes, la d\u00e9rogation \u00e0 la discipline de travail et le licenciement. Nos juristes sont les sp\u00e9cialistes dans le domaine de r\u00e8glement des conflits de travail et vous accorderont le support juridique opportun.<\/p>\n<p>\t\t\t<a href=\"\/fr\/trudovoe-pravo\/\" role=\"button\"><br \/>\n\t\t\t\t\t\tEn savoir plus<br \/>\n\t\t\t\t\t<\/a><\/p>\n<p><strong>\u00c9TABLI EN 2015 ET POSS\u00c8DE 4 BUREAUX SITU\u00c9S SUR LE TERRITOIRE DU SUISSE<\/strong><\/p>\n<p>Les juristes et les comptables de LEOLEX accordent les services sur le territoire de la Conf\u00e9d\u00e9ration suisse , comme sur le territoire des pays limitrophes (France, Belgique, Lichtenstein, Monaco), ainsi que sur le territoire de la F\u00e9d\u00e9ration de Russie via sa succursale.<br \/>\nLe bureau juridique et comptable LEOLEX est un des leaders de prestation de services juridiques par les citoyens russophones et les soci\u00e9t\u00e9s d\u2019origine russe sur le territoire de la Conf\u00e9d\u00e9ration suisse avec 4 bureaux en Suisse (Anz\u00e8re, Sion, Gen\u00e8ve, Zurich) et les effectifs de 20 salari\u00e9s au total.<\/p>\n<p>Le collectif des juristes et comptables de LEOLEX dirig\u00e9 par un des fondateurs et le partenaire-g\u00e9rant du bureau Monsieur <a style=\"font-weight: 400;\" href=\"\/fr\/roman-kudinov\/\">Kudinov Roman<\/a> est compos\u00e9 des experts dynamiques et de haute qualification ce que permet d\u2019accorder de services juridiques et comptables de la mani\u00e8re diligente, confidentielle et avec le meilleur rendement pour nos clients.<\/p>\n<p>Nous rendons les services en langue russe, fran\u00e7aise, anglaise et allemande.<\/p>\n<p>\t\t\t<iframe frameborder=\"0\" scrolling=\"no\" marginheight=\"0\" marginwidth=\"0\" src=\"https:\/\/maps.google.com\/maps?q=RUE%20DE%20PR%C3%89-FLEURI%2019C%2C%201950%20SION&amp;t=m&amp;z=15&amp;output=embed&amp;iwloc=near\" title=\"RUE DE PR\u00c9-FLEURI 19C, 1950 SION\" aria-label=\"RUE DE PR\u00c9-FLEURI 19C, 1950 SION\"><\/iframe><\/p>\n","protected":false},"excerpt":{"rendered":"<p>% 0 affaires gagn\u00e9es tout au long de l\u2019histoire du Bureau ans 0 sur le march\u00e9 de services juridiques ans 0 sur le march\u00e9 de services comptables 100 clients ayant b\u00e9n\u00e9fici\u00e9 de nos services DROIT&nbsp;<a href=\"https:\/\/leolex.ch\/fr\/\" class=\"read-more\">Continue Reading<\/a><\/p>\n","protected":false},"author":1,"featured_media":0,"parent":0,"menu_order":0,"comment_status":"closed","ping_status":"open","template":"templates\/page-fullwidth.php","meta":[],"translation":{"provider":"WPGlobus","version":"2.8.6","language":"fr","enabled_languages":["ru","en","fr","de"],"languages":{"ru":{"title":true,"content":true,"excerpt":false},"en":{"title":true,"content":true,"excerpt":false},"fr":{"title":false,"content":true,"excerpt":false},"de":{"title":false,"content":true,"excerpt":false}}},"yoast_head":"<!-- This site is optimized with the Yoast SEO plugin v17.5 - https:\/\/yoast.com\/wordpress\/plugins\/seo\/ -->\n<title>LEOLEX - le bureau juridique et comptable in der Schweiz<\/title>\n<meta name=\"robots\" content=\"index, follow, max-snippet:-1, max-image-preview:large, max-video-preview:-1\" \/>\n<link rel=\"canonical\" href=\"https:\/\/leolex.ch\/\" \/>\n<meta property=\"og:locale\" content=\"fr_FR\" \/>\n<meta property=\"og:type\" content=\"article\" \/>\n<meta property=\"og:title\" content=\"LEOLEX - le bureau juridique et comptable in der Schweiz\" \/>\n<meta property=\"og:url\" content=\"https:\/\/leolex.ch\/\" \/>\n<meta property=\"og:site_name\" content=\"LEOLEX - le bureau juridique et comptable\" \/>\n<meta property=\"article:modified_time\" content=\"2022-10-19T15:08:43+00:00\" \/>\n<meta property=\"og:image\" content=\"https:\/\/leolex.ch\/wp-content\/uploads\/2020\/12\/5.png\" \/>\n<meta name=\"twitter:card\" content=\"summary_large_image\" \/>\n<meta name=\"twitter:label1\" content=\"Est. reading time\" \/>\n\t<meta name=\"twitter:data1\" content=\"7 minutes\" \/>\n<script type=\"application\/ld+json\" class=\"yoast-schema-graph\">{\"@context\":\"https:\/\/schema.org\",\"@graph\":[{\"@type\":\"Organization\",\"@id\":\"https:\/\/leolex.ch\/#organization\",\"name\":\"Leolex\",\"url\":\"https:\/\/leolex.ch\/\",\"sameAs\":[],\"logo\":{\"@type\":\"ImageObject\",\"@id\":\"https:\/\/leolex.ch\/#logo\",\"inLanguage\":\"fr-FR\",\"url\":\"https:\/\/leolex.ch\/wp-content\/uploads\/2021\/10\/logo-leolex-bez-fona-.png\",\"contentUrl\":\"https:\/\/leolex.ch\/wp-content\/uploads\/2021\/10\/logo-leolex-bez-fona-.png\",\"width\":736,\"height\":200,\"caption\":\"Leolex\"},\"image\":{\"@id\":\"https:\/\/leolex.ch\/#logo\"}},{\"@type\":\"WebSite\",\"@id\":\"https:\/\/leolex.ch\/#website\",\"url\":\"https:\/\/leolex.ch\/\",\"name\":\"LEOLEX - \\u0448\\u0432\\u0435\\u0439\\u0446\\u0430\\u0440\\u0441\\u043a\\u0430\\u044f \\u044e\\u0440\\u0438\\u0434\\u0438\\u0447\\u0435\\u0441\\u043a\\u0430\\u044f \\u0438 \\u0431\\u0443\\u0445\\u0433\\u0430\\u043b\\u0442\\u0435\\u0440\\u0441\\u043a\\u0430\\u044f \\u0444\\u0438\\u0440\\u043c\\u0430\",\"description\":\"LeoLex est un des leaders en prestations de services juridiques pour les citoyens russophones et les soci\\u00e9t\\u00e9s d\\u2019origine russe sur le territoire de la Conf\\u00e9d\\u00e9ration suisse  et poss\\u00e8de 4 bureaux en Suisse: Anz\\u00e8re, Sion, Gen\\u00e8ve, Zurich\",\"publisher\":{\"@id\":\"https:\/\/leolex.ch\/#organization\"},\"potentialAction\":[{\"@type\":\"SearchAction\",\"target\":{\"@type\":\"EntryPoint\",\"urlTemplate\":\"https:\/\/leolex.ch\/?s={search_term_string}\"},\"query-input\":\"required name=search_term_string\"}],\"inLanguage\":\"fr-FR\"},{\"@type\":\"ImageObject\",\"@id\":\"https:\/\/leolex.ch\/#primaryimage\",\"inLanguage\":\"fr-FR\",\"url\":\"https:\/\/leolex.ch\/wp-content\/uploads\/2020\/12\/5.png\",\"contentUrl\":\"https:\/\/leolex.ch\/wp-content\/uploads\/2020\/12\/5.png\",\"width\":70,\"height\":70},{\"@type\":\"WebPage\",\"@id\":\"https:\/\/leolex.ch\/#webpage\",\"url\":\"https:\/\/leolex.ch\/\",\"name\":\"LEOLEX - le bureau juridique et comptable in der Schweiz\",\"isPartOf\":{\"@id\":\"https:\/\/leolex.ch\/#website\"},\"primaryImageOfPage\":{\"@id\":\"https:\/\/leolex.ch\/#primaryimage\"},\"datePublished\":\"2020-12-02T17:34:54+00:00\",\"dateModified\":\"2022-10-19T15:08:43+00:00\",\"description\":\"Das Rechts- und Buchhaltungsb\\u00fcro LEOLEX ist eines der f\\u00fchrendsten Unternehmen zur Erbringung von rechtlichen Dienstleistungen an russischsprachige B\\u00fcrger\",\"breadcrumb\":{\"@id\":\"https:\/\/leolex.ch\/#breadcrumb\"},\"inLanguage\":\"fr-FR\",\"potentialAction\":[{\"@type\":\"ReadAction\",\"target\":[\"https:\/\/leolex.ch\/\"]}]},{\"@type\":\"BreadcrumbList\",\"@id\":\"https:\/\/leolex.ch\/#breadcrumb\",\"itemListElement\":[{\"@type\":\"ListItem\",\"position\":1,\"name\":\"\\u0413\\u043b\\u0430\\u0432\\u043d\\u0430\\u044f \\u0441\\u0442\\u0440\\u0430\\u043d\\u0438\\u0446\\u0430\",\"item\":\"https:\/\/leolex.ch\/\"},{\"@type\":\"ListItem\",\"position\":2,\"name\":\"\\u0413\\u043b\\u0430\\u0432\\u043d\\u0430\\u044f\"}]}]}<\/script>\n<!-- \/ Yoast SEO plugin. -->","yoast_head_json":{"title":"LEOLEX - le bureau juridique et comptable in der Schweiz","robots":{"index":"index","follow":"follow","max-snippet":"max-snippet:-1","max-image-preview":"max-image-preview:large","max-video-preview":"max-video-preview:-1"},"canonical":"https:\/\/leolex.ch\/","og_locale":"fr_FR","og_type":"article","og_title":"LEOLEX - le bureau juridique et comptable in der Schweiz","og_url":"https:\/\/leolex.ch\/","og_site_name":"LEOLEX - le bureau juridique et comptable","article_modified_time":"2022-10-19T15:08:43+00:00","og_image":[{"url":"https:\/\/leolex.ch\/wp-content\/uploads\/2020\/12\/5.png"}],"twitter_card":"summary_large_image","twitter_misc":{"Est. reading time":"7 minutes"},"schema":{"@context":"https:\/\/schema.org","@graph":[{"@type":"Organization","@id":"https:\/\/leolex.ch\/#organization","name":"Leolex","url":"https:\/\/leolex.ch\/","sameAs":[],"logo":{"@type":"ImageObject","@id":"https:\/\/leolex.ch\/#logo","inLanguage":"fr-FR","url":"https:\/\/leolex.ch\/wp-content\/uploads\/2021\/10\/logo-leolex-bez-fona-.png","contentUrl":"https:\/\/leolex.ch\/wp-content\/uploads\/2021\/10\/logo-leolex-bez-fona-.png","width":736,"height":200,"caption":"Leolex"},"image":{"@id":"https:\/\/leolex.ch\/#logo"}},{"@type":"WebSite","@id":"https:\/\/leolex.ch\/#website","url":"https:\/\/leolex.ch\/","name":"LEOLEX - \u0448\u0432\u0435\u0439\u0446\u0430\u0440\u0441\u043a\u0430\u044f \u044e\u0440\u0438\u0434\u0438\u0447\u0435\u0441\u043a\u0430\u044f \u0438 \u0431\u0443\u0445\u0433\u0430\u043b\u0442\u0435\u0440\u0441\u043a\u0430\u044f \u0444\u0438\u0440\u043c\u0430","description":"LeoLex est un des leaders en prestations de services juridiques pour les citoyens russophones et les soci\u00e9t\u00e9s d\u2019origine russe sur le territoire de la Conf\u00e9d\u00e9ration suisse  et poss\u00e8de 4 bureaux en Suisse: Anz\u00e8re, Sion, Gen\u00e8ve, Zurich","publisher":{"@id":"https:\/\/leolex.ch\/#organization"},"potentialAction":[{"@type":"SearchAction","target":{"@type":"EntryPoint","urlTemplate":"https:\/\/leolex.ch\/?s={search_term_string}"},"query-input":"required name=search_term_string"}],"inLanguage":"fr-FR"},{"@type":"ImageObject","@id":"https:\/\/leolex.ch\/#primaryimage","inLanguage":"fr-FR","url":"https:\/\/leolex.ch\/wp-content\/uploads\/2020\/12\/5.png","contentUrl":"https:\/\/leolex.ch\/wp-content\/uploads\/2020\/12\/5.png","width":70,"height":70},{"@type":"WebPage","@id":"https:\/\/leolex.ch\/#webpage","url":"https:\/\/leolex.ch\/","name":"LEOLEX - le bureau juridique et comptable in der Schweiz","isPartOf":{"@id":"https:\/\/leolex.ch\/#website"},"primaryImageOfPage":{"@id":"https:\/\/leolex.ch\/#primaryimage"},"datePublished":"2020-12-02T17:34:54+00:00","dateModified":"2022-10-19T15:08:43+00:00","description":"Das Rechts- und Buchhaltungsb\u00fcro LEOLEX ist eines der f\u00fchrendsten Unternehmen zur Erbringung von rechtlichen Dienstleistungen an russischsprachige B\u00fcrger","breadcrumb":{"@id":"https:\/\/leolex.ch\/#breadcrumb"},"inLanguage":"fr-FR","potentialAction":[{"@type":"ReadAction","target":["https:\/\/leolex.ch\/"]}]},{"@type":"BreadcrumbList","@id":"https:\/\/leolex.ch\/#breadcrumb","itemListElement":[{"@type":"ListItem","position":1,"name":"\u0413\u043b\u0430\u0432\u043d\u0430\u044f \u0441\u0442\u0440\u0430\u043d\u0438\u0446\u0430","item":"https:\/\/leolex.ch\/"},{"@type":"ListItem","position":2,"name":"\u0413\u043b\u0430\u0432\u043d\u0430\u044f"}]}]}},"_links":{"self":[{"href":"https:\/\/leolex.ch\/fr\/wp-json\/wp\/v2\/pages\/2"}],"collection":[{"href":"https:\/\/leolex.ch\/fr\/wp-json\/wp\/v2\/pages"}],"about":[{"href":"https:\/\/leolex.ch\/fr\/wp-json\/wp\/v2\/types\/page"}],"author":[{"embeddable":true,"href":"https:\/\/leolex.ch\/fr\/wp-json\/wp\/v2\/users\/1"}],"replies":[{"embeddable":true,"href":"https:\/\/leolex.ch\/fr\/wp-json\/wp\/v2\/comments?post=2"}],"version-history":[{"count":398,"href":"https:\/\/leolex.ch\/fr\/wp-json\/wp\/v2\/pages\/2\/revisions"}],"predecessor-version":[{"id":2268,"href":"https:\/\/leolex.ch\/fr\/wp-json\/wp\/v2\/pages\/2\/revisions\/2268"}],"wp:attachment":[{"href":"https:\/\/leolex.ch\/fr\/wp-json\/wp\/v2\/media?parent=2"}],"curies":[{"name":"wp","href":"https:\/\/api.w.org\/{rel}","templated":true}]}}