{"id":2,"date":"2020-12-02T20:34:54","date_gmt":"2020-12-02T17:34:54","guid":{"rendered":"https:\/\/leolex.ch\/?page_id=2"},"modified":"2022-10-19T18:08:43","modified_gmt":"2022-10-19T15:08:43","slug":"sample-page","status":"publish","type":"page","link":"https:\/\/leolex.ch\/en\/","title":{"rendered":"\u0413\u043b\u0430\u0432\u043d\u0430\u044f"},"content":{"rendered":"<p>%<br \/>\n\t\t\t\t0<br \/>\n\t\t\t\twon cases over the Firm\u2019s history<br \/>\n\t\t\t\tyears<br \/>\n\t\t\t\t0<br \/>\n\t\t\t\t in the legal services market<br \/>\n\t\t\t\tyears<br \/>\n\t\t\t\t0<br \/>\n\t\t\t\tin the accounting services market<br \/>\n\t\t\t\t100<br \/>\n\t\t\t\tserviced clients<br \/>\n\t\t\t\t\t\t\t\t\t\t\t<a href=\"\/en\/dogovornoe-pravo\"><br \/>\n\t\t\t\t\t\t\t<img width=\"70\" height=\"70\" src=\"https:\/\/leolex.ch\/wp-content\/uploads\/2020\/12\/1_1.png\" alt=\"\" loading=\"lazy\" \/>\t\t\t\t\t\t\t\t<\/a><\/p>\n<h2><a href=\"\/en\/dogovornoe-pravo\">CONTRACTUAL LAW<\/a><\/h2>\n<p>Hardly any area of business can do without the contractual law \u2013 this is the branch of law we use, among other things, in employment, making commercial transactions, leasing residential premises, interacting with banks, resolving heritage issues. The contractual law is becoming more and more intricate due to emergence of non-conventional forms of business cooperation presentation of which in the written form is a challenging task for a lawyer. Parties to an agreement tend to construe the same terms of their agreement in different ways, so it is important that the parties similarly understand all paragraphs of the agreement. This prevents time-consuming disputes and loss of trust to the business partner. To clearly understand all paragraphs of an agreement, parties have to speak the same language with a lawyer. Experts of the Swiss legal and accounting firm LEOLEX will render you professional services for drawing up various types of agreements for legal entities and individuals in Russian, English, German, and French.<\/p>\n<p>\u00a0<\/p>\n<p>\t\t\t<a href=\"\/en\/dogovornoe-pravo\" role=\"button\"><br \/>\n\t\t\t\t\t\tMore<br \/>\n\t\t\t\t\t<\/a><br \/>\n\t\t\t\t\t\t\t\t\t\t\t<a href=\"\/en\/kommercheskoe-i-korporativnoe-pravo\"><br \/>\n\t\t\t\t\t\t\t<img width=\"70\" height=\"70\" src=\"https:\/\/leolex.ch\/wp-content\/uploads\/2020\/12\/2_2.png\" alt=\"\" loading=\"lazy\" \/>\t\t\t\t\t\t\t\t<\/a><\/p>\n<h2><a href=\"\/en\/kommercheskoe-i-korporativnoe-pravo\">COMMERCIAL AND CORPORATE LAW<\/a><\/h2>\n<p>Issues related to the corporate and commercial law are among the most important lines of business of the legal and accounting firm LEOLEX. Our lawyers daily face issues related to setting up business from preparation of a package of constituent documents to turnkey registration of companies in Switzerland and further legal support of new businesses.<\/p>\n<p>\t\t\t<a href=\"\/en\/kommercheskoe-i-korporativnoe-pravo\" role=\"button\"><br \/>\n\t\t\t\t\t\tMore<br \/>\n\t\t\t\t\t<\/a><br \/>\n\t\t\t\t\t\t\t\t\t\t\t<a href=\"\/en\/migraczionnoe-pravo\/\"><br \/>\n\t\t\t\t\t\t\t<img width=\"70\" height=\"70\" src=\"https:\/\/leolex.ch\/wp-content\/uploads\/2020\/12\/6_2.png\" alt=\"\" loading=\"lazy\" \/>\t\t\t\t\t\t\t\t<\/a><\/p>\n<h2><a href=\"\/en\/migraczionnoe-pravo\/\">MIGRATION LAW<\/a><\/h2>\n<p>Migration law is a branch of law regulating migration disputes related to change of the place of staying or place of residence of a person and includes immigration, emigration, internal migration and temporary staying of a person abroad (tourism, business or other trips). A growing number of people have chosen Switzerland as a place of their residence recently; this is due, among other things, to the high standard of life and stability of the country. Laws of the Swiss legal and accounting firm LEOLEX had the required qualification and daily render services in the area of the migration law of their clients.<\/p>\n<p>\t\t\t<a href=\"\/en\/migraczionnoe-pravo\/\" role=\"button\"><br \/>\n\t\t\t\t\t\tMore<br \/>\n\t\t\t\t\t<\/a><br \/>\n\t\t\t\t\t\t\t\t\t\t\t<a href=\"\/en\/semejnoe-pravo\/\"><br \/>\n\t\t\t\t\t\t\t<img width=\"70\" height=\"70\" src=\"https:\/\/leolex.ch\/wp-content\/uploads\/2020\/12\/fam.png\" alt=\"\" loading=\"lazy\" \/>\t\t\t\t\t\t\t\t<\/a><\/p>\n<h2><a href=\"\/en\/semejnoe-pravo\/\">FAMILY LAW<\/a><\/h2>\n<p>The family law regulates family relations: personal and property relations between spouses, parents and children, relatives, adopted children and children mothered by their foster parents. The family laws evokes a great deal of disputes. The divorce procedure in Switzerland is an illustrative example: the worse spouses indenting to divorce get on with each other, the more challenging their divorce will be. Having many-year experience in the area of the family law experts of the Swiss legal and accounting firm LEOLEX will provide you with timely qualified legal assistance doing their best to protect your interests, save your time, money and nerves.<\/p>\n<p>\t\t\t<a href=\"\/en\/semejnoe-pravo\/\" role=\"button\"><br \/>\n\t\t\t\t\t\tMore<br \/>\n\t\t\t\t\t<\/a><br \/>\n\t\t\t\t\t\t\t\t\t\t\t<a href=\"\/en\/bankrotnoe-pravo-i-vzyskanie-zadolzhennostej\"><br \/>\n\t\t\t\t\t\t\t<img width=\"70\" height=\"70\" src=\"https:\/\/leolex.ch\/wp-content\/uploads\/2020\/12\/5.png\" alt=\"\" loading=\"lazy\" \/>\t\t\t\t\t\t\t\t<\/a><\/p>\n<h2><a href=\"\/bankrotnoe-pravo-i-vzyskanie-zadolzhennostej\">BANKRUPTCY LAW AND DEBT COLLECTION  <\/a><\/h2>\n<p>Search of assets and debt collection constitute one of the key lines of business of the legal and accounting firm LEOLEX. With several dozens of won cases on debt collection and the experience of participating in the bankruptcy procedure for 2 bank branches in Switzerland, we have unique expertise in this area.<\/p>\n<p>\t\t\t<a href=\"\/en\/bankrotnoe-pravo-i-vzyskanie-zadolzhennostej\" role=\"button\"><br \/>\n\t\t\t\t\t\tMore<br \/>\n\t\t\t\t\t<\/a><br \/>\n\t\t\t\t\t\t\t\t\t\t\t<a href=\"\/en\/intellektualnaya-sobstvennost\/\"><br \/>\n\t\t\t\t\t\t\t<img width=\"70\" height=\"70\" src=\"https:\/\/leolex.ch\/wp-content\/uploads\/2020\/12\/6.png\" alt=\"\" loading=\"lazy\" \/>\t\t\t\t\t\t\t\t<\/a><\/p>\n<h2><a href=\"\/en\/intellektualnaya-sobstvennost\/\"><br \/>\nINTELLECTUAL PROPERTY<br \/>\n<\/a><\/h2>\n<p>Intellectual property is an intangible asset created by the human mind. Intellectual property includes: invention patents, achievements of the scientific and technical progress, various know-how, trademarks, designs, music, artistic and literature works, software, domain names, selective breeding results, computer developments, design, names, phonograms, databases. Issues related to the intellectual property are often underestimated. However these issues are of key importance for the business of many enterprises. Experts of the Swiss legal and accounting firm LEOLEX are ready to help you protect your intellectual property and to render legal support in the area of unfair competition.<\/p>\n<p>\t\t\t<a href=\"\/en\/intellektualnaya-sobstvennost\/\" role=\"button\"><br \/>\n\t\t\t\t\t\tMore<br \/>\n\t\t\t\t\t<\/a><br \/>\n\t\t\t\t\t\t\t\t\t\t\t<a href=\"\/en\/sliyaniya-i-pogloshheniya-ma\/\"><br \/>\n\t\t\t\t\t\t\t<img width=\"70\" height=\"70\" src=\"https:\/\/leolex.ch\/wp-content\/uploads\/2020\/12\/mia.png\" alt=\"\" loading=\"lazy\" \/>\t\t\t\t\t\t\t\t<\/a><\/p>\n<h2><a href=\"\/en\/sliyaniya-i-pogloshheniya-ma\/\">MERGERS AND ACQUISITIONS (M&#038;A)<\/a><\/h2>\n<p>Mergers and acquisitions represent a legal procedure for uniting server companies into a single structure resulting in the business reorganization and providing an excelled tool for its development. With more than a dozen major merger and acquisition transactions, the legal and accounting firm LEOLEX has a wide experience of supporting merger and acquisition transactions and offers comprehensive legal support to achieve the goals set.<\/p>\n<p>\t\t\t<a href=\"\/sliyaniya-i-pogloshheniya-ma\/\" role=\"button\"><br \/>\n\t\t\t\t\t\tMore<br \/>\n\t\t\t\t\t<\/a><br \/>\n\t\t\t\t\t\t\t\t\t\t\t<a href=\"\/en\/pravovoe-soprovozhdenie-kriptovalyutnogo-biznesa\/\"><br \/>\n\t\t\t\t\t\t\t<img width=\"70\" height=\"70\" src=\"https:\/\/leolex.ch\/wp-content\/uploads\/2020\/12\/8.png\" alt=\"\" loading=\"lazy\" \/>\t\t\t\t\t\t\t\t<\/a><\/p>\n<h2><a href=\"\/en\/pravovoe-soprovozhdenie-kriptovalyutnogo-biznesa\/\">LEGAL SUPPORT OF CRYPTO CURRENCY BUSINESS<\/a><\/h2>\n<p>Switzerland is the global center of the crypto currency business. The managing partner of our firm Roman Kudinov is the President of the representative office of  <a href=\"http:\/\/racib.com\/rakib-ukreplyaet-svoi-poziczii-v-shvejczarii\" target=\"_blank\" rel=\"noopener\">RACIB<\/a> (RUSSIAN ASSOCIATION OF CRYPTOINDUSTRY AND BLOCKCHAIN) in Switzerland, therefor the legal and accounting firm LEOLEX since the very beginning of its foundation has provided legal support to crypto currency companies and is one of the leaders in rende4ring this type of services to companies originating from the CIS countries.<\/p>\n<p>\t\t\t<a href=\"\/en\/pravovoe-soprovozhdenie-kriptovalyutnogo-biznesa\/\" role=\"button\"><br \/>\n\t\t\t\t\t\tMore<br \/>\n\t\t\t\t\t<\/a><br \/>\n\t\t\t\t\t\t\t\t\t\t\t<a href=\"\/en\/nalogovoe-pravo\/\"><br \/>\n\t\t\t\t\t\t\t<img width=\"70\" height=\"70\" src=\"https:\/\/leolex.ch\/wp-content\/uploads\/2020\/12\/9_1.png\" alt=\"\" loading=\"lazy\" \/>\t\t\t\t\t\t\t\t<\/a><\/p>\n<h2><a href=\"\/en\/nalogovoe-pravo\/\">TAX LAW<\/a><\/h2>\n<p>The tax law is one of the key lines of business of the Swiss legal and accounting firm LEOLEX. We consult our clients on tax planning, taxation and tax risk management and protect their interests in tax disputes. We render services to various clients, whether individuals, or legal entities, optimizing their tax expenses.<\/p>\n<p>\t\t\t<a href=\"\/en\/nalogovoe-pravo\/\" role=\"button\"><br \/>\n\t\t\t\t\t\tMore<br \/>\n\t\t\t\t\t<\/a><br \/>\n\t\t\t\t\t\t\t\t\t\t\t<a href=\"\/en\/cportivnoe-pravo\/\"><br \/>\n\t\t\t\t\t\t\t<img width=\"70\" height=\"70\" src=\"https:\/\/leolex.ch\/wp-content\/uploads\/2020\/12\/sport.png\" alt=\"\" loading=\"lazy\" \/>\t\t\t\t\t\t\t\t<\/a><\/p>\n<h2><a href=\"\/en\/cportivnoe-pravo\/\">SPORTS LAW<\/a><\/h2>\n<p>The Swiss legal and accounting firm LEOLEX specializes on rendering legal support in the area of sports. Our lawyers have many-year experience in legal support of athletes, coaches, agents and other sport representatives. Due to their expertise, out associates can resolve any of your tasks.<\/p>\n<p>\t\t\t<a href=\"\/en\/cportivnoe-pravo\/\" role=\"button\"><br \/>\n\t\t\t\t\t\tMore<br \/>\n\t\t\t\t\t<\/a><br \/>\n\t\t\t\t\t\t\t\t\t\t\t<a href=\"\/en\/trudovoe-pravo\/\"><br \/>\n\t\t\t\t\t\t\t<img width=\"70\" height=\"70\" src=\"https:\/\/leolex.ch\/wp-content\/uploads\/2020\/12\/job_2_1.png\" alt=\"\" loading=\"lazy\" \/>\t\t\t\t\t\t\t\t<\/a><\/p>\n<h2><a href=\"\/en\/trudovoe-pravo\/\">LABOUR LAW<\/a><\/h2>\n<p>The labour law is required to correctly regulate labor relations. Experts from the Swiss legal and accounting firm LEOLEX is ready to provide consultations on any issues of the Swiss labour law, whether employment, labour safety, remuneration, labour regulations, bonus payment, violation of the labour discipline or dismissal. Our lawyers have good expertise in resolving labour disputes and are ready to provide timely legal support to you.<\/p>\n<p>\t\t\t<a href=\"\/en\/trudovoe-pravo\/\" role=\"button\"><br \/>\n\t\t\t\t\t\tMore<br \/>\n\t\t\t\t\t<\/a><\/p>\n<p><strong>OUR FIRM WAS FOUNDED IN 2015 AND HAS 4 OFFICES IN SWITZERLAND<\/strong><\/p>\n<p>LEOLEX lawyers and accountants of render services both in the Swiss Confederation, and nearby countries (France, Belgium, Liechtenstein, Monaco) and in the Russian Federation via its branch.<\/p>\n<p>The legal and accounting firm LEOLEX is one of the leaders in rendering legal services to Russian-speaking citizens and companies originating from Russian and operating in the Swiss Confederation with 4 offices in Switzerland (Anz\u00e8re, Sion, Gen\u00e8ve, Zurich) and the headcount of 20 associates.<\/p>\n<p>The team of LEOLEX lawyers and accountants led by one of the founders and managing partner of the firm<a href=\"\/en\/roman-kudinov\/\"> Roman Kudinov<\/a> consists of dynamic and highly qualified experts, so we can render legal and accounting services promptly, in strict confidentiality and achieving the best result for our clients.<\/p>\n<p>We render services in Russian, French, English, and German.<\/p>\n<p>\t\t\t<iframe frameborder=\"0\" scrolling=\"no\" marginheight=\"0\" marginwidth=\"0\" src=\"https:\/\/maps.google.com\/maps?q=RUE%20DE%20PR%C3%89-FLEURI%2019C%2C%201950%20SION&amp;t=m&amp;z=15&amp;output=embed&amp;iwloc=near\" title=\"RUE DE PR\u00c9-FLEURI 19C, 1950 SION\" aria-label=\"RUE DE PR\u00c9-FLEURI 19C, 1950 SION\"><\/iframe><\/p>\n","protected":false},"excerpt":{"rendered":"<p>% 0 won cases over the Firm\u2019s history years 0 in the legal services market years 0 in the accounting services market 100 serviced clients CONTRACTUAL LAW Hardly any area of business can do without&nbsp;<a href=\"https:\/\/leolex.ch\/en\/\" class=\"read-more\">Continue Reading<\/a><\/p>\n","protected":false},"author":1,"featured_media":0,"parent":0,"menu_order":0,"comment_status":"closed","ping_status":"open","template":"templates\/page-fullwidth.php","meta":[],"translation":{"provider":"WPGlobus","version":"2.8.6","language":"en","enabled_languages":["ru","en","fr","de"],"languages":{"ru":{"title":true,"content":true,"excerpt":false},"en":{"title":true,"content":true,"excerpt":false},"fr":{"title":false,"content":true,"excerpt":false},"de":{"title":false,"content":true,"excerpt":false}}},"yoast_head":"<!-- This site is optimized with the Yoast SEO plugin v17.5 - https:\/\/yoast.com\/wordpress\/plugins\/seo\/ -->\n<title>LEOLEX - international law and accounting firm in der Schweiz<\/title>\n<meta name=\"robots\" content=\"index, follow, max-snippet:-1, max-image-preview:large, max-video-preview:-1\" \/>\n<link rel=\"canonical\" href=\"https:\/\/leolex.ch\/\" \/>\n<meta property=\"og:locale\" content=\"en_US\" \/>\n<meta property=\"og:type\" content=\"article\" \/>\n<meta property=\"og:title\" content=\"LEOLEX - international law and accounting firm in der Schweiz\" \/>\n<meta property=\"og:url\" content=\"https:\/\/leolex.ch\/\" \/>\n<meta property=\"og:site_name\" content=\"LEOLEX - international law and accounting firm\" \/>\n<meta property=\"article:modified_time\" content=\"2022-10-19T15:08:43+00:00\" \/>\n<meta property=\"og:image\" content=\"https:\/\/leolex.ch\/wp-content\/uploads\/2020\/12\/5.png\" \/>\n<meta name=\"twitter:card\" content=\"summary_large_image\" \/>\n<meta name=\"twitter:label1\" content=\"Est. reading time\" \/>\n\t<meta name=\"twitter:data1\" content=\"7 minutes\" \/>\n<script type=\"application\/ld+json\" class=\"yoast-schema-graph\">{\"@context\":\"https:\/\/schema.org\",\"@graph\":[{\"@type\":\"Organization\",\"@id\":\"https:\/\/leolex.ch\/#organization\",\"name\":\"Leolex\",\"url\":\"https:\/\/leolex.ch\/\",\"sameAs\":[],\"logo\":{\"@type\":\"ImageObject\",\"@id\":\"https:\/\/leolex.ch\/#logo\",\"inLanguage\":\"en-US\",\"url\":\"https:\/\/leolex.ch\/wp-content\/uploads\/2021\/10\/logo-leolex-bez-fona-.png\",\"contentUrl\":\"https:\/\/leolex.ch\/wp-content\/uploads\/2021\/10\/logo-leolex-bez-fona-.png\",\"width\":736,\"height\":200,\"caption\":\"Leolex\"},\"image\":{\"@id\":\"https:\/\/leolex.ch\/#logo\"}},{\"@type\":\"WebSite\",\"@id\":\"https:\/\/leolex.ch\/#website\",\"url\":\"https:\/\/leolex.ch\/\",\"name\":\"LEOLEX - \\u0448\\u0432\\u0435\\u0439\\u0446\\u0430\\u0440\\u0441\\u043a\\u0430\\u044f \\u044e\\u0440\\u0438\\u0434\\u0438\\u0447\\u0435\\u0441\\u043a\\u0430\\u044f \\u0438 \\u0431\\u0443\\u0445\\u0433\\u0430\\u043b\\u0442\\u0435\\u0440\\u0441\\u043a\\u0430\\u044f \\u0444\\u0438\\u0440\\u043c\\u0430\",\"description\":\"LeoLex is one of the leaders in rendering legal services to Russian-speaking individuals and companies, originating from Russia and operating in the Swiss Confederation having four offices in Switzerland: Anz\\u00e8re, Sion, Gen\\u00e8ve, Zurich\",\"publisher\":{\"@id\":\"https:\/\/leolex.ch\/#organization\"},\"potentialAction\":[{\"@type\":\"SearchAction\",\"target\":{\"@type\":\"EntryPoint\",\"urlTemplate\":\"https:\/\/leolex.ch\/?s={search_term_string}\"},\"query-input\":\"required name=search_term_string\"}],\"inLanguage\":\"en-US\"},{\"@type\":\"ImageObject\",\"@id\":\"https:\/\/leolex.ch\/#primaryimage\",\"inLanguage\":\"en-US\",\"url\":\"https:\/\/leolex.ch\/wp-content\/uploads\/2020\/12\/5.png\",\"contentUrl\":\"https:\/\/leolex.ch\/wp-content\/uploads\/2020\/12\/5.png\",\"width\":70,\"height\":70},{\"@type\":\"WebPage\",\"@id\":\"https:\/\/leolex.ch\/#webpage\",\"url\":\"https:\/\/leolex.ch\/\",\"name\":\"LEOLEX - international law and accounting firm in der Schweiz\",\"isPartOf\":{\"@id\":\"https:\/\/leolex.ch\/#website\"},\"primaryImageOfPage\":{\"@id\":\"https:\/\/leolex.ch\/#primaryimage\"},\"datePublished\":\"2020-12-02T17:34:54+00:00\",\"dateModified\":\"2022-10-19T15:08:43+00:00\",\"description\":\"Das Rechts- und Buchhaltungsb\\u00fcro LEOLEX ist eines der f\\u00fchrendsten Unternehmen zur Erbringung von rechtlichen Dienstleistungen an russischsprachige B\\u00fcrger\",\"breadcrumb\":{\"@id\":\"https:\/\/leolex.ch\/#breadcrumb\"},\"inLanguage\":\"en-US\",\"potentialAction\":[{\"@type\":\"ReadAction\",\"target\":[\"https:\/\/leolex.ch\/\"]}]},{\"@type\":\"BreadcrumbList\",\"@id\":\"https:\/\/leolex.ch\/#breadcrumb\",\"itemListElement\":[{\"@type\":\"ListItem\",\"position\":1,\"name\":\"\\u0413\\u043b\\u0430\\u0432\\u043d\\u0430\\u044f \\u0441\\u0442\\u0440\\u0430\\u043d\\u0438\\u0446\\u0430\",\"item\":\"https:\/\/leolex.ch\/\"},{\"@type\":\"ListItem\",\"position\":2,\"name\":\"\\u0413\\u043b\\u0430\\u0432\\u043d\\u0430\\u044f\"}]}]}<\/script>\n<!-- \/ Yoast SEO plugin. -->","yoast_head_json":{"title":"LEOLEX - international law and accounting firm in der Schweiz","robots":{"index":"index","follow":"follow","max-snippet":"max-snippet:-1","max-image-preview":"max-image-preview:large","max-video-preview":"max-video-preview:-1"},"canonical":"https:\/\/leolex.ch\/","og_locale":"en_US","og_type":"article","og_title":"LEOLEX - international law and accounting firm in der Schweiz","og_url":"https:\/\/leolex.ch\/","og_site_name":"LEOLEX - international law and accounting firm","article_modified_time":"2022-10-19T15:08:43+00:00","og_image":[{"url":"https:\/\/leolex.ch\/wp-content\/uploads\/2020\/12\/5.png"}],"twitter_card":"summary_large_image","twitter_misc":{"Est. reading time":"7 minutes"},"schema":{"@context":"https:\/\/schema.org","@graph":[{"@type":"Organization","@id":"https:\/\/leolex.ch\/#organization","name":"Leolex","url":"https:\/\/leolex.ch\/","sameAs":[],"logo":{"@type":"ImageObject","@id":"https:\/\/leolex.ch\/#logo","inLanguage":"en-US","url":"https:\/\/leolex.ch\/wp-content\/uploads\/2021\/10\/logo-leolex-bez-fona-.png","contentUrl":"https:\/\/leolex.ch\/wp-content\/uploads\/2021\/10\/logo-leolex-bez-fona-.png","width":736,"height":200,"caption":"Leolex"},"image":{"@id":"https:\/\/leolex.ch\/#logo"}},{"@type":"WebSite","@id":"https:\/\/leolex.ch\/#website","url":"https:\/\/leolex.ch\/","name":"LEOLEX - \u0448\u0432\u0435\u0439\u0446\u0430\u0440\u0441\u043a\u0430\u044f \u044e\u0440\u0438\u0434\u0438\u0447\u0435\u0441\u043a\u0430\u044f \u0438 \u0431\u0443\u0445\u0433\u0430\u043b\u0442\u0435\u0440\u0441\u043a\u0430\u044f \u0444\u0438\u0440\u043c\u0430","description":"LeoLex is one of the leaders in rendering legal services to Russian-speaking individuals and companies, originating from Russia and operating in the Swiss Confederation having four offices in Switzerland: Anz\u00e8re, Sion, Gen\u00e8ve, Zurich","publisher":{"@id":"https:\/\/leolex.ch\/#organization"},"potentialAction":[{"@type":"SearchAction","target":{"@type":"EntryPoint","urlTemplate":"https:\/\/leolex.ch\/?s={search_term_string}"},"query-input":"required name=search_term_string"}],"inLanguage":"en-US"},{"@type":"ImageObject","@id":"https:\/\/leolex.ch\/#primaryimage","inLanguage":"en-US","url":"https:\/\/leolex.ch\/wp-content\/uploads\/2020\/12\/5.png","contentUrl":"https:\/\/leolex.ch\/wp-content\/uploads\/2020\/12\/5.png","width":70,"height":70},{"@type":"WebPage","@id":"https:\/\/leolex.ch\/#webpage","url":"https:\/\/leolex.ch\/","name":"LEOLEX - international law and accounting firm in der Schweiz","isPartOf":{"@id":"https:\/\/leolex.ch\/#website"},"primaryImageOfPage":{"@id":"https:\/\/leolex.ch\/#primaryimage"},"datePublished":"2020-12-02T17:34:54+00:00","dateModified":"2022-10-19T15:08:43+00:00","description":"Das Rechts- und Buchhaltungsb\u00fcro LEOLEX ist eines der f\u00fchrendsten Unternehmen zur Erbringung von rechtlichen Dienstleistungen an russischsprachige B\u00fcrger","breadcrumb":{"@id":"https:\/\/leolex.ch\/#breadcrumb"},"inLanguage":"en-US","potentialAction":[{"@type":"ReadAction","target":["https:\/\/leolex.ch\/"]}]},{"@type":"BreadcrumbList","@id":"https:\/\/leolex.ch\/#breadcrumb","itemListElement":[{"@type":"ListItem","position":1,"name":"\u0413\u043b\u0430\u0432\u043d\u0430\u044f \u0441\u0442\u0440\u0430\u043d\u0438\u0446\u0430","item":"https:\/\/leolex.ch\/"},{"@type":"ListItem","position":2,"name":"\u0413\u043b\u0430\u0432\u043d\u0430\u044f"}]}]}},"_links":{"self":[{"href":"https:\/\/leolex.ch\/en\/wp-json\/wp\/v2\/pages\/2"}],"collection":[{"href":"https:\/\/leolex.ch\/en\/wp-json\/wp\/v2\/pages"}],"about":[{"href":"https:\/\/leolex.ch\/en\/wp-json\/wp\/v2\/types\/page"}],"author":[{"embeddable":true,"href":"https:\/\/leolex.ch\/en\/wp-json\/wp\/v2\/users\/1"}],"replies":[{"embeddable":true,"href":"https:\/\/leolex.ch\/en\/wp-json\/wp\/v2\/comments?post=2"}],"version-history":[{"count":398,"href":"https:\/\/leolex.ch\/en\/wp-json\/wp\/v2\/pages\/2\/revisions"}],"predecessor-version":[{"id":2268,"href":"https:\/\/leolex.ch\/en\/wp-json\/wp\/v2\/pages\/2\/revisions\/2268"}],"wp:attachment":[{"href":"https:\/\/leolex.ch\/en\/wp-json\/wp\/v2\/media?parent=2"}],"curies":[{"name":"wp","href":"https:\/\/api.w.org\/{rel}","templated":true}]}}