{"id":558,"date":"2020-12-28T09:02:57","date_gmt":"2020-12-28T06:02:57","guid":{"rendered":"https:\/\/leolex.ch\/roman-kudinov-copy\/"},"modified":"2022-03-18T07:12:45","modified_gmt":"2022-03-18T04:12:45","slug":"o-nas","status":"publish","type":"page","link":"https:\/\/leolex.ch\/de\/o-nas\/","title":{"rendered":"\u041e \u043d\u0430\u0441"},"content":{"rendered":"<p><strong>UNSERE GESELLSCHAFT WURDE IM JAHR 2015 GEGR\u00dcNDET UND HAT 4 B\u00dcROS AUF DEM TERRITORIUM DER&nbsp;SCHWEIZ.<\/strong><\/p>\n<p>Die Juristen und Buchhalter des B\u00fcros LEOLEX erbringen ihre Dienstleistungen sowohl auf dem Territorium der Schweiz, als auch auf dem Territorium der nahe liegenden L\u00e4nder (Frankreich, Belgien, Liechtenstein, Monaco) und auf dem Territorium der Russischen F\u00f6deration \u00fcber seine Filiale.<\/p>\n<p>Das Rechts- und Buchhaltungsb\u00fcro LEOLEX ist eines der marktf\u00fchrenden Unternehmen zur Erbringung von rechtlichen Dienstleistungen an russischsprachige B\u00fcrger und die aus Russland stammenden Gesellschaften auf dem Territorium der Schweizerischen Eidgenossenschaft mit 4 B\u00fcros in der Schweiz (Anz\u00e8re, Sitten, Genf, Z\u00fcrich) und insgesamt 20 B\u00fcromitarbeitern.<br \/>\nDas Team von Juristen und Buchaltern des B\u00fcros LEOLEX, geleitet von einem der Gr\u00fcnder und dem gesch\u00e4ftsf\u00fchrenden Partner des B\u00fcros, Herrn <a style=\"font-weight: 400;\" href=\"\/de\/roman-kudinov\/\">Roman Kudinov<\/a>&nbsp;besteht aus engagierten und hochqualifizierten Experten, was erm\u00f6glicht, Rechts- und Buchhaltungsdienstleistungen operativ, vertraulich und maximal effektiv f\u00fcr unsere Kunden zu erbringen.<\/p>\n<p>Wir erbringen Dienstleistungen in russischer, franz\u00f6sischer, englischer und deutscher Sprache.<\/p>\n","protected":false},"excerpt":{"rendered":"<p>UNSERE GESELLSCHAFT WURDE IM JAHR 2015 GEGR\u00dcNDET UND HAT 4 B\u00dcROS AUF DEM TERRITORIUM DER&nbsp;SCHWEIZ. Die Juristen und Buchhalter des B\u00fcros LEOLEX erbringen ihre Dienstleistungen sowohl auf dem Territorium der Schweiz, als auch auf dem&nbsp;<a href=\"https:\/\/leolex.ch\/de\/o-nas\/\" class=\"read-more\">Continue Reading<\/a><\/p>\n","protected":false},"author":1,"featured_media":0,"parent":0,"menu_order":0,"comment_status":"closed","ping_status":"closed","template":"templates\/page-fullwidth.php","meta":[],"translation":{"provider":"WPGlobus","version":"2.8.6","language":"de","enabled_languages":["ru","en","fr","de"],"languages":{"ru":{"title":true,"content":true,"excerpt":false},"en":{"title":false,"content":true,"excerpt":false},"fr":{"title":false,"content":true,"excerpt":false},"de":{"title":true,"content":true,"excerpt":false}}},"yoast_head":"<!-- This site is optimized with the Yoast SEO plugin v17.5 - https:\/\/yoast.com\/wordpress\/plugins\/seo\/ -->\n<title>KONTAKTE &ndash; LEOLEX - das Rechts- und Buchhaltungsb\u00fcro<\/title>\n<meta name=\"description\" content=\"Die Juristen und Buchhalter des B\u00fcros LEOLEX erbringen ihre Dienstleistungen sowohl auf dem Territorium der Schweiz\" \/>\n<meta name=\"robots\" content=\"index, follow, max-snippet:-1, max-image-preview:large, max-video-preview:-1\" \/>\n<link rel=\"canonical\" href=\"https:\/\/leolex.ch\/o-nas\/\" \/>\n<meta property=\"og:locale\" content=\"de_DE\" \/>\n<meta property=\"og:type\" content=\"article\" \/>\n<meta property=\"og:title\" content=\"{:en}CONTACTS &ndash; LEOLEX - das Rechts- und Buchhaltungsb\u00fcro{:}{:fr}CONTACTS &ndash; LEOLEX - das Rechts- und Buchhaltungsb\u00fcro{:}{:de}KONTAKTE &ndash; LEOLEX - das Rechts- und Buchhaltungsb\u00fcro{:}\" \/>\n<meta property=\"og:description\" content=\"Die Juristen und Buchhalter des B\u00fcros LEOLEX erbringen ihre Dienstleistungen sowohl auf dem Territorium der Schweiz\" \/>\n<meta property=\"og:url\" content=\"https:\/\/leolex.ch\/o-nas\/\" \/>\n<meta property=\"og:site_name\" content=\"LEOLEX - das Rechts- und Buchhaltungsb\u00fcro\" \/>\n<meta property=\"article:modified_time\" content=\"2022-03-18T04:12:45+00:00\" \/>\n<meta name=\"twitter:card\" content=\"summary_large_image\" \/>\n<meta name=\"twitter:label1\" content=\"Est. reading time\" \/>\n\t<meta name=\"twitter:data1\" content=\"1 minute\" \/>\n<script type=\"application\/ld+json\" class=\"yoast-schema-graph\">{\"@context\":\"https:\/\/schema.org\",\"@graph\":[{\"@type\":\"Organization\",\"@id\":\"https:\/\/leolex.ch\/#organization\",\"name\":\"Leolex\",\"url\":\"https:\/\/leolex.ch\/\",\"sameAs\":[],\"logo\":{\"@type\":\"ImageObject\",\"@id\":\"https:\/\/leolex.ch\/#logo\",\"inLanguage\":\"de-DE\",\"url\":\"https:\/\/leolex.ch\/wp-content\/uploads\/2021\/10\/logo-leolex-bez-fona-.png\",\"contentUrl\":\"https:\/\/leolex.ch\/wp-content\/uploads\/2021\/10\/logo-leolex-bez-fona-.png\",\"width\":736,\"height\":200,\"caption\":\"Leolex\"},\"image\":{\"@id\":\"https:\/\/leolex.ch\/#logo\"}},{\"@type\":\"WebSite\",\"@id\":\"https:\/\/leolex.ch\/#website\",\"url\":\"https:\/\/leolex.ch\/\",\"name\":\"LEOLEX - \\u0448\\u0432\\u0435\\u0439\\u0446\\u0430\\u0440\\u0441\\u043a\\u0430\\u044f \\u044e\\u0440\\u0438\\u0434\\u0438\\u0447\\u0435\\u0441\\u043a\\u0430\\u044f \\u0438 \\u0431\\u0443\\u0445\\u0433\\u0430\\u043b\\u0442\\u0435\\u0440\\u0441\\u043a\\u0430\\u044f \\u0444\\u0438\\u0440\\u043c\\u0430\",\"description\":\"LeoLex ist eines der f\\u00fchrendsten Unternehmen zur Erbringung von rechtlichen Dienstleistungen an russischsprachige B\\u00fcrger und die aus Russland stammenden Gesellschaften auf dem Territorium der Schweizerischen Eidgenossenschaft\",\"publisher\":{\"@id\":\"https:\/\/leolex.ch\/#organization\"},\"potentialAction\":[{\"@type\":\"SearchAction\",\"target\":{\"@type\":\"EntryPoint\",\"urlTemplate\":\"https:\/\/leolex.ch\/?s={search_term_string}\"},\"query-input\":\"required name=search_term_string\"}],\"inLanguage\":\"de-DE\"},{\"@type\":\"WebPage\",\"@id\":\"https:\/\/leolex.ch\/o-nas\/#webpage\",\"url\":\"https:\/\/leolex.ch\/o-nas\/\",\"name\":\"\\u041e \\u043d\\u0430\\u0441 &ndash; LEOLEX - das Rechts- und Buchhaltungsb\\u00fcro\",\"isPartOf\":{\"@id\":\"https:\/\/leolex.ch\/#website\"},\"datePublished\":\"2020-12-28T06:02:57+00:00\",\"dateModified\":\"2022-03-18T04:12:45+00:00\",\"description\":\"\\u041a\\u043e\\u043b\\u043b\\u0435\\u043a\\u0442\\u0438\\u0432 \\u044e\\u0440\\u0438\\u0441\\u0442\\u043e\\u0432 \\u0438 \\u0431\\u0443\\u0445\\u0433\\u0430\\u043b\\u0442\\u0435\\u0440\\u043e\\u0432 LEOLEX, \\u0432\\u043e\\u0437\\u0433\\u043b\\u0430\\u0432\\u043b\\u044f\\u0435\\u043c\\u044b\\u0439 \\u043e\\u0434\\u043d\\u0438\\u043c \\u0438\\u0437 \\u0443\\u0447\\u0440\\u0435\\u0434\\u0438\\u0442\\u0435\\u043b\\u0435\\u0439 \\u0438 \\u0443\\u043f\\u0440\\u0430\\u0432\\u043b\\u044f\\u044e\\u0449\\u0438\\u043c \\u043f\\u0430\\u0440\\u0442\\u043d\\u0451\\u0440\\u043e\\u043c \\u0431\\u044e\\u0440\\u043e \\u041a\\u0443\\u0434\\u0438\\u043d\\u043e\\u0432\\u044b\\u043c \\u0420\\u043e\\u043c\\u0430\\u043d\\u043e\\u043c\",\"breadcrumb\":{\"@id\":\"https:\/\/leolex.ch\/o-nas\/#breadcrumb\"},\"inLanguage\":\"de-DE\",\"potentialAction\":[{\"@type\":\"ReadAction\",\"target\":[\"https:\/\/leolex.ch\/o-nas\/\"]}]},{\"@type\":\"BreadcrumbList\",\"@id\":\"https:\/\/leolex.ch\/o-nas\/#breadcrumb\",\"itemListElement\":[{\"@type\":\"ListItem\",\"position\":1,\"name\":\"\\u0413\\u043b\\u0430\\u0432\\u043d\\u0430\\u044f \\u0441\\u0442\\u0440\\u0430\\u043d\\u0438\\u0446\\u0430\",\"item\":\"https:\/\/leolex.ch\/\"},{\"@type\":\"ListItem\",\"position\":2,\"name\":\"\\u041e \\u043d\\u0430\\u0441\"}]}]}<\/script>\n<!-- \/ Yoast SEO plugin. -->","yoast_head_json":{"title":"KONTAKTE &ndash; LEOLEX - das Rechts- und Buchhaltungsb\u00fcro","description":"Die Juristen und Buchhalter des B\u00fcros LEOLEX erbringen ihre Dienstleistungen sowohl auf dem Territorium der Schweiz","robots":{"index":"index","follow":"follow","max-snippet":"max-snippet:-1","max-image-preview":"max-image-preview:large","max-video-preview":"max-video-preview:-1"},"canonical":"https:\/\/leolex.ch\/o-nas\/","og_locale":"de_DE","og_type":"article","og_title":"{:en}CONTACTS &ndash; LEOLEX - das Rechts- und Buchhaltungsb\u00fcro{:}{:fr}CONTACTS &ndash; LEOLEX - das Rechts- und Buchhaltungsb\u00fcro{:}{:de}KONTAKTE &ndash; LEOLEX - das Rechts- und Buchhaltungsb\u00fcro{:}","og_description":"Die Juristen und Buchhalter des B\u00fcros LEOLEX erbringen ihre Dienstleistungen sowohl auf dem Territorium der Schweiz","og_url":"https:\/\/leolex.ch\/o-nas\/","og_site_name":"LEOLEX - das Rechts- und Buchhaltungsb\u00fcro","article_modified_time":"2022-03-18T04:12:45+00:00","twitter_card":"summary_large_image","twitter_misc":{"Est. reading time":"1 minute"},"schema":{"@context":"https:\/\/schema.org","@graph":[{"@type":"Organization","@id":"https:\/\/leolex.ch\/#organization","name":"Leolex","url":"https:\/\/leolex.ch\/","sameAs":[],"logo":{"@type":"ImageObject","@id":"https:\/\/leolex.ch\/#logo","inLanguage":"de-DE","url":"https:\/\/leolex.ch\/wp-content\/uploads\/2021\/10\/logo-leolex-bez-fona-.png","contentUrl":"https:\/\/leolex.ch\/wp-content\/uploads\/2021\/10\/logo-leolex-bez-fona-.png","width":736,"height":200,"caption":"Leolex"},"image":{"@id":"https:\/\/leolex.ch\/#logo"}},{"@type":"WebSite","@id":"https:\/\/leolex.ch\/#website","url":"https:\/\/leolex.ch\/","name":"LEOLEX - \u0448\u0432\u0435\u0439\u0446\u0430\u0440\u0441\u043a\u0430\u044f \u044e\u0440\u0438\u0434\u0438\u0447\u0435\u0441\u043a\u0430\u044f \u0438 \u0431\u0443\u0445\u0433\u0430\u043b\u0442\u0435\u0440\u0441\u043a\u0430\u044f \u0444\u0438\u0440\u043c\u0430","description":"LeoLex ist eines der f\u00fchrendsten Unternehmen zur Erbringung von rechtlichen Dienstleistungen an russischsprachige B\u00fcrger und die aus Russland stammenden Gesellschaften auf dem Territorium der Schweizerischen Eidgenossenschaft","publisher":{"@id":"https:\/\/leolex.ch\/#organization"},"potentialAction":[{"@type":"SearchAction","target":{"@type":"EntryPoint","urlTemplate":"https:\/\/leolex.ch\/?s={search_term_string}"},"query-input":"required name=search_term_string"}],"inLanguage":"de-DE"},{"@type":"WebPage","@id":"https:\/\/leolex.ch\/o-nas\/#webpage","url":"https:\/\/leolex.ch\/o-nas\/","name":"\u041e \u043d\u0430\u0441 &ndash; LEOLEX - das Rechts- und Buchhaltungsb\u00fcro","isPartOf":{"@id":"https:\/\/leolex.ch\/#website"},"datePublished":"2020-12-28T06:02:57+00:00","dateModified":"2022-03-18T04:12:45+00:00","description":"\u041a\u043e\u043b\u043b\u0435\u043a\u0442\u0438\u0432 \u044e\u0440\u0438\u0441\u0442\u043e\u0432 \u0438 \u0431\u0443\u0445\u0433\u0430\u043b\u0442\u0435\u0440\u043e\u0432 LEOLEX, \u0432\u043e\u0437\u0433\u043b\u0430\u0432\u043b\u044f\u0435\u043c\u044b\u0439 \u043e\u0434\u043d\u0438\u043c \u0438\u0437 \u0443\u0447\u0440\u0435\u0434\u0438\u0442\u0435\u043b\u0435\u0439 \u0438 \u0443\u043f\u0440\u0430\u0432\u043b\u044f\u044e\u0449\u0438\u043c \u043f\u0430\u0440\u0442\u043d\u0451\u0440\u043e\u043c \u0431\u044e\u0440\u043e \u041a\u0443\u0434\u0438\u043d\u043e\u0432\u044b\u043c \u0420\u043e\u043c\u0430\u043d\u043e\u043c","breadcrumb":{"@id":"https:\/\/leolex.ch\/o-nas\/#breadcrumb"},"inLanguage":"de-DE","potentialAction":[{"@type":"ReadAction","target":["https:\/\/leolex.ch\/o-nas\/"]}]},{"@type":"BreadcrumbList","@id":"https:\/\/leolex.ch\/o-nas\/#breadcrumb","itemListElement":[{"@type":"ListItem","position":1,"name":"\u0413\u043b\u0430\u0432\u043d\u0430\u044f \u0441\u0442\u0440\u0430\u043d\u0438\u0446\u0430","item":"https:\/\/leolex.ch\/"},{"@type":"ListItem","position":2,"name":"\u041e \u043d\u0430\u0441"}]}]}},"_links":{"self":[{"href":"https:\/\/leolex.ch\/de\/wp-json\/wp\/v2\/pages\/558"}],"collection":[{"href":"https:\/\/leolex.ch\/de\/wp-json\/wp\/v2\/pages"}],"about":[{"href":"https:\/\/leolex.ch\/de\/wp-json\/wp\/v2\/types\/page"}],"author":[{"embeddable":true,"href":"https:\/\/leolex.ch\/de\/wp-json\/wp\/v2\/users\/1"}],"replies":[{"embeddable":true,"href":"https:\/\/leolex.ch\/de\/wp-json\/wp\/v2\/comments?post=558"}],"version-history":[{"count":120,"href":"https:\/\/leolex.ch\/de\/wp-json\/wp\/v2\/pages\/558\/revisions"}],"predecessor-version":[{"id":2068,"href":"https:\/\/leolex.ch\/de\/wp-json\/wp\/v2\/pages\/558\/revisions\/2068"}],"wp:attachment":[{"href":"https:\/\/leolex.ch\/de\/wp-json\/wp\/v2\/media?parent=558"}],"curies":[{"name":"wp","href":"https:\/\/api.w.org\/{rel}","templated":true}]}}