{"id":441,"date":"2020-12-22T11:50:55","date_gmt":"2020-12-22T08:50:55","guid":{"rendered":"https:\/\/leolex.ch\/cportivnoe-pravo-copy\/"},"modified":"2022-02-01T23:59:57","modified_gmt":"2022-02-01T20:59:57","slug":"roman-kudinov-1","status":"publish","type":"page","link":"https:\/\/leolex.ch\/de\/roman-kudinov-1\/","title":{"rendered":"\u0420\u043e\u043c\u0430\u043d \u041a\u0443\u0434\u0438\u043d\u043e\u0432"},"content":{"rendered":"<p><img loading=\"lazy\" src=\"https:\/\/leolex.ch\/wp-content\/uploads\/2020\/12\/photo-kudinov-roman-236x300.jpg\" alt=\"\" width=\"236\" height=\"300\" data-wp-editing=\"1\">Roman Kudinov ist gesch\u00e4ftsf\u00fchrender Partner des internationalen Buchhaltungs- und Rechtsb\u00fcros LEOLEX S\u00e0rl. Seine Rechtspraxis begann er im Jahre 2015.<\/p>\n<p>AUSBILDUNG:<\/p>\n<p>2016: Bachelor-Diplom im Bereich des Schweizerischen Rechts (Universit\u00e4t Genf, Schweiz);<br \/>\n2017: Zertifikat \u00fcber die Spezialisierung auf dem Gebiet des transnationalen Rechts (Universit\u00e4t Genf, Schweiz);<br \/>\n2018: Magisterdiplom auf dem Gebiet des Schweizerischen Rechts (Universit\u00e4t Genf, Schweiz);<\/p>\n<p>Zahlreiche Zertifikate \u00fcber erfolgreiche Ableistung der Kurse auf dem Gebiet des geistigen Eigentums, des Steuerrechtes, des Datenschutzrechtes, des Geldw\u00e4schegesetzes (Staatliche Universit\u00e4ten Genf und Fribourg in der Schweiz, Weltorganisation f\u00fcr geistiges Eigentum).<\/p>\n<p>T\u00c4TIGKEIT:<\/p>\n<p>&#8211; Mitglied des Schweizerischen Juristenvereins (Soci\u00e9t\u00e9 suisse des juristes SSJ);<br \/>\n&#8211; Mitglied der Internationalen Vereinigung f\u00fcr Steuerrecht (International Fiscal Association\/IFA);<br \/>\n&#8211; Mitglied der Schweizerischen Filiale des Europ\u00e4ischen Banken- und Finanzrechtsverbandes (Association europ\u00e9enne pour le droit bancaire et financier Suisse AEDBF\/Suisse) ;<br \/>\n&#8211; Abgeordneter der Gesetzgebenden Versammlung der Gemeinde Ayent (Valais) von der Schweizerischen Volkspartei (UDC\/SVP);<br \/>\n&#8211; Pr\u00e4sident der Vertretung von &nbsp;<a href=\"http:\/\/racib.com\/rakib-ukreplyaet-svoi-poziczii-v-shvejczarii\" target=\"_blank\" rel=\"noopener noreferrer\">RACIB <\/a>(RUSSIAN ASSOCIATION OF CRYPTOINDUSTRY AND BLOCKCHAIN) in der Schweiz;<br \/>\n&#8211; Technischer Direktor des Schweizerischer Ringerverbandes (Swiss Wrestling Federation).<\/p>\n<p><img width=\"806\" height=\"1024\" src=\"https:\/\/leolex.ch\/wp-content\/uploads\/2020\/12\/photo-kudinov-roman-806x1024.jpg\" alt=\"\" loading=\"lazy\" srcset=\"https:\/\/leolex.ch\/wp-content\/uploads\/2020\/12\/photo-kudinov-roman-806x1024.jpg 806w, https:\/\/leolex.ch\/wp-content\/uploads\/2020\/12\/photo-kudinov-roman-236x300.jpg 236w, https:\/\/leolex.ch\/wp-content\/uploads\/2020\/12\/photo-kudinov-roman-768x976.jpg 768w, https:\/\/leolex.ch\/wp-content\/uploads\/2020\/12\/photo-kudinov-roman.jpg 879w\" sizes=\"(max-width: 806px) 100vw, 806px\"><\/p>\n<p>Roman Kudinov ist gesch\u00e4ftsf\u00fchrender Partner des internationalen Buchhaltungs- und Rechtsb\u00fcros LEOLEX S\u00e0rl.  Seine Rechtspraxis begann er im Jahre 2015.<br \/>\nAUSBILDUNG:<br \/>\n2016: Bachelor-Diplom im Bereich des Schweizerischen Rechts (Universit\u00e4t Genf, Schweiz);<br \/>\n2017: Zertifikat \u00fcber die Spezialisierung auf dem Gebiet des transnationalen Rechts (Universit\u00e4t Genf, Schweiz);<br \/>\n2018: Magisterdiplom auf dem Gebiet des Schweizerischen Rechts (Universit\u00e4t Genf, Schweiz);<\/p>\n<p>Zahlreiche Zertifikate \u00fcber erfolgreiche Ableistung der Kurse auf dem Gebiet des geistigen Eigentums, des Steuerrechtes, des Datenschutzrechtes, des Geldw\u00e4schegesetzes (Staatliche Universit\u00e4ten Genf und Fribourg in der Schweiz, Weltorganisation f\u00fcr geistiges Eigentum).<br \/>\nT\u00c4TIGKEIT:<br \/>\n&#8211; Mitglied des Schweizerischen Juristenvereins (Soci\u00e9t\u00e9 suisse des juristes SSJ);<br \/>\n&#8211; Mitglied der Internationalen Vereinigung f\u00fcr Steuerrecht (International Fiscal Association\/IFA);<br \/>\n&#8211; Mitglied der Schweizerischen Filiale des Europ\u00e4ischen Banken- und Finanzrechtsverbandes (Association europ\u00e9enne pour le droit bancaire et financier Suisse AEDBF\/Suisse) ;<br \/>\n&#8211; Abgeordneter der Gesetzgebenden Versammlung der Gemeinde Ayent (Valais) von der Schweizerischen Volkspartei (UDC\/SVP);<br \/>\n&#8211; Pr\u00e4sident der Vertretung von &nbsp;<a href=\"http:\/\/racib.com\/rakib-ukreplyaet-svoi-poziczii-v-shvejczarii\" target=\"_blank\" rel=\"noopener noreferrer\">RACIB <\/a>(RUSSIAN ASSOCIATION OF CRYPTOINDUSTRY AND BLOCKCHAIN) in der Schweiz;<br \/>\n&#8211; Technischer Direktor des Schweizerischer Ringerverbandes (Swiss Wrestling Federation).<\/p>\n","protected":false},"excerpt":{"rendered":"<p>Roman Kudinov ist gesch\u00e4ftsf\u00fchrender Partner des internationalen Buchhaltungs- und Rechtsb\u00fcros LEOLEX S\u00e0rl. Seine Rechtspraxis begann er im Jahre 2015. AUSBILDUNG: 2016: Bachelor-Diplom im Bereich des Schweizerischen Rechts (Universit\u00e4t Genf, Schweiz); 2017: Zertifikat \u00fcber die Spezialisierung&nbsp;<a href=\"https:\/\/leolex.ch\/de\/roman-kudinov-1\/\" class=\"read-more\">Continue Reading<\/a><\/p>\n","protected":false},"author":1,"featured_media":0,"parent":0,"menu_order":0,"comment_status":"closed","ping_status":"closed","template":"templates\/page-fullwidth.php","meta":[],"translation":{"provider":"WPGlobus","version":"2.8.6","language":"de","enabled_languages":["ru","en","fr","de"],"languages":{"ru":{"title":true,"content":true,"excerpt":false},"en":{"title":false,"content":true,"excerpt":false},"fr":{"title":false,"content":true,"excerpt":false},"de":{"title":true,"content":true,"excerpt":false}}},"yoast_head":"<!-- This site is optimized with the Yoast SEO plugin v17.5 - https:\/\/yoast.com\/wordpress\/plugins\/seo\/ -->\n<title>\u0420\u043e\u043c\u0430\u043d \u041a\u0443\u0434\u0438\u043d\u043e\u0432 &ndash; LEOLEX - das Rechts- und Buchhaltungsb\u00fcro<\/title>\n<meta name=\"robots\" content=\"index, follow, max-snippet:-1, max-image-preview:large, max-video-preview:-1\" \/>\n<link rel=\"canonical\" href=\"https:\/\/leolex.ch\/roman-kudinov-1\/\" \/>\n<meta property=\"og:locale\" content=\"de_DE\" \/>\n<meta property=\"og:type\" content=\"article\" \/>\n<meta property=\"og:title\" content=\"\u0420\u043e\u043c\u0430\u043d \u041a\u0443\u0434\u0438\u043d\u043e\u0432 &ndash; LEOLEX - das Rechts- und Buchhaltungsb\u00fcro\" \/>\n<meta property=\"og:url\" content=\"https:\/\/leolex.ch\/roman-kudinov-1\/\" \/>\n<meta property=\"og:site_name\" content=\"LEOLEX - das Rechts- und Buchhaltungsb\u00fcro\" \/>\n<meta property=\"article:modified_time\" content=\"2022-02-01T20:59:57+00:00\" \/>\n<meta property=\"og:image\" content=\"https:\/\/leolex.ch\/wp-content\/uploads\/2020\/12\/photo-kudinov-roman-236x300.jpg\" \/>\n<meta name=\"twitter:card\" content=\"summary_large_image\" \/>\n<meta name=\"twitter:label1\" content=\"Est. reading time\" \/>\n\t<meta name=\"twitter:data1\" content=\"2 minutes\" \/>\n<script type=\"application\/ld+json\" class=\"yoast-schema-graph\">{\"@context\":\"https:\/\/schema.org\",\"@graph\":[{\"@type\":\"Organization\",\"@id\":\"https:\/\/leolex.ch\/#organization\",\"name\":\"Leolex\",\"url\":\"https:\/\/leolex.ch\/\",\"sameAs\":[],\"logo\":{\"@type\":\"ImageObject\",\"@id\":\"https:\/\/leolex.ch\/#logo\",\"inLanguage\":\"de-DE\",\"url\":\"https:\/\/leolex.ch\/wp-content\/uploads\/2021\/10\/logo-leolex-bez-fona-.png\",\"contentUrl\":\"https:\/\/leolex.ch\/wp-content\/uploads\/2021\/10\/logo-leolex-bez-fona-.png\",\"width\":736,\"height\":200,\"caption\":\"Leolex\"},\"image\":{\"@id\":\"https:\/\/leolex.ch\/#logo\"}},{\"@type\":\"WebSite\",\"@id\":\"https:\/\/leolex.ch\/#website\",\"url\":\"https:\/\/leolex.ch\/\",\"name\":\"LEOLEX - \\u0448\\u0432\\u0435\\u0439\\u0446\\u0430\\u0440\\u0441\\u043a\\u0430\\u044f \\u044e\\u0440\\u0438\\u0434\\u0438\\u0447\\u0435\\u0441\\u043a\\u0430\\u044f \\u0438 \\u0431\\u0443\\u0445\\u0433\\u0430\\u043b\\u0442\\u0435\\u0440\\u0441\\u043a\\u0430\\u044f \\u0444\\u0438\\u0440\\u043c\\u0430\",\"description\":\"LeoLex ist eines der f\\u00fchrendsten Unternehmen zur Erbringung von rechtlichen Dienstleistungen an russischsprachige B\\u00fcrger und die aus Russland stammenden Gesellschaften auf dem Territorium der Schweizerischen Eidgenossenschaft\",\"publisher\":{\"@id\":\"https:\/\/leolex.ch\/#organization\"},\"potentialAction\":[{\"@type\":\"SearchAction\",\"target\":{\"@type\":\"EntryPoint\",\"urlTemplate\":\"https:\/\/leolex.ch\/?s={search_term_string}\"},\"query-input\":\"required name=search_term_string\"}],\"inLanguage\":\"de-DE\"},{\"@type\":\"ImageObject\",\"@id\":\"https:\/\/leolex.ch\/roman-kudinov-1\/#primaryimage\",\"inLanguage\":\"de-DE\",\"url\":\"https:\/\/leolex.ch\/wp-content\/uploads\/2020\/12\/photo-kudinov-roman.jpg\",\"contentUrl\":\"https:\/\/leolex.ch\/wp-content\/uploads\/2020\/12\/photo-kudinov-roman.jpg\",\"width\":879,\"height\":1117},{\"@type\":\"WebPage\",\"@id\":\"https:\/\/leolex.ch\/roman-kudinov-1\/#webpage\",\"url\":\"https:\/\/leolex.ch\/roman-kudinov-1\/\",\"name\":\"\\u0420\\u043e\\u043c\\u0430\\u043d \\u041a\\u0443\\u0434\\u0438\\u043d\\u043e\\u0432 &ndash; LEOLEX - das Rechts- und Buchhaltungsb\\u00fcro\",\"isPartOf\":{\"@id\":\"https:\/\/leolex.ch\/#website\"},\"primaryImageOfPage\":{\"@id\":\"https:\/\/leolex.ch\/roman-kudinov-1\/#primaryimage\"},\"datePublished\":\"2020-12-22T08:50:55+00:00\",\"dateModified\":\"2022-02-01T20:59:57+00:00\",\"breadcrumb\":{\"@id\":\"https:\/\/leolex.ch\/roman-kudinov-1\/#breadcrumb\"},\"inLanguage\":\"de-DE\",\"potentialAction\":[{\"@type\":\"ReadAction\",\"target\":[\"https:\/\/leolex.ch\/roman-kudinov-1\/\"]}]},{\"@type\":\"BreadcrumbList\",\"@id\":\"https:\/\/leolex.ch\/roman-kudinov-1\/#breadcrumb\",\"itemListElement\":[{\"@type\":\"ListItem\",\"position\":1,\"name\":\"\\u0413\\u043b\\u0430\\u0432\\u043d\\u0430\\u044f \\u0441\\u0442\\u0440\\u0430\\u043d\\u0438\\u0446\\u0430\",\"item\":\"https:\/\/leolex.ch\/\"},{\"@type\":\"ListItem\",\"position\":2,\"name\":\"\\u0420\\u043e\\u043c\\u0430\\u043d \\u041a\\u0443\\u0434\\u0438\\u043d\\u043e\\u0432\"}]}]}<\/script>\n<!-- \/ Yoast SEO plugin. -->","yoast_head_json":{"title":"\u0420\u043e\u043c\u0430\u043d \u041a\u0443\u0434\u0438\u043d\u043e\u0432 &ndash; LEOLEX - das Rechts- und Buchhaltungsb\u00fcro","robots":{"index":"index","follow":"follow","max-snippet":"max-snippet:-1","max-image-preview":"max-image-preview:large","max-video-preview":"max-video-preview:-1"},"canonical":"https:\/\/leolex.ch\/roman-kudinov-1\/","og_locale":"de_DE","og_type":"article","og_title":"\u0420\u043e\u043c\u0430\u043d \u041a\u0443\u0434\u0438\u043d\u043e\u0432 &ndash; LEOLEX - das Rechts- und Buchhaltungsb\u00fcro","og_url":"https:\/\/leolex.ch\/roman-kudinov-1\/","og_site_name":"LEOLEX - das Rechts- und Buchhaltungsb\u00fcro","article_modified_time":"2022-02-01T20:59:57+00:00","og_image":[{"url":"https:\/\/leolex.ch\/wp-content\/uploads\/2020\/12\/photo-kudinov-roman-236x300.jpg"}],"twitter_card":"summary_large_image","twitter_misc":{"Est. reading time":"2 minutes"},"schema":{"@context":"https:\/\/schema.org","@graph":[{"@type":"Organization","@id":"https:\/\/leolex.ch\/#organization","name":"Leolex","url":"https:\/\/leolex.ch\/","sameAs":[],"logo":{"@type":"ImageObject","@id":"https:\/\/leolex.ch\/#logo","inLanguage":"de-DE","url":"https:\/\/leolex.ch\/wp-content\/uploads\/2021\/10\/logo-leolex-bez-fona-.png","contentUrl":"https:\/\/leolex.ch\/wp-content\/uploads\/2021\/10\/logo-leolex-bez-fona-.png","width":736,"height":200,"caption":"Leolex"},"image":{"@id":"https:\/\/leolex.ch\/#logo"}},{"@type":"WebSite","@id":"https:\/\/leolex.ch\/#website","url":"https:\/\/leolex.ch\/","name":"LEOLEX - \u0448\u0432\u0435\u0439\u0446\u0430\u0440\u0441\u043a\u0430\u044f \u044e\u0440\u0438\u0434\u0438\u0447\u0435\u0441\u043a\u0430\u044f \u0438 \u0431\u0443\u0445\u0433\u0430\u043b\u0442\u0435\u0440\u0441\u043a\u0430\u044f \u0444\u0438\u0440\u043c\u0430","description":"LeoLex ist eines der f\u00fchrendsten Unternehmen zur Erbringung von rechtlichen Dienstleistungen an russischsprachige B\u00fcrger und die aus Russland stammenden Gesellschaften auf dem Territorium der Schweizerischen Eidgenossenschaft","publisher":{"@id":"https:\/\/leolex.ch\/#organization"},"potentialAction":[{"@type":"SearchAction","target":{"@type":"EntryPoint","urlTemplate":"https:\/\/leolex.ch\/?s={search_term_string}"},"query-input":"required name=search_term_string"}],"inLanguage":"de-DE"},{"@type":"ImageObject","@id":"https:\/\/leolex.ch\/roman-kudinov-1\/#primaryimage","inLanguage":"de-DE","url":"https:\/\/leolex.ch\/wp-content\/uploads\/2020\/12\/photo-kudinov-roman.jpg","contentUrl":"https:\/\/leolex.ch\/wp-content\/uploads\/2020\/12\/photo-kudinov-roman.jpg","width":879,"height":1117},{"@type":"WebPage","@id":"https:\/\/leolex.ch\/roman-kudinov-1\/#webpage","url":"https:\/\/leolex.ch\/roman-kudinov-1\/","name":"\u0420\u043e\u043c\u0430\u043d \u041a\u0443\u0434\u0438\u043d\u043e\u0432 &ndash; LEOLEX - das Rechts- und Buchhaltungsb\u00fcro","isPartOf":{"@id":"https:\/\/leolex.ch\/#website"},"primaryImageOfPage":{"@id":"https:\/\/leolex.ch\/roman-kudinov-1\/#primaryimage"},"datePublished":"2020-12-22T08:50:55+00:00","dateModified":"2022-02-01T20:59:57+00:00","breadcrumb":{"@id":"https:\/\/leolex.ch\/roman-kudinov-1\/#breadcrumb"},"inLanguage":"de-DE","potentialAction":[{"@type":"ReadAction","target":["https:\/\/leolex.ch\/roman-kudinov-1\/"]}]},{"@type":"BreadcrumbList","@id":"https:\/\/leolex.ch\/roman-kudinov-1\/#breadcrumb","itemListElement":[{"@type":"ListItem","position":1,"name":"\u0413\u043b\u0430\u0432\u043d\u0430\u044f \u0441\u0442\u0440\u0430\u043d\u0438\u0446\u0430","item":"https:\/\/leolex.ch\/"},{"@type":"ListItem","position":2,"name":"\u0420\u043e\u043c\u0430\u043d \u041a\u0443\u0434\u0438\u043d\u043e\u0432"}]}]}},"_links":{"self":[{"href":"https:\/\/leolex.ch\/de\/wp-json\/wp\/v2\/pages\/441"}],"collection":[{"href":"https:\/\/leolex.ch\/de\/wp-json\/wp\/v2\/pages"}],"about":[{"href":"https:\/\/leolex.ch\/de\/wp-json\/wp\/v2\/types\/page"}],"author":[{"embeddable":true,"href":"https:\/\/leolex.ch\/de\/wp-json\/wp\/v2\/users\/1"}],"replies":[{"embeddable":true,"href":"https:\/\/leolex.ch\/de\/wp-json\/wp\/v2\/comments?post=441"}],"version-history":[{"count":53,"href":"https:\/\/leolex.ch\/de\/wp-json\/wp\/v2\/pages\/441\/revisions"}],"predecessor-version":[{"id":1743,"href":"https:\/\/leolex.ch\/de\/wp-json\/wp\/v2\/pages\/441\/revisions\/1743"}],"wp:attachment":[{"href":"https:\/\/leolex.ch\/de\/wp-json\/wp\/v2\/media?parent=441"}],"curies":[{"name":"wp","href":"https:\/\/api.w.org\/{rel}","templated":true}]}}