{"id":327,"date":"2020-12-20T17:36:48","date_gmt":"2020-12-20T14:36:48","guid":{"rendered":"https:\/\/leolex.ch\/dogovornoe-pravo-copy\/"},"modified":"2021-11-26T23:29:20","modified_gmt":"2021-11-26T20:29:20","slug":"cportivnoe-pravo","status":"publish","type":"page","link":"https:\/\/leolex.ch\/de\/cportivnoe-pravo\/","title":{"rendered":"C\u041f\u041e\u0420\u0422\u0418\u0412\u041d\u041e\u0415 \u041f\u0420\u0410\u0412\u041e"},"content":{"rendered":"<p><img width=\"70\" height=\"70\" src=\"https:\/\/leolex.ch\/wp-content\/uploads\/2020\/12\/sport.png\" alt=\"\" loading=\"lazy\"><\/p>\n<h2>SPORTRECHT<\/h2>\n<p>Das Schweizerische Rechts- und Buchhaltungsb\u00fcro LEOLEX spezialisiert sich auf Rechtshilfeleistung im Sportbereich. Unsere Juristen verf\u00fcgen \u00fcber mehrj\u00e4hrige Erfahrungen auf dem Gebiet der Rechtshilfeleistung an Sportler, Trainer, Agenten und sonstige Sportvertreter. Fachliche Kompetenz unserer Mitarbeiter hilft jede von Ihnen gestellte Aufgabe erfolgreich zu meistern.<\/p>\n<p><strong>Dienstleistungen des Schweizerischen Rechts- und Buchhaltungsb\u00fcros LEOLEX auf dem Gebiet des Sportrechtes:<\/strong><\/p>\n<p>&#8211; Rechtsbegleitung der T\u00e4tigkeit von sportlichen Organisationen und Sportlern;<br \/>\n&#8211; Erstellung von Sponsorenvertr\u00e4gen und sonstigen juristischen Dokumenten im Sportbereich;<br \/>\n&#8211; Vertretung der Interessen von Sportlern und Sportverb\u00e4nden vor dem Internationalen Sportgerichtshof (CAS) in Lausanne (Schweiz);<br \/>\n&#8211; Beratung in Fragen des Anti-Doping-Regelwerks;<br \/>\n&#8211; komplexe rechtliche Unterst\u00fctzung der sportlichen Organisationen und der sportlichen Veranstaltungen;<br \/>\n&#8211; Beratung in Sponsoring-Fragen.<\/p>\n","protected":false},"excerpt":{"rendered":"<p>SPORTRECHT Das Schweizerische Rechts- und Buchhaltungsb\u00fcro LEOLEX spezialisiert sich auf Rechtshilfeleistung im Sportbereich. Unsere Juristen verf\u00fcgen \u00fcber mehrj\u00e4hrige Erfahrungen auf dem Gebiet der Rechtshilfeleistung an Sportler, Trainer, Agenten und sonstige Sportvertreter. Fachliche Kompetenz unserer Mitarbeiter&nbsp;<a href=\"https:\/\/leolex.ch\/de\/cportivnoe-pravo\/\" class=\"read-more\">Continue Reading<\/a><\/p>\n","protected":false},"author":1,"featured_media":0,"parent":0,"menu_order":0,"comment_status":"closed","ping_status":"closed","template":"templates\/page-fullwidth.php","meta":[],"translation":{"provider":"WPGlobus","version":"2.8.6","language":"de","enabled_languages":["ru","en","fr","de"],"languages":{"ru":{"title":true,"content":true,"excerpt":false},"en":{"title":true,"content":true,"excerpt":false},"fr":{"title":false,"content":true,"excerpt":false},"de":{"title":false,"content":true,"excerpt":false}}},"yoast_head":"<!-- This site is optimized with the Yoast SEO plugin v17.5 - https:\/\/yoast.com\/wordpress\/plugins\/seo\/ -->\n<title>SPORTRECHT &ndash; LEOLEX - das Rechts- und Buchhaltungsb\u00fcro<\/title>\n<meta name=\"description\" content=\"Das Schweizerische Rechts- und Buchhaltungsb\u00fcro LEOLEX spezialisiert sich auf Rechtshilfeleistung im Sportbereich.\" \/>\n<meta name=\"robots\" content=\"index, follow, max-snippet:-1, max-image-preview:large, max-video-preview:-1\" \/>\n<link rel=\"canonical\" href=\"https:\/\/leolex.ch\/cportivnoe-pravo\/\" \/>\n<meta property=\"og:locale\" content=\"de_DE\" \/>\n<meta property=\"og:type\" content=\"article\" \/>\n<meta property=\"og:title\" content=\"{:ru}C\u041f\u041e\u0420\u0422\u0418\u0412\u041d\u041e\u0415 \u041f\u0420\u0410\u0412\u041e &ndash; LEOLEX - das Rechts- und Buchhaltungsb\u00fcro{:}{:en}SPORTS LAW &ndash; LEOLEX - das Rechts- und Buchhaltungsb\u00fcro{:}{:fr}DROIT DU SPORT &ndash; LEOLEX - das Rechts- und Buchhaltungsb\u00fcro{:}{:de}SPORTRECHT &ndash; LEOLEX - das Rechts- und Buchhaltungsb\u00fcro{:}\" \/>\n<meta property=\"og:description\" content=\"Das Schweizerische Rechts- und Buchhaltungsb\u00fcro LEOLEX spezialisiert sich auf Rechtshilfeleistung im Sportbereich.\" \/>\n<meta property=\"og:url\" content=\"https:\/\/leolex.ch\/cportivnoe-pravo\/\" \/>\n<meta property=\"og:site_name\" content=\"LEOLEX - das Rechts- und Buchhaltungsb\u00fcro\" \/>\n<meta property=\"article:modified_time\" content=\"2021-11-26T20:29:20+00:00\" \/>\n<meta property=\"og:image\" content=\"https:\/\/leolex.ch\/wp-content\/uploads\/2020\/12\/sport.png\" \/>\n<meta name=\"twitter:card\" content=\"summary_large_image\" \/>\n<meta name=\"twitter:label1\" content=\"Est. reading time\" \/>\n\t<meta name=\"twitter:data1\" content=\"1 minute\" \/>\n<script type=\"application\/ld+json\" class=\"yoast-schema-graph\">{\"@context\":\"https:\/\/schema.org\",\"@graph\":[{\"@type\":\"Organization\",\"@id\":\"https:\/\/leolex.ch\/#organization\",\"name\":\"Leolex\",\"url\":\"https:\/\/leolex.ch\/\",\"sameAs\":[],\"logo\":{\"@type\":\"ImageObject\",\"@id\":\"https:\/\/leolex.ch\/#logo\",\"inLanguage\":\"de-DE\",\"url\":\"https:\/\/leolex.ch\/wp-content\/uploads\/2021\/10\/logo-leolex-bez-fona-.png\",\"contentUrl\":\"https:\/\/leolex.ch\/wp-content\/uploads\/2021\/10\/logo-leolex-bez-fona-.png\",\"width\":736,\"height\":200,\"caption\":\"Leolex\"},\"image\":{\"@id\":\"https:\/\/leolex.ch\/#logo\"}},{\"@type\":\"WebSite\",\"@id\":\"https:\/\/leolex.ch\/#website\",\"url\":\"https:\/\/leolex.ch\/\",\"name\":\"LEOLEX - \\u0448\\u0432\\u0435\\u0439\\u0446\\u0430\\u0440\\u0441\\u043a\\u0430\\u044f \\u044e\\u0440\\u0438\\u0434\\u0438\\u0447\\u0435\\u0441\\u043a\\u0430\\u044f \\u0438 \\u0431\\u0443\\u0445\\u0433\\u0430\\u043b\\u0442\\u0435\\u0440\\u0441\\u043a\\u0430\\u044f \\u0444\\u0438\\u0440\\u043c\\u0430\",\"description\":\"LeoLex ist eines der f\\u00fchrendsten Unternehmen zur Erbringung von rechtlichen Dienstleistungen an russischsprachige B\\u00fcrger und die aus Russland stammenden Gesellschaften auf dem Territorium der Schweizerischen Eidgenossenschaft\",\"publisher\":{\"@id\":\"https:\/\/leolex.ch\/#organization\"},\"potentialAction\":[{\"@type\":\"SearchAction\",\"target\":{\"@type\":\"EntryPoint\",\"urlTemplate\":\"https:\/\/leolex.ch\/?s={search_term_string}\"},\"query-input\":\"required name=search_term_string\"}],\"inLanguage\":\"de-DE\"},{\"@type\":\"ImageObject\",\"@id\":\"https:\/\/leolex.ch\/cportivnoe-pravo\/#primaryimage\",\"inLanguage\":\"de-DE\",\"url\":\"https:\/\/leolex.ch\/wp-content\/uploads\/2020\/12\/sport.png\",\"contentUrl\":\"https:\/\/leolex.ch\/wp-content\/uploads\/2020\/12\/sport.png\",\"width\":70,\"height\":70},{\"@type\":\"WebPage\",\"@id\":\"https:\/\/leolex.ch\/cportivnoe-pravo\/#webpage\",\"url\":\"https:\/\/leolex.ch\/cportivnoe-pravo\/\",\"name\":\"C\\u041f\\u041e\\u0420\\u0422\\u0418\\u0412\\u041d\\u041e\\u0415 \\u041f\\u0420\\u0410\\u0412\\u041e &ndash; LEOLEX - das Rechts- und Buchhaltungsb\\u00fcro\",\"isPartOf\":{\"@id\":\"https:\/\/leolex.ch\/#website\"},\"primaryImageOfPage\":{\"@id\":\"https:\/\/leolex.ch\/cportivnoe-pravo\/#primaryimage\"},\"datePublished\":\"2020-12-20T14:36:48+00:00\",\"dateModified\":\"2021-11-26T20:29:20+00:00\",\"description\":\"\\u0428\\u0432\\u0435\\u0439\\u0446\\u0430\\u0440\\u0441\\u043a\\u043e\\u0435 \\u044e\\u0440\\u0438\\u0434\\u0438\\u0447\\u0435\\u0441\\u043a\\u043e\\u0435 \\u0438 \\u0431\\u0443\\u0445\\u0433\\u0430\\u043b\\u0442\\u0435\\u0440\\u0441\\u043a\\u043e\\u0435 \\u0431\\u044e\\u0440\\u043e \\u201cLEOLEX\\u201d \\u0441\\u043f\\u0435\\u0446\\u0438\\u0430\\u043b\\u0438\\u0437\\u0438\\u0440\\u0443\\u0435\\u0442\\u0441\\u044f \\u043d\\u0430 \\u043e\\u043a\\u0430\\u0437\\u0430\\u043d\\u0438\\u0438 \\u043f\\u0440\\u0430\\u0432\\u043e\\u0432\\u043e\\u0439 \\u043f\\u043e\\u043c\\u043e\\u0449\\u0438 \\u0432 \\u0441\\u0444\\u0435\\u0440\\u0435 \\u0441\\u043f\\u043e\\u0440\\u0442\\u0430.\",\"breadcrumb\":{\"@id\":\"https:\/\/leolex.ch\/cportivnoe-pravo\/#breadcrumb\"},\"inLanguage\":\"de-DE\",\"potentialAction\":[{\"@type\":\"ReadAction\",\"target\":[\"https:\/\/leolex.ch\/cportivnoe-pravo\/\"]}]},{\"@type\":\"BreadcrumbList\",\"@id\":\"https:\/\/leolex.ch\/cportivnoe-pravo\/#breadcrumb\",\"itemListElement\":[{\"@type\":\"ListItem\",\"position\":1,\"name\":\"\\u0413\\u043b\\u0430\\u0432\\u043d\\u0430\\u044f \\u0441\\u0442\\u0440\\u0430\\u043d\\u0438\\u0446\\u0430\",\"item\":\"https:\/\/leolex.ch\/\"},{\"@type\":\"ListItem\",\"position\":2,\"name\":\"C\\u041f\\u041e\\u0420\\u0422\\u0418\\u0412\\u041d\\u041e\\u0415 \\u041f\\u0420\\u0410\\u0412\\u041e\"}]}]}<\/script>\n<!-- \/ Yoast SEO plugin. -->","yoast_head_json":{"title":"SPORTRECHT &ndash; LEOLEX - das Rechts- und Buchhaltungsb\u00fcro","description":"Das Schweizerische Rechts- und Buchhaltungsb\u00fcro LEOLEX spezialisiert sich auf Rechtshilfeleistung im Sportbereich.","robots":{"index":"index","follow":"follow","max-snippet":"max-snippet:-1","max-image-preview":"max-image-preview:large","max-video-preview":"max-video-preview:-1"},"canonical":"https:\/\/leolex.ch\/cportivnoe-pravo\/","og_locale":"de_DE","og_type":"article","og_title":"{:ru}C\u041f\u041e\u0420\u0422\u0418\u0412\u041d\u041e\u0415 \u041f\u0420\u0410\u0412\u041e &ndash; LEOLEX - das Rechts- und Buchhaltungsb\u00fcro{:}{:en}SPORTS LAW &ndash; LEOLEX - das Rechts- und Buchhaltungsb\u00fcro{:}{:fr}DROIT DU SPORT &ndash; LEOLEX - das Rechts- und Buchhaltungsb\u00fcro{:}{:de}SPORTRECHT &ndash; LEOLEX - das Rechts- und Buchhaltungsb\u00fcro{:}","og_description":"Das Schweizerische Rechts- und Buchhaltungsb\u00fcro LEOLEX spezialisiert sich auf Rechtshilfeleistung im Sportbereich.","og_url":"https:\/\/leolex.ch\/cportivnoe-pravo\/","og_site_name":"LEOLEX - das Rechts- und Buchhaltungsb\u00fcro","article_modified_time":"2021-11-26T20:29:20+00:00","og_image":[{"url":"https:\/\/leolex.ch\/wp-content\/uploads\/2020\/12\/sport.png"}],"twitter_card":"summary_large_image","twitter_misc":{"Est. reading time":"1 minute"},"schema":{"@context":"https:\/\/schema.org","@graph":[{"@type":"Organization","@id":"https:\/\/leolex.ch\/#organization","name":"Leolex","url":"https:\/\/leolex.ch\/","sameAs":[],"logo":{"@type":"ImageObject","@id":"https:\/\/leolex.ch\/#logo","inLanguage":"de-DE","url":"https:\/\/leolex.ch\/wp-content\/uploads\/2021\/10\/logo-leolex-bez-fona-.png","contentUrl":"https:\/\/leolex.ch\/wp-content\/uploads\/2021\/10\/logo-leolex-bez-fona-.png","width":736,"height":200,"caption":"Leolex"},"image":{"@id":"https:\/\/leolex.ch\/#logo"}},{"@type":"WebSite","@id":"https:\/\/leolex.ch\/#website","url":"https:\/\/leolex.ch\/","name":"LEOLEX - \u0448\u0432\u0435\u0439\u0446\u0430\u0440\u0441\u043a\u0430\u044f \u044e\u0440\u0438\u0434\u0438\u0447\u0435\u0441\u043a\u0430\u044f \u0438 \u0431\u0443\u0445\u0433\u0430\u043b\u0442\u0435\u0440\u0441\u043a\u0430\u044f \u0444\u0438\u0440\u043c\u0430","description":"LeoLex ist eines der f\u00fchrendsten Unternehmen zur Erbringung von rechtlichen Dienstleistungen an russischsprachige B\u00fcrger und die aus Russland stammenden Gesellschaften auf dem Territorium der Schweizerischen Eidgenossenschaft","publisher":{"@id":"https:\/\/leolex.ch\/#organization"},"potentialAction":[{"@type":"SearchAction","target":{"@type":"EntryPoint","urlTemplate":"https:\/\/leolex.ch\/?s={search_term_string}"},"query-input":"required name=search_term_string"}],"inLanguage":"de-DE"},{"@type":"ImageObject","@id":"https:\/\/leolex.ch\/cportivnoe-pravo\/#primaryimage","inLanguage":"de-DE","url":"https:\/\/leolex.ch\/wp-content\/uploads\/2020\/12\/sport.png","contentUrl":"https:\/\/leolex.ch\/wp-content\/uploads\/2020\/12\/sport.png","width":70,"height":70},{"@type":"WebPage","@id":"https:\/\/leolex.ch\/cportivnoe-pravo\/#webpage","url":"https:\/\/leolex.ch\/cportivnoe-pravo\/","name":"C\u041f\u041e\u0420\u0422\u0418\u0412\u041d\u041e\u0415 \u041f\u0420\u0410\u0412\u041e &ndash; LEOLEX - das Rechts- und Buchhaltungsb\u00fcro","isPartOf":{"@id":"https:\/\/leolex.ch\/#website"},"primaryImageOfPage":{"@id":"https:\/\/leolex.ch\/cportivnoe-pravo\/#primaryimage"},"datePublished":"2020-12-20T14:36:48+00:00","dateModified":"2021-11-26T20:29:20+00:00","description":"\u0428\u0432\u0435\u0439\u0446\u0430\u0440\u0441\u043a\u043e\u0435 \u044e\u0440\u0438\u0434\u0438\u0447\u0435\u0441\u043a\u043e\u0435 \u0438 \u0431\u0443\u0445\u0433\u0430\u043b\u0442\u0435\u0440\u0441\u043a\u043e\u0435 \u0431\u044e\u0440\u043e \u201cLEOLEX\u201d \u0441\u043f\u0435\u0446\u0438\u0430\u043b\u0438\u0437\u0438\u0440\u0443\u0435\u0442\u0441\u044f \u043d\u0430 \u043e\u043a\u0430\u0437\u0430\u043d\u0438\u0438 \u043f\u0440\u0430\u0432\u043e\u0432\u043e\u0439 \u043f\u043e\u043c\u043e\u0449\u0438 \u0432 \u0441\u0444\u0435\u0440\u0435 \u0441\u043f\u043e\u0440\u0442\u0430.","breadcrumb":{"@id":"https:\/\/leolex.ch\/cportivnoe-pravo\/#breadcrumb"},"inLanguage":"de-DE","potentialAction":[{"@type":"ReadAction","target":["https:\/\/leolex.ch\/cportivnoe-pravo\/"]}]},{"@type":"BreadcrumbList","@id":"https:\/\/leolex.ch\/cportivnoe-pravo\/#breadcrumb","itemListElement":[{"@type":"ListItem","position":1,"name":"\u0413\u043b\u0430\u0432\u043d\u0430\u044f \u0441\u0442\u0440\u0430\u043d\u0438\u0446\u0430","item":"https:\/\/leolex.ch\/"},{"@type":"ListItem","position":2,"name":"C\u041f\u041e\u0420\u0422\u0418\u0412\u041d\u041e\u0415 \u041f\u0420\u0410\u0412\u041e"}]}]}},"_links":{"self":[{"href":"https:\/\/leolex.ch\/de\/wp-json\/wp\/v2\/pages\/327"}],"collection":[{"href":"https:\/\/leolex.ch\/de\/wp-json\/wp\/v2\/pages"}],"about":[{"href":"https:\/\/leolex.ch\/de\/wp-json\/wp\/v2\/types\/page"}],"author":[{"embeddable":true,"href":"https:\/\/leolex.ch\/de\/wp-json\/wp\/v2\/users\/1"}],"replies":[{"embeddable":true,"href":"https:\/\/leolex.ch\/de\/wp-json\/wp\/v2\/comments?post=327"}],"version-history":[{"count":47,"href":"https:\/\/leolex.ch\/de\/wp-json\/wp\/v2\/pages\/327\/revisions"}],"predecessor-version":[{"id":1635,"href":"https:\/\/leolex.ch\/de\/wp-json\/wp\/v2\/pages\/327\/revisions\/1635"}],"wp:attachment":[{"href":"https:\/\/leolex.ch\/de\/wp-json\/wp\/v2\/media?parent=327"}],"curies":[{"name":"wp","href":"https:\/\/api.w.org\/{rel}","templated":true}]}}