{"id":322,"date":"2020-12-20T15:05:18","date_gmt":"2020-12-20T12:05:18","guid":{"rendered":"https:\/\/leolex.ch\/migraczionnoe-pravo-copy\/"},"modified":"2021-11-26T23:35:23","modified_gmt":"2021-11-26T20:35:23","slug":"nalogovoe-pravo","status":"publish","type":"page","link":"https:\/\/leolex.ch\/de\/nalogovoe-pravo\/","title":{"rendered":"\u041d\u0410\u041b\u041e\u0413\u041e\u0412\u041e\u0415 \u041f\u0420\u0410\u0412\u041e"},"content":{"rendered":"<p><img width=\"70\" height=\"70\" src=\"https:\/\/leolex.ch\/wp-content\/uploads\/2020\/12\/9_1.png\" alt=\"\" loading=\"lazy\"><\/p>\n<h2>STEUERRECHT<\/h2>\n<p>Das Steuerrecht ist eine der Schl\u00fcsselt\u00e4tigkeitsrichtungen des Schweizerischen Rechts- und Buchhaltungsb\u00fcros LEOLEX. Wir beraten unsere Kunden in Fragen der Steuerplanung, der Besteuerung sowie des Steuerrisikomanagements und vertreten ihre Interessen bei Steuerstreiten. Wir bedienen ganz unterschiedliche Kategorien von Kunden, sei es nat\u00fcrliche oder juristische Personen, und optimieren Ihre Steuerausgaben.<\/p>\n<p><strong>Dienstleistungen des Schweizerischen Rechts- und Buchhaltungsb\u00fcros LEOLEX auf dem Gebiet des Schutzes des Steuerrechtes:<\/strong><\/p>\n<p>&#8211; Steuerplanung;<br \/>\n&#8211; Beratung zu den Fragen der Vermeidung der Doppelbesteuerung;<br \/>\n&#8211; Vertretung der Interessen der Vollmachgeber vor Steuerbeh\u00f6rden;<br \/>\n&#8211; Vertretung der Interessen bei Steuerstreiten vor Gerichten aller Ebenen;<br \/>\n&#8211; Strukturierung der zivilrechtlichen Gesch\u00e4fte unter Ber\u00fccksichtigung der steuerlichen Folgen deren Abwicklung;<br \/>\n&#8211; Erbschaftsplanung;<br \/>\n&#8211; Gr\u00fcndung und Administrieren von Treuhandgesellschaften;<br \/>\n&#8211; Buchf\u00fchrung;<br \/>\n&#8211; Wirtschaftspr\u00fcfung.<\/p>\n","protected":false},"excerpt":{"rendered":"<p>STEUERRECHT Das Steuerrecht ist eine der Schl\u00fcsselt\u00e4tigkeitsrichtungen des Schweizerischen Rechts- und Buchhaltungsb\u00fcros LEOLEX. Wir beraten unsere Kunden in Fragen der Steuerplanung, der Besteuerung sowie des Steuerrisikomanagements und vertreten ihre Interessen bei Steuerstreiten. Wir bedienen ganz&nbsp;<a href=\"https:\/\/leolex.ch\/de\/nalogovoe-pravo\/\" class=\"read-more\">Continue Reading<\/a><\/p>\n","protected":false},"author":1,"featured_media":0,"parent":0,"menu_order":0,"comment_status":"closed","ping_status":"closed","template":"templates\/page-fullwidth.php","meta":[],"translation":{"provider":"WPGlobus","version":"2.8.6","language":"de","enabled_languages":["ru","en","fr","de"],"languages":{"ru":{"title":true,"content":true,"excerpt":false},"en":{"title":true,"content":true,"excerpt":false},"fr":{"title":false,"content":true,"excerpt":false},"de":{"title":false,"content":true,"excerpt":false}}},"yoast_head":"<!-- This site is optimized with the Yoast SEO plugin v17.5 - https:\/\/yoast.com\/wordpress\/plugins\/seo\/ -->\n<title>STEUERRECHT &ndash; LEOLEX - das Rechts- und Buchhaltungsb\u00fcro<\/title>\n<meta name=\"description\" content=\"Das Steuerrecht ist eine der Schl\u00fcsselt\u00e4tigkeitsrichtungen des Schweizerischen Rechts- und Buchhaltungsb\u00fcros LEOLEX\" \/>\n<meta name=\"robots\" content=\"index, follow, max-snippet:-1, max-image-preview:large, max-video-preview:-1\" \/>\n<link rel=\"canonical\" href=\"https:\/\/leolex.ch\/nalogovoe-pravo\/\" \/>\n<meta property=\"og:locale\" content=\"de_DE\" \/>\n<meta property=\"og:type\" content=\"article\" \/>\n<meta property=\"og:title\" content=\"{:ru}\u041d\u0430\u043b\u043e\u0433\u043e\u0432\u043e\u0435 \u043f\u0440\u0430\u0432\u043e &ndash; LEOLEX - das Rechts- und Buchhaltungsb\u00fcro{:}{:en}TAX LAW &ndash; LEOLEX - das Rechts- und Buchhaltungsb\u00fcro{:}{:fr}DROIT FISCAL &ndash; LEOLEX - das Rechts- und Buchhaltungsb\u00fcro{:}{:de}STEUERRECHT &ndash; LEOLEX - das Rechts- und Buchhaltungsb\u00fcro{:}\" \/>\n<meta property=\"og:description\" content=\"Das Steuerrecht ist eine der Schl\u00fcsselt\u00e4tigkeitsrichtungen des Schweizerischen Rechts- und Buchhaltungsb\u00fcros LEOLEX\" \/>\n<meta property=\"og:url\" content=\"https:\/\/leolex.ch\/nalogovoe-pravo\/\" \/>\n<meta property=\"og:site_name\" content=\"LEOLEX - das Rechts- und Buchhaltungsb\u00fcro\" \/>\n<meta property=\"article:modified_time\" content=\"2021-11-26T20:35:23+00:00\" \/>\n<meta property=\"og:image\" content=\"https:\/\/leolex.ch\/wp-content\/uploads\/2020\/12\/9_1.png\" \/>\n<meta name=\"twitter:card\" content=\"summary_large_image\" \/>\n<meta name=\"twitter:label1\" content=\"Est. reading time\" \/>\n\t<meta name=\"twitter:data1\" content=\"1 minute\" \/>\n<script type=\"application\/ld+json\" class=\"yoast-schema-graph\">{\"@context\":\"https:\/\/schema.org\",\"@graph\":[{\"@type\":\"Organization\",\"@id\":\"https:\/\/leolex.ch\/#organization\",\"name\":\"Leolex\",\"url\":\"https:\/\/leolex.ch\/\",\"sameAs\":[],\"logo\":{\"@type\":\"ImageObject\",\"@id\":\"https:\/\/leolex.ch\/#logo\",\"inLanguage\":\"de-DE\",\"url\":\"https:\/\/leolex.ch\/wp-content\/uploads\/2021\/10\/logo-leolex-bez-fona-.png\",\"contentUrl\":\"https:\/\/leolex.ch\/wp-content\/uploads\/2021\/10\/logo-leolex-bez-fona-.png\",\"width\":736,\"height\":200,\"caption\":\"Leolex\"},\"image\":{\"@id\":\"https:\/\/leolex.ch\/#logo\"}},{\"@type\":\"WebSite\",\"@id\":\"https:\/\/leolex.ch\/#website\",\"url\":\"https:\/\/leolex.ch\/\",\"name\":\"LEOLEX - \\u0448\\u0432\\u0435\\u0439\\u0446\\u0430\\u0440\\u0441\\u043a\\u0430\\u044f \\u044e\\u0440\\u0438\\u0434\\u0438\\u0447\\u0435\\u0441\\u043a\\u0430\\u044f \\u0438 \\u0431\\u0443\\u0445\\u0433\\u0430\\u043b\\u0442\\u0435\\u0440\\u0441\\u043a\\u0430\\u044f \\u0444\\u0438\\u0440\\u043c\\u0430\",\"description\":\"LeoLex ist eines der f\\u00fchrendsten Unternehmen zur Erbringung von rechtlichen Dienstleistungen an russischsprachige B\\u00fcrger und die aus Russland stammenden Gesellschaften auf dem Territorium der Schweizerischen Eidgenossenschaft\",\"publisher\":{\"@id\":\"https:\/\/leolex.ch\/#organization\"},\"potentialAction\":[{\"@type\":\"SearchAction\",\"target\":{\"@type\":\"EntryPoint\",\"urlTemplate\":\"https:\/\/leolex.ch\/?s={search_term_string}\"},\"query-input\":\"required name=search_term_string\"}],\"inLanguage\":\"de-DE\"},{\"@type\":\"ImageObject\",\"@id\":\"https:\/\/leolex.ch\/nalogovoe-pravo\/#primaryimage\",\"inLanguage\":\"de-DE\",\"url\":\"https:\/\/leolex.ch\/wp-content\/uploads\/2020\/12\/9_1.png\",\"contentUrl\":\"https:\/\/leolex.ch\/wp-content\/uploads\/2020\/12\/9_1.png\",\"width\":70,\"height\":70},{\"@type\":\"WebPage\",\"@id\":\"https:\/\/leolex.ch\/nalogovoe-pravo\/#webpage\",\"url\":\"https:\/\/leolex.ch\/nalogovoe-pravo\/\",\"name\":\"\\u041d\\u0430\\u043b\\u043e\\u0433\\u043e\\u0432\\u043e\\u0435 \\u043f\\u0440\\u0430\\u0432\\u043e &ndash; LEOLEX - das Rechts- und Buchhaltungsb\\u00fcro\",\"isPartOf\":{\"@id\":\"https:\/\/leolex.ch\/#website\"},\"primaryImageOfPage\":{\"@id\":\"https:\/\/leolex.ch\/nalogovoe-pravo\/#primaryimage\"},\"datePublished\":\"2020-12-20T12:05:18+00:00\",\"dateModified\":\"2021-11-26T20:35:23+00:00\",\"description\":\"\\u041d\\u0430\\u043b\\u043e\\u0433\\u043e\\u0432\\u043e\\u0435 \\u043f\\u0440\\u0430\\u0432\\u043e \\u044f\\u0432\\u043b\\u044f\\u0435\\u0442\\u0441\\u044f \\u043e\\u0434\\u043d\\u0438\\u043c \\u0438\\u0437 \\u043a\\u043b\\u044e\\u0447\\u0435\\u0432\\u044b\\u0445 \\u043d\\u0430\\u043f\\u0440\\u0430\\u0432\\u043b\\u0435\\u043d\\u0438\\u0439 \\u0440\\u0430\\u0431\\u043e\\u0442\\u044b \\u0428\\u0432\\u0435\\u0439\\u0446\\u0430\\u0440\\u0441\\u043a\\u043e\\u0433\\u043e \\u044e\\u0440\\u0438\\u0434\\u0438\\u0447\\u0435\\u0441\\u043a\\u043e\\u0433\\u043e \\u0438 \\u0431\\u0443\\u0445\\u0433\\u0430\\u043b\\u0442\\u0435\\u0440\\u0441\\u043a\\u043e\\u0433\\u043e \\u0431\\u044e\\u0440\\u043e \\u201cLEOLEX\\u201d\",\"breadcrumb\":{\"@id\":\"https:\/\/leolex.ch\/nalogovoe-pravo\/#breadcrumb\"},\"inLanguage\":\"de-DE\",\"potentialAction\":[{\"@type\":\"ReadAction\",\"target\":[\"https:\/\/leolex.ch\/nalogovoe-pravo\/\"]}]},{\"@type\":\"BreadcrumbList\",\"@id\":\"https:\/\/leolex.ch\/nalogovoe-pravo\/#breadcrumb\",\"itemListElement\":[{\"@type\":\"ListItem\",\"position\":1,\"name\":\"\\u0413\\u043b\\u0430\\u0432\\u043d\\u0430\\u044f \\u0441\\u0442\\u0440\\u0430\\u043d\\u0438\\u0446\\u0430\",\"item\":\"https:\/\/leolex.ch\/\"},{\"@type\":\"ListItem\",\"position\":2,\"name\":\"\\u041d\\u0410\\u041b\\u041e\\u0413\\u041e\\u0412\\u041e\\u0415 \\u041f\\u0420\\u0410\\u0412\\u041e\"}]}]}<\/script>\n<!-- \/ Yoast SEO plugin. -->","yoast_head_json":{"title":"STEUERRECHT &ndash; LEOLEX - das Rechts- und Buchhaltungsb\u00fcro","description":"Das Steuerrecht ist eine der Schl\u00fcsselt\u00e4tigkeitsrichtungen des Schweizerischen Rechts- und Buchhaltungsb\u00fcros LEOLEX","robots":{"index":"index","follow":"follow","max-snippet":"max-snippet:-1","max-image-preview":"max-image-preview:large","max-video-preview":"max-video-preview:-1"},"canonical":"https:\/\/leolex.ch\/nalogovoe-pravo\/","og_locale":"de_DE","og_type":"article","og_title":"{:ru}\u041d\u0430\u043b\u043e\u0433\u043e\u0432\u043e\u0435 \u043f\u0440\u0430\u0432\u043e &ndash; LEOLEX - das Rechts- und Buchhaltungsb\u00fcro{:}{:en}TAX LAW &ndash; LEOLEX - das Rechts- und Buchhaltungsb\u00fcro{:}{:fr}DROIT FISCAL &ndash; LEOLEX - das Rechts- und Buchhaltungsb\u00fcro{:}{:de}STEUERRECHT &ndash; LEOLEX - das Rechts- und Buchhaltungsb\u00fcro{:}","og_description":"Das Steuerrecht ist eine der Schl\u00fcsselt\u00e4tigkeitsrichtungen des Schweizerischen Rechts- und Buchhaltungsb\u00fcros LEOLEX","og_url":"https:\/\/leolex.ch\/nalogovoe-pravo\/","og_site_name":"LEOLEX - das Rechts- und Buchhaltungsb\u00fcro","article_modified_time":"2021-11-26T20:35:23+00:00","og_image":[{"url":"https:\/\/leolex.ch\/wp-content\/uploads\/2020\/12\/9_1.png"}],"twitter_card":"summary_large_image","twitter_misc":{"Est. reading time":"1 minute"},"schema":{"@context":"https:\/\/schema.org","@graph":[{"@type":"Organization","@id":"https:\/\/leolex.ch\/#organization","name":"Leolex","url":"https:\/\/leolex.ch\/","sameAs":[],"logo":{"@type":"ImageObject","@id":"https:\/\/leolex.ch\/#logo","inLanguage":"de-DE","url":"https:\/\/leolex.ch\/wp-content\/uploads\/2021\/10\/logo-leolex-bez-fona-.png","contentUrl":"https:\/\/leolex.ch\/wp-content\/uploads\/2021\/10\/logo-leolex-bez-fona-.png","width":736,"height":200,"caption":"Leolex"},"image":{"@id":"https:\/\/leolex.ch\/#logo"}},{"@type":"WebSite","@id":"https:\/\/leolex.ch\/#website","url":"https:\/\/leolex.ch\/","name":"LEOLEX - \u0448\u0432\u0435\u0439\u0446\u0430\u0440\u0441\u043a\u0430\u044f \u044e\u0440\u0438\u0434\u0438\u0447\u0435\u0441\u043a\u0430\u044f \u0438 \u0431\u0443\u0445\u0433\u0430\u043b\u0442\u0435\u0440\u0441\u043a\u0430\u044f \u0444\u0438\u0440\u043c\u0430","description":"LeoLex ist eines der f\u00fchrendsten Unternehmen zur Erbringung von rechtlichen Dienstleistungen an russischsprachige B\u00fcrger und die aus Russland stammenden Gesellschaften auf dem Territorium der Schweizerischen Eidgenossenschaft","publisher":{"@id":"https:\/\/leolex.ch\/#organization"},"potentialAction":[{"@type":"SearchAction","target":{"@type":"EntryPoint","urlTemplate":"https:\/\/leolex.ch\/?s={search_term_string}"},"query-input":"required name=search_term_string"}],"inLanguage":"de-DE"},{"@type":"ImageObject","@id":"https:\/\/leolex.ch\/nalogovoe-pravo\/#primaryimage","inLanguage":"de-DE","url":"https:\/\/leolex.ch\/wp-content\/uploads\/2020\/12\/9_1.png","contentUrl":"https:\/\/leolex.ch\/wp-content\/uploads\/2020\/12\/9_1.png","width":70,"height":70},{"@type":"WebPage","@id":"https:\/\/leolex.ch\/nalogovoe-pravo\/#webpage","url":"https:\/\/leolex.ch\/nalogovoe-pravo\/","name":"\u041d\u0430\u043b\u043e\u0433\u043e\u0432\u043e\u0435 \u043f\u0440\u0430\u0432\u043e &ndash; LEOLEX - das Rechts- und Buchhaltungsb\u00fcro","isPartOf":{"@id":"https:\/\/leolex.ch\/#website"},"primaryImageOfPage":{"@id":"https:\/\/leolex.ch\/nalogovoe-pravo\/#primaryimage"},"datePublished":"2020-12-20T12:05:18+00:00","dateModified":"2021-11-26T20:35:23+00:00","description":"\u041d\u0430\u043b\u043e\u0433\u043e\u0432\u043e\u0435 \u043f\u0440\u0430\u0432\u043e \u044f\u0432\u043b\u044f\u0435\u0442\u0441\u044f \u043e\u0434\u043d\u0438\u043c \u0438\u0437 \u043a\u043b\u044e\u0447\u0435\u0432\u044b\u0445 \u043d\u0430\u043f\u0440\u0430\u0432\u043b\u0435\u043d\u0438\u0439 \u0440\u0430\u0431\u043e\u0442\u044b \u0428\u0432\u0435\u0439\u0446\u0430\u0440\u0441\u043a\u043e\u0433\u043e \u044e\u0440\u0438\u0434\u0438\u0447\u0435\u0441\u043a\u043e\u0433\u043e \u0438 \u0431\u0443\u0445\u0433\u0430\u043b\u0442\u0435\u0440\u0441\u043a\u043e\u0433\u043e \u0431\u044e\u0440\u043e \u201cLEOLEX\u201d","breadcrumb":{"@id":"https:\/\/leolex.ch\/nalogovoe-pravo\/#breadcrumb"},"inLanguage":"de-DE","potentialAction":[{"@type":"ReadAction","target":["https:\/\/leolex.ch\/nalogovoe-pravo\/"]}]},{"@type":"BreadcrumbList","@id":"https:\/\/leolex.ch\/nalogovoe-pravo\/#breadcrumb","itemListElement":[{"@type":"ListItem","position":1,"name":"\u0413\u043b\u0430\u0432\u043d\u0430\u044f \u0441\u0442\u0440\u0430\u043d\u0438\u0446\u0430","item":"https:\/\/leolex.ch\/"},{"@type":"ListItem","position":2,"name":"\u041d\u0410\u041b\u041e\u0413\u041e\u0412\u041e\u0415 \u041f\u0420\u0410\u0412\u041e"}]}]}},"_links":{"self":[{"href":"https:\/\/leolex.ch\/de\/wp-json\/wp\/v2\/pages\/322"}],"collection":[{"href":"https:\/\/leolex.ch\/de\/wp-json\/wp\/v2\/pages"}],"about":[{"href":"https:\/\/leolex.ch\/de\/wp-json\/wp\/v2\/types\/page"}],"author":[{"embeddable":true,"href":"https:\/\/leolex.ch\/de\/wp-json\/wp\/v2\/users\/1"}],"replies":[{"embeddable":true,"href":"https:\/\/leolex.ch\/de\/wp-json\/wp\/v2\/comments?post=322"}],"version-history":[{"count":59,"href":"https:\/\/leolex.ch\/de\/wp-json\/wp\/v2\/pages\/322\/revisions"}],"predecessor-version":[{"id":1656,"href":"https:\/\/leolex.ch\/de\/wp-json\/wp\/v2\/pages\/322\/revisions\/1656"}],"wp:attachment":[{"href":"https:\/\/leolex.ch\/de\/wp-json\/wp\/v2\/media?parent=322"}],"curies":[{"name":"wp","href":"https:\/\/api.w.org\/{rel}","templated":true}]}}