{"id":314,"date":"2020-12-20T15:02:51","date_gmt":"2020-12-20T12:02:51","guid":{"rendered":"https:\/\/leolex.ch\/intellektualnaya-sobstvennost-copy\/"},"modified":"2021-11-26T23:25:51","modified_gmt":"2021-11-26T20:25:51","slug":"pravovoe-soprovozhdenie-kriptovalyutnogo-biznesa","status":"publish","type":"page","link":"https:\/\/leolex.ch\/de\/pravovoe-soprovozhdenie-kriptovalyutnogo-biznesa\/","title":{"rendered":"\u041f\u0420\u0410\u0412\u041e\u0412\u041e\u0415 \u0421\u041e\u041f\u0420\u041e\u0412\u041e\u0416\u0414\u0415\u041d\u0418\u0415 \u041a\u0420\u0418\u041f\u0422\u041e\u0412\u0410\u041b\u042e\u0422\u041d\u041e\u0413\u041e \u0411\u0418\u0417\u041d\u0415\u0421\u0410"},"content":{"rendered":"<p><img width=\"70\" height=\"70\" src=\"https:\/\/leolex.ch\/wp-content\/uploads\/2020\/12\/8.png\" alt=\"\" loading=\"lazy\"><\/p>\n<h2>RECHTSBEGLEITUNG DES KRYPTOW\u00c4HRUNGSGESCH\u00c4FTES<\/h2>\n<p>Die Schweiz ist ein internationales Kryptow\u00e4hrungszentrum. Der gesch\u00e4ftsf\u00fchrende Partner unseres B\u00fcros, Herr Roman Kudinov, ist Pr\u00e4sident der Vertretung von <a href=\"http:\/\/racib.com\/rakib-ukreplyaet-svoi-poziczii-v-shvejczarii\" target=\"_blank\" rel=\"noopener noreferrer\">RACIB<\/a> (RUSSIAN ASSOCIATION OF CRYPTOINDUSTRY AND BLOCKCHAIN) in der Schweiz, deswegen bietet das Rechts- und Buchhaltungsb\u00fcro LEOLEX vom ersten Tag seiner Gr\u00fcndung rechtliche Unterst\u00fctzung f\u00fcr Kryptow\u00e4hrungsgesellschaften an und ist eines der f\u00fchrendsten Unternehmen auf dem Gebiet der Erbringung von Dienstleistungen solcher Art f\u00fcr die aus den GUS-Staaten stammenden Gesellschaften.<\/p>\n<p><strong>Dienstleistungen des Schweizerischen Rechts- und Buchhaltungsb\u00fcros LEOLEX auf dem Gebiet der Rechtsbegleitung des Kryptow\u00e4hrungsgesch\u00e4ftes:<\/strong><\/p>\n<p>&#8211; Beratung in Fragen der Er\u00f6ffnung von Kryptow\u00e4hrungsb\u00f6rsen und des Beginns der ICO-T\u00e4tigkeit (initial coin offering) in der Schweiz;<br \/>\n&#8211; Vorbereitung der Unterlagen f\u00fcr den Erhalt der Lizenz eines Finanzvermittlers und der Lizenz eines Wertpapierh\u00e4ndlers;<br \/>\n&#8211; Abfassung von White Papers f\u00fcr ICO (initial coin offering);<br \/>\n&#8211; Suche nach Partnern und Investoren;<br \/>\n&#8211; Er\u00f6ffnung von Bankkonten in schweizerischen Banken und den Banken der EU;<br \/>\n&#8211; Outsourcing-Dienstleistungen auf dem Gebiet der Compliance zur Befolgung des Geldw\u00e4schegesetzes (AML);<br \/>\n&#8211; Abschlie\u00dfen der Vereinbarungen mit der Eidgen\u00f6ssischen Finanzmarktaufsicht (FINMA) \u00fcber die Regelung der T\u00e4tigkeit bei der Tokenausgabe.<\/p>\n","protected":false},"excerpt":{"rendered":"<p>RECHTSBEGLEITUNG DES KRYPTOW\u00c4HRUNGSGESCH\u00c4FTES Die Schweiz ist ein internationales Kryptow\u00e4hrungszentrum. Der gesch\u00e4ftsf\u00fchrende Partner unseres B\u00fcros, Herr Roman Kudinov, ist Pr\u00e4sident der Vertretung von RACIB (RUSSIAN ASSOCIATION OF CRYPTOINDUSTRY AND BLOCKCHAIN) in der Schweiz, deswegen bietet das&nbsp;<a href=\"https:\/\/leolex.ch\/de\/pravovoe-soprovozhdenie-kriptovalyutnogo-biznesa\/\" class=\"read-more\">Continue Reading<\/a><\/p>\n","protected":false},"author":1,"featured_media":0,"parent":0,"menu_order":0,"comment_status":"closed","ping_status":"closed","template":"templates\/page-fullwidth.php","meta":[],"translation":{"provider":"WPGlobus","version":"2.8.6","language":"de","enabled_languages":["ru","en","fr","de"],"languages":{"ru":{"title":true,"content":true,"excerpt":false},"en":{"title":true,"content":true,"excerpt":false},"fr":{"title":false,"content":true,"excerpt":false},"de":{"title":false,"content":true,"excerpt":false}}},"yoast_head":"<!-- This site is optimized with the Yoast SEO plugin v17.5 - https:\/\/yoast.com\/wordpress\/plugins\/seo\/ -->\n<title>RECHTSBEGLEITUNG DES KRYPTOW\u00c4HRUNGSGESCH\u00c4FTES &ndash; LEOLEX - das Rechts- und Buchhaltungsb\u00fcro<\/title>\n<meta name=\"description\" content=\"Die Schweiz ist ein internationales Kryptow\u00e4hrungszentrum. Der gesch\u00e4ftsf\u00fchrende Partner unseres B\u00fcros, Herr Roman Kudinov, ist Pr\u00e4sident der Vertretung von RACIB\" \/>\n<meta name=\"robots\" content=\"index, follow, max-snippet:-1, max-image-preview:large, max-video-preview:-1\" \/>\n<link rel=\"canonical\" href=\"https:\/\/leolex.ch\/pravovoe-soprovozhdenie-kriptovalyutnogo-biznesa\/\" \/>\n<meta property=\"og:locale\" content=\"de_DE\" \/>\n<meta property=\"og:type\" content=\"article\" \/>\n<meta property=\"og:title\" content=\"{:ru}\u041f\u0420\u0410\u0412\u041e\u0412\u041e\u0415 \u0421\u041e\u041f\u0420\u041e\u0412\u041e\u0416\u0414\u0415\u041d\u0418\u0415 \u041a\u0420\u0418\u041f\u0422\u041e\u0412\u0410\u041b\u042e\u0422\u041d\u041e\u0413\u041e \u0411\u0418\u0417\u041d\u0415\u0421\u0410 &ndash; LEOLEX - das Rechts- und Buchhaltungsb\u00fcro{:}{:en}LEGAL SUPPORT OF CRYPTO CURRENCY BUSINESS &ndash; LEOLEX - das Rechts- und Buchhaltungsb\u00fcro{:}{:fr}ACCOMPAGNEMENT JURIDIQUE DU BUSINESS DE CRYPTO-MONNAIE &ndash; LEOLEX - das Rechts- und Buchhaltungsb\u00fcro{:}{:de}RECHTSBEGLEITUNG DES KRYPTOW\u00c4HRUNGSGESCH\u00c4FTES &ndash; LEOLEX - das Rechts- und Buchhaltungsb\u00fcro{:}\" \/>\n<meta property=\"og:description\" content=\"Die Schweiz ist ein internationales Kryptow\u00e4hrungszentrum. Der gesch\u00e4ftsf\u00fchrende Partner unseres B\u00fcros, Herr Roman Kudinov, ist Pr\u00e4sident der Vertretung von RACIB\" \/>\n<meta property=\"og:url\" content=\"https:\/\/leolex.ch\/pravovoe-soprovozhdenie-kriptovalyutnogo-biznesa\/\" \/>\n<meta property=\"og:site_name\" content=\"LEOLEX - das Rechts- und Buchhaltungsb\u00fcro\" \/>\n<meta property=\"article:modified_time\" content=\"2021-11-26T20:25:51+00:00\" \/>\n<meta property=\"og:image\" content=\"https:\/\/leolex.ch\/wp-content\/uploads\/2020\/12\/8.png\" \/>\n<meta name=\"twitter:card\" content=\"summary_large_image\" \/>\n<meta name=\"twitter:label1\" content=\"Est. reading time\" \/>\n\t<meta name=\"twitter:data1\" content=\"1 minute\" \/>\n<script type=\"application\/ld+json\" class=\"yoast-schema-graph\">{\"@context\":\"https:\/\/schema.org\",\"@graph\":[{\"@type\":\"Organization\",\"@id\":\"https:\/\/leolex.ch\/#organization\",\"name\":\"Leolex\",\"url\":\"https:\/\/leolex.ch\/\",\"sameAs\":[],\"logo\":{\"@type\":\"ImageObject\",\"@id\":\"https:\/\/leolex.ch\/#logo\",\"inLanguage\":\"de-DE\",\"url\":\"https:\/\/leolex.ch\/wp-content\/uploads\/2021\/10\/logo-leolex-bez-fona-.png\",\"contentUrl\":\"https:\/\/leolex.ch\/wp-content\/uploads\/2021\/10\/logo-leolex-bez-fona-.png\",\"width\":736,\"height\":200,\"caption\":\"Leolex\"},\"image\":{\"@id\":\"https:\/\/leolex.ch\/#logo\"}},{\"@type\":\"WebSite\",\"@id\":\"https:\/\/leolex.ch\/#website\",\"url\":\"https:\/\/leolex.ch\/\",\"name\":\"LEOLEX - \\u0448\\u0432\\u0435\\u0439\\u0446\\u0430\\u0440\\u0441\\u043a\\u0430\\u044f \\u044e\\u0440\\u0438\\u0434\\u0438\\u0447\\u0435\\u0441\\u043a\\u0430\\u044f \\u0438 \\u0431\\u0443\\u0445\\u0433\\u0430\\u043b\\u0442\\u0435\\u0440\\u0441\\u043a\\u0430\\u044f \\u0444\\u0438\\u0440\\u043c\\u0430\",\"description\":\"LeoLex ist eines der f\\u00fchrendsten Unternehmen zur Erbringung von rechtlichen Dienstleistungen an russischsprachige B\\u00fcrger und die aus Russland stammenden Gesellschaften auf dem Territorium der Schweizerischen Eidgenossenschaft\",\"publisher\":{\"@id\":\"https:\/\/leolex.ch\/#organization\"},\"potentialAction\":[{\"@type\":\"SearchAction\",\"target\":{\"@type\":\"EntryPoint\",\"urlTemplate\":\"https:\/\/leolex.ch\/?s={search_term_string}\"},\"query-input\":\"required name=search_term_string\"}],\"inLanguage\":\"de-DE\"},{\"@type\":\"ImageObject\",\"@id\":\"https:\/\/leolex.ch\/pravovoe-soprovozhdenie-kriptovalyutnogo-biznesa\/#primaryimage\",\"inLanguage\":\"de-DE\",\"url\":\"https:\/\/leolex.ch\/wp-content\/uploads\/2020\/12\/8.png\",\"contentUrl\":\"https:\/\/leolex.ch\/wp-content\/uploads\/2020\/12\/8.png\",\"width\":70,\"height\":70},{\"@type\":\"WebPage\",\"@id\":\"https:\/\/leolex.ch\/pravovoe-soprovozhdenie-kriptovalyutnogo-biznesa\/#webpage\",\"url\":\"https:\/\/leolex.ch\/pravovoe-soprovozhdenie-kriptovalyutnogo-biznesa\/\",\"name\":\"\\u041f\\u0420\\u0410\\u0412\\u041e\\u0412\\u041e\\u0415 \\u0421\\u041e\\u041f\\u0420\\u041e\\u0412\\u041e\\u0416\\u0414\\u0415\\u041d\\u0418\\u0415 \\u041a\\u0420\\u0418\\u041f\\u0422\\u041e\\u0412\\u0410\\u041b\\u042e\\u0422\\u041d\\u041e\\u0413\\u041e \\u0411\\u0418\\u0417\\u041d\\u0415\\u0421\\u0410 &ndash; LEOLEX - das Rechts- und Buchhaltungsb\\u00fcro\",\"isPartOf\":{\"@id\":\"https:\/\/leolex.ch\/#website\"},\"primaryImageOfPage\":{\"@id\":\"https:\/\/leolex.ch\/pravovoe-soprovozhdenie-kriptovalyutnogo-biznesa\/#primaryimage\"},\"datePublished\":\"2020-12-20T12:02:51+00:00\",\"dateModified\":\"2021-11-26T20:25:51+00:00\",\"description\":\"\\u041a\\u043e\\u043d\\u0441\\u0443\\u043b\\u044c\\u0442\\u0430\\u0446\\u0438\\u0438 \\u043f\\u043e \\u0432\\u043e\\u043f\\u0440\\u043e\\u0441\\u0430\\u043c \\u043e\\u0442\\u043a\\u0440\\u044b\\u0442\\u0438\\u044f \\u043a\\u0440\\u0438\\u043f\\u0442\\u043e\\u0431\\u0438\\u0440\\u0436 \\u0438 \\u0437\\u0430\\u043f\\u0443\\u0441\\u043a\\u0430 ICO (initiale coing offering) \\u0432 \\u0428\\u0432\\u0435\\u0439\\u0446\\u0430\\u0440\\u0438\\u0438. \\u0420\\u0435\\u0434\\u0430\\u043a\\u0446\\u0438\\u044f whitpepper \\u0434\\u043b\\u044f ICO (initiale coing offering)\",\"breadcrumb\":{\"@id\":\"https:\/\/leolex.ch\/pravovoe-soprovozhdenie-kriptovalyutnogo-biznesa\/#breadcrumb\"},\"inLanguage\":\"de-DE\",\"potentialAction\":[{\"@type\":\"ReadAction\",\"target\":[\"https:\/\/leolex.ch\/pravovoe-soprovozhdenie-kriptovalyutnogo-biznesa\/\"]}]},{\"@type\":\"BreadcrumbList\",\"@id\":\"https:\/\/leolex.ch\/pravovoe-soprovozhdenie-kriptovalyutnogo-biznesa\/#breadcrumb\",\"itemListElement\":[{\"@type\":\"ListItem\",\"position\":1,\"name\":\"\\u0413\\u043b\\u0430\\u0432\\u043d\\u0430\\u044f \\u0441\\u0442\\u0440\\u0430\\u043d\\u0438\\u0446\\u0430\",\"item\":\"https:\/\/leolex.ch\/\"},{\"@type\":\"ListItem\",\"position\":2,\"name\":\"\\u041f\\u0420\\u0410\\u0412\\u041e\\u0412\\u041e\\u0415 \\u0421\\u041e\\u041f\\u0420\\u041e\\u0412\\u041e\\u0416\\u0414\\u0415\\u041d\\u0418\\u0415 \\u041a\\u0420\\u0418\\u041f\\u0422\\u041e\\u0412\\u0410\\u041b\\u042e\\u0422\\u041d\\u041e\\u0413\\u041e \\u0411\\u0418\\u0417\\u041d\\u0415\\u0421\\u0410\"}]}]}<\/script>\n<!-- \/ Yoast SEO plugin. -->","yoast_head_json":{"title":"RECHTSBEGLEITUNG DES KRYPTOW\u00c4HRUNGSGESCH\u00c4FTES &ndash; LEOLEX - das Rechts- und Buchhaltungsb\u00fcro","description":"Die Schweiz ist ein internationales Kryptow\u00e4hrungszentrum. Der gesch\u00e4ftsf\u00fchrende Partner unseres B\u00fcros, Herr Roman Kudinov, ist Pr\u00e4sident der Vertretung von RACIB","robots":{"index":"index","follow":"follow","max-snippet":"max-snippet:-1","max-image-preview":"max-image-preview:large","max-video-preview":"max-video-preview:-1"},"canonical":"https:\/\/leolex.ch\/pravovoe-soprovozhdenie-kriptovalyutnogo-biznesa\/","og_locale":"de_DE","og_type":"article","og_title":"{:ru}\u041f\u0420\u0410\u0412\u041e\u0412\u041e\u0415 \u0421\u041e\u041f\u0420\u041e\u0412\u041e\u0416\u0414\u0415\u041d\u0418\u0415 \u041a\u0420\u0418\u041f\u0422\u041e\u0412\u0410\u041b\u042e\u0422\u041d\u041e\u0413\u041e \u0411\u0418\u0417\u041d\u0415\u0421\u0410 &ndash; LEOLEX - das Rechts- und Buchhaltungsb\u00fcro{:}{:en}LEGAL SUPPORT OF CRYPTO CURRENCY BUSINESS &ndash; LEOLEX - das Rechts- und Buchhaltungsb\u00fcro{:}{:fr}ACCOMPAGNEMENT JURIDIQUE DU BUSINESS DE CRYPTO-MONNAIE &ndash; LEOLEX - das Rechts- und Buchhaltungsb\u00fcro{:}{:de}RECHTSBEGLEITUNG DES KRYPTOW\u00c4HRUNGSGESCH\u00c4FTES &ndash; LEOLEX - das Rechts- und Buchhaltungsb\u00fcro{:}","og_description":"Die Schweiz ist ein internationales Kryptow\u00e4hrungszentrum. Der gesch\u00e4ftsf\u00fchrende Partner unseres B\u00fcros, Herr Roman Kudinov, ist Pr\u00e4sident der Vertretung von RACIB","og_url":"https:\/\/leolex.ch\/pravovoe-soprovozhdenie-kriptovalyutnogo-biznesa\/","og_site_name":"LEOLEX - das Rechts- und Buchhaltungsb\u00fcro","article_modified_time":"2021-11-26T20:25:51+00:00","og_image":[{"url":"https:\/\/leolex.ch\/wp-content\/uploads\/2020\/12\/8.png"}],"twitter_card":"summary_large_image","twitter_misc":{"Est. reading time":"1 minute"},"schema":{"@context":"https:\/\/schema.org","@graph":[{"@type":"Organization","@id":"https:\/\/leolex.ch\/#organization","name":"Leolex","url":"https:\/\/leolex.ch\/","sameAs":[],"logo":{"@type":"ImageObject","@id":"https:\/\/leolex.ch\/#logo","inLanguage":"de-DE","url":"https:\/\/leolex.ch\/wp-content\/uploads\/2021\/10\/logo-leolex-bez-fona-.png","contentUrl":"https:\/\/leolex.ch\/wp-content\/uploads\/2021\/10\/logo-leolex-bez-fona-.png","width":736,"height":200,"caption":"Leolex"},"image":{"@id":"https:\/\/leolex.ch\/#logo"}},{"@type":"WebSite","@id":"https:\/\/leolex.ch\/#website","url":"https:\/\/leolex.ch\/","name":"LEOLEX - \u0448\u0432\u0435\u0439\u0446\u0430\u0440\u0441\u043a\u0430\u044f \u044e\u0440\u0438\u0434\u0438\u0447\u0435\u0441\u043a\u0430\u044f \u0438 \u0431\u0443\u0445\u0433\u0430\u043b\u0442\u0435\u0440\u0441\u043a\u0430\u044f \u0444\u0438\u0440\u043c\u0430","description":"LeoLex ist eines der f\u00fchrendsten Unternehmen zur Erbringung von rechtlichen Dienstleistungen an russischsprachige B\u00fcrger und die aus Russland stammenden Gesellschaften auf dem Territorium der Schweizerischen Eidgenossenschaft","publisher":{"@id":"https:\/\/leolex.ch\/#organization"},"potentialAction":[{"@type":"SearchAction","target":{"@type":"EntryPoint","urlTemplate":"https:\/\/leolex.ch\/?s={search_term_string}"},"query-input":"required name=search_term_string"}],"inLanguage":"de-DE"},{"@type":"ImageObject","@id":"https:\/\/leolex.ch\/pravovoe-soprovozhdenie-kriptovalyutnogo-biznesa\/#primaryimage","inLanguage":"de-DE","url":"https:\/\/leolex.ch\/wp-content\/uploads\/2020\/12\/8.png","contentUrl":"https:\/\/leolex.ch\/wp-content\/uploads\/2020\/12\/8.png","width":70,"height":70},{"@type":"WebPage","@id":"https:\/\/leolex.ch\/pravovoe-soprovozhdenie-kriptovalyutnogo-biznesa\/#webpage","url":"https:\/\/leolex.ch\/pravovoe-soprovozhdenie-kriptovalyutnogo-biznesa\/","name":"\u041f\u0420\u0410\u0412\u041e\u0412\u041e\u0415 \u0421\u041e\u041f\u0420\u041e\u0412\u041e\u0416\u0414\u0415\u041d\u0418\u0415 \u041a\u0420\u0418\u041f\u0422\u041e\u0412\u0410\u041b\u042e\u0422\u041d\u041e\u0413\u041e \u0411\u0418\u0417\u041d\u0415\u0421\u0410 &ndash; LEOLEX - das Rechts- und Buchhaltungsb\u00fcro","isPartOf":{"@id":"https:\/\/leolex.ch\/#website"},"primaryImageOfPage":{"@id":"https:\/\/leolex.ch\/pravovoe-soprovozhdenie-kriptovalyutnogo-biznesa\/#primaryimage"},"datePublished":"2020-12-20T12:02:51+00:00","dateModified":"2021-11-26T20:25:51+00:00","description":"\u041a\u043e\u043d\u0441\u0443\u043b\u044c\u0442\u0430\u0446\u0438\u0438 \u043f\u043e \u0432\u043e\u043f\u0440\u043e\u0441\u0430\u043c \u043e\u0442\u043a\u0440\u044b\u0442\u0438\u044f \u043a\u0440\u0438\u043f\u0442\u043e\u0431\u0438\u0440\u0436 \u0438 \u0437\u0430\u043f\u0443\u0441\u043a\u0430 ICO (initiale coing offering) \u0432 \u0428\u0432\u0435\u0439\u0446\u0430\u0440\u0438\u0438. \u0420\u0435\u0434\u0430\u043a\u0446\u0438\u044f whitpepper \u0434\u043b\u044f ICO (initiale coing offering)","breadcrumb":{"@id":"https:\/\/leolex.ch\/pravovoe-soprovozhdenie-kriptovalyutnogo-biznesa\/#breadcrumb"},"inLanguage":"de-DE","potentialAction":[{"@type":"ReadAction","target":["https:\/\/leolex.ch\/pravovoe-soprovozhdenie-kriptovalyutnogo-biznesa\/"]}]},{"@type":"BreadcrumbList","@id":"https:\/\/leolex.ch\/pravovoe-soprovozhdenie-kriptovalyutnogo-biznesa\/#breadcrumb","itemListElement":[{"@type":"ListItem","position":1,"name":"\u0413\u043b\u0430\u0432\u043d\u0430\u044f \u0441\u0442\u0440\u0430\u043d\u0438\u0446\u0430","item":"https:\/\/leolex.ch\/"},{"@type":"ListItem","position":2,"name":"\u041f\u0420\u0410\u0412\u041e\u0412\u041e\u0415 \u0421\u041e\u041f\u0420\u041e\u0412\u041e\u0416\u0414\u0415\u041d\u0418\u0415 \u041a\u0420\u0418\u041f\u0422\u041e\u0412\u0410\u041b\u042e\u0422\u041d\u041e\u0413\u041e \u0411\u0418\u0417\u041d\u0415\u0421\u0410"}]}]}},"_links":{"self":[{"href":"https:\/\/leolex.ch\/de\/wp-json\/wp\/v2\/pages\/314"}],"collection":[{"href":"https:\/\/leolex.ch\/de\/wp-json\/wp\/v2\/pages"}],"about":[{"href":"https:\/\/leolex.ch\/de\/wp-json\/wp\/v2\/types\/page"}],"author":[{"embeddable":true,"href":"https:\/\/leolex.ch\/de\/wp-json\/wp\/v2\/users\/1"}],"replies":[{"embeddable":true,"href":"https:\/\/leolex.ch\/de\/wp-json\/wp\/v2\/comments?post=314"}],"version-history":[{"count":56,"href":"https:\/\/leolex.ch\/de\/wp-json\/wp\/v2\/pages\/314\/revisions"}],"predecessor-version":[{"id":1632,"href":"https:\/\/leolex.ch\/de\/wp-json\/wp\/v2\/pages\/314\/revisions\/1632"}],"wp:attachment":[{"href":"https:\/\/leolex.ch\/de\/wp-json\/wp\/v2\/media?parent=314"}],"curies":[{"name":"wp","href":"https:\/\/api.w.org\/{rel}","templated":true}]}}