{"id":309,"date":"2020-12-20T14:59:47","date_gmt":"2020-12-20T11:59:47","guid":{"rendered":"https:\/\/leolex.ch\/intellektualnaya-sobstvennost-copy\/"},"modified":"2021-11-26T23:35:13","modified_gmt":"2021-11-26T20:35:13","slug":"sliyaniya-i-pogloshheniya-ma","status":"publish","type":"page","link":"https:\/\/leolex.ch\/de\/sliyaniya-i-pogloshheniya-ma\/","title":{"rendered":"\u0421\u041b\u0418\u042f\u041d\u0418\u042f \u0418 \u041f\u041e\u0413\u041b\u041e\u0429\u0415\u041d\u0418\u042f (M&#038;A)"},"content":{"rendered":"<p><img width=\"70\" height=\"70\" src=\"https:\/\/leolex.ch\/wp-content\/uploads\/2020\/12\/mia.png\" alt=\"\" loading=\"lazy\"><\/p>\n<h2>FUSIONEN UND \u00dcBERNAHMEN (M&amp;A)<\/h2>\n<p>Fusionen und \u00dcbernahmen stellen ein juristischer Mechanismus f\u00fcr den Zusammenschluss zweier oder mehrerer Gesellschaften in eine einheitliche Struktur dar, bei dem eine Gesch\u00e4ftsumwandlung erfolgt, die ein perfektes Instrument f\u00fcr die Gesch\u00e4ftsentwicklung ist. Nach der Abwicklung von mehr als zehn Gro\u00dfgesch\u00e4ften auf dem Gebiet der Fusionen und \u00dcbernahmen hat das Rechts- und Buchhaltungsb\u00fcro LEOLEX umfangreiche Erfahrungen im Bereich der Begleitung von M&amp;A-Gesch\u00e4ften und bietet komplexe rechtliche Unterst\u00fctzung zur Erreichung der von Ihnen gestellten Ziele an.<\/p>\n<p><b><br \/>\n<\/b><strong>Dienstleistungen des Schweizerischen Rechts- und Buchhaltungsb\u00fcros LEOLEX auf dem Gebiet der Fusionen und \u00dcbernahmen (M&amp;A):<\/strong><\/p>\n<p>&#8211; Strukturierung der M&amp;A-Gesch\u00e4fte (Mergers and Acquisitions); &#8211; Vorbereitung und Abstimmung der Abkommen zur Einr\u00e4umung von Kauf-\/Verkaufsoptionen;<br \/>\n&#8211; rechtliche und finanzielle \u00dcberpr\u00fcfung der zu erwerbenden Aktiva;<br \/>\n&#8211; Vorbereitung und Abstimmung der Unterlagen zu den Gesch\u00e4ften (Kaufvertr\u00e4ge und entsprechende Dokumentation);<br \/>\n&#8211; Beratung der Vollmachtgeber in Antimonopolfragen;<br \/>\n&#8211; Ermittlung der Investitionsm\u00f6glichkeiten;<br \/>\n&#8211; Durchf\u00fchrung von Verhandlungen mit allen m\u00f6glichen Gesch\u00e4ftspartnern;<br \/>\n&#8211; Erhalt der erforderlichen Abstimmungen und Genehmigungen von Regulierungsbeh\u00f6rden;<br \/>\n&#8211; Hilfe bei der Integrierung der erworbenen Aktiva ins bestehende Gesch\u00e4ftsmodell;<br \/>\n&#8211; Unterst\u00fctzung bei der Erf\u00fcllung der Verpflichtungen nach der Gesch\u00e4ftsabschlie\u00dfung;<br \/>\n&#8211; Steuerberatung.<\/p>\n","protected":false},"excerpt":{"rendered":"<p>FUSIONEN UND \u00dcBERNAHMEN (M&amp;A) Fusionen und \u00dcbernahmen stellen ein juristischer Mechanismus f\u00fcr den Zusammenschluss zweier oder mehrerer Gesellschaften in eine einheitliche Struktur dar, bei dem eine Gesch\u00e4ftsumwandlung erfolgt, die ein perfektes Instrument f\u00fcr die Gesch\u00e4ftsentwicklung&nbsp;<a href=\"https:\/\/leolex.ch\/de\/sliyaniya-i-pogloshheniya-ma\/\" class=\"read-more\">Continue Reading<\/a><\/p>\n","protected":false},"author":1,"featured_media":0,"parent":0,"menu_order":0,"comment_status":"closed","ping_status":"closed","template":"templates\/page-fullwidth.php","meta":[],"translation":{"provider":"WPGlobus","version":"2.8.6","language":"de","enabled_languages":["ru","en","fr","de"],"languages":{"ru":{"title":true,"content":true,"excerpt":false},"en":{"title":true,"content":true,"excerpt":false},"fr":{"title":false,"content":true,"excerpt":false},"de":{"title":false,"content":true,"excerpt":false}}},"yoast_head":"<!-- This site is optimized with the Yoast SEO plugin v17.5 - https:\/\/yoast.com\/wordpress\/plugins\/seo\/ -->\n<title>FUSIONEN UND \u00dcBERNAHMEN (M&amp;A) &ndash; LEOLEX - das Rechts- und Buchhaltungsb\u00fcro<\/title>\n<meta name=\"description\" content=\"Fusionen und \u00dcbernahmen stellen ein juristischer Mechanismus f\u00fcr den Zusammenschluss zweier oder mehrerer Gesellschaften in eine einheitliche Struktur dar, bei dem eine Gesch\u00e4ftsumwandlung erfolgt, die ein perfektes Instrument f\u00fcr die Gesch\u00e4ftsentwicklung ist\" \/>\n<meta name=\"robots\" content=\"index, follow, max-snippet:-1, max-image-preview:large, max-video-preview:-1\" \/>\n<link rel=\"canonical\" href=\"https:\/\/leolex.ch\/sliyaniya-i-pogloshheniya-ma\/\" \/>\n<meta property=\"og:locale\" content=\"de_DE\" \/>\n<meta property=\"og:type\" content=\"article\" \/>\n<meta property=\"og:title\" content=\"{:ru}\u0421\u043b\u0438\u044f\u043d\u0438\u044f \u0438 \u043f\u043e\u0433\u043b\u043e\u0449\u0435\u043d\u0438\u044f &ndash; LEOLEX - das Rechts- und Buchhaltungsb\u00fcro{:}{:en}Mergers and acquisitions &ndash; LEOLEX - das Rechts- und Buchhaltungsb\u00fcro{:}{:fr}FUSIONS ET ACQUISITIONS (M&amp;A) &ndash; LEOLEX - das Rechts- und Buchhaltungsb\u00fcro{:}{:de}FUSIONEN UND \u00dcBERNAHMEN (M&amp;A) &ndash; LEOLEX - das Rechts- und Buchhaltungsb\u00fcro{:}\" \/>\n<meta property=\"og:description\" content=\"Fusionen und \u00dcbernahmen stellen ein juristischer Mechanismus f\u00fcr den Zusammenschluss zweier oder mehrerer Gesellschaften in eine einheitliche Struktur dar, bei dem eine Gesch\u00e4ftsumwandlung erfolgt, die ein perfektes Instrument f\u00fcr die Gesch\u00e4ftsentwicklung ist\" \/>\n<meta property=\"og:url\" content=\"https:\/\/leolex.ch\/sliyaniya-i-pogloshheniya-ma\/\" \/>\n<meta property=\"og:site_name\" content=\"LEOLEX - das Rechts- und Buchhaltungsb\u00fcro\" \/>\n<meta property=\"article:modified_time\" content=\"2021-11-26T20:35:13+00:00\" \/>\n<meta property=\"og:image\" content=\"https:\/\/leolex.ch\/wp-content\/uploads\/2020\/12\/mia.png\" \/>\n<meta name=\"twitter:card\" content=\"summary_large_image\" \/>\n<meta name=\"twitter:label1\" content=\"Est. reading time\" \/>\n\t<meta name=\"twitter:data1\" content=\"1 minute\" \/>\n<script type=\"application\/ld+json\" class=\"yoast-schema-graph\">{\"@context\":\"https:\/\/schema.org\",\"@graph\":[{\"@type\":\"Organization\",\"@id\":\"https:\/\/leolex.ch\/#organization\",\"name\":\"Leolex\",\"url\":\"https:\/\/leolex.ch\/\",\"sameAs\":[],\"logo\":{\"@type\":\"ImageObject\",\"@id\":\"https:\/\/leolex.ch\/#logo\",\"inLanguage\":\"de-DE\",\"url\":\"https:\/\/leolex.ch\/wp-content\/uploads\/2021\/10\/logo-leolex-bez-fona-.png\",\"contentUrl\":\"https:\/\/leolex.ch\/wp-content\/uploads\/2021\/10\/logo-leolex-bez-fona-.png\",\"width\":736,\"height\":200,\"caption\":\"Leolex\"},\"image\":{\"@id\":\"https:\/\/leolex.ch\/#logo\"}},{\"@type\":\"WebSite\",\"@id\":\"https:\/\/leolex.ch\/#website\",\"url\":\"https:\/\/leolex.ch\/\",\"name\":\"LEOLEX - \\u0448\\u0432\\u0435\\u0439\\u0446\\u0430\\u0440\\u0441\\u043a\\u0430\\u044f \\u044e\\u0440\\u0438\\u0434\\u0438\\u0447\\u0435\\u0441\\u043a\\u0430\\u044f \\u0438 \\u0431\\u0443\\u0445\\u0433\\u0430\\u043b\\u0442\\u0435\\u0440\\u0441\\u043a\\u0430\\u044f \\u0444\\u0438\\u0440\\u043c\\u0430\",\"description\":\"LeoLex ist eines der f\\u00fchrendsten Unternehmen zur Erbringung von rechtlichen Dienstleistungen an russischsprachige B\\u00fcrger und die aus Russland stammenden Gesellschaften auf dem Territorium der Schweizerischen Eidgenossenschaft\",\"publisher\":{\"@id\":\"https:\/\/leolex.ch\/#organization\"},\"potentialAction\":[{\"@type\":\"SearchAction\",\"target\":{\"@type\":\"EntryPoint\",\"urlTemplate\":\"https:\/\/leolex.ch\/?s={search_term_string}\"},\"query-input\":\"required name=search_term_string\"}],\"inLanguage\":\"de-DE\"},{\"@type\":\"ImageObject\",\"@id\":\"https:\/\/leolex.ch\/sliyaniya-i-pogloshheniya-ma\/#primaryimage\",\"inLanguage\":\"de-DE\",\"url\":\"https:\/\/leolex.ch\/wp-content\/uploads\/2020\/12\/mia.png\",\"contentUrl\":\"https:\/\/leolex.ch\/wp-content\/uploads\/2020\/12\/mia.png\",\"width\":70,\"height\":70},{\"@type\":\"WebPage\",\"@id\":\"https:\/\/leolex.ch\/sliyaniya-i-pogloshheniya-ma\/#webpage\",\"url\":\"https:\/\/leolex.ch\/sliyaniya-i-pogloshheniya-ma\/\",\"name\":\"\\u0421\\u043b\\u0438\\u044f\\u043d\\u0438\\u044f \\u0438 \\u043f\\u043e\\u0433\\u043b\\u043e\\u0449\\u0435\\u043d\\u0438\\u044f &ndash; LEOLEX - das Rechts- und Buchhaltungsb\\u00fcro\",\"isPartOf\":{\"@id\":\"https:\/\/leolex.ch\/#website\"},\"primaryImageOfPage\":{\"@id\":\"https:\/\/leolex.ch\/sliyaniya-i-pogloshheniya-ma\/#primaryimage\"},\"datePublished\":\"2020-12-20T11:59:47+00:00\",\"dateModified\":\"2021-11-26T20:35:13+00:00\",\"description\":\"\\u0421\\u0442\\u0440\\u0443\\u043a\\u0442\\u0443\\u0440\\u0438\\u0440\\u043e\\u0432\\u0430\\u043d\\u0438\\u0435 \\u0441\\u0434\\u0435\\u043b\\u043e\\u043a Mergers and Acquisitions (M&A). \\u041f\\u043e\\u0434\\u0433\\u043e\\u0442\\u043e\\u0432\\u043a\\u0430 \\u0438 \\u0441\\u043e\\u0433\\u043b\\u0430\\u0441\\u043e\\u0432\\u0430\\u043d\\u0438\\u0435 \\u0441\\u043e\\u0433\\u043b\\u0430\\u0448\\u0435\\u043d\\u0438\\u0439 \\u043e \\u043f\\u0440\\u0435\\u0434\\u043e\\u0441\\u0442\\u0430\\u0432\\u043b\\u0435\\u043d\\u0438\\u0438 \\u043e\\u043f\\u0446\\u0438\\u043e\\u043d\\u043e\\u0432 \\u043d\\u0430 \\u043f\\u043e\\u043a\\u0443\\u043f\\u043a\\u0443\/\\u043f\\u0440\\u043e\\u0434\\u0430\\u0436\\u0443\",\"breadcrumb\":{\"@id\":\"https:\/\/leolex.ch\/sliyaniya-i-pogloshheniya-ma\/#breadcrumb\"},\"inLanguage\":\"de-DE\",\"potentialAction\":[{\"@type\":\"ReadAction\",\"target\":[\"https:\/\/leolex.ch\/sliyaniya-i-pogloshheniya-ma\/\"]}]},{\"@type\":\"BreadcrumbList\",\"@id\":\"https:\/\/leolex.ch\/sliyaniya-i-pogloshheniya-ma\/#breadcrumb\",\"itemListElement\":[{\"@type\":\"ListItem\",\"position\":1,\"name\":\"\\u0413\\u043b\\u0430\\u0432\\u043d\\u0430\\u044f \\u0441\\u0442\\u0440\\u0430\\u043d\\u0438\\u0446\\u0430\",\"item\":\"https:\/\/leolex.ch\/\"},{\"@type\":\"ListItem\",\"position\":2,\"name\":\"\\u0421\\u041b\\u0418\\u042f\\u041d\\u0418\\u042f \\u0418 \\u041f\\u041e\\u0413\\u041b\\u041e\\u0429\\u0415\\u041d\\u0418\\u042f (M&#038;A)\"}]}]}<\/script>\n<!-- \/ Yoast SEO plugin. -->","yoast_head_json":{"title":"FUSIONEN UND \u00dcBERNAHMEN (M&A) &ndash; LEOLEX - das Rechts- und Buchhaltungsb\u00fcro","description":"Fusionen und \u00dcbernahmen stellen ein juristischer Mechanismus f\u00fcr den Zusammenschluss zweier oder mehrerer Gesellschaften in eine einheitliche Struktur dar, bei dem eine Gesch\u00e4ftsumwandlung erfolgt, die ein perfektes Instrument f\u00fcr die Gesch\u00e4ftsentwicklung ist","robots":{"index":"index","follow":"follow","max-snippet":"max-snippet:-1","max-image-preview":"max-image-preview:large","max-video-preview":"max-video-preview:-1"},"canonical":"https:\/\/leolex.ch\/sliyaniya-i-pogloshheniya-ma\/","og_locale":"de_DE","og_type":"article","og_title":"{:ru}\u0421\u043b\u0438\u044f\u043d\u0438\u044f \u0438 \u043f\u043e\u0433\u043b\u043e\u0449\u0435\u043d\u0438\u044f &ndash; LEOLEX - das Rechts- und Buchhaltungsb\u00fcro{:}{:en}Mergers and acquisitions &ndash; LEOLEX - das Rechts- und Buchhaltungsb\u00fcro{:}{:fr}FUSIONS ET ACQUISITIONS (M&A) &ndash; LEOLEX - das Rechts- und Buchhaltungsb\u00fcro{:}{:de}FUSIONEN UND \u00dcBERNAHMEN (M&A) &ndash; LEOLEX - das Rechts- und Buchhaltungsb\u00fcro{:}","og_description":"Fusionen und \u00dcbernahmen stellen ein juristischer Mechanismus f\u00fcr den Zusammenschluss zweier oder mehrerer Gesellschaften in eine einheitliche Struktur dar, bei dem eine Gesch\u00e4ftsumwandlung erfolgt, die ein perfektes Instrument f\u00fcr die Gesch\u00e4ftsentwicklung ist","og_url":"https:\/\/leolex.ch\/sliyaniya-i-pogloshheniya-ma\/","og_site_name":"LEOLEX - das Rechts- und Buchhaltungsb\u00fcro","article_modified_time":"2021-11-26T20:35:13+00:00","og_image":[{"url":"https:\/\/leolex.ch\/wp-content\/uploads\/2020\/12\/mia.png"}],"twitter_card":"summary_large_image","twitter_misc":{"Est. reading time":"1 minute"},"schema":{"@context":"https:\/\/schema.org","@graph":[{"@type":"Organization","@id":"https:\/\/leolex.ch\/#organization","name":"Leolex","url":"https:\/\/leolex.ch\/","sameAs":[],"logo":{"@type":"ImageObject","@id":"https:\/\/leolex.ch\/#logo","inLanguage":"de-DE","url":"https:\/\/leolex.ch\/wp-content\/uploads\/2021\/10\/logo-leolex-bez-fona-.png","contentUrl":"https:\/\/leolex.ch\/wp-content\/uploads\/2021\/10\/logo-leolex-bez-fona-.png","width":736,"height":200,"caption":"Leolex"},"image":{"@id":"https:\/\/leolex.ch\/#logo"}},{"@type":"WebSite","@id":"https:\/\/leolex.ch\/#website","url":"https:\/\/leolex.ch\/","name":"LEOLEX - \u0448\u0432\u0435\u0439\u0446\u0430\u0440\u0441\u043a\u0430\u044f \u044e\u0440\u0438\u0434\u0438\u0447\u0435\u0441\u043a\u0430\u044f \u0438 \u0431\u0443\u0445\u0433\u0430\u043b\u0442\u0435\u0440\u0441\u043a\u0430\u044f \u0444\u0438\u0440\u043c\u0430","description":"LeoLex ist eines der f\u00fchrendsten Unternehmen zur Erbringung von rechtlichen Dienstleistungen an russischsprachige B\u00fcrger und die aus Russland stammenden Gesellschaften auf dem Territorium der Schweizerischen Eidgenossenschaft","publisher":{"@id":"https:\/\/leolex.ch\/#organization"},"potentialAction":[{"@type":"SearchAction","target":{"@type":"EntryPoint","urlTemplate":"https:\/\/leolex.ch\/?s={search_term_string}"},"query-input":"required name=search_term_string"}],"inLanguage":"de-DE"},{"@type":"ImageObject","@id":"https:\/\/leolex.ch\/sliyaniya-i-pogloshheniya-ma\/#primaryimage","inLanguage":"de-DE","url":"https:\/\/leolex.ch\/wp-content\/uploads\/2020\/12\/mia.png","contentUrl":"https:\/\/leolex.ch\/wp-content\/uploads\/2020\/12\/mia.png","width":70,"height":70},{"@type":"WebPage","@id":"https:\/\/leolex.ch\/sliyaniya-i-pogloshheniya-ma\/#webpage","url":"https:\/\/leolex.ch\/sliyaniya-i-pogloshheniya-ma\/","name":"\u0421\u043b\u0438\u044f\u043d\u0438\u044f \u0438 \u043f\u043e\u0433\u043b\u043e\u0449\u0435\u043d\u0438\u044f &ndash; LEOLEX - das Rechts- und Buchhaltungsb\u00fcro","isPartOf":{"@id":"https:\/\/leolex.ch\/#website"},"primaryImageOfPage":{"@id":"https:\/\/leolex.ch\/sliyaniya-i-pogloshheniya-ma\/#primaryimage"},"datePublished":"2020-12-20T11:59:47+00:00","dateModified":"2021-11-26T20:35:13+00:00","description":"\u0421\u0442\u0440\u0443\u043a\u0442\u0443\u0440\u0438\u0440\u043e\u0432\u0430\u043d\u0438\u0435 \u0441\u0434\u0435\u043b\u043e\u043a Mergers and Acquisitions (M&A). \u041f\u043e\u0434\u0433\u043e\u0442\u043e\u0432\u043a\u0430 \u0438 \u0441\u043e\u0433\u043b\u0430\u0441\u043e\u0432\u0430\u043d\u0438\u0435 \u0441\u043e\u0433\u043b\u0430\u0448\u0435\u043d\u0438\u0439 \u043e \u043f\u0440\u0435\u0434\u043e\u0441\u0442\u0430\u0432\u043b\u0435\u043d\u0438\u0438 \u043e\u043f\u0446\u0438\u043e\u043d\u043e\u0432 \u043d\u0430 \u043f\u043e\u043a\u0443\u043f\u043a\u0443\/\u043f\u0440\u043e\u0434\u0430\u0436\u0443","breadcrumb":{"@id":"https:\/\/leolex.ch\/sliyaniya-i-pogloshheniya-ma\/#breadcrumb"},"inLanguage":"de-DE","potentialAction":[{"@type":"ReadAction","target":["https:\/\/leolex.ch\/sliyaniya-i-pogloshheniya-ma\/"]}]},{"@type":"BreadcrumbList","@id":"https:\/\/leolex.ch\/sliyaniya-i-pogloshheniya-ma\/#breadcrumb","itemListElement":[{"@type":"ListItem","position":1,"name":"\u0413\u043b\u0430\u0432\u043d\u0430\u044f \u0441\u0442\u0440\u0430\u043d\u0438\u0446\u0430","item":"https:\/\/leolex.ch\/"},{"@type":"ListItem","position":2,"name":"\u0421\u041b\u0418\u042f\u041d\u0418\u042f \u0418 \u041f\u041e\u0413\u041b\u041e\u0429\u0415\u041d\u0418\u042f (M&#038;A)"}]}]}},"_links":{"self":[{"href":"https:\/\/leolex.ch\/de\/wp-json\/wp\/v2\/pages\/309"}],"collection":[{"href":"https:\/\/leolex.ch\/de\/wp-json\/wp\/v2\/pages"}],"about":[{"href":"https:\/\/leolex.ch\/de\/wp-json\/wp\/v2\/types\/page"}],"author":[{"embeddable":true,"href":"https:\/\/leolex.ch\/de\/wp-json\/wp\/v2\/users\/1"}],"replies":[{"embeddable":true,"href":"https:\/\/leolex.ch\/de\/wp-json\/wp\/v2\/comments?post=309"}],"version-history":[{"count":38,"href":"https:\/\/leolex.ch\/de\/wp-json\/wp\/v2\/pages\/309\/revisions"}],"predecessor-version":[{"id":1653,"href":"https:\/\/leolex.ch\/de\/wp-json\/wp\/v2\/pages\/309\/revisions\/1653"}],"wp:attachment":[{"href":"https:\/\/leolex.ch\/de\/wp-json\/wp\/v2\/media?parent=309"}],"curies":[{"name":"wp","href":"https:\/\/api.w.org\/{rel}","templated":true}]}}