{"id":301,"date":"2020-12-20T14:56:36","date_gmt":"2020-12-20T11:56:36","guid":{"rendered":"https:\/\/leolex.ch\/migraczionnoe-pravo-copy\/"},"modified":"2021-11-26T23:25:31","modified_gmt":"2021-11-26T20:25:31","slug":"intellektualnaya-sobstvennost","status":"publish","type":"page","link":"https:\/\/leolex.ch\/de\/intellektualnaya-sobstvennost\/","title":{"rendered":"\u0418\u041d\u0422\u0415\u041b\u041b\u0415\u041a\u0422\u0423\u0410\u041b\u042c\u041d\u0410\u042f \u0421\u041e\u0411\u0421\u0422\u0412\u0415\u041d\u041d\u041e\u0421\u0422\u042c"},"content":{"rendered":"<p><img width=\"70\" height=\"70\" src=\"https:\/\/leolex.ch\/wp-content\/uploads\/2020\/12\/6.png\" alt=\"\" loading=\"lazy\"><\/p>\n<h2>GEISTIGES EIGENTUM<\/h2>\n<p>Geistiges Eigentum ist ein Geistesgut, ein Produkt vom Menschenverstand. Zum geistigen Eigentum geh\u00f6ren: Erfindungspatente, Errungenschaften der Wissenschaft und Technik, verschiedene Know-hows, Warenzeichen, industrielle Muster, Musikwerke, Kunstwerke und literarische Werke, Software, Domainnamen, Z\u00fcchtungsergebnisse, Ergebnisse der IT-Entwicklungsarbeiten, Design, Produktbezeichnungen und sonstige Bezeichnungen, Tontr\u00e4ger, Datenbanken. Die Fragen, die mit dem Schutz des geistigen Eigentums verbunden sind, werden oft untersch\u00e4tzt. Dabei spielen solche Fragen eine sehr wichtige Rolle in der Gesch\u00e4ftst\u00e4tigkeit vieler Unternehmen. Das Fachpersonal des Schweizerischen Rechts- und Buchhaltungsb\u00fcros LEOLEX hilft Ihnen gerne, Ihr geistiges Eigentum zu sch\u00fctzen, und gibt Ihnen rechtliche Unterst\u00fctzung auf dem Gebiet des unlauteren Wettbewerbs.<\/p>\n<p><strong>Dienstleistungen des Schweizerischen Rechts- und Buchhaltungsb\u00fcros LEOLEX auf dem Gebiet des Schutzes des geistigen Eigentums:<\/strong><\/p>\n<p>&#8211; Beratung in Fragen der Lizenzierung und des Franchisings, \u00dcbertragung der geistigen Eigentumsrechte, Begleitung der Gesch\u00e4fte, Vorbereitung der entsprechenden Vertr\u00e4ge;<br \/>\n&#8211; Dienstleistungen zur Warenzeichen-, Patentregistrierung und zur Registrierung sonstiger Objekte des geistigen Eigentums in der Schweiz und weltweit;<br \/>\n&#8211; gerichtlicher Schutz und Verwaltungsrechtsschutz der Urheberrechte und der Rechte der Rechtsinhaber.<\/p>\n","protected":false},"excerpt":{"rendered":"<p>GEISTIGES EIGENTUM Geistiges Eigentum ist ein Geistesgut, ein Produkt vom Menschenverstand. Zum geistigen Eigentum geh\u00f6ren: Erfindungspatente, Errungenschaften der Wissenschaft und Technik, verschiedene Know-hows, Warenzeichen, industrielle Muster, Musikwerke, Kunstwerke und literarische Werke, Software, Domainnamen, Z\u00fcchtungsergebnisse, Ergebnisse&nbsp;<a href=\"https:\/\/leolex.ch\/de\/intellektualnaya-sobstvennost\/\" class=\"read-more\">Continue Reading<\/a><\/p>\n","protected":false},"author":1,"featured_media":0,"parent":0,"menu_order":0,"comment_status":"closed","ping_status":"closed","template":"templates\/page-fullwidth.php","meta":[],"translation":{"provider":"WPGlobus","version":"2.8.6","language":"de","enabled_languages":["ru","en","fr","de"],"languages":{"ru":{"title":true,"content":true,"excerpt":false},"en":{"title":true,"content":true,"excerpt":false},"fr":{"title":false,"content":true,"excerpt":false},"de":{"title":false,"content":true,"excerpt":false}}},"yoast_head":"<!-- This site is optimized with the Yoast SEO plugin v17.5 - https:\/\/yoast.com\/wordpress\/plugins\/seo\/ -->\n<title>Geistiges Eigentum &ndash; LEOLEX - das Rechts- und Buchhaltungsb\u00fcro<\/title>\n<meta name=\"description\" content=\"Beratung in Fragen der Lizenzierung und des Franchisings, \u00dcbertragung der geistigen Eigentumsrechte, Begleitung der Gesch\u00e4fte, Vorbereitung der entsprechenden Vertr\u00e4ge\" \/>\n<meta name=\"robots\" content=\"index, follow, max-snippet:-1, max-image-preview:large, max-video-preview:-1\" \/>\n<link rel=\"canonical\" href=\"https:\/\/leolex.ch\/intellektualnaya-sobstvennost\/\" \/>\n<meta property=\"og:locale\" content=\"de_DE\" \/>\n<meta property=\"og:type\" content=\"article\" \/>\n<meta property=\"og:title\" content=\"{:ru}\u0418\u043d\u0442\u0435\u043b\u043b\u0435\u043a\u0442\u0443\u0430\u043b\u044c\u043d\u0430\u044f \u0441\u043e\u0431\u0441\u0442\u0432\u0435\u043d\u043d\u043e\u0441\u0442\u044c &ndash; LEOLEX - das Rechts- und Buchhaltungsb\u00fcro{:}{:en}Intellectual propert &ndash; LEOLEX - das Rechts- und Buchhaltungsb\u00fcro{:}{:fr}PROPRI\u00c9T\u00c9 INTELLECTUELLE &ndash; LEOLEX - das Rechts- und Buchhaltungsb\u00fcro{:}{:de}Geistiges Eigentum &ndash; LEOLEX - das Rechts- und Buchhaltungsb\u00fcro{:}\" \/>\n<meta property=\"og:description\" content=\"Beratung in Fragen der Lizenzierung und des Franchisings, \u00dcbertragung der geistigen Eigentumsrechte, Begleitung der Gesch\u00e4fte, Vorbereitung der entsprechenden Vertr\u00e4ge\" \/>\n<meta property=\"og:url\" content=\"https:\/\/leolex.ch\/intellektualnaya-sobstvennost\/\" \/>\n<meta property=\"og:site_name\" content=\"LEOLEX - das Rechts- und Buchhaltungsb\u00fcro\" \/>\n<meta property=\"article:modified_time\" content=\"2021-11-26T20:25:31+00:00\" \/>\n<meta property=\"og:image\" content=\"https:\/\/leolex.ch\/wp-content\/uploads\/2020\/12\/6.png\" \/>\n<meta name=\"twitter:card\" content=\"summary_large_image\" \/>\n<meta name=\"twitter:label1\" content=\"Est. reading time\" \/>\n\t<meta name=\"twitter:data1\" content=\"1 minute\" \/>\n<script type=\"application\/ld+json\" class=\"yoast-schema-graph\">{\"@context\":\"https:\/\/schema.org\",\"@graph\":[{\"@type\":\"Organization\",\"@id\":\"https:\/\/leolex.ch\/#organization\",\"name\":\"Leolex\",\"url\":\"https:\/\/leolex.ch\/\",\"sameAs\":[],\"logo\":{\"@type\":\"ImageObject\",\"@id\":\"https:\/\/leolex.ch\/#logo\",\"inLanguage\":\"de-DE\",\"url\":\"https:\/\/leolex.ch\/wp-content\/uploads\/2021\/10\/logo-leolex-bez-fona-.png\",\"contentUrl\":\"https:\/\/leolex.ch\/wp-content\/uploads\/2021\/10\/logo-leolex-bez-fona-.png\",\"width\":736,\"height\":200,\"caption\":\"Leolex\"},\"image\":{\"@id\":\"https:\/\/leolex.ch\/#logo\"}},{\"@type\":\"WebSite\",\"@id\":\"https:\/\/leolex.ch\/#website\",\"url\":\"https:\/\/leolex.ch\/\",\"name\":\"LEOLEX - \\u0448\\u0432\\u0435\\u0439\\u0446\\u0430\\u0440\\u0441\\u043a\\u0430\\u044f \\u044e\\u0440\\u0438\\u0434\\u0438\\u0447\\u0435\\u0441\\u043a\\u0430\\u044f \\u0438 \\u0431\\u0443\\u0445\\u0433\\u0430\\u043b\\u0442\\u0435\\u0440\\u0441\\u043a\\u0430\\u044f \\u0444\\u0438\\u0440\\u043c\\u0430\",\"description\":\"LeoLex ist eines der f\\u00fchrendsten Unternehmen zur Erbringung von rechtlichen Dienstleistungen an russischsprachige B\\u00fcrger und die aus Russland stammenden Gesellschaften auf dem Territorium der Schweizerischen Eidgenossenschaft\",\"publisher\":{\"@id\":\"https:\/\/leolex.ch\/#organization\"},\"potentialAction\":[{\"@type\":\"SearchAction\",\"target\":{\"@type\":\"EntryPoint\",\"urlTemplate\":\"https:\/\/leolex.ch\/?s={search_term_string}\"},\"query-input\":\"required name=search_term_string\"}],\"inLanguage\":\"de-DE\"},{\"@type\":\"ImageObject\",\"@id\":\"https:\/\/leolex.ch\/intellektualnaya-sobstvennost\/#primaryimage\",\"inLanguage\":\"de-DE\",\"url\":\"https:\/\/leolex.ch\/wp-content\/uploads\/2020\/12\/6.png\",\"contentUrl\":\"https:\/\/leolex.ch\/wp-content\/uploads\/2020\/12\/6.png\",\"width\":70,\"height\":70},{\"@type\":\"WebPage\",\"@id\":\"https:\/\/leolex.ch\/intellektualnaya-sobstvennost\/#webpage\",\"url\":\"https:\/\/leolex.ch\/intellektualnaya-sobstvennost\/\",\"name\":\"\\u0418\\u043d\\u0442\\u0435\\u043b\\u043b\\u0435\\u043a\\u0442\\u0443\\u0430\\u043b\\u044c\\u043d\\u0430\\u044f \\u0441\\u043e\\u0431\\u0441\\u0442\\u0432\\u0435\\u043d\\u043d\\u043e\\u0441\\u0442\\u044c &ndash; LEOLEX - das Rechts- und Buchhaltungsb\\u00fcro\",\"isPartOf\":{\"@id\":\"https:\/\/leolex.ch\/#website\"},\"primaryImageOfPage\":{\"@id\":\"https:\/\/leolex.ch\/intellektualnaya-sobstvennost\/#primaryimage\"},\"datePublished\":\"2020-12-20T11:56:36+00:00\",\"dateModified\":\"2021-11-26T20:25:31+00:00\",\"description\":\"\\u041a\\u043e\\u043d\\u0441\\u0443\\u043b\\u044c\\u0442\\u0438\\u0440\\u043e\\u0432\\u0430\\u043d\\u0438\\u0435 \\u043f\\u043e \\u0432\\u043e\\u043f\\u0440\\u043e\\u0441\\u0430\\u043c \\u043b\\u0438\\u0446\\u0435\\u043d\\u0437\\u0438\\u0440\\u043e\\u0432\\u0430\\u043d\\u0438\\u044f \\u0438 \\u0444\\u0440\\u0430\\u043d\\u0447\\u0430\\u0439\\u0437\\u0438\\u043d\\u0433\\u0430, \\u043f\\u0435\\u0440\\u0435\\u0434\\u0430\\u0447\\u0438 \\u043f\\u0440\\u0430\\u0432 \\u043d\\u0430 \\u043e\\u0431\\u044a\\u0435\\u043a\\u0442\\u044b \\u0438\\u043d\\u0442\\u0435\\u043b\\u043b\\u0435\\u043a\\u0442\\u0443\\u0430\\u043b\\u044c\\u043d\\u043e\\u0439 \\u0441\\u043e\\u0431\\u0441\\u0442\\u0432\\u0435\\u043d\\u043d\\u043e\\u0441\\u0442\\u0438, \\u0441\\u043e\\u043f\\u0440\\u043e\\u0432\\u043e\\u0436\\u0434\\u0435\\u043d\\u0438\\u0435 \\u0441\\u0434\\u0435\\u043b\\u043e\\u043a, \\u043f\\u043e\\u0434\\u0433\\u043e\\u0442\\u043e\\u0432\\u043a\\u0430 \\u0441\\u043e\\u043e\\u0442\\u0432\\u0435\\u0442\\u0441\\u0442\\u0432\\u0443\\u044e\\u0449\\u0438\\u0445 \\u0434\\u043e\\u0433\\u043e\\u0432\\u043e\\u0440\\u043e\\u0432\",\"breadcrumb\":{\"@id\":\"https:\/\/leolex.ch\/intellektualnaya-sobstvennost\/#breadcrumb\"},\"inLanguage\":\"de-DE\",\"potentialAction\":[{\"@type\":\"ReadAction\",\"target\":[\"https:\/\/leolex.ch\/intellektualnaya-sobstvennost\/\"]}]},{\"@type\":\"BreadcrumbList\",\"@id\":\"https:\/\/leolex.ch\/intellektualnaya-sobstvennost\/#breadcrumb\",\"itemListElement\":[{\"@type\":\"ListItem\",\"position\":1,\"name\":\"\\u0413\\u043b\\u0430\\u0432\\u043d\\u0430\\u044f \\u0441\\u0442\\u0440\\u0430\\u043d\\u0438\\u0446\\u0430\",\"item\":\"https:\/\/leolex.ch\/\"},{\"@type\":\"ListItem\",\"position\":2,\"name\":\"\\u0418\\u041d\\u0422\\u0415\\u041b\\u041b\\u0415\\u041a\\u0422\\u0423\\u0410\\u041b\\u042c\\u041d\\u0410\\u042f \\u0421\\u041e\\u0411\\u0421\\u0422\\u0412\\u0415\\u041d\\u041d\\u041e\\u0421\\u0422\\u042c\"}]}]}<\/script>\n<!-- \/ Yoast SEO plugin. -->","yoast_head_json":{"title":"Geistiges Eigentum &ndash; LEOLEX - das Rechts- und Buchhaltungsb\u00fcro","description":"Beratung in Fragen der Lizenzierung und des Franchisings, \u00dcbertragung der geistigen Eigentumsrechte, Begleitung der Gesch\u00e4fte, Vorbereitung der entsprechenden Vertr\u00e4ge","robots":{"index":"index","follow":"follow","max-snippet":"max-snippet:-1","max-image-preview":"max-image-preview:large","max-video-preview":"max-video-preview:-1"},"canonical":"https:\/\/leolex.ch\/intellektualnaya-sobstvennost\/","og_locale":"de_DE","og_type":"article","og_title":"{:ru}\u0418\u043d\u0442\u0435\u043b\u043b\u0435\u043a\u0442\u0443\u0430\u043b\u044c\u043d\u0430\u044f \u0441\u043e\u0431\u0441\u0442\u0432\u0435\u043d\u043d\u043e\u0441\u0442\u044c &ndash; LEOLEX - das Rechts- und Buchhaltungsb\u00fcro{:}{:en}Intellectual propert &ndash; LEOLEX - das Rechts- und Buchhaltungsb\u00fcro{:}{:fr}PROPRI\u00c9T\u00c9 INTELLECTUELLE &ndash; LEOLEX - das Rechts- und Buchhaltungsb\u00fcro{:}{:de}Geistiges Eigentum &ndash; LEOLEX - das Rechts- und Buchhaltungsb\u00fcro{:}","og_description":"Beratung in Fragen der Lizenzierung und des Franchisings, \u00dcbertragung der geistigen Eigentumsrechte, Begleitung der Gesch\u00e4fte, Vorbereitung der entsprechenden Vertr\u00e4ge","og_url":"https:\/\/leolex.ch\/intellektualnaya-sobstvennost\/","og_site_name":"LEOLEX - das Rechts- und Buchhaltungsb\u00fcro","article_modified_time":"2021-11-26T20:25:31+00:00","og_image":[{"url":"https:\/\/leolex.ch\/wp-content\/uploads\/2020\/12\/6.png"}],"twitter_card":"summary_large_image","twitter_misc":{"Est. reading time":"1 minute"},"schema":{"@context":"https:\/\/schema.org","@graph":[{"@type":"Organization","@id":"https:\/\/leolex.ch\/#organization","name":"Leolex","url":"https:\/\/leolex.ch\/","sameAs":[],"logo":{"@type":"ImageObject","@id":"https:\/\/leolex.ch\/#logo","inLanguage":"de-DE","url":"https:\/\/leolex.ch\/wp-content\/uploads\/2021\/10\/logo-leolex-bez-fona-.png","contentUrl":"https:\/\/leolex.ch\/wp-content\/uploads\/2021\/10\/logo-leolex-bez-fona-.png","width":736,"height":200,"caption":"Leolex"},"image":{"@id":"https:\/\/leolex.ch\/#logo"}},{"@type":"WebSite","@id":"https:\/\/leolex.ch\/#website","url":"https:\/\/leolex.ch\/","name":"LEOLEX - \u0448\u0432\u0435\u0439\u0446\u0430\u0440\u0441\u043a\u0430\u044f \u044e\u0440\u0438\u0434\u0438\u0447\u0435\u0441\u043a\u0430\u044f \u0438 \u0431\u0443\u0445\u0433\u0430\u043b\u0442\u0435\u0440\u0441\u043a\u0430\u044f \u0444\u0438\u0440\u043c\u0430","description":"LeoLex ist eines der f\u00fchrendsten Unternehmen zur Erbringung von rechtlichen Dienstleistungen an russischsprachige B\u00fcrger und die aus Russland stammenden Gesellschaften auf dem Territorium der Schweizerischen Eidgenossenschaft","publisher":{"@id":"https:\/\/leolex.ch\/#organization"},"potentialAction":[{"@type":"SearchAction","target":{"@type":"EntryPoint","urlTemplate":"https:\/\/leolex.ch\/?s={search_term_string}"},"query-input":"required name=search_term_string"}],"inLanguage":"de-DE"},{"@type":"ImageObject","@id":"https:\/\/leolex.ch\/intellektualnaya-sobstvennost\/#primaryimage","inLanguage":"de-DE","url":"https:\/\/leolex.ch\/wp-content\/uploads\/2020\/12\/6.png","contentUrl":"https:\/\/leolex.ch\/wp-content\/uploads\/2020\/12\/6.png","width":70,"height":70},{"@type":"WebPage","@id":"https:\/\/leolex.ch\/intellektualnaya-sobstvennost\/#webpage","url":"https:\/\/leolex.ch\/intellektualnaya-sobstvennost\/","name":"\u0418\u043d\u0442\u0435\u043b\u043b\u0435\u043a\u0442\u0443\u0430\u043b\u044c\u043d\u0430\u044f \u0441\u043e\u0431\u0441\u0442\u0432\u0435\u043d\u043d\u043e\u0441\u0442\u044c &ndash; LEOLEX - das Rechts- und Buchhaltungsb\u00fcro","isPartOf":{"@id":"https:\/\/leolex.ch\/#website"},"primaryImageOfPage":{"@id":"https:\/\/leolex.ch\/intellektualnaya-sobstvennost\/#primaryimage"},"datePublished":"2020-12-20T11:56:36+00:00","dateModified":"2021-11-26T20:25:31+00:00","description":"\u041a\u043e\u043d\u0441\u0443\u043b\u044c\u0442\u0438\u0440\u043e\u0432\u0430\u043d\u0438\u0435 \u043f\u043e \u0432\u043e\u043f\u0440\u043e\u0441\u0430\u043c \u043b\u0438\u0446\u0435\u043d\u0437\u0438\u0440\u043e\u0432\u0430\u043d\u0438\u044f \u0438 \u0444\u0440\u0430\u043d\u0447\u0430\u0439\u0437\u0438\u043d\u0433\u0430, \u043f\u0435\u0440\u0435\u0434\u0430\u0447\u0438 \u043f\u0440\u0430\u0432 \u043d\u0430 \u043e\u0431\u044a\u0435\u043a\u0442\u044b \u0438\u043d\u0442\u0435\u043b\u043b\u0435\u043a\u0442\u0443\u0430\u043b\u044c\u043d\u043e\u0439 \u0441\u043e\u0431\u0441\u0442\u0432\u0435\u043d\u043d\u043e\u0441\u0442\u0438, \u0441\u043e\u043f\u0440\u043e\u0432\u043e\u0436\u0434\u0435\u043d\u0438\u0435 \u0441\u0434\u0435\u043b\u043e\u043a, \u043f\u043e\u0434\u0433\u043e\u0442\u043e\u0432\u043a\u0430 \u0441\u043e\u043e\u0442\u0432\u0435\u0442\u0441\u0442\u0432\u0443\u044e\u0449\u0438\u0445 \u0434\u043e\u0433\u043e\u0432\u043e\u0440\u043e\u0432","breadcrumb":{"@id":"https:\/\/leolex.ch\/intellektualnaya-sobstvennost\/#breadcrumb"},"inLanguage":"de-DE","potentialAction":[{"@type":"ReadAction","target":["https:\/\/leolex.ch\/intellektualnaya-sobstvennost\/"]}]},{"@type":"BreadcrumbList","@id":"https:\/\/leolex.ch\/intellektualnaya-sobstvennost\/#breadcrumb","itemListElement":[{"@type":"ListItem","position":1,"name":"\u0413\u043b\u0430\u0432\u043d\u0430\u044f \u0441\u0442\u0440\u0430\u043d\u0438\u0446\u0430","item":"https:\/\/leolex.ch\/"},{"@type":"ListItem","position":2,"name":"\u0418\u041d\u0422\u0415\u041b\u041b\u0415\u041a\u0422\u0423\u0410\u041b\u042c\u041d\u0410\u042f \u0421\u041e\u0411\u0421\u0422\u0412\u0415\u041d\u041d\u041e\u0421\u0422\u042c"}]}]}},"_links":{"self":[{"href":"https:\/\/leolex.ch\/de\/wp-json\/wp\/v2\/pages\/301"}],"collection":[{"href":"https:\/\/leolex.ch\/de\/wp-json\/wp\/v2\/pages"}],"about":[{"href":"https:\/\/leolex.ch\/de\/wp-json\/wp\/v2\/types\/page"}],"author":[{"embeddable":true,"href":"https:\/\/leolex.ch\/de\/wp-json\/wp\/v2\/users\/1"}],"replies":[{"embeddable":true,"href":"https:\/\/leolex.ch\/de\/wp-json\/wp\/v2\/comments?post=301"}],"version-history":[{"count":47,"href":"https:\/\/leolex.ch\/de\/wp-json\/wp\/v2\/pages\/301\/revisions"}],"predecessor-version":[{"id":1629,"href":"https:\/\/leolex.ch\/de\/wp-json\/wp\/v2\/pages\/301\/revisions\/1629"}],"wp:attachment":[{"href":"https:\/\/leolex.ch\/de\/wp-json\/wp\/v2\/media?parent=301"}],"curies":[{"name":"wp","href":"https:\/\/api.w.org\/{rel}","templated":true}]}}