{"id":289,"date":"2020-12-20T14:52:25","date_gmt":"2020-12-20T11:52:25","guid":{"rendered":"https:\/\/leolex.ch\/semejnoe-pravo-copy\/"},"modified":"2021-11-26T23:32:49","modified_gmt":"2021-11-26T20:32:49","slug":"migraczionnoe-pravo","status":"publish","type":"page","link":"https:\/\/leolex.ch\/de\/migraczionnoe-pravo\/","title":{"rendered":"\u041c\u0418\u0413\u0420\u0410\u0426\u0418\u041e\u041d\u041d\u041e\u0415 \u041f\u0420\u0410\u0412\u041e"},"content":{"rendered":"<p><img width=\"70\" height=\"70\" src=\"https:\/\/leolex.ch\/wp-content\/uploads\/2020\/12\/6_2.png\" alt=\"\" loading=\"lazy\"><\/p>\n<h2>MIGRATIONSRECHT<\/h2>\n<p>Das Migrationsrecht ist ein Rechtszweig, mit dessen Hilfe Migrationsstreite beim Aufenthaltsortwechsel oder bei der \u00c4nderung des Wohnsitzes geregelt werden, es umfasst auch die Fragen der Ein-, Aus- und Binnenwanderung und die Fragen des zeitweiligen Aufenthalts im Ausland (Tourismus, Gesch\u00e4ftsreisen oder sonstige Reisen). In den letzten Jahren w\u00e4hlen immer mehr Leute die Schweiz zu ihrem st\u00e4ndigen Wohnsitz, was u.a. mit dem hohem Lebensstandard und der hohen Stabilit\u00e4t in diesem Lande verbunden ist. Die Juristen des Schweizerischen Rechts- und Buchhaltungsb\u00fcros LEOLEX sind hochqualifiziert und erbringen t\u00e4glich ihren Kunden Dienstleistungen auf dem Gebiet des Migrationsrechtes.<\/p>\n<p><strong>Dienstleistungen des Schweizerischen Rechts- und Buchhaltungsb\u00fcros LEOLEX auf dem Gebiet des Migrationsrechtes:<\/strong><\/p>\n<p>&#8211; Vorbereitung des Kunden-Dossiers f\u00fcr den Erhalt von Niederlassungsbewilligungen (Permit C) und f\u00fcr die Einb\u00fcrgerung;<br \/>\n&#8211; Anfechtung der Urteile vor Migrationsbeh\u00f6rden und Gerichten;<br \/>\n&#8211; Erhalt von Aufenthaltsbewilligungen, das ganze Verfahren (f\u00fcr Sch\u00fcler und Studenten, Rentner, f\u00fcr wirtschaftliche Zwecke, nach dem Prinzip der Entrichtung der Pauschalsteuer);<br \/>\n&#8211; Erstellung von Motivationsschreiben;<br \/>\n&#8211; Einforderung von Informationen hinsichtlich des Vorhandenseins\/Fehlens von Eintragungen im Schengener Informationssystem (SIS) oder L\u00f6schung der unrechtm\u00e4\u00dfig eingetragenen Informationen aus diesem System;<br \/>\n&#8211; Asylbeantragung.<\/p>\n","protected":false},"excerpt":{"rendered":"<p>MIGRATIONSRECHT Das Migrationsrecht ist ein Rechtszweig, mit dessen Hilfe Migrationsstreite beim Aufenthaltsortwechsel oder bei der \u00c4nderung des Wohnsitzes geregelt werden, es umfasst auch die Fragen der Ein-, Aus- und Binnenwanderung und die Fragen des zeitweiligen&nbsp;<a href=\"https:\/\/leolex.ch\/de\/migraczionnoe-pravo\/\" class=\"read-more\">Continue Reading<\/a><\/p>\n","protected":false},"author":1,"featured_media":0,"parent":0,"menu_order":0,"comment_status":"closed","ping_status":"closed","template":"templates\/page-fullwidth.php","meta":[],"translation":{"provider":"WPGlobus","version":"2.8.6","language":"de","enabled_languages":["ru","en","fr","de"],"languages":{"ru":{"title":true,"content":true,"excerpt":false},"en":{"title":true,"content":true,"excerpt":false},"fr":{"title":false,"content":true,"excerpt":false},"de":{"title":false,"content":true,"excerpt":false}}},"yoast_head":"<!-- This site is optimized with the Yoast SEO plugin v17.5 - https:\/\/yoast.com\/wordpress\/plugins\/seo\/ -->\n<title>Migrationsrecht &ndash; LEOLEX - das Rechts- und Buchhaltungsb\u00fcro<\/title>\n<meta name=\"description\" content=\"Das Migrationsrecht ist ein Rechtszweig, mit dessen Hilfe Migrationsstreite beim Aufenthaltsortwechsel oder bei der \u00c4nderung des Wohnsitzes geregelt werden\" \/>\n<meta name=\"robots\" content=\"index, follow, max-snippet:-1, max-image-preview:large, max-video-preview:-1\" \/>\n<link rel=\"canonical\" href=\"https:\/\/leolex.ch\/migraczionnoe-pravo\/\" \/>\n<meta property=\"og:locale\" content=\"de_DE\" \/>\n<meta property=\"og:type\" content=\"article\" \/>\n<meta property=\"og:title\" content=\"{:ru}\u041c\u0438\u0433\u0440\u0430\u0446\u0438\u043e\u043d\u043d\u043e\u0435 \u043f\u0440\u0430\u0432\u043e &ndash; LEOLEX - das Rechts- und Buchhaltungsb\u00fcro{:}{:en}Migration law &ndash; LEOLEX - das Rechts- und Buchhaltungsb\u00fcro{:}{:fr}DROIT DE LA MIGRATION &ndash; LEOLEX - das Rechts- und Buchhaltungsb\u00fcro{:}{:de}Migrationsrecht &ndash; LEOLEX - das Rechts- und Buchhaltungsb\u00fcro{:}\" \/>\n<meta property=\"og:description\" content=\"Das Migrationsrecht ist ein Rechtszweig, mit dessen Hilfe Migrationsstreite beim Aufenthaltsortwechsel oder bei der \u00c4nderung des Wohnsitzes geregelt werden\" \/>\n<meta property=\"og:url\" content=\"https:\/\/leolex.ch\/migraczionnoe-pravo\/\" \/>\n<meta property=\"og:site_name\" content=\"LEOLEX - das Rechts- und Buchhaltungsb\u00fcro\" \/>\n<meta property=\"article:modified_time\" content=\"2021-11-26T20:32:49+00:00\" \/>\n<meta property=\"og:image\" content=\"https:\/\/leolex.ch\/wp-content\/uploads\/2020\/12\/6_2.png\" \/>\n<meta name=\"twitter:card\" content=\"summary_large_image\" \/>\n<meta name=\"twitter:label1\" content=\"Est. reading time\" \/>\n\t<meta name=\"twitter:data1\" content=\"1 minute\" \/>\n<script type=\"application\/ld+json\" class=\"yoast-schema-graph\">{\"@context\":\"https:\/\/schema.org\",\"@graph\":[{\"@type\":\"Organization\",\"@id\":\"https:\/\/leolex.ch\/#organization\",\"name\":\"Leolex\",\"url\":\"https:\/\/leolex.ch\/\",\"sameAs\":[],\"logo\":{\"@type\":\"ImageObject\",\"@id\":\"https:\/\/leolex.ch\/#logo\",\"inLanguage\":\"de-DE\",\"url\":\"https:\/\/leolex.ch\/wp-content\/uploads\/2021\/10\/logo-leolex-bez-fona-.png\",\"contentUrl\":\"https:\/\/leolex.ch\/wp-content\/uploads\/2021\/10\/logo-leolex-bez-fona-.png\",\"width\":736,\"height\":200,\"caption\":\"Leolex\"},\"image\":{\"@id\":\"https:\/\/leolex.ch\/#logo\"}},{\"@type\":\"WebSite\",\"@id\":\"https:\/\/leolex.ch\/#website\",\"url\":\"https:\/\/leolex.ch\/\",\"name\":\"LEOLEX - \\u0448\\u0432\\u0435\\u0439\\u0446\\u0430\\u0440\\u0441\\u043a\\u0430\\u044f \\u044e\\u0440\\u0438\\u0434\\u0438\\u0447\\u0435\\u0441\\u043a\\u0430\\u044f \\u0438 \\u0431\\u0443\\u0445\\u0433\\u0430\\u043b\\u0442\\u0435\\u0440\\u0441\\u043a\\u0430\\u044f \\u0444\\u0438\\u0440\\u043c\\u0430\",\"description\":\"LeoLex ist eines der f\\u00fchrendsten Unternehmen zur Erbringung von rechtlichen Dienstleistungen an russischsprachige B\\u00fcrger und die aus Russland stammenden Gesellschaften auf dem Territorium der Schweizerischen Eidgenossenschaft\",\"publisher\":{\"@id\":\"https:\/\/leolex.ch\/#organization\"},\"potentialAction\":[{\"@type\":\"SearchAction\",\"target\":{\"@type\":\"EntryPoint\",\"urlTemplate\":\"https:\/\/leolex.ch\/?s={search_term_string}\"},\"query-input\":\"required name=search_term_string\"}],\"inLanguage\":\"de-DE\"},{\"@type\":\"ImageObject\",\"@id\":\"https:\/\/leolex.ch\/migraczionnoe-pravo\/#primaryimage\",\"inLanguage\":\"de-DE\",\"url\":\"https:\/\/leolex.ch\/wp-content\/uploads\/2020\/12\/6_2.png\",\"contentUrl\":\"https:\/\/leolex.ch\/wp-content\/uploads\/2020\/12\/6_2.png\",\"width\":70,\"height\":70},{\"@type\":\"WebPage\",\"@id\":\"https:\/\/leolex.ch\/migraczionnoe-pravo\/#webpage\",\"url\":\"https:\/\/leolex.ch\/migraczionnoe-pravo\/\",\"name\":\"\\u041c\\u0438\\u0433\\u0440\\u0430\\u0446\\u0438\\u043e\\u043d\\u043d\\u043e\\u0435 \\u043f\\u0440\\u0430\\u0432\\u043e &ndash; LEOLEX - das Rechts- und Buchhaltungsb\\u00fcro\",\"isPartOf\":{\"@id\":\"https:\/\/leolex.ch\/#website\"},\"primaryImageOfPage\":{\"@id\":\"https:\/\/leolex.ch\/migraczionnoe-pravo\/#primaryimage\"},\"datePublished\":\"2020-12-20T11:52:25+00:00\",\"dateModified\":\"2021-11-26T20:32:49+00:00\",\"description\":\"\\u041f\\u043e\\u0434\\u0433\\u043e\\u0442\\u043e\\u0432\\u043a\\u0430 \\u0434\\u043e\\u0441\\u044c\\u0435 \\u043d\\u0430 \\u0437\\u0430\\u043f\\u0440\\u043e\\u0441 \\u0412\\u041d\\u0416 \\u043a\\u0430\\u0442\\u0435\\u0433\\u043e\\u0440\\u0438\\u0438 \\u0421 \\u0438 \\u043d\\u0430\\u0442\\u0443\\u0440\\u0430\\u043b\\u0438\\u0437\\u0430\\u0446\\u0438\\u0438. \\u041e\\u0431\\u0436\\u0430\\u043b\\u043e\\u0432\\u0430\\u043d\\u0438\\u0435 \\u0440\\u0435\\u0448\\u0435\\u043d\\u0438\\u0439 \\u043f\\u0435\\u0440\\u0435\\u0434 \\u043c\\u0438\\u0433\\u0440\\u0430\\u0446\\u0438\\u043e\\u043d\\u043d\\u044b\\u043c\\u0438 \\u043e\\u0440\\u0433\\u0430\\u043d\\u0430\\u043c\\u0438 \\u0438 \\u0441\\u0443\\u0434\\u0430\\u043c\\u0438. \\u041f\\u043e\\u043b\\u0443\\u0447\\u0435\\u043d\\u0438\\u0435 \\u0412\\u041d\\u0416, \\u043f\\u043e\\u043b\\u043d\\u0430\\u044f \\u043f\\u0440\\u043e\\u0446\\u0435\\u0434\\u0443\\u0440\\u0430\",\"breadcrumb\":{\"@id\":\"https:\/\/leolex.ch\/migraczionnoe-pravo\/#breadcrumb\"},\"inLanguage\":\"de-DE\",\"potentialAction\":[{\"@type\":\"ReadAction\",\"target\":[\"https:\/\/leolex.ch\/migraczionnoe-pravo\/\"]}]},{\"@type\":\"BreadcrumbList\",\"@id\":\"https:\/\/leolex.ch\/migraczionnoe-pravo\/#breadcrumb\",\"itemListElement\":[{\"@type\":\"ListItem\",\"position\":1,\"name\":\"\\u0413\\u043b\\u0430\\u0432\\u043d\\u0430\\u044f \\u0441\\u0442\\u0440\\u0430\\u043d\\u0438\\u0446\\u0430\",\"item\":\"https:\/\/leolex.ch\/\"},{\"@type\":\"ListItem\",\"position\":2,\"name\":\"\\u041c\\u0418\\u0413\\u0420\\u0410\\u0426\\u0418\\u041e\\u041d\\u041d\\u041e\\u0415 \\u041f\\u0420\\u0410\\u0412\\u041e\"}]}]}<\/script>\n<!-- \/ Yoast SEO plugin. -->","yoast_head_json":{"title":"Migrationsrecht &ndash; LEOLEX - das Rechts- und Buchhaltungsb\u00fcro","description":"Das Migrationsrecht ist ein Rechtszweig, mit dessen Hilfe Migrationsstreite beim Aufenthaltsortwechsel oder bei der \u00c4nderung des Wohnsitzes geregelt werden","robots":{"index":"index","follow":"follow","max-snippet":"max-snippet:-1","max-image-preview":"max-image-preview:large","max-video-preview":"max-video-preview:-1"},"canonical":"https:\/\/leolex.ch\/migraczionnoe-pravo\/","og_locale":"de_DE","og_type":"article","og_title":"{:ru}\u041c\u0438\u0433\u0440\u0430\u0446\u0438\u043e\u043d\u043d\u043e\u0435 \u043f\u0440\u0430\u0432\u043e &ndash; LEOLEX - das Rechts- und Buchhaltungsb\u00fcro{:}{:en}Migration law &ndash; LEOLEX - das Rechts- und Buchhaltungsb\u00fcro{:}{:fr}DROIT DE LA MIGRATION &ndash; LEOLEX - das Rechts- und Buchhaltungsb\u00fcro{:}{:de}Migrationsrecht &ndash; LEOLEX - das Rechts- und Buchhaltungsb\u00fcro{:}","og_description":"Das Migrationsrecht ist ein Rechtszweig, mit dessen Hilfe Migrationsstreite beim Aufenthaltsortwechsel oder bei der \u00c4nderung des Wohnsitzes geregelt werden","og_url":"https:\/\/leolex.ch\/migraczionnoe-pravo\/","og_site_name":"LEOLEX - das Rechts- und Buchhaltungsb\u00fcro","article_modified_time":"2021-11-26T20:32:49+00:00","og_image":[{"url":"https:\/\/leolex.ch\/wp-content\/uploads\/2020\/12\/6_2.png"}],"twitter_card":"summary_large_image","twitter_misc":{"Est. reading time":"1 minute"},"schema":{"@context":"https:\/\/schema.org","@graph":[{"@type":"Organization","@id":"https:\/\/leolex.ch\/#organization","name":"Leolex","url":"https:\/\/leolex.ch\/","sameAs":[],"logo":{"@type":"ImageObject","@id":"https:\/\/leolex.ch\/#logo","inLanguage":"de-DE","url":"https:\/\/leolex.ch\/wp-content\/uploads\/2021\/10\/logo-leolex-bez-fona-.png","contentUrl":"https:\/\/leolex.ch\/wp-content\/uploads\/2021\/10\/logo-leolex-bez-fona-.png","width":736,"height":200,"caption":"Leolex"},"image":{"@id":"https:\/\/leolex.ch\/#logo"}},{"@type":"WebSite","@id":"https:\/\/leolex.ch\/#website","url":"https:\/\/leolex.ch\/","name":"LEOLEX - \u0448\u0432\u0435\u0439\u0446\u0430\u0440\u0441\u043a\u0430\u044f \u044e\u0440\u0438\u0434\u0438\u0447\u0435\u0441\u043a\u0430\u044f \u0438 \u0431\u0443\u0445\u0433\u0430\u043b\u0442\u0435\u0440\u0441\u043a\u0430\u044f \u0444\u0438\u0440\u043c\u0430","description":"LeoLex ist eines der f\u00fchrendsten Unternehmen zur Erbringung von rechtlichen Dienstleistungen an russischsprachige B\u00fcrger und die aus Russland stammenden Gesellschaften auf dem Territorium der Schweizerischen Eidgenossenschaft","publisher":{"@id":"https:\/\/leolex.ch\/#organization"},"potentialAction":[{"@type":"SearchAction","target":{"@type":"EntryPoint","urlTemplate":"https:\/\/leolex.ch\/?s={search_term_string}"},"query-input":"required name=search_term_string"}],"inLanguage":"de-DE"},{"@type":"ImageObject","@id":"https:\/\/leolex.ch\/migraczionnoe-pravo\/#primaryimage","inLanguage":"de-DE","url":"https:\/\/leolex.ch\/wp-content\/uploads\/2020\/12\/6_2.png","contentUrl":"https:\/\/leolex.ch\/wp-content\/uploads\/2020\/12\/6_2.png","width":70,"height":70},{"@type":"WebPage","@id":"https:\/\/leolex.ch\/migraczionnoe-pravo\/#webpage","url":"https:\/\/leolex.ch\/migraczionnoe-pravo\/","name":"\u041c\u0438\u0433\u0440\u0430\u0446\u0438\u043e\u043d\u043d\u043e\u0435 \u043f\u0440\u0430\u0432\u043e &ndash; LEOLEX - das Rechts- und Buchhaltungsb\u00fcro","isPartOf":{"@id":"https:\/\/leolex.ch\/#website"},"primaryImageOfPage":{"@id":"https:\/\/leolex.ch\/migraczionnoe-pravo\/#primaryimage"},"datePublished":"2020-12-20T11:52:25+00:00","dateModified":"2021-11-26T20:32:49+00:00","description":"\u041f\u043e\u0434\u0433\u043e\u0442\u043e\u0432\u043a\u0430 \u0434\u043e\u0441\u044c\u0435 \u043d\u0430 \u0437\u0430\u043f\u0440\u043e\u0441 \u0412\u041d\u0416 \u043a\u0430\u0442\u0435\u0433\u043e\u0440\u0438\u0438 \u0421 \u0438 \u043d\u0430\u0442\u0443\u0440\u0430\u043b\u0438\u0437\u0430\u0446\u0438\u0438. \u041e\u0431\u0436\u0430\u043b\u043e\u0432\u0430\u043d\u0438\u0435 \u0440\u0435\u0448\u0435\u043d\u0438\u0439 \u043f\u0435\u0440\u0435\u0434 \u043c\u0438\u0433\u0440\u0430\u0446\u0438\u043e\u043d\u043d\u044b\u043c\u0438 \u043e\u0440\u0433\u0430\u043d\u0430\u043c\u0438 \u0438 \u0441\u0443\u0434\u0430\u043c\u0438. \u041f\u043e\u043b\u0443\u0447\u0435\u043d\u0438\u0435 \u0412\u041d\u0416, \u043f\u043e\u043b\u043d\u0430\u044f \u043f\u0440\u043e\u0446\u0435\u0434\u0443\u0440\u0430","breadcrumb":{"@id":"https:\/\/leolex.ch\/migraczionnoe-pravo\/#breadcrumb"},"inLanguage":"de-DE","potentialAction":[{"@type":"ReadAction","target":["https:\/\/leolex.ch\/migraczionnoe-pravo\/"]}]},{"@type":"BreadcrumbList","@id":"https:\/\/leolex.ch\/migraczionnoe-pravo\/#breadcrumb","itemListElement":[{"@type":"ListItem","position":1,"name":"\u0413\u043b\u0430\u0432\u043d\u0430\u044f \u0441\u0442\u0440\u0430\u043d\u0438\u0446\u0430","item":"https:\/\/leolex.ch\/"},{"@type":"ListItem","position":2,"name":"\u041c\u0418\u0413\u0420\u0410\u0426\u0418\u041e\u041d\u041d\u041e\u0415 \u041f\u0420\u0410\u0412\u041e"}]}]}},"_links":{"self":[{"href":"https:\/\/leolex.ch\/de\/wp-json\/wp\/v2\/pages\/289"}],"collection":[{"href":"https:\/\/leolex.ch\/de\/wp-json\/wp\/v2\/pages"}],"about":[{"href":"https:\/\/leolex.ch\/de\/wp-json\/wp\/v2\/types\/page"}],"author":[{"embeddable":true,"href":"https:\/\/leolex.ch\/de\/wp-json\/wp\/v2\/users\/1"}],"replies":[{"embeddable":true,"href":"https:\/\/leolex.ch\/de\/wp-json\/wp\/v2\/comments?post=289"}],"version-history":[{"count":56,"href":"https:\/\/leolex.ch\/de\/wp-json\/wp\/v2\/pages\/289\/revisions"}],"predecessor-version":[{"id":1644,"href":"https:\/\/leolex.ch\/de\/wp-json\/wp\/v2\/pages\/289\/revisions\/1644"}],"wp:attachment":[{"href":"https:\/\/leolex.ch\/de\/wp-json\/wp\/v2\/media?parent=289"}],"curies":[{"name":"wp","href":"https:\/\/api.w.org\/{rel}","templated":true}]}}