{"id":280,"date":"2020-12-18T18:50:18","date_gmt":"2020-12-18T15:50:18","guid":{"rendered":"https:\/\/leolex.ch\/semejnoe-pravo-copy\/"},"modified":"2021-11-26T23:33:25","modified_gmt":"2021-11-26T20:33:25","slug":"bankrotnoe-pravo-i-vzyskanie-zadolzhennostej","status":"publish","type":"page","link":"https:\/\/leolex.ch\/de\/bankrotnoe-pravo-i-vzyskanie-zadolzhennostej\/","title":{"rendered":"\u0411\u0410\u041d\u041a\u0420\u041e\u0422\u041d\u041e\u0415 \u041f\u0420\u0410\u0412\u041e \u0418 \u0412\u0417\u042b\u0421\u041a\u0410\u041d\u0418\u0415 \u0417\u0410\u0414\u041e\u041b\u0416\u0415\u041d\u041d\u041e\u0421\u0422\u0415\u0419"},"content":{"rendered":"<p><img width=\"70\" height=\"70\" src=\"https:\/\/leolex.ch\/wp-content\/uploads\/2020\/12\/5.png\" alt=\"\" loading=\"lazy\"><\/p>\n<h2>INSOLVENZRECHT UND FORDERUNGSEINTREIBUNG<\/h2>\n<p>Die Ermittlung der Aktiva und die Forderungseintreibung sind eine der Hauptt\u00e4tigkeitsrichtungen des Rechts- und Buchhaltungsb\u00fcros LEOLEX. Dank Dutzenden von gewonnenen Forderungseintreibungsprozessen und der erfolgreichen Teilnahme am Insolvenzverfahren von 2 Bankniederlassungen mit dem Sitz in der Schweiz verf\u00fcgen wir \u00fcber einzigartige Erfahrungen auf diesem Gebiet.<br \/>\n<strong>Dienstleistungen des Schweizerischen Rechts- und Buchhaltungsb\u00fcros LEOLEX auf dem Gebiet des Insolvenzrechtes und der Forderungseintreibung:<\/strong><\/p>\n<p>&#8211; Ermittlung der Aktiva auf dem Territorium der Schweiz und sonstiger EU-Staaten;<br \/>\n&#8211; Anerkennung und Vollstreckung gerichtlicher Entscheidungen \u00fcber die Insolvenz und Forderungseintreibung in der Schweiz;<br \/>\n&#8211; Verm\u00f6genssperre in Bezug auf das Verm\u00f6gen, welches sich auf dem Territorium der Schweizerischen Eidgenossenschaft befindet;<br \/>\n&#8211; Einleitung des Verfahrens zur Rechtsverfolgung der Schuldner<\/p>\n","protected":false},"excerpt":{"rendered":"<p>INSOLVENZRECHT UND FORDERUNGSEINTREIBUNG Die Ermittlung der Aktiva und die Forderungseintreibung sind eine der Hauptt\u00e4tigkeitsrichtungen des Rechts- und Buchhaltungsb\u00fcros LEOLEX. Dank Dutzenden von gewonnenen Forderungseintreibungsprozessen und der erfolgreichen Teilnahme am Insolvenzverfahren von 2 Bankniederlassungen mit dem&nbsp;<a href=\"https:\/\/leolex.ch\/de\/bankrotnoe-pravo-i-vzyskanie-zadolzhennostej\/\" class=\"read-more\">Continue Reading<\/a><\/p>\n","protected":false},"author":1,"featured_media":0,"parent":0,"menu_order":0,"comment_status":"closed","ping_status":"closed","template":"templates\/page-fullwidth.php","meta":[],"translation":{"provider":"WPGlobus","version":"2.8.6","language":"de","enabled_languages":["ru","en","fr","de"],"languages":{"ru":{"title":true,"content":true,"excerpt":false},"en":{"title":true,"content":true,"excerpt":false},"fr":{"title":false,"content":true,"excerpt":false},"de":{"title":false,"content":true,"excerpt":false}}},"yoast_head":"<!-- This site is optimized with the Yoast SEO plugin v17.5 - https:\/\/yoast.com\/wordpress\/plugins\/seo\/ -->\n<title>INSOLVENZRECHT UND FORDERUNGSEINTREIBUNG &ndash; LEOLEX - das Rechts- und Buchhaltungsb\u00fcro<\/title>\n<meta name=\"description\" content=\"Die Ermittlung der Aktiva und die Forderungseintreibung sind eine der Hauptt\u00e4tigkeitsrichtungen des Rechts- und Buchhaltungsb\u00fcros LEOLEX\" \/>\n<meta name=\"robots\" content=\"index, follow, max-snippet:-1, max-image-preview:large, max-video-preview:-1\" \/>\n<link rel=\"canonical\" href=\"https:\/\/leolex.ch\/bankrotnoe-pravo-i-vzyskanie-zadolzhennostej\/\" \/>\n<meta property=\"og:locale\" content=\"de_DE\" \/>\n<meta property=\"og:type\" content=\"article\" \/>\n<meta property=\"og:title\" content=\"{:ru}\u0411\u0410\u041d\u041a\u0420\u041e\u0422\u041d\u041e\u0415 \u041f\u0420\u0410\u0412\u041e \u0418 \u0412\u0417\u042b\u0421\u041a\u0410\u041d\u0418\u0415 \u0417\u0410\u0414\u041e\u041b\u0416\u0415\u041d\u041d\u041e\u0421\u0422\u0415\u0419 &ndash; LEOLEX - das Rechts- und Buchhaltungsb\u00fcro{:}{:en}BANKRUPTCY LAW AND DEBT COLLECTION &ndash; LEOLEX - das Rechts- und Buchhaltungsb\u00fcro{:}{:fr}DROIT DE LA FAILLITE ET DU RECOUVREMENT DES DETTES &ndash; LEOLEX - das Rechts- und Buchhaltungsb\u00fcro{:}{:de}INSOLVENZRECHT UND FORDERUNGSEINTREIBUNG &ndash; LEOLEX - das Rechts- und Buchhaltungsb\u00fcro{:}\" \/>\n<meta property=\"og:description\" content=\"Die Ermittlung der Aktiva und die Forderungseintreibung sind eine der Hauptt\u00e4tigkeitsrichtungen des Rechts- und Buchhaltungsb\u00fcros LEOLEX\" \/>\n<meta property=\"og:url\" content=\"https:\/\/leolex.ch\/bankrotnoe-pravo-i-vzyskanie-zadolzhennostej\/\" \/>\n<meta property=\"og:site_name\" content=\"LEOLEX - das Rechts- und Buchhaltungsb\u00fcro\" \/>\n<meta property=\"article:modified_time\" content=\"2021-11-26T20:33:25+00:00\" \/>\n<meta property=\"og:image\" content=\"https:\/\/leolex.ch\/wp-content\/uploads\/2020\/12\/5.png\" \/>\n<meta name=\"twitter:card\" content=\"summary_large_image\" \/>\n<meta name=\"twitter:label1\" content=\"Est. reading time\" \/>\n\t<meta name=\"twitter:data1\" content=\"1 minute\" \/>\n<script type=\"application\/ld+json\" class=\"yoast-schema-graph\">{\"@context\":\"https:\/\/schema.org\",\"@graph\":[{\"@type\":\"Organization\",\"@id\":\"https:\/\/leolex.ch\/#organization\",\"name\":\"Leolex\",\"url\":\"https:\/\/leolex.ch\/\",\"sameAs\":[],\"logo\":{\"@type\":\"ImageObject\",\"@id\":\"https:\/\/leolex.ch\/#logo\",\"inLanguage\":\"de-DE\",\"url\":\"https:\/\/leolex.ch\/wp-content\/uploads\/2021\/10\/logo-leolex-bez-fona-.png\",\"contentUrl\":\"https:\/\/leolex.ch\/wp-content\/uploads\/2021\/10\/logo-leolex-bez-fona-.png\",\"width\":736,\"height\":200,\"caption\":\"Leolex\"},\"image\":{\"@id\":\"https:\/\/leolex.ch\/#logo\"}},{\"@type\":\"WebSite\",\"@id\":\"https:\/\/leolex.ch\/#website\",\"url\":\"https:\/\/leolex.ch\/\",\"name\":\"LEOLEX - \\u0448\\u0432\\u0435\\u0439\\u0446\\u0430\\u0440\\u0441\\u043a\\u0430\\u044f \\u044e\\u0440\\u0438\\u0434\\u0438\\u0447\\u0435\\u0441\\u043a\\u0430\\u044f \\u0438 \\u0431\\u0443\\u0445\\u0433\\u0430\\u043b\\u0442\\u0435\\u0440\\u0441\\u043a\\u0430\\u044f \\u0444\\u0438\\u0440\\u043c\\u0430\",\"description\":\"LeoLex ist eines der f\\u00fchrendsten Unternehmen zur Erbringung von rechtlichen Dienstleistungen an russischsprachige B\\u00fcrger und die aus Russland stammenden Gesellschaften auf dem Territorium der Schweizerischen Eidgenossenschaft\",\"publisher\":{\"@id\":\"https:\/\/leolex.ch\/#organization\"},\"potentialAction\":[{\"@type\":\"SearchAction\",\"target\":{\"@type\":\"EntryPoint\",\"urlTemplate\":\"https:\/\/leolex.ch\/?s={search_term_string}\"},\"query-input\":\"required name=search_term_string\"}],\"inLanguage\":\"de-DE\"},{\"@type\":\"ImageObject\",\"@id\":\"https:\/\/leolex.ch\/bankrotnoe-pravo-i-vzyskanie-zadolzhennostej\/#primaryimage\",\"inLanguage\":\"de-DE\",\"url\":\"https:\/\/leolex.ch\/wp-content\/uploads\/2020\/12\/5.png\",\"contentUrl\":\"https:\/\/leolex.ch\/wp-content\/uploads\/2020\/12\/5.png\",\"width\":70,\"height\":70},{\"@type\":\"WebPage\",\"@id\":\"https:\/\/leolex.ch\/bankrotnoe-pravo-i-vzyskanie-zadolzhennostej\/#webpage\",\"url\":\"https:\/\/leolex.ch\/bankrotnoe-pravo-i-vzyskanie-zadolzhennostej\/\",\"name\":\"\\u0411\\u0410\\u041d\\u041a\\u0420\\u041e\\u0422\\u041d\\u041e\\u0415 \\u041f\\u0420\\u0410\\u0412\\u041e \\u0418 \\u0412\\u0417\\u042b\\u0421\\u041a\\u0410\\u041d\\u0418\\u0415 \\u0417\\u0410\\u0414\\u041e\\u041b\\u0416\\u0415\\u041d\\u041d\\u041e\\u0421\\u0422\\u0415\\u0419 &ndash; LEOLEX - das Rechts- und Buchhaltungsb\\u00fcro\",\"isPartOf\":{\"@id\":\"https:\/\/leolex.ch\/#website\"},\"primaryImageOfPage\":{\"@id\":\"https:\/\/leolex.ch\/bankrotnoe-pravo-i-vzyskanie-zadolzhennostej\/#primaryimage\"},\"datePublished\":\"2020-12-18T15:50:18+00:00\",\"dateModified\":\"2021-11-26T20:33:25+00:00\",\"description\":\"\\u041f\\u043e\\u0438\\u0441\\u043a \\u0430\\u043a\\u0442\\u0438\\u0432\\u043e\\u0432 \\u0438 \\u0432\\u0437\\u044b\\u0441\\u043a\\u0430\\u043d\\u0438\\u0435 \\u0437\\u0430\\u0434\\u043e\\u043b\\u0436\\u0435\\u043d\\u043d\\u043e\\u0441\\u0442\\u0435\\u0439 \\u044f\\u0432\\u043b\\u044f\\u0435\\u0442\\u0441\\u044f \\u043e\\u0434\\u043d\\u0438\\u043c \\u0438\\u0437 \\u043a\\u043b\\u044e\\u0447\\u0435\\u0432\\u044b\\u0445 \\u043d\\u0430\\u043f\\u0440\\u0430\\u0432\\u043b\\u0435\\u043d\\u0438\\u0439 \\u0440\\u0430\\u0431\\u043e\\u0442\\u044b \\u044e\\u0440\\u0438\\u0434\\u0438\\u0447\\u0435\\u0441\\u043a\\u043e\\u0433\\u043e \\u0438 \\u0431\\u0443\\u0445\\u0433\\u0430\\u043b\\u0442\\u0435\\u0440\\u0441\\u043a\\u043e\\u0433\\u043e \\u0431\\u044e\\u0440\\u043e \\u00abLEOLEX\\u00bb\",\"breadcrumb\":{\"@id\":\"https:\/\/leolex.ch\/bankrotnoe-pravo-i-vzyskanie-zadolzhennostej\/#breadcrumb\"},\"inLanguage\":\"de-DE\",\"potentialAction\":[{\"@type\":\"ReadAction\",\"target\":[\"https:\/\/leolex.ch\/bankrotnoe-pravo-i-vzyskanie-zadolzhennostej\/\"]}]},{\"@type\":\"BreadcrumbList\",\"@id\":\"https:\/\/leolex.ch\/bankrotnoe-pravo-i-vzyskanie-zadolzhennostej\/#breadcrumb\",\"itemListElement\":[{\"@type\":\"ListItem\",\"position\":1,\"name\":\"\\u0413\\u043b\\u0430\\u0432\\u043d\\u0430\\u044f \\u0441\\u0442\\u0440\\u0430\\u043d\\u0438\\u0446\\u0430\",\"item\":\"https:\/\/leolex.ch\/\"},{\"@type\":\"ListItem\",\"position\":2,\"name\":\"\\u0411\\u0410\\u041d\\u041a\\u0420\\u041e\\u0422\\u041d\\u041e\\u0415 \\u041f\\u0420\\u0410\\u0412\\u041e \\u0418 \\u0412\\u0417\\u042b\\u0421\\u041a\\u0410\\u041d\\u0418\\u0415 \\u0417\\u0410\\u0414\\u041e\\u041b\\u0416\\u0415\\u041d\\u041d\\u041e\\u0421\\u0422\\u0415\\u0419\"}]}]}<\/script>\n<!-- \/ Yoast SEO plugin. -->","yoast_head_json":{"title":"INSOLVENZRECHT UND FORDERUNGSEINTREIBUNG &ndash; LEOLEX - das Rechts- und Buchhaltungsb\u00fcro","description":"Die Ermittlung der Aktiva und die Forderungseintreibung sind eine der Hauptt\u00e4tigkeitsrichtungen des Rechts- und Buchhaltungsb\u00fcros LEOLEX","robots":{"index":"index","follow":"follow","max-snippet":"max-snippet:-1","max-image-preview":"max-image-preview:large","max-video-preview":"max-video-preview:-1"},"canonical":"https:\/\/leolex.ch\/bankrotnoe-pravo-i-vzyskanie-zadolzhennostej\/","og_locale":"de_DE","og_type":"article","og_title":"{:ru}\u0411\u0410\u041d\u041a\u0420\u041e\u0422\u041d\u041e\u0415 \u041f\u0420\u0410\u0412\u041e \u0418 \u0412\u0417\u042b\u0421\u041a\u0410\u041d\u0418\u0415 \u0417\u0410\u0414\u041e\u041b\u0416\u0415\u041d\u041d\u041e\u0421\u0422\u0415\u0419 &ndash; LEOLEX - das Rechts- und Buchhaltungsb\u00fcro{:}{:en}BANKRUPTCY LAW AND DEBT COLLECTION &ndash; LEOLEX - das Rechts- und Buchhaltungsb\u00fcro{:}{:fr}DROIT DE LA FAILLITE ET DU RECOUVREMENT DES DETTES &ndash; LEOLEX - das Rechts- und Buchhaltungsb\u00fcro{:}{:de}INSOLVENZRECHT UND FORDERUNGSEINTREIBUNG &ndash; LEOLEX - das Rechts- und Buchhaltungsb\u00fcro{:}","og_description":"Die Ermittlung der Aktiva und die Forderungseintreibung sind eine der Hauptt\u00e4tigkeitsrichtungen des Rechts- und Buchhaltungsb\u00fcros LEOLEX","og_url":"https:\/\/leolex.ch\/bankrotnoe-pravo-i-vzyskanie-zadolzhennostej\/","og_site_name":"LEOLEX - das Rechts- und Buchhaltungsb\u00fcro","article_modified_time":"2021-11-26T20:33:25+00:00","og_image":[{"url":"https:\/\/leolex.ch\/wp-content\/uploads\/2020\/12\/5.png"}],"twitter_card":"summary_large_image","twitter_misc":{"Est. reading time":"1 minute"},"schema":{"@context":"https:\/\/schema.org","@graph":[{"@type":"Organization","@id":"https:\/\/leolex.ch\/#organization","name":"Leolex","url":"https:\/\/leolex.ch\/","sameAs":[],"logo":{"@type":"ImageObject","@id":"https:\/\/leolex.ch\/#logo","inLanguage":"de-DE","url":"https:\/\/leolex.ch\/wp-content\/uploads\/2021\/10\/logo-leolex-bez-fona-.png","contentUrl":"https:\/\/leolex.ch\/wp-content\/uploads\/2021\/10\/logo-leolex-bez-fona-.png","width":736,"height":200,"caption":"Leolex"},"image":{"@id":"https:\/\/leolex.ch\/#logo"}},{"@type":"WebSite","@id":"https:\/\/leolex.ch\/#website","url":"https:\/\/leolex.ch\/","name":"LEOLEX - \u0448\u0432\u0435\u0439\u0446\u0430\u0440\u0441\u043a\u0430\u044f \u044e\u0440\u0438\u0434\u0438\u0447\u0435\u0441\u043a\u0430\u044f \u0438 \u0431\u0443\u0445\u0433\u0430\u043b\u0442\u0435\u0440\u0441\u043a\u0430\u044f \u0444\u0438\u0440\u043c\u0430","description":"LeoLex ist eines der f\u00fchrendsten Unternehmen zur Erbringung von rechtlichen Dienstleistungen an russischsprachige B\u00fcrger und die aus Russland stammenden Gesellschaften auf dem Territorium der Schweizerischen Eidgenossenschaft","publisher":{"@id":"https:\/\/leolex.ch\/#organization"},"potentialAction":[{"@type":"SearchAction","target":{"@type":"EntryPoint","urlTemplate":"https:\/\/leolex.ch\/?s={search_term_string}"},"query-input":"required name=search_term_string"}],"inLanguage":"de-DE"},{"@type":"ImageObject","@id":"https:\/\/leolex.ch\/bankrotnoe-pravo-i-vzyskanie-zadolzhennostej\/#primaryimage","inLanguage":"de-DE","url":"https:\/\/leolex.ch\/wp-content\/uploads\/2020\/12\/5.png","contentUrl":"https:\/\/leolex.ch\/wp-content\/uploads\/2020\/12\/5.png","width":70,"height":70},{"@type":"WebPage","@id":"https:\/\/leolex.ch\/bankrotnoe-pravo-i-vzyskanie-zadolzhennostej\/#webpage","url":"https:\/\/leolex.ch\/bankrotnoe-pravo-i-vzyskanie-zadolzhennostej\/","name":"\u0411\u0410\u041d\u041a\u0420\u041e\u0422\u041d\u041e\u0415 \u041f\u0420\u0410\u0412\u041e \u0418 \u0412\u0417\u042b\u0421\u041a\u0410\u041d\u0418\u0415 \u0417\u0410\u0414\u041e\u041b\u0416\u0415\u041d\u041d\u041e\u0421\u0422\u0415\u0419 &ndash; LEOLEX - das Rechts- und Buchhaltungsb\u00fcro","isPartOf":{"@id":"https:\/\/leolex.ch\/#website"},"primaryImageOfPage":{"@id":"https:\/\/leolex.ch\/bankrotnoe-pravo-i-vzyskanie-zadolzhennostej\/#primaryimage"},"datePublished":"2020-12-18T15:50:18+00:00","dateModified":"2021-11-26T20:33:25+00:00","description":"\u041f\u043e\u0438\u0441\u043a \u0430\u043a\u0442\u0438\u0432\u043e\u0432 \u0438 \u0432\u0437\u044b\u0441\u043a\u0430\u043d\u0438\u0435 \u0437\u0430\u0434\u043e\u043b\u0436\u0435\u043d\u043d\u043e\u0441\u0442\u0435\u0439 \u044f\u0432\u043b\u044f\u0435\u0442\u0441\u044f \u043e\u0434\u043d\u0438\u043c \u0438\u0437 \u043a\u043b\u044e\u0447\u0435\u0432\u044b\u0445 \u043d\u0430\u043f\u0440\u0430\u0432\u043b\u0435\u043d\u0438\u0439 \u0440\u0430\u0431\u043e\u0442\u044b \u044e\u0440\u0438\u0434\u0438\u0447\u0435\u0441\u043a\u043e\u0433\u043e \u0438 \u0431\u0443\u0445\u0433\u0430\u043b\u0442\u0435\u0440\u0441\u043a\u043e\u0433\u043e \u0431\u044e\u0440\u043e \u00abLEOLEX\u00bb","breadcrumb":{"@id":"https:\/\/leolex.ch\/bankrotnoe-pravo-i-vzyskanie-zadolzhennostej\/#breadcrumb"},"inLanguage":"de-DE","potentialAction":[{"@type":"ReadAction","target":["https:\/\/leolex.ch\/bankrotnoe-pravo-i-vzyskanie-zadolzhennostej\/"]}]},{"@type":"BreadcrumbList","@id":"https:\/\/leolex.ch\/bankrotnoe-pravo-i-vzyskanie-zadolzhennostej\/#breadcrumb","itemListElement":[{"@type":"ListItem","position":1,"name":"\u0413\u043b\u0430\u0432\u043d\u0430\u044f \u0441\u0442\u0440\u0430\u043d\u0438\u0446\u0430","item":"https:\/\/leolex.ch\/"},{"@type":"ListItem","position":2,"name":"\u0411\u0410\u041d\u041a\u0420\u041e\u0422\u041d\u041e\u0415 \u041f\u0420\u0410\u0412\u041e \u0418 \u0412\u0417\u042b\u0421\u041a\u0410\u041d\u0418\u0415 \u0417\u0410\u0414\u041e\u041b\u0416\u0415\u041d\u041d\u041e\u0421\u0422\u0415\u0419"}]}]}},"_links":{"self":[{"href":"https:\/\/leolex.ch\/de\/wp-json\/wp\/v2\/pages\/280"}],"collection":[{"href":"https:\/\/leolex.ch\/de\/wp-json\/wp\/v2\/pages"}],"about":[{"href":"https:\/\/leolex.ch\/de\/wp-json\/wp\/v2\/types\/page"}],"author":[{"embeddable":true,"href":"https:\/\/leolex.ch\/de\/wp-json\/wp\/v2\/users\/1"}],"replies":[{"embeddable":true,"href":"https:\/\/leolex.ch\/de\/wp-json\/wp\/v2\/comments?post=280"}],"version-history":[{"count":53,"href":"https:\/\/leolex.ch\/de\/wp-json\/wp\/v2\/pages\/280\/revisions"}],"predecessor-version":[{"id":1650,"href":"https:\/\/leolex.ch\/de\/wp-json\/wp\/v2\/pages\/280\/revisions\/1650"}],"wp:attachment":[{"href":"https:\/\/leolex.ch\/de\/wp-json\/wp\/v2\/media?parent=280"}],"curies":[{"name":"wp","href":"https:\/\/api.w.org\/{rel}","templated":true}]}}