{"id":274,"date":"2020-12-18T18:44:29","date_gmt":"2020-12-18T15:44:29","guid":{"rendered":"https:\/\/leolex.ch\/kommercheskoe-i-korporativnoe-pravo-copy\/"},"modified":"2022-10-19T18:07:57","modified_gmt":"2022-10-19T15:07:57","slug":"semejnoe-pravo","status":"publish","type":"page","link":"https:\/\/leolex.ch\/de\/semejnoe-pravo\/","title":{"rendered":"\u0421\u0415\u041c\u0415\u0419\u041d\u041e\u0415 \u041f\u0420\u0410\u0412\u041e"},"content":{"rendered":"<p><img width=\"70\" height=\"70\" src=\"https:\/\/leolex.ch\/wp-content\/uploads\/2020\/12\/fam.png\" alt=\"\" loading=\"lazy\"><\/p>\n<h2>FAMILIENRECHT<\/h2>\n<p>Das Familienrecht regelt Familienverh\u00e4ltnisse: pers\u00f6nliche und verm\u00f6gensrechtliche Verh\u00e4ltnisse, die zwischen den Eheleuten, den Eltern und den Kindern, den Verwandten, den Adoptivkindern oder den in eine Pflegefamilie aufgenommenen Kindern und ihren Pflegeeltern entstehen. Das Familienrecht ist Gegenstand von sehr vielen Streiten. Das Ehescheidungsverfahren in der Schweiz ist ein leuchtendes Beispiel daf\u00fcr: je weniger Einvernehmen es zwischen den sich scheiden lassenden Eheleuten gibt, desto l\u00e4nger und schwieriger ihr Ehescheidungsprozess verlaufen wird. Da das Fachpersonal des Schweizerischen Rechts- und Buchhaltungsb\u00fcros LEOLEX \u00fcber mehrj\u00e4hrige Erfahrungen auf dem Gebiet des Familienrechtes verf\u00fcgt, kann es Ihnen rechtzeitige und qualifizierte Rechtshilfe mit maximalem Schutz Ihrer Interessen und der Ersparnis an Zeit, Geld und Nerven anbieten.<\/p>\n<p><strong>Dienstleistungen des Schweizerischen Rechts- und Buchhaltungsb\u00fcros LEOLEX auf dem Gebiet des Familienrechtes:<\/strong><\/p>\n<p>&#8211; Beratung in Fragen, die mit dem Familienrecht verbunden sind;<br \/>\n&#8211; Hilfe bei der Zwangsvollstreckung von Unterhaltsanspr\u00fcchen;<br \/>\n&#8211; Hilfe bei der Adoption, der Vormundschaft und bei der Anerkennung der Vaterschaft;<br \/>\n&#8211; Beratung \u00fcber die Scheidungsfolgen;<br \/>\n&#8211; Erstellung von Scheidungsvereinbarungen;<br \/>\n&#8211; Erstellung von Trennungsvereinbarungen.<\/p>\n","protected":false},"excerpt":{"rendered":"<p>FAMILIENRECHT Das Familienrecht regelt Familienverh\u00e4ltnisse: pers\u00f6nliche und verm\u00f6gensrechtliche Verh\u00e4ltnisse, die zwischen den Eheleuten, den Eltern und den Kindern, den Verwandten, den Adoptivkindern oder den in eine Pflegefamilie aufgenommenen Kindern und ihren Pflegeeltern entstehen. Das Familienrecht&nbsp;<a href=\"https:\/\/leolex.ch\/de\/semejnoe-pravo\/\" class=\"read-more\">Continue Reading<\/a><\/p>\n","protected":false},"author":1,"featured_media":0,"parent":0,"menu_order":0,"comment_status":"closed","ping_status":"closed","template":"templates\/page-fullwidth.php","meta":[],"translation":{"provider":"WPGlobus","version":"2.8.6","language":"de","enabled_languages":["ru","en","fr","de"],"languages":{"ru":{"title":true,"content":true,"excerpt":false},"en":{"title":true,"content":true,"excerpt":false},"fr":{"title":false,"content":true,"excerpt":false},"de":{"title":false,"content":true,"excerpt":false}}},"yoast_head":"<!-- This site is optimized with the Yoast SEO plugin v17.5 - https:\/\/yoast.com\/wordpress\/plugins\/seo\/ -->\n<title>Familienrecht &ndash; LEOLEX - das Rechts- und Buchhaltungsb\u00fcro<\/title>\n<meta name=\"description\" content=\"Das Familienrecht regelt Familienverh\u00e4ltnisse: pers\u00f6nliche und verm\u00f6gensrechtliche Verh\u00e4ltnisse, die zwischen den Eheleuten, den Eltern und den Kindern, den Verwandten, den Adoptivkindern oder den in eine Pflegefamilie aufgenommenen Kindern und ihren Pflegeeltern entstehen\" \/>\n<meta name=\"robots\" content=\"index, follow, max-snippet:-1, max-image-preview:large, max-video-preview:-1\" \/>\n<link rel=\"canonical\" href=\"https:\/\/leolex.ch\/semejnoe-pravo\/\" \/>\n<meta property=\"og:locale\" content=\"de_DE\" \/>\n<meta property=\"og:type\" content=\"article\" \/>\n<meta property=\"og:title\" content=\"{:ru}\u0421\u0435\u043c\u0435\u0439\u043d\u043e\u0435 \u043f\u0440\u0430\u0432\u043e &ndash; LEOLEX - das Rechts- und Buchhaltungsb\u00fcro{:}{:en}FAMILY LAW &ndash; LEOLEX - das Rechts- und Buchhaltungsb\u00fcro{:}{:fr}DROIT FAMILIAL &ndash; LEOLEX - das Rechts- und Buchhaltungsb\u00fcro{:}{:de}Familienrecht &ndash; LEOLEX - das Rechts- und Buchhaltungsb\u00fcro{:}\" \/>\n<meta property=\"og:description\" content=\"Das Familienrecht regelt Familienverh\u00e4ltnisse: pers\u00f6nliche und verm\u00f6gensrechtliche Verh\u00e4ltnisse, die zwischen den Eheleuten, den Eltern und den Kindern, den Verwandten, den Adoptivkindern oder den in eine Pflegefamilie aufgenommenen Kindern und ihren Pflegeeltern entstehen\" \/>\n<meta property=\"og:url\" content=\"https:\/\/leolex.ch\/semejnoe-pravo\/\" \/>\n<meta property=\"og:site_name\" content=\"LEOLEX - das Rechts- und Buchhaltungsb\u00fcro\" \/>\n<meta property=\"article:modified_time\" content=\"2022-10-19T15:07:57+00:00\" \/>\n<meta property=\"og:image\" content=\"https:\/\/leolex.ch\/wp-content\/uploads\/2020\/12\/fam.png\" \/>\n<meta name=\"twitter:card\" content=\"summary_large_image\" \/>\n<meta name=\"twitter:label1\" content=\"Est. reading time\" \/>\n\t<meta name=\"twitter:data1\" content=\"1 minute\" \/>\n<script type=\"application\/ld+json\" class=\"yoast-schema-graph\">{\"@context\":\"https:\/\/schema.org\",\"@graph\":[{\"@type\":\"Organization\",\"@id\":\"https:\/\/leolex.ch\/#organization\",\"name\":\"Leolex\",\"url\":\"https:\/\/leolex.ch\/\",\"sameAs\":[],\"logo\":{\"@type\":\"ImageObject\",\"@id\":\"https:\/\/leolex.ch\/#logo\",\"inLanguage\":\"de-DE\",\"url\":\"https:\/\/leolex.ch\/wp-content\/uploads\/2021\/10\/logo-leolex-bez-fona-.png\",\"contentUrl\":\"https:\/\/leolex.ch\/wp-content\/uploads\/2021\/10\/logo-leolex-bez-fona-.png\",\"width\":736,\"height\":200,\"caption\":\"Leolex\"},\"image\":{\"@id\":\"https:\/\/leolex.ch\/#logo\"}},{\"@type\":\"WebSite\",\"@id\":\"https:\/\/leolex.ch\/#website\",\"url\":\"https:\/\/leolex.ch\/\",\"name\":\"LEOLEX - \\u0448\\u0432\\u0435\\u0439\\u0446\\u0430\\u0440\\u0441\\u043a\\u0430\\u044f \\u044e\\u0440\\u0438\\u0434\\u0438\\u0447\\u0435\\u0441\\u043a\\u0430\\u044f \\u0438 \\u0431\\u0443\\u0445\\u0433\\u0430\\u043b\\u0442\\u0435\\u0440\\u0441\\u043a\\u0430\\u044f \\u0444\\u0438\\u0440\\u043c\\u0430\",\"description\":\"LeoLex ist eines der f\\u00fchrendsten Unternehmen zur Erbringung von rechtlichen Dienstleistungen an russischsprachige B\\u00fcrger und die aus Russland stammenden Gesellschaften auf dem Territorium der Schweizerischen Eidgenossenschaft\",\"publisher\":{\"@id\":\"https:\/\/leolex.ch\/#organization\"},\"potentialAction\":[{\"@type\":\"SearchAction\",\"target\":{\"@type\":\"EntryPoint\",\"urlTemplate\":\"https:\/\/leolex.ch\/?s={search_term_string}\"},\"query-input\":\"required name=search_term_string\"}],\"inLanguage\":\"de-DE\"},{\"@type\":\"ImageObject\",\"@id\":\"https:\/\/leolex.ch\/semejnoe-pravo\/#primaryimage\",\"inLanguage\":\"de-DE\",\"url\":\"https:\/\/leolex.ch\/wp-content\/uploads\/2020\/12\/fam.png\",\"contentUrl\":\"https:\/\/leolex.ch\/wp-content\/uploads\/2020\/12\/fam.png\",\"width\":70,\"height\":70},{\"@type\":\"WebPage\",\"@id\":\"https:\/\/leolex.ch\/semejnoe-pravo\/#webpage\",\"url\":\"https:\/\/leolex.ch\/semejnoe-pravo\/\",\"name\":\"\\u0421\\u0435\\u043c\\u0435\\u0439\\u043d\\u043e\\u0435 \\u043f\\u0440\\u0430\\u0432\\u043e &ndash; LEOLEX - das Rechts- und Buchhaltungsb\\u00fcro\",\"isPartOf\":{\"@id\":\"https:\/\/leolex.ch\/#website\"},\"primaryImageOfPage\":{\"@id\":\"https:\/\/leolex.ch\/semejnoe-pravo\/#primaryimage\"},\"datePublished\":\"2020-12-18T15:44:29+00:00\",\"dateModified\":\"2022-10-19T15:07:57+00:00\",\"description\":\"\\u041a\\u043e\\u043d\\u0441\\u0443\\u043b\\u044c\\u0442\\u0430\\u0446\\u0438\\u0438 \\u043f\\u043e \\u0432\\u043e\\u043f\\u0440\\u043e\\u0441\\u0430\\u043c, \\u0441\\u0432\\u044f\\u0437\\u0430\\u043d\\u043d\\u044b\\u043c \\u0441 \\u0441\\u0435\\u043c\\u0435\\u0439\\u043d\\u044b\\u043c \\u043f\\u0440\\u0430\\u0432\\u043e\\u043c. \\u041f\\u043e\\u043c\\u043e\\u0449\\u044c \\u0432\\u043e \\u0432\\u0437\\u044b\\u0441\\u043a\\u0430\\u043d\\u0438\\u0438 \\u0430\\u043b\\u0438\\u043c\\u0435\\u043d\\u0442\\u043e\\u0432, \\u0432 \\u0443\\u0441\\u044b\\u043d\\u043e\\u0432\\u043b\\u0435\\u043d\\u0438\\u0438, \\u043e\\u0444\\u043e\\u0440\\u043c\\u043b\\u0435\\u043d\\u0438\\u0438 \\u043e\\u043f\\u0435\\u043a\\u0438 \\u0438 \\u043f\\u0440\\u0438\\u0437\\u043d\\u0430\\u043d\\u0438\\u0438 \\u043e\\u0442\\u0446\\u043e\\u0432\\u0441\\u0442\\u0432\\u0430. \\u041a\\u043e\\u043d\\u0441\\u0443\\u043b\\u044c\\u0442\\u0430\\u0446\\u0438\\u0438 \\u043e \\u043f\\u043e\\u0441\\u043b\\u0435\\u0434\\u0441\\u0442\\u0432\\u0438\\u044f\\u0445 \\u0440\\u0430\\u0437\\u0432\\u043e\\u0434\\u0430\",\"breadcrumb\":{\"@id\":\"https:\/\/leolex.ch\/semejnoe-pravo\/#breadcrumb\"},\"inLanguage\":\"de-DE\",\"potentialAction\":[{\"@type\":\"ReadAction\",\"target\":[\"https:\/\/leolex.ch\/semejnoe-pravo\/\"]}]},{\"@type\":\"BreadcrumbList\",\"@id\":\"https:\/\/leolex.ch\/semejnoe-pravo\/#breadcrumb\",\"itemListElement\":[{\"@type\":\"ListItem\",\"position\":1,\"name\":\"\\u0413\\u043b\\u0430\\u0432\\u043d\\u0430\\u044f \\u0441\\u0442\\u0440\\u0430\\u043d\\u0438\\u0446\\u0430\",\"item\":\"https:\/\/leolex.ch\/\"},{\"@type\":\"ListItem\",\"position\":2,\"name\":\"\\u0421\\u0415\\u041c\\u0415\\u0419\\u041d\\u041e\\u0415 \\u041f\\u0420\\u0410\\u0412\\u041e\"}]}]}<\/script>\n<!-- \/ Yoast SEO plugin. -->","yoast_head_json":{"title":"Familienrecht &ndash; LEOLEX - das Rechts- und Buchhaltungsb\u00fcro","description":"Das Familienrecht regelt Familienverh\u00e4ltnisse: pers\u00f6nliche und verm\u00f6gensrechtliche Verh\u00e4ltnisse, die zwischen den Eheleuten, den Eltern und den Kindern, den Verwandten, den Adoptivkindern oder den in eine Pflegefamilie aufgenommenen Kindern und ihren Pflegeeltern entstehen","robots":{"index":"index","follow":"follow","max-snippet":"max-snippet:-1","max-image-preview":"max-image-preview:large","max-video-preview":"max-video-preview:-1"},"canonical":"https:\/\/leolex.ch\/semejnoe-pravo\/","og_locale":"de_DE","og_type":"article","og_title":"{:ru}\u0421\u0435\u043c\u0435\u0439\u043d\u043e\u0435 \u043f\u0440\u0430\u0432\u043e &ndash; LEOLEX - das Rechts- und Buchhaltungsb\u00fcro{:}{:en}FAMILY LAW &ndash; LEOLEX - das Rechts- und Buchhaltungsb\u00fcro{:}{:fr}DROIT FAMILIAL &ndash; LEOLEX - das Rechts- und Buchhaltungsb\u00fcro{:}{:de}Familienrecht &ndash; LEOLEX - das Rechts- und Buchhaltungsb\u00fcro{:}","og_description":"Das Familienrecht regelt Familienverh\u00e4ltnisse: pers\u00f6nliche und verm\u00f6gensrechtliche Verh\u00e4ltnisse, die zwischen den Eheleuten, den Eltern und den Kindern, den Verwandten, den Adoptivkindern oder den in eine Pflegefamilie aufgenommenen Kindern und ihren Pflegeeltern entstehen","og_url":"https:\/\/leolex.ch\/semejnoe-pravo\/","og_site_name":"LEOLEX - das Rechts- und Buchhaltungsb\u00fcro","article_modified_time":"2022-10-19T15:07:57+00:00","og_image":[{"url":"https:\/\/leolex.ch\/wp-content\/uploads\/2020\/12\/fam.png"}],"twitter_card":"summary_large_image","twitter_misc":{"Est. reading time":"1 minute"},"schema":{"@context":"https:\/\/schema.org","@graph":[{"@type":"Organization","@id":"https:\/\/leolex.ch\/#organization","name":"Leolex","url":"https:\/\/leolex.ch\/","sameAs":[],"logo":{"@type":"ImageObject","@id":"https:\/\/leolex.ch\/#logo","inLanguage":"de-DE","url":"https:\/\/leolex.ch\/wp-content\/uploads\/2021\/10\/logo-leolex-bez-fona-.png","contentUrl":"https:\/\/leolex.ch\/wp-content\/uploads\/2021\/10\/logo-leolex-bez-fona-.png","width":736,"height":200,"caption":"Leolex"},"image":{"@id":"https:\/\/leolex.ch\/#logo"}},{"@type":"WebSite","@id":"https:\/\/leolex.ch\/#website","url":"https:\/\/leolex.ch\/","name":"LEOLEX - \u0448\u0432\u0435\u0439\u0446\u0430\u0440\u0441\u043a\u0430\u044f \u044e\u0440\u0438\u0434\u0438\u0447\u0435\u0441\u043a\u0430\u044f \u0438 \u0431\u0443\u0445\u0433\u0430\u043b\u0442\u0435\u0440\u0441\u043a\u0430\u044f \u0444\u0438\u0440\u043c\u0430","description":"LeoLex ist eines der f\u00fchrendsten Unternehmen zur Erbringung von rechtlichen Dienstleistungen an russischsprachige B\u00fcrger und die aus Russland stammenden Gesellschaften auf dem Territorium der Schweizerischen Eidgenossenschaft","publisher":{"@id":"https:\/\/leolex.ch\/#organization"},"potentialAction":[{"@type":"SearchAction","target":{"@type":"EntryPoint","urlTemplate":"https:\/\/leolex.ch\/?s={search_term_string}"},"query-input":"required name=search_term_string"}],"inLanguage":"de-DE"},{"@type":"ImageObject","@id":"https:\/\/leolex.ch\/semejnoe-pravo\/#primaryimage","inLanguage":"de-DE","url":"https:\/\/leolex.ch\/wp-content\/uploads\/2020\/12\/fam.png","contentUrl":"https:\/\/leolex.ch\/wp-content\/uploads\/2020\/12\/fam.png","width":70,"height":70},{"@type":"WebPage","@id":"https:\/\/leolex.ch\/semejnoe-pravo\/#webpage","url":"https:\/\/leolex.ch\/semejnoe-pravo\/","name":"\u0421\u0435\u043c\u0435\u0439\u043d\u043e\u0435 \u043f\u0440\u0430\u0432\u043e &ndash; LEOLEX - das Rechts- und Buchhaltungsb\u00fcro","isPartOf":{"@id":"https:\/\/leolex.ch\/#website"},"primaryImageOfPage":{"@id":"https:\/\/leolex.ch\/semejnoe-pravo\/#primaryimage"},"datePublished":"2020-12-18T15:44:29+00:00","dateModified":"2022-10-19T15:07:57+00:00","description":"\u041a\u043e\u043d\u0441\u0443\u043b\u044c\u0442\u0430\u0446\u0438\u0438 \u043f\u043e \u0432\u043e\u043f\u0440\u043e\u0441\u0430\u043c, \u0441\u0432\u044f\u0437\u0430\u043d\u043d\u044b\u043c \u0441 \u0441\u0435\u043c\u0435\u0439\u043d\u044b\u043c \u043f\u0440\u0430\u0432\u043e\u043c. \u041f\u043e\u043c\u043e\u0449\u044c \u0432\u043e \u0432\u0437\u044b\u0441\u043a\u0430\u043d\u0438\u0438 \u0430\u043b\u0438\u043c\u0435\u043d\u0442\u043e\u0432, \u0432 \u0443\u0441\u044b\u043d\u043e\u0432\u043b\u0435\u043d\u0438\u0438, \u043e\u0444\u043e\u0440\u043c\u043b\u0435\u043d\u0438\u0438 \u043e\u043f\u0435\u043a\u0438 \u0438 \u043f\u0440\u0438\u0437\u043d\u0430\u043d\u0438\u0438 \u043e\u0442\u0446\u043e\u0432\u0441\u0442\u0432\u0430. \u041a\u043e\u043d\u0441\u0443\u043b\u044c\u0442\u0430\u0446\u0438\u0438 \u043e \u043f\u043e\u0441\u043b\u0435\u0434\u0441\u0442\u0432\u0438\u044f\u0445 \u0440\u0430\u0437\u0432\u043e\u0434\u0430","breadcrumb":{"@id":"https:\/\/leolex.ch\/semejnoe-pravo\/#breadcrumb"},"inLanguage":"de-DE","potentialAction":[{"@type":"ReadAction","target":["https:\/\/leolex.ch\/semejnoe-pravo\/"]}]},{"@type":"BreadcrumbList","@id":"https:\/\/leolex.ch\/semejnoe-pravo\/#breadcrumb","itemListElement":[{"@type":"ListItem","position":1,"name":"\u0413\u043b\u0430\u0432\u043d\u0430\u044f \u0441\u0442\u0440\u0430\u043d\u0438\u0446\u0430","item":"https:\/\/leolex.ch\/"},{"@type":"ListItem","position":2,"name":"\u0421\u0415\u041c\u0415\u0419\u041d\u041e\u0415 \u041f\u0420\u0410\u0412\u041e"}]}]}},"_links":{"self":[{"href":"https:\/\/leolex.ch\/de\/wp-json\/wp\/v2\/pages\/274"}],"collection":[{"href":"https:\/\/leolex.ch\/de\/wp-json\/wp\/v2\/pages"}],"about":[{"href":"https:\/\/leolex.ch\/de\/wp-json\/wp\/v2\/types\/page"}],"author":[{"embeddable":true,"href":"https:\/\/leolex.ch\/de\/wp-json\/wp\/v2\/users\/1"}],"replies":[{"embeddable":true,"href":"https:\/\/leolex.ch\/de\/wp-json\/wp\/v2\/comments?post=274"}],"version-history":[{"count":42,"href":"https:\/\/leolex.ch\/de\/wp-json\/wp\/v2\/pages\/274\/revisions"}],"predecessor-version":[{"id":1647,"href":"https:\/\/leolex.ch\/de\/wp-json\/wp\/v2\/pages\/274\/revisions\/1647"}],"wp:attachment":[{"href":"https:\/\/leolex.ch\/de\/wp-json\/wp\/v2\/media?parent=274"}],"curies":[{"name":"wp","href":"https:\/\/api.w.org\/{rel}","templated":true}]}}