{"id":251,"date":"2020-12-16T11:07:07","date_gmt":"2020-12-16T08:07:07","guid":{"rendered":"https:\/\/leolex.ch\/dogovornoe-pravo-copy\/"},"modified":"2021-11-26T23:32:29","modified_gmt":"2021-11-26T20:32:29","slug":"kommercheskoe-i-korporativnoe-pravo","status":"publish","type":"page","link":"https:\/\/leolex.ch\/de\/kommercheskoe-i-korporativnoe-pravo\/","title":{"rendered":"\u041a\u041e\u041c\u041c\u0415\u0420\u0427\u0415\u0421\u041a\u041e\u0415 \u0418 \u041a\u041e\u0420\u041f\u041e\u0420\u0410\u0422\u0418\u0412\u041d\u041e\u0415 \u041f\u0420\u0410\u0412\u041e"},"content":{"rendered":"<p><img width=\"70\" height=\"70\" src=\"https:\/\/leolex.ch\/wp-content\/uploads\/2020\/12\/2_2.png\" alt=\"\" loading=\"lazy\"><\/p>\n<h2>HANDELS- UND GESELLSCHAFTSRECHT<\/h2>\n<p>Die mit dem Handels- und Gesellschaftsrecht verbundenen Fragen geh\u00f6ren zu den wichtigsten T\u00e4tigkeitsbereichen des Rechts- und Buchhaltungsb\u00fcros LEOLEX. T\u00e4glich werden unsere Juristen mit den Fragen der Gesch\u00e4ftsgr\u00fcndung (von der Vorbereitung des Satzes von Gr\u00fcndungsunterlagen bis zur schl\u00fcsselfertigen Registrierung der Gesellschaften in der Schweiz und der nachfolgenden Rechtsbegleitung der neugegr\u00fcndeten Unternehmen) konfrontiert.<\/p>\n<p><strong>Dienstleistungen des Schweizerischen Rechtsb\u00fcros I-Law auf dem Gebiet des Handels- und Gesellschaftsrechtes:<\/strong><\/p>\n<p>&#8211; Begleitung der Registrierung und des Erwerbs von den Gesellschaften in der Schweiz;<br \/>\n&#8211; Erstellung von Gesch\u00e4ftsvertr\u00e4gen in \u00dcbereinstimmung mit der schweizerischen Gesetzgebung;<br \/>\n&#8211; Pr\u00fcfung der Unterlagen auf deren Entsprechung der geltenden schweizerischen Gesetzgebung und den Interessen des Kunden;<br \/>\n&#8211; Beratung und Vorbereitung der Rechtsgutachten zu verschiedenen Fragen des Handels-, Zivil-, Verwaltungs- und Gesellschaftsrechtes;<br \/>\n&#8211; Rechtsbegleitung der laufenden Gesch\u00e4ftst\u00e4tigkeit von Kunden der schweizerischen Gesellschaften;<br \/>\n&#8211; Gr\u00fcndung von Treuhandgesellschaften und Fonds;<br \/>\n&#8211; Erarbeitung des Systems von Vertragsverh\u00e4ltnissen in Holdinggesellschaften und Entwicklung der Vertragsentw\u00fcrfe im Rahmen dieses Systems;<br \/>\n&#8211; Beratung auf dem Gebiet des Steuerrechtes;<br \/>\n&#8211; F\u00fchrung des Schriftverkehrs mit den Verwaltungsbeh\u00f6rden und den Gesch\u00e4ftspartnern;<br \/>\n&#8211; Vertretung der Interessen der Vollmachtgeber bei den Verhandlungen mit den Gesch\u00e4ftspartnern, vor staatlichen Beh\u00f6rden sowie vor Gerichten aller Instanzen;<br \/>\n&#8211; Analyse der Handlungen und Rechtsakten der staatlichen Beh\u00f6rden auf deren Rechtm\u00e4\u00dfigkeit und\/oder Begr\u00fcndetheit;<br \/>\n&#8211; Erbringung von Dienstleistungen eines Nominalverwalters in \u00dcbereinstimmung mit der schweizerischen Gesetzgebung;<br \/>\n&#8211; rechtliche und steuerliche Due Diligence;<br \/>\n&#8211; Beratung in Fragen, die mit den schweizerischen und europ\u00e4ischen Datenschutzgesetzen verbunden sind;<br \/>\n&#8211; Er\u00f6ffnung der Konten von ausl\u00e4ndischen Gesellschaften in der Schweiz.<\/p>\n","protected":false},"excerpt":{"rendered":"<p>HANDELS- UND GESELLSCHAFTSRECHT Die mit dem Handels- und Gesellschaftsrecht verbundenen Fragen geh\u00f6ren zu den wichtigsten T\u00e4tigkeitsbereichen des Rechts- und Buchhaltungsb\u00fcros LEOLEX. T\u00e4glich werden unsere Juristen mit den Fragen der Gesch\u00e4ftsgr\u00fcndung (von der Vorbereitung des Satzes&nbsp;<a href=\"https:\/\/leolex.ch\/de\/kommercheskoe-i-korporativnoe-pravo\/\" class=\"read-more\">Continue Reading<\/a><\/p>\n","protected":false},"author":1,"featured_media":0,"parent":0,"menu_order":0,"comment_status":"closed","ping_status":"closed","template":"templates\/page-fullwidth.php","meta":[],"translation":{"provider":"WPGlobus","version":"2.8.6","language":"de","enabled_languages":["ru","en","fr","de"],"languages":{"ru":{"title":true,"content":true,"excerpt":false},"en":{"title":true,"content":true,"excerpt":false},"fr":{"title":false,"content":true,"excerpt":false},"de":{"title":false,"content":true,"excerpt":false}}},"yoast_head":"<!-- This site is optimized with the Yoast SEO plugin v17.5 - https:\/\/yoast.com\/wordpress\/plugins\/seo\/ -->\n<title>HANDELS- UND GESELLSCHAFTSRECHT &ndash; LEOLEX - das Rechts- und Buchhaltungsb\u00fcro<\/title>\n<meta name=\"description\" content=\"Die mit dem Handels- und Gesellschaftsrecht verbundenen Fragen geh\u00f6ren zu den wichtigsten T\u00e4tigkeitsbereichen des Rechts- und Buchhaltungsb\u00fcros LEOLEX\" \/>\n<meta name=\"robots\" content=\"index, follow, max-snippet:-1, max-image-preview:large, max-video-preview:-1\" \/>\n<link rel=\"canonical\" href=\"https:\/\/leolex.ch\/kommercheskoe-i-korporativnoe-pravo\/\" \/>\n<meta property=\"og:locale\" content=\"de_DE\" \/>\n<meta property=\"og:type\" content=\"article\" \/>\n<meta property=\"og:title\" content=\"{:ru}\u041a\u041e\u041c\u041c\u0415\u0420\u0427\u0415\u0421\u041a\u041e\u0415 \u0418 \u041a\u041e\u0420\u041f\u041e\u0420\u0410\u0422\u0418\u0412\u041d\u041e\u0415 \u041f\u0420\u0410\u0412\u041e &ndash; LEOLEX - das Rechts- und Buchhaltungsb\u00fcro{:}{:en}COMMERCIAL AND CORPORATE LAW&ndash; LEOLEX - das Rechts- und Buchhaltungsb\u00fcro{:}{:fr}DROIT COMMERCIAL ET CORPORATIF &ndash; LEOLEX - das Rechts- und Buchhaltungsb\u00fcro{:}{:de}HANDELS- UND GESELLSCHAFTSRECHT &ndash; LEOLEX - das Rechts- und Buchhaltungsb\u00fcro{:}\" \/>\n<meta property=\"og:description\" content=\"Die mit dem Handels- und Gesellschaftsrecht verbundenen Fragen geh\u00f6ren zu den wichtigsten T\u00e4tigkeitsbereichen des Rechts- und Buchhaltungsb\u00fcros LEOLEX\" \/>\n<meta property=\"og:url\" content=\"https:\/\/leolex.ch\/kommercheskoe-i-korporativnoe-pravo\/\" \/>\n<meta property=\"og:site_name\" content=\"LEOLEX - das Rechts- und Buchhaltungsb\u00fcro\" \/>\n<meta property=\"article:modified_time\" content=\"2021-11-26T20:32:29+00:00\" \/>\n<meta property=\"og:image\" content=\"https:\/\/leolex.ch\/wp-content\/uploads\/2020\/12\/2_2.png\" \/>\n<meta name=\"twitter:card\" content=\"summary_large_image\" \/>\n<meta name=\"twitter:label1\" content=\"Est. reading time\" \/>\n\t<meta name=\"twitter:data1\" content=\"2 minutes\" \/>\n<script type=\"application\/ld+json\" class=\"yoast-schema-graph\">{\"@context\":\"https:\/\/schema.org\",\"@graph\":[{\"@type\":\"Organization\",\"@id\":\"https:\/\/leolex.ch\/#organization\",\"name\":\"Leolex\",\"url\":\"https:\/\/leolex.ch\/\",\"sameAs\":[],\"logo\":{\"@type\":\"ImageObject\",\"@id\":\"https:\/\/leolex.ch\/#logo\",\"inLanguage\":\"de-DE\",\"url\":\"https:\/\/leolex.ch\/wp-content\/uploads\/2021\/10\/logo-leolex-bez-fona-.png\",\"contentUrl\":\"https:\/\/leolex.ch\/wp-content\/uploads\/2021\/10\/logo-leolex-bez-fona-.png\",\"width\":736,\"height\":200,\"caption\":\"Leolex\"},\"image\":{\"@id\":\"https:\/\/leolex.ch\/#logo\"}},{\"@type\":\"WebSite\",\"@id\":\"https:\/\/leolex.ch\/#website\",\"url\":\"https:\/\/leolex.ch\/\",\"name\":\"LEOLEX - \\u0448\\u0432\\u0435\\u0439\\u0446\\u0430\\u0440\\u0441\\u043a\\u0430\\u044f \\u044e\\u0440\\u0438\\u0434\\u0438\\u0447\\u0435\\u0441\\u043a\\u0430\\u044f \\u0438 \\u0431\\u0443\\u0445\\u0433\\u0430\\u043b\\u0442\\u0435\\u0440\\u0441\\u043a\\u0430\\u044f \\u0444\\u0438\\u0440\\u043c\\u0430\",\"description\":\"LeoLex ist eines der f\\u00fchrendsten Unternehmen zur Erbringung von rechtlichen Dienstleistungen an russischsprachige B\\u00fcrger und die aus Russland stammenden Gesellschaften auf dem Territorium der Schweizerischen Eidgenossenschaft\",\"publisher\":{\"@id\":\"https:\/\/leolex.ch\/#organization\"},\"potentialAction\":[{\"@type\":\"SearchAction\",\"target\":{\"@type\":\"EntryPoint\",\"urlTemplate\":\"https:\/\/leolex.ch\/?s={search_term_string}\"},\"query-input\":\"required name=search_term_string\"}],\"inLanguage\":\"de-DE\"},{\"@type\":\"ImageObject\",\"@id\":\"https:\/\/leolex.ch\/kommercheskoe-i-korporativnoe-pravo\/#primaryimage\",\"inLanguage\":\"de-DE\",\"url\":\"https:\/\/leolex.ch\/wp-content\/uploads\/2020\/12\/2_2.png\",\"contentUrl\":\"https:\/\/leolex.ch\/wp-content\/uploads\/2020\/12\/2_2.png\",\"width\":70,\"height\":70},{\"@type\":\"WebPage\",\"@id\":\"https:\/\/leolex.ch\/kommercheskoe-i-korporativnoe-pravo\/#webpage\",\"url\":\"https:\/\/leolex.ch\/kommercheskoe-i-korporativnoe-pravo\/\",\"name\":\"\\u041a\\u041e\\u041c\\u041c\\u0415\\u0420\\u0427\\u0415\\u0421\\u041a\\u041e\\u0415 \\u0418 \\u041a\\u041e\\u0420\\u041f\\u041e\\u0420\\u0410\\u0422\\u0418\\u0412\\u041d\\u041e\\u0415 \\u041f\\u0420\\u0410\\u0412\\u041e &ndash; LEOLEX - das Rechts- und Buchhaltungsb\\u00fcro\",\"isPartOf\":{\"@id\":\"https:\/\/leolex.ch\/#website\"},\"primaryImageOfPage\":{\"@id\":\"https:\/\/leolex.ch\/kommercheskoe-i-korporativnoe-pravo\/#primaryimage\"},\"datePublished\":\"2020-12-16T08:07:07+00:00\",\"dateModified\":\"2021-11-26T20:32:29+00:00\",\"description\":\"\\u0421\\u043e\\u043f\\u0440\\u043e\\u0432\\u043e\\u0436\\u0434\\u0435\\u043d\\u0438\\u0435 \\u0440\\u0435\\u0433\\u0438\\u0441\\u0442\\u0440\\u0430\\u0446\\u0438\\u0439 \\u0438 \\u043f\\u043e\\u043a\\u0443\\u043f\\u043e\\u043a \\u043a\\u043e\\u043c\\u043f\\u0430\\u043d\\u0438\\u0439 \\u0432 \\u0428\\u0432\\u0435\\u0439\\u0446\\u0430\\u0440\\u0438\\u0438. C\\u043e\\u0441\\u0442\\u0430\\u0432\\u043b\\u0435\\u043d\\u0438\\u0435 \\u043a\\u043e\\u043c\\u043c\\u0435\\u0440\\u0447\\u0435\\u0441\\u043a\\u0438\\u0445 \\u0434\\u043e\\u0433\\u043e\\u0432\\u043e\\u0440\\u043e\\u0432, \\u0434\\u0435\\u0439\\u0441\\u0442\\u0432\\u0443\\u044e\\u0449\\u0438\\u0445 \\u043d\\u0430 \\u043e\\u0441\\u043d\\u043e\\u0432\\u0430\\u043d\\u0438\\u0438 \\u0428\\u0432\\u0435\\u0439\\u0446\\u0430\\u0440\\u0441\\u043a\\u043e\\u0433\\u043e \\u0437\\u0430\\u043a\\u043e\\u043d\\u043e\\u0434\\u0430\\u0442\\u0435\\u043b\\u044c\\u0441\\u0442\\u0432\\u0430\",\"breadcrumb\":{\"@id\":\"https:\/\/leolex.ch\/kommercheskoe-i-korporativnoe-pravo\/#breadcrumb\"},\"inLanguage\":\"de-DE\",\"potentialAction\":[{\"@type\":\"ReadAction\",\"target\":[\"https:\/\/leolex.ch\/kommercheskoe-i-korporativnoe-pravo\/\"]}]},{\"@type\":\"BreadcrumbList\",\"@id\":\"https:\/\/leolex.ch\/kommercheskoe-i-korporativnoe-pravo\/#breadcrumb\",\"itemListElement\":[{\"@type\":\"ListItem\",\"position\":1,\"name\":\"\\u0413\\u043b\\u0430\\u0432\\u043d\\u0430\\u044f \\u0441\\u0442\\u0440\\u0430\\u043d\\u0438\\u0446\\u0430\",\"item\":\"https:\/\/leolex.ch\/\"},{\"@type\":\"ListItem\",\"position\":2,\"name\":\"\\u041a\\u041e\\u041c\\u041c\\u0415\\u0420\\u0427\\u0415\\u0421\\u041a\\u041e\\u0415 \\u0418 \\u041a\\u041e\\u0420\\u041f\\u041e\\u0420\\u0410\\u0422\\u0418\\u0412\\u041d\\u041e\\u0415 \\u041f\\u0420\\u0410\\u0412\\u041e\"}]}]}<\/script>\n<!-- \/ Yoast SEO plugin. -->","yoast_head_json":{"title":"HANDELS- UND GESELLSCHAFTSRECHT &ndash; LEOLEX - das Rechts- und Buchhaltungsb\u00fcro","description":"Die mit dem Handels- und Gesellschaftsrecht verbundenen Fragen geh\u00f6ren zu den wichtigsten T\u00e4tigkeitsbereichen des Rechts- und Buchhaltungsb\u00fcros LEOLEX","robots":{"index":"index","follow":"follow","max-snippet":"max-snippet:-1","max-image-preview":"max-image-preview:large","max-video-preview":"max-video-preview:-1"},"canonical":"https:\/\/leolex.ch\/kommercheskoe-i-korporativnoe-pravo\/","og_locale":"de_DE","og_type":"article","og_title":"{:ru}\u041a\u041e\u041c\u041c\u0415\u0420\u0427\u0415\u0421\u041a\u041e\u0415 \u0418 \u041a\u041e\u0420\u041f\u041e\u0420\u0410\u0422\u0418\u0412\u041d\u041e\u0415 \u041f\u0420\u0410\u0412\u041e &ndash; LEOLEX - das Rechts- und Buchhaltungsb\u00fcro{:}{:en}COMMERCIAL AND CORPORATE LAW&ndash; LEOLEX - das Rechts- und Buchhaltungsb\u00fcro{:}{:fr}DROIT COMMERCIAL ET CORPORATIF &ndash; LEOLEX - das Rechts- und Buchhaltungsb\u00fcro{:}{:de}HANDELS- UND GESELLSCHAFTSRECHT &ndash; LEOLEX - das Rechts- und Buchhaltungsb\u00fcro{:}","og_description":"Die mit dem Handels- und Gesellschaftsrecht verbundenen Fragen geh\u00f6ren zu den wichtigsten T\u00e4tigkeitsbereichen des Rechts- und Buchhaltungsb\u00fcros LEOLEX","og_url":"https:\/\/leolex.ch\/kommercheskoe-i-korporativnoe-pravo\/","og_site_name":"LEOLEX - das Rechts- und Buchhaltungsb\u00fcro","article_modified_time":"2021-11-26T20:32:29+00:00","og_image":[{"url":"https:\/\/leolex.ch\/wp-content\/uploads\/2020\/12\/2_2.png"}],"twitter_card":"summary_large_image","twitter_misc":{"Est. reading time":"2 minutes"},"schema":{"@context":"https:\/\/schema.org","@graph":[{"@type":"Organization","@id":"https:\/\/leolex.ch\/#organization","name":"Leolex","url":"https:\/\/leolex.ch\/","sameAs":[],"logo":{"@type":"ImageObject","@id":"https:\/\/leolex.ch\/#logo","inLanguage":"de-DE","url":"https:\/\/leolex.ch\/wp-content\/uploads\/2021\/10\/logo-leolex-bez-fona-.png","contentUrl":"https:\/\/leolex.ch\/wp-content\/uploads\/2021\/10\/logo-leolex-bez-fona-.png","width":736,"height":200,"caption":"Leolex"},"image":{"@id":"https:\/\/leolex.ch\/#logo"}},{"@type":"WebSite","@id":"https:\/\/leolex.ch\/#website","url":"https:\/\/leolex.ch\/","name":"LEOLEX - \u0448\u0432\u0435\u0439\u0446\u0430\u0440\u0441\u043a\u0430\u044f \u044e\u0440\u0438\u0434\u0438\u0447\u0435\u0441\u043a\u0430\u044f \u0438 \u0431\u0443\u0445\u0433\u0430\u043b\u0442\u0435\u0440\u0441\u043a\u0430\u044f \u0444\u0438\u0440\u043c\u0430","description":"LeoLex ist eines der f\u00fchrendsten Unternehmen zur Erbringung von rechtlichen Dienstleistungen an russischsprachige B\u00fcrger und die aus Russland stammenden Gesellschaften auf dem Territorium der Schweizerischen Eidgenossenschaft","publisher":{"@id":"https:\/\/leolex.ch\/#organization"},"potentialAction":[{"@type":"SearchAction","target":{"@type":"EntryPoint","urlTemplate":"https:\/\/leolex.ch\/?s={search_term_string}"},"query-input":"required name=search_term_string"}],"inLanguage":"de-DE"},{"@type":"ImageObject","@id":"https:\/\/leolex.ch\/kommercheskoe-i-korporativnoe-pravo\/#primaryimage","inLanguage":"de-DE","url":"https:\/\/leolex.ch\/wp-content\/uploads\/2020\/12\/2_2.png","contentUrl":"https:\/\/leolex.ch\/wp-content\/uploads\/2020\/12\/2_2.png","width":70,"height":70},{"@type":"WebPage","@id":"https:\/\/leolex.ch\/kommercheskoe-i-korporativnoe-pravo\/#webpage","url":"https:\/\/leolex.ch\/kommercheskoe-i-korporativnoe-pravo\/","name":"\u041a\u041e\u041c\u041c\u0415\u0420\u0427\u0415\u0421\u041a\u041e\u0415 \u0418 \u041a\u041e\u0420\u041f\u041e\u0420\u0410\u0422\u0418\u0412\u041d\u041e\u0415 \u041f\u0420\u0410\u0412\u041e &ndash; LEOLEX - das Rechts- und Buchhaltungsb\u00fcro","isPartOf":{"@id":"https:\/\/leolex.ch\/#website"},"primaryImageOfPage":{"@id":"https:\/\/leolex.ch\/kommercheskoe-i-korporativnoe-pravo\/#primaryimage"},"datePublished":"2020-12-16T08:07:07+00:00","dateModified":"2021-11-26T20:32:29+00:00","description":"\u0421\u043e\u043f\u0440\u043e\u0432\u043e\u0436\u0434\u0435\u043d\u0438\u0435 \u0440\u0435\u0433\u0438\u0441\u0442\u0440\u0430\u0446\u0438\u0439 \u0438 \u043f\u043e\u043a\u0443\u043f\u043e\u043a \u043a\u043e\u043c\u043f\u0430\u043d\u0438\u0439 \u0432 \u0428\u0432\u0435\u0439\u0446\u0430\u0440\u0438\u0438. C\u043e\u0441\u0442\u0430\u0432\u043b\u0435\u043d\u0438\u0435 \u043a\u043e\u043c\u043c\u0435\u0440\u0447\u0435\u0441\u043a\u0438\u0445 \u0434\u043e\u0433\u043e\u0432\u043e\u0440\u043e\u0432, \u0434\u0435\u0439\u0441\u0442\u0432\u0443\u044e\u0449\u0438\u0445 \u043d\u0430 \u043e\u0441\u043d\u043e\u0432\u0430\u043d\u0438\u0438 \u0428\u0432\u0435\u0439\u0446\u0430\u0440\u0441\u043a\u043e\u0433\u043e \u0437\u0430\u043a\u043e\u043d\u043e\u0434\u0430\u0442\u0435\u043b\u044c\u0441\u0442\u0432\u0430","breadcrumb":{"@id":"https:\/\/leolex.ch\/kommercheskoe-i-korporativnoe-pravo\/#breadcrumb"},"inLanguage":"de-DE","potentialAction":[{"@type":"ReadAction","target":["https:\/\/leolex.ch\/kommercheskoe-i-korporativnoe-pravo\/"]}]},{"@type":"BreadcrumbList","@id":"https:\/\/leolex.ch\/kommercheskoe-i-korporativnoe-pravo\/#breadcrumb","itemListElement":[{"@type":"ListItem","position":1,"name":"\u0413\u043b\u0430\u0432\u043d\u0430\u044f \u0441\u0442\u0440\u0430\u043d\u0438\u0446\u0430","item":"https:\/\/leolex.ch\/"},{"@type":"ListItem","position":2,"name":"\u041a\u041e\u041c\u041c\u0415\u0420\u0427\u0415\u0421\u041a\u041e\u0415 \u0418 \u041a\u041e\u0420\u041f\u041e\u0420\u0410\u0422\u0418\u0412\u041d\u041e\u0415 \u041f\u0420\u0410\u0412\u041e"}]}]}},"_links":{"self":[{"href":"https:\/\/leolex.ch\/de\/wp-json\/wp\/v2\/pages\/251"}],"collection":[{"href":"https:\/\/leolex.ch\/de\/wp-json\/wp\/v2\/pages"}],"about":[{"href":"https:\/\/leolex.ch\/de\/wp-json\/wp\/v2\/types\/page"}],"author":[{"embeddable":true,"href":"https:\/\/leolex.ch\/de\/wp-json\/wp\/v2\/users\/1"}],"replies":[{"embeddable":true,"href":"https:\/\/leolex.ch\/de\/wp-json\/wp\/v2\/comments?post=251"}],"version-history":[{"count":47,"href":"https:\/\/leolex.ch\/de\/wp-json\/wp\/v2\/pages\/251\/revisions"}],"predecessor-version":[{"id":1641,"href":"https:\/\/leolex.ch\/de\/wp-json\/wp\/v2\/pages\/251\/revisions\/1641"}],"wp:attachment":[{"href":"https:\/\/leolex.ch\/de\/wp-json\/wp\/v2\/media?parent=251"}],"curies":[{"name":"wp","href":"https:\/\/api.w.org\/{rel}","templated":true}]}}